{"id":18972,"date":"2016-02-19T14:48:20","date_gmt":"2016-02-19T13:48:20","guid":{"rendered":"https:\/\/www.harzer-wandernadel.de\/stempelcentre\/oversigtskort\/stempelpunkt-163-udsigt-over-toppen-paa-kaiserweg\/"},"modified":"2026-01-29T12:52:29","modified_gmt":"2026-01-29T11:52:29","slug":"stempelpunkt-163-udsigt-over-toppen-paa-kaiserweg","status":"publish","type":"page","link":"https:\/\/www.harzer-wandernadel.de\/da\/stempelcentre\/oversigtskort\/stempelpunkt-163-udsigt-over-toppen-paa-kaiserweg\/","title":{"rendered":"Stempelpunkt 163 \/ udsigt over toppen p\u00e5 Kaiserweg"},"content":{"rendered":"\n<h2 class=\"wp-block-heading\">HWN 163 Gipfelblick am Kaiserweg ligger mellem Harzens landsbyer Wieda, Zorge og Hohegei\u00df i&nbsp;n\u00e6rheden af den 633&nbsp;meter h\u00f8je Wagnerskopf. Fra frim\u00e6rkestedet har du en enest\u00e5ende udsigt over flere Harzen-toppe, herunder Wurmberg og den majest\u00e6tiske Brocken.<br>Frim\u00e6rkestedet n\u00e5s bedst fra parkeringspladsen \u201eKaiserweg\u201c, som ligger p\u00e5 vejen L&nbsp;601 mellem Wieda og Braunlage. Derfra vandrer man st\u00f8t langs Kaiserweg mod Wieda og n\u00e5r HWN 163 via Steigerkopf.&nbsp;<\/h2>\n\n<div class=\"wp-block-stackable-image alignwide stk-block-image stk-block stk-89e1006\" data-block-id=\"89e1006\"><style>.stk-89e1006 {margin-top:3% !important;margin-bottom:3% !important;}<\/style><figure><span class=\"stk-img-wrapper stk-image--shape-stretch stk--has-lightbox\"><img decoding=\"async\" width=\"2048\" height=\"1536\" src=\"https:\/\/www.harzer-wandernadel.de\/wp-content\/uploads\/2016\/02\/HWN-163-Gipfelblick.jpg\" class=\"attachment-full size-full wp-post-image\" alt=\"Skovsti med udsigt til bakker og bl\u00e5 himmel\" srcset=\"https:\/\/www.harzer-wandernadel.de\/wp-content\/uploads\/2016\/02\/HWN-163-Gipfelblick.jpg 2048w, https:\/\/www.harzer-wandernadel.de\/wp-content\/uploads\/2016\/02\/HWN-163-Gipfelblick-300x225.jpg 300w, https:\/\/www.harzer-wandernadel.de\/wp-content\/uploads\/2016\/02\/HWN-163-Gipfelblick-768x576.jpg 768w, https:\/\/www.harzer-wandernadel.de\/wp-content\/uploads\/2016\/02\/HWN-163-Gipfelblick-1024x768.jpg 1024w, https:\/\/www.harzer-wandernadel.de\/wp-content\/uploads\/2016\/02\/HWN-163-Gipfelblick-250x188.jpg 250w, https:\/\/www.harzer-wandernadel.de\/wp-content\/uploads\/2016\/02\/HWN-163-Gipfelblick-624x468.jpg 624w\" sizes=\"(max-width: 2048px) 100vw, 2048px\"><\/span><\/figure><\/div>\n\n<p>Alter\u00adna\u00adti\u00adver:<br>Fra Zor\u00adge par\u00adke\u00adrer man ved turi\u00adst\u00adin\u00adfor\u00adma\u00adtio\u00adnen og f\u00f8l\u00adger H\u00fct\u00adtenweg til HWN 160 Hele\u00adnen\u00adruh og fort\u00ads\u00e6t\u00adter der\u00adfra ad Kai\u00adserweg til HWN&nbsp;163.<\/p>\n\n<p>Par\u00adke\u00adrings\u00adplad\u00adsen Lau\u00adse\u00adbu\u00adche mel\u00adlem Braun\u00adla\u00adge og Oder\u00adhaus lig\u00adger direk\u00adte p\u00e5 Kai\u00adserweg. Der\u00adfra van\u00addrer du f\u00f8rst til <a href=\"https:\/\/www.harzer-wandernadel.de\/stempelstellen\/uebersichtskarte\/stempelstelle-157-kappellenfleck\/\" data-type=\"page\" data-id=\"1193\">HWN 157 Kapel\u00adlen\u00adfleck <\/a>, hvor du kan bes\u00f8\u00adge rester\u00adne af et kapel fra den tid\u00adli\u00adge mid\u00addelal\u00adder. Fort\u00ads\u00e6t langs Kai\u00adserweg i&nbsp;ret\u00adning af Wie\u00adda, og efter at have kryd\u00adset lan\u00adde\u00advej\u00aden L&nbsp;601 kom\u00admer du direk\u00adte til HWN&nbsp;163.&nbsp;<\/p>\n\n<p>Oplev natu\u00adren p\u00e5 de tyske kej\u00adse\u00adres og kon\u00adgers sti\u00ader<br>Kai\u00adserweg begyn\u00adder p\u00e5 Burg\u00adberg i&nbsp;Bad Harz\u00adburg og f\u00f8rer over Hop\u00adfens\u00e4cke, to gra\u00adnit\u00adklip\u00adper, der er typi\u00adske for Harzen, via Oder\u00adbr\u00fcck til K\u00f6nigskrug, der\u00adfra til Kapel\u00adlen\u00adfleck og via Hele\u00adnen\u00adruh til cisterci\u00aden\u00adser\u00adkloste\u00adret i&nbsp;Wal\u00adken\u00adri\u00aded. Der\u00adfra g\u00e5r stien mod \u00f8st og slut\u00adter sig til Karstwan\u00adderweg-stien. Du pas\u00adse\u00adrer gr\u00e6n\u00adsen til Th\u00fcrin\u00adgen og kom\u00admer via Juli\u00adus\u00adh\u00fct\u00adte, Ell\u00adrich og kon\u00adcen\u00adtra\u00adtions\u00adlej\u00adren Mit\u00adtel\u00adbau Dora til den nordt\u00adh\u00fcring\u00ads\u00adke by Nord\u00adhau\u00adsen. Her l\u00e5 der i&nbsp;mid\u00addelal\u00adde\u00adren et kon\u00adge\u00adligt hof, som ofte blev bes\u00f8gt af tyske kon\u00adger ind\u00adtil det sene Hohen\u00adstau\u00adfen-dyna\u00adsti. Ruten g\u00e5r der\u00adef\u00adter fra Nord\u00adhau\u00adsen via Herin\u00adgen og Ham\u00adma til Badra\u00ader Schweiz, hvis bjer\u00adge byder p\u00e5 en vidun\u00adder\u00adlig udsigt over Harzen. Ruten f\u00f8rer der\u00adef\u00adter over Kyf\u00adf\u00adh\u00e4u\u00adser til Til\u00adle\u00adda i&nbsp;Sach\u00adsen-Anhalt, hvor den slut\u00adter ved det kon\u00adge\u00adli\u00adge&nbsp;slot.&nbsp;<\/p>\n","protected":false},"excerpt":{"rendered":"<p>HWN 163 Gip\u00adfel\u00adbli\u00adck am Kai\u00adserweg lig\u00adger mel\u00adlem Harzens lands\u00adby\u00ader Wie\u00adda, Zor\u00adge og Hohe\u00adgei\u00df i&nbsp;n\u00e6r\u00adhe\u00adden af den 633&nbsp;meter h\u00f8je Wag\u00adner\u00adskopf. Fra fri\u00adm\u00e6r\u00adke\u00adste\u00addet har du en ene\u00adst\u00e5\u00aden\u00adde udsigt over fle\u00adre Harzen-top\u00adpe, her\u00adun\u00adder Wurm\u00adberg og den majest\u00e6ti\u00adske Brocken.Frim\u00e6rkestedet n\u00e5s bedst fra par\u00adke\u00adrings\u00adplad\u00adsen \u201eKai\u00adserweg\u201c, som lig\u00adger p\u00e5 vej\u00aden L&nbsp;601 mel\u00adlem Wie\u00adda og Braun\u00adla\u00adge. Der\u00adfra van\u00addrer man st\u00f8t langs Kaiserweg&nbsp;[\u2026]<\/p>\n","protected":false},"author":11,"featured_media":12913,"parent":17792,"menu_order":10163,"comment_status":"closed","ping_status":"closed","template":"","meta":{"_seopress_robots_primary_cat":"","_seopress_titles_title":"","_seopress_titles_desc":"","_seopress_robots_index":"","wp_typography_post_enhancements_disabled":false,"iawp_total_views":0,"footnotes":""},"hf_cat_page":[120],"class_list":["post-18972","page","type-page","status-publish","has-post-thumbnail"],"blocksy_meta":[],"_links":{"self":[{"href":"https:\/\/www.harzer-wandernadel.de\/da\/wp-json\/wp\/v2\/pages\/18972","targetHints":{"allow":["GET"]}}],"collection":[{"href":"https:\/\/www.harzer-wandernadel.de\/da\/wp-json\/wp\/v2\/pages"}],"about":[{"href":"https:\/\/www.harzer-wandernadel.de\/da\/wp-json\/wp\/v2\/types\/page"}],"author":[{"embeddable":true,"href":"https:\/\/www.harzer-wandernadel.de\/da\/wp-json\/wp\/v2\/users\/11"}],"replies":[{"embeddable":true,"href":"https:\/\/www.harzer-wandernadel.de\/da\/wp-json\/wp\/v2\/comments?post=18972"}],"version-history":[{"count":1,"href":"https:\/\/www.harzer-wandernadel.de\/da\/wp-json\/wp\/v2\/pages\/18972\/revisions"}],"predecessor-version":[{"id":18973,"href":"https:\/\/www.harzer-wandernadel.de\/da\/wp-json\/wp\/v2\/pages\/18972\/revisions\/18973"}],"up":[{"embeddable":true,"href":"https:\/\/www.harzer-wandernadel.de\/da\/wp-json\/wp\/v2\/pages\/17792"}],"wp:featuredmedia":[{"embeddable":true,"href":"https:\/\/www.harzer-wandernadel.de\/da\/wp-json\/wp\/v2\/media\/12913"}],"wp:attachment":[{"href":"https:\/\/www.harzer-wandernadel.de\/da\/wp-json\/wp\/v2\/media?parent=18972"}],"wp:term":[{"taxonomy":"hf_cat_page","embeddable":true,"href":"https:\/\/www.harzer-wandernadel.de\/da\/wp-json\/wp\/v2\/hf_cat_page?post=18972"}],"curies":[{"name":"wp","href":"https:\/\/api.w.org\/{rel}","templated":true}]}}