{"id":18966,"date":"2016-02-19T15:16:22","date_gmt":"2016-02-19T14:16:22","guid":{"rendered":"https:\/\/www.harzer-wandernadel.de\/stempelcentre\/oversigtskort\/stempelpunkt-175-glasebach-show-mine\/"},"modified":"2026-01-29T12:52:28","modified_gmt":"2026-01-29T11:52:28","slug":"stempelpunkt-175-glasebach-show-mine","status":"publish","type":"page","link":"https:\/\/www.harzer-wandernadel.de\/da\/stempelcentre\/oversigtskort\/stempelpunkt-175-glasebach-show-mine\/","title":{"rendered":"Stempelpunkt 175 \/ Glasebach show&nbsp;mine"},"content":{"rendered":"\n<h2 class=\"wp-block-heading\">Minen ligger ca. 800&nbsp;meter fra Stra\u00dfberg i&nbsp;Glasebach-dalen.<\/h2>\n\n<div class=\"wp-block-stackable-image alignwide stk-block-image stk-block stk-89e1006\" data-block-id=\"89e1006\"><style>.stk-89e1006 {margin-top:3% !important;margin-bottom:3% !important;}<\/style><figure><span class=\"stk-img-wrapper stk-image--shape-stretch stk--has-lightbox\"><img decoding=\"async\" width=\"707\" height=\"426\" src=\"https:\/\/www.harzer-wandernadel.de\/wp-content\/uploads\/2016\/02\/HWN-Glasebach-W\u00f6hlbier.jpg\" class=\"attachment-full size-full wp-post-image\" alt=\"Skovhytte med informationstavle og stenportal p\u00e5 landet\" srcset=\"https:\/\/www.harzer-wandernadel.de\/wp-content\/uploads\/2016\/02\/HWN-Glasebach-W\u00f6hlbier.jpg 707w, https:\/\/www.harzer-wandernadel.de\/wp-content\/uploads\/2016\/02\/HWN-Glasebach-W\u00f6hlbier-300x181.jpg 300w, https:\/\/www.harzer-wandernadel.de\/wp-content\/uploads\/2016\/02\/HWN-Glasebach-W\u00f6hlbier-250x151.jpg 250w, https:\/\/www.harzer-wandernadel.de\/wp-content\/uploads\/2016\/02\/HWN-Glasebach-W\u00f6hlbier-624x376.jpg 624w\" sizes=\"(max-width: 707px) 100vw, 707px\"><\/span><\/figure><\/div>\n\n<p>Strassberg Minemu\u00adse\u00adum inde\u00adhol\u00adder to omr\u00e5\u00adder, der er opdelt i&nbsp;to sek\u00adtio\u00adner. Den f\u00f8r\u00adste er over\u00adfla\u00adde\u00admi\u00adnen, som viser moder\u00adne mine\u00addrift fra efter\u00adkrig\u00adsti\u00adden og frem til 1992.<br>Den anden er den underjor\u00addi\u00adske Gla\u00adse\u00adbach-mine, som viser histo\u00adrisk mine\u00addrift fra det 18. \u00e5rhundrede.&nbsp;<\/p>\n\n<p>Gla\u00adse\u00adba\u00adchs\u00adcha\u00adcht blev byg\u00adget p\u00e5 Stra\u00df\u00adberg \u2013 Neu\u00addor\u00adfer Gangzug. Den star\u00adter ca. 3,5&nbsp;km vest for Stra\u00df\u00adberg og str\u00e6k\u00adker sig over en afstand p\u00e5 15&nbsp;km til K\u00f6ni\u00adgero\u00adde. Den gen\u00adnem\u00adsnit\u00adli\u00adge h\u00e6ld\u00adning mod nord er 45\u201360 gra\u00adder. Hoved\u00admi\u00adne\u00adra\u00adli\u00adse\u00adrin\u00adgen best\u00e5r af fluo\u00adrit \u2013 kvarts \u2013 calcit.&nbsp;<\/p>\n\n<p>Bes\u00f8gs\u00adtu\u00adren begyn\u00adder i&nbsp;det overjor\u00addi\u00adske hjul\u00adrum med det rekon\u00adstru\u00ade\u00adre\u00adde kun\u00adsti\u00adge hjul (dia\u00adme\u00adter 9,5&nbsp;meter), 21&nbsp;meter under hoved\u00adram\u00admen og f\u00f8rer over tun\u00adnelgul\u00advet. Der er adgang til f\u00f8r\u00adste og andet niveau via en trap\u00adpe, der er byg\u00adget ind i&nbsp;hoved\u00adskak\u00adten. Af s\u00e6r\u00adlig betyd\u00adning er de til\u00adba\u00adge\u00adv\u00e6\u00adren\u00adde ori\u00adgi\u00adna\u00adle dele af \u201eStra\u00df\u00adber\u00adger Schwing\u00adkunst\u201c (vand\u00adl\u00f8f\u00adte\u00adtek\u00adno\u00adlo\u00adgi), vej\u00adba\u00adner\u00adnes ege\u00adtr\u00e6s\u00adpa\u00adne\u00adler, bevi\u00adser\u00adne p\u00e5 gam\u00adle mine\u00adtek\u00adnik\u00adker, kunst\u00adne\u00adri\u00adske t\u00f8r\u00adstensv\u00e6g\u00adge og minens rige og far\u00adve\u00adri\u00adge mine\u00adra\u00adli\u00adse\u00adring. Turen varer ca. 80 minut\u00adter og d\u00e6k\u00adker en dyb\u00adde p\u00e5 40&nbsp;meter.&nbsp;<\/p>\n\n<p>Fri\u00adm\u00e6r\u00adke\u00adste\u00addet lig\u00adger ved det gam\u00adle Gla\u00adse\u00adbach-gal\u00adle\u00adri, ikke langt fra den histo\u00adri\u00adske kal\u00adko\u00advn. Den\u00adne ovn blev byg\u00adget lige ved siden af et kal\u00adk\u00adstens\u00adbrud. Kal\u00adk\u00adste\u00adnen blev anbragt i&nbsp;ovnen i&nbsp;form af en hv\u00e6l\u00adving, der fyld\u00adte ovnen helt ud. Ovnen blev ofte d\u00e6k\u00adket med ler til sidst. Nede\u00adnun\u00adder blev der t\u00e6ndt op i&nbsp;et tr\u00e6b\u00e5l, som blev opret\u00adholdt, ind\u00adtil al kal\u00adken var br\u00e6ndt igen\u00adnem. Kal\u00adken, der blev br\u00e6ndt her, blev brugt til at smel\u00adte jer\u00adn\u00admalm fra miner\u00adne, til b\u00f8n\u00adder\u00adnes eget behov og til hus\u00adhold\u00adnings\u00adbrug. Under restau\u00adre\u00adrings\u00adar\u00adbej\u00addet blev der ogs\u00e5 fun\u00addet en mur\u00adstens\u00adfor\u00ading ved mun\u00addin\u00adgen af en vand\u00adl\u00f8s\u00adnings\u00adtun\u00adnel i&nbsp;omr\u00e5\u00addet. Kal\u00adko\u00adv\u00adnen oph\u00f8r\u00adte med at fun\u00adge\u00adre for omkring 100 \u00e5r&nbsp;siden.&nbsp;<\/p>\n\n<div class=\"wp-block-buttons is-layout-flex wp-block-buttons-is-layout-flex\">\n<div class=\"wp-block-button\"><a class=\"wp-block-button__link wp-element-button\" href=\"https:\/\/grubeglasebach.afgharz.eu\/\" target=\"_blank\" rel=\"noreferrer noopener\">Gla\u00adse\u00adbach viser&nbsp;mine<\/a><\/div>\n<\/div>\n\n<p>Udstil\u00adlings\u00admi\u00adnen er meget godt skil\u00adtet i&nbsp;Stra\u00df\u00adberg. Fra par\u00adke\u00adrings\u00adplad\u00adsen g\u00e5r du for\u00adbi Radstu\u00adbe til stem\u00adpel\u00adsta\u00adtio\u00adnen ved \u201eAlter Gla\u00adse\u00adba\u00adcher Stollen\u201c.&nbsp;<\/p>\n\n<div class=\"wp-block-buttons is-layout-flex wp-block-buttons-is-layout-flex\">\n<div class=\"wp-block-button\"><a class=\"wp-block-button__link wp-element-button\" href=\"http:\/\/harzer-bergwald.de\/index.php\/wandertouren\/abenteuertouren\/18-grube-glasebach-bergbauzpfad-und-uhlenkoepfe\">Tour tip Harzen bjergskov<\/a><\/div>\n<\/div>\n","protected":false},"excerpt":{"rendered":"<p>Minen lig\u00adger ca. 800&nbsp;meter fra Stra\u00df\u00adberg i&nbsp;Gla\u00adse\u00adbach-dalen. Strassberg Minemu\u00adse\u00adum inde\u00adhol\u00adder to omr\u00e5\u00adder, der er opdelt i&nbsp;to sek\u00adtio\u00adner. Den f\u00f8r\u00adste er over\u00adfla\u00adde\u00admi\u00adnen, som viser moder\u00adne mine\u00addrift fra efter\u00adkrig\u00adsti\u00adden og frem til 1992.Den anden er den underjor\u00addi\u00adske Gla\u00ad\u00adse\u00ad\u00adbach-mine, som viser histo\u00adrisk mine\u00addrift fra det 18. \u00e5rhund\u00adre\u00adde.&nbsp; Gla\u00adse\u00adba\u00adchs\u00adcha\u00adcht blev byg\u00adget p\u00e5 Stra\u00df\u00adberg \u2013 Neu\u00addor\u00adfer Gangzug. Den star\u00adter&nbsp;ca.&nbsp;[\u2026]<\/p>\n","protected":false},"author":11,"featured_media":12631,"parent":17792,"menu_order":10175,"comment_status":"closed","ping_status":"closed","template":"","meta":{"_seopress_robots_primary_cat":"","_seopress_titles_title":"","_seopress_titles_desc":"","_seopress_robots_index":"","wp_typography_post_enhancements_disabled":false,"iawp_total_views":0,"footnotes":""},"hf_cat_page":[120],"class_list":["post-18966","page","type-page","status-publish","has-post-thumbnail"],"blocksy_meta":[],"_links":{"self":[{"href":"https:\/\/www.harzer-wandernadel.de\/da\/wp-json\/wp\/v2\/pages\/18966","targetHints":{"allow":["GET"]}}],"collection":[{"href":"https:\/\/www.harzer-wandernadel.de\/da\/wp-json\/wp\/v2\/pages"}],"about":[{"href":"https:\/\/www.harzer-wandernadel.de\/da\/wp-json\/wp\/v2\/types\/page"}],"author":[{"embeddable":true,"href":"https:\/\/www.harzer-wandernadel.de\/da\/wp-json\/wp\/v2\/users\/11"}],"replies":[{"embeddable":true,"href":"https:\/\/www.harzer-wandernadel.de\/da\/wp-json\/wp\/v2\/comments?post=18966"}],"version-history":[{"count":1,"href":"https:\/\/www.harzer-wandernadel.de\/da\/wp-json\/wp\/v2\/pages\/18966\/revisions"}],"predecessor-version":[{"id":18968,"href":"https:\/\/www.harzer-wandernadel.de\/da\/wp-json\/wp\/v2\/pages\/18966\/revisions\/18968"}],"up":[{"embeddable":true,"href":"https:\/\/www.harzer-wandernadel.de\/da\/wp-json\/wp\/v2\/pages\/17792"}],"wp:featuredmedia":[{"embeddable":true,"href":"https:\/\/www.harzer-wandernadel.de\/da\/wp-json\/wp\/v2\/media\/12631"}],"wp:attachment":[{"href":"https:\/\/www.harzer-wandernadel.de\/da\/wp-json\/wp\/v2\/media?parent=18966"}],"wp:term":[{"taxonomy":"hf_cat_page","embeddable":true,"href":"https:\/\/www.harzer-wandernadel.de\/da\/wp-json\/wp\/v2\/hf_cat_page?post=18966"}],"curies":[{"name":"wp","href":"https:\/\/api.w.org\/{rel}","templated":true}]}}