{"id":18953,"date":"2016-02-11T11:44:54","date_gmt":"2016-02-11T10:44:54","guid":{"rendered":"https:\/\/www.harzer-wandernadel.de\/stempelcentre\/oversigtskort\/frimaerkepunkt-6-bremer-huette-oevre-ilse-vandfald\/"},"modified":"2026-02-28T21:06:08","modified_gmt":"2026-02-28T20:06:08","slug":"frimaerkepunkt-6-bremer-huette-oevre-ilse-vandfald","status":"publish","type":"page","link":"https:\/\/www.harzer-wandernadel.de\/da\/stempelcentre\/oversigtskort\/frimaerkepunkt-6-bremer-huette-oevre-ilse-vandfald\/","title":{"rendered":"Frim\u00e6rkepunkt 6 \/ Bremer H\u00fctte (\u00f8vre Ilse-vandfald)"},"content":{"rendered":"\n<h2 class=\"wp-block-heading\">Stempelstationen Bremer H\u00fctte ligger i&nbsp;Ilse-dalen over Ilse-vandfaldet direkte p\u00e5 Heinrich Heine-stien.<\/h2>\n\n<figure class=\"wp-block-image alignwide size-large\" style=\"margin-top:3%;margin-bottom:3%\"><a href=\"https:\/\/www.harzer-wandernadel.de\/wp-content\/uploads\/2016\/02\/HWN-Bremer-H\u00fctte-01.07.16.jpg\"><img decoding=\"async\" src=\"https:\/\/www.harzer-wandernadel.de\/wp-content\/uploads\/2016\/02\/HWN-Bremer-H\u00fctte-01.07.16-1024x577.jpg\" alt=\"Tr\u00e6hytte p\u00e5 landet med udsigt over bjergene\" class=\"wp-image-4222\"><\/a><\/figure>\n\n<p>Harzens Ven\u00adner fra Bre\u00admen opf\u00f8r\u00adte den f\u00f8r\u00adste hyt\u00adte i&nbsp;Bre\u00admen, men den blev offer for en storm i&nbsp;2008 og blev genop\u00adf\u00f8rt ca. 50&nbsp;meter fra natio\u00adnal\u00adpar\u00adken. Fra hyt\u00adten er der en smuk udsigt over Brocken.&nbsp;<\/p>\n\n<p>Fra par\u00adke\u00adrings\u00adplad\u00adsen \u201eBlo\u00adchau\u00ader\u201c i&nbsp;Ilse-dalen f\u00f8l\u00adger man Bre\u00admer Weg for\u00adbi Hei\u00adne\u00adste\u00adin og Ilse-vand\u00adfal\u00addet til Bre\u00admer H\u00fct\u00adte. Hein\u00adrich Hei\u00adne-stien fort\u00ads\u00e6t\u00adter op ad bak\u00adke via <a href=\"https:\/\/www.harzer-wandernadel.de\/da\/stempelcentre\/oversigtskort\/stamping-point-8-stamping-boeg\/\" data-type=\"page\" data-id=\"502\">Stem\u00adpels\u00adbu\u00adche HWN 8<\/a>, Her\u00admann\u00adstra\u00dfe, Her\u00admanns\u00adklip\u00adpe og Hir\u00adten\u00adstieg for\u00adbi Bis\u00admarck\u00adklip\u00adpe op til <a href=\"https:\/\/www.harzer-wandernadel.de\/da\/stempelcentre\/oversigtskort\/stempelstation-9-brockenhaus\/\" data-type=\"page\" data-id=\"507\">Bro\u00adck\u00aden\u00adhaus HWN 9.<\/a> <\/p>\n","protected":false},"excerpt":{"rendered":"<p>Stem\u00adpel\u00adsta\u00adtio\u00adnen Bre\u00admer H\u00fct\u00adte lig\u00adger i&nbsp;Ilse-dalen over Ilse-vand\u00adfal\u00addet direk\u00adte p\u00e5 Hein\u00adrich Hei\u00adne-stien. Harzens Ven\u00adner fra Bre\u00admen opf\u00f8r\u00adte den f\u00f8r\u00adste hyt\u00adte i&nbsp;Bre\u00admen, men den blev offer for en storm i&nbsp;2008 og blev genop\u00adf\u00f8rt ca. 50&nbsp;meter fra natio\u00adnal\u00adpar\u00adken. Fra hyt\u00adten er der en smuk udsigt over Bro\u00adck\u00aden.&nbsp; Fra par\u00adke\u00adrings\u00adplad\u00adsen \u201eBlo\u00adchau\u00ader\u201c i&nbsp;Ilse-dalen f\u00f8l\u00adger man Bre\u00admer Weg for\u00adbi Hei\u00adne\u00adste\u00adin&nbsp;og&nbsp;[\u2026]<\/p>\n","protected":false},"author":11,"featured_media":12688,"parent":17792,"menu_order":10006,"comment_status":"closed","ping_status":"closed","template":"","meta":{"_seopress_robots_primary_cat":"","_seopress_titles_title":"","_seopress_titles_desc":"Oplev Bremer H\u00fctte i Ilse-dalen p\u00e5 Heinrich Heine-stien med udsigt over Brocken, og vandr forbi Ilse-vandfaldet og frim\u00e6rkestederne.","_seopress_robots_index":"","wp_typography_post_enhancements_disabled":false,"iawp_total_views":3,"footnotes":""},"hf_cat_page":[120],"class_list":["post-18953","page","type-page","status-publish","has-post-thumbnail"],"blocksy_meta":[],"_links":{"self":[{"href":"https:\/\/www.harzer-wandernadel.de\/da\/wp-json\/wp\/v2\/pages\/18953","targetHints":{"allow":["GET"]}}],"collection":[{"href":"https:\/\/www.harzer-wandernadel.de\/da\/wp-json\/wp\/v2\/pages"}],"about":[{"href":"https:\/\/www.harzer-wandernadel.de\/da\/wp-json\/wp\/v2\/types\/page"}],"author":[{"embeddable":true,"href":"https:\/\/www.harzer-wandernadel.de\/da\/wp-json\/wp\/v2\/users\/11"}],"replies":[{"embeddable":true,"href":"https:\/\/www.harzer-wandernadel.de\/da\/wp-json\/wp\/v2\/comments?post=18953"}],"version-history":[{"count":3,"href":"https:\/\/www.harzer-wandernadel.de\/da\/wp-json\/wp\/v2\/pages\/18953\/revisions"}],"predecessor-version":[{"id":25012,"href":"https:\/\/www.harzer-wandernadel.de\/da\/wp-json\/wp\/v2\/pages\/18953\/revisions\/25012"}],"up":[{"embeddable":true,"href":"https:\/\/www.harzer-wandernadel.de\/da\/wp-json\/wp\/v2\/pages\/17792"}],"wp:featuredmedia":[{"embeddable":true,"href":"https:\/\/www.harzer-wandernadel.de\/da\/wp-json\/wp\/v2\/media\/12688"}],"wp:attachment":[{"href":"https:\/\/www.harzer-wandernadel.de\/da\/wp-json\/wp\/v2\/media?parent=18953"}],"wp:term":[{"taxonomy":"hf_cat_page","embeddable":true,"href":"https:\/\/www.harzer-wandernadel.de\/da\/wp-json\/wp\/v2\/hf_cat_page?post=18953"}],"curies":[{"name":"wp","href":"https:\/\/api.w.org\/{rel}","templated":true}]}}