{"id":18949,"date":"2016-02-11T11:57:26","date_gmt":"2016-02-11T10:57:26","guid":{"rendered":"https:\/\/www.harzer-wandernadel.de\/stempelcentre\/oversigtskort\/frimaerkepunkt-173-hirschbuechenkopf-skoveng\/"},"modified":"2026-01-29T12:52:21","modified_gmt":"2026-01-29T11:52:21","slug":"frimaerkepunkt-173-hirschbuechenkopf-skoveng","status":"publish","type":"page","link":"https:\/\/www.harzer-wandernadel.de\/da\/stempelcentre\/oversigtskort\/frimaerkepunkt-173-hirschbuechenkopf-skoveng\/","title":{"rendered":"Frim\u00e6rkepunkt 173 \/ Hirschb\u00fcchenkopf skoveng"},"content":{"rendered":"\n<h2 class=\"wp-block-heading\">Hirschb\u00fcchenkopf-skovengen ligger mellem G\u00fcntersberge og Siptenfelde under \u201ePension Waldoase\u201c og over Selketalstieg-stien.<\/h2>\n\n<div class=\"wp-block-stackable-image alignwide stk-block-image stk-block stk-89e1006\" data-block-id=\"89e1006\"><style>.stk-89e1006 {margin-top:3% !important;margin-bottom:3% !important;}<\/style><figure><span class=\"stk-img-wrapper stk-image--shape-stretch stk--has-lightbox\"><img decoding=\"async\" width=\"3264\" height=\"1840\" src=\"https:\/\/www.harzer-wandernadel.de\/wp-content\/uploads\/2016\/02\/WP_20160610_13_57_58_Pro.jpg\" class=\"attachment-full size-full wp-post-image\" alt=\"Gr\u00f8n eng foran en t\u00e6t skov under en bl\u00e5 himmel\" srcset=\"https:\/\/www.harzer-wandernadel.de\/wp-content\/uploads\/2016\/02\/WP_20160610_13_57_58_Pro.jpg 3264w, https:\/\/www.harzer-wandernadel.de\/wp-content\/uploads\/2016\/02\/WP_20160610_13_57_58_Pro-300x169.jpg 300w, https:\/\/www.harzer-wandernadel.de\/wp-content\/uploads\/2016\/02\/WP_20160610_13_57_58_Pro-768x433.jpg 768w, https:\/\/www.harzer-wandernadel.de\/wp-content\/uploads\/2016\/02\/WP_20160610_13_57_58_Pro-1024x577.jpg 1024w, https:\/\/www.harzer-wandernadel.de\/wp-content\/uploads\/2016\/02\/WP_20160610_13_57_58_Pro-250x141.jpg 250w, https:\/\/www.harzer-wandernadel.de\/wp-content\/uploads\/2016\/02\/WP_20160610_13_57_58_Pro-624x352.jpg 624w\" sizes=\"(max-width: 3264px) 100vw, 3264px\"><\/span><\/figure><\/div>\n\n<p>Ind\u00adtil begyn\u00addel\u00adsen af 1990\u2019erne var der et vin\u00addelt\u00e5rn p\u00e5 ste\u00addet, hvor g\u00e6ste\u00adhu\u00adset lig\u00adger, som var en for\u00adsy\u00adnings\u00adskakt til Stra\u00df\u00adberg-minen. Den tid\u00adli\u00adge\u00adre skakts luk\u00adke\u00adpla\u00adde kan sta\u00addig ses den dag i&nbsp;dag.&nbsp;<\/p>\n\n<div class=\"wp-block-buttons is-layout-flex wp-block-buttons-is-layout-flex\">\n<div class=\"wp-block-button\"><a class=\"wp-block-button__link wp-element-button\" href=\"http:\/\/www.im-harz.de\">I Harzen-bjer\u00adge\u00adne  <\/a><\/div>\n<\/div>\n\n<p>Stem\u00adpel\u00adpunk\u00adtet lig\u00adger i&nbsp;udkan\u00adten af en sko\u00advlys\u00adning over Selketalstieg,<\/p>\n\n<p>Fra Sip\u00adten\u00adfel\u00adde skal du f\u00f8l\u00adge skil\u00adte\u00adne til \u201eWege deut\u00adscher Kai\u00adser und K\u00f6ni\u00adge des Mit\u00adtelal\u00adters im Harz\u201c (sti\u00ader til tyske kej\u00adse\u00adre og kon\u00adger i&nbsp;mid\u00addelal\u00adde\u00adren i&nbsp;Harzen) og pas\u00adse\u00adre heg\u00adnet til \u201ePen\u00adsion Wal\u00addoa\u00adse\u201c for at n\u00e5 stempelpunktet.<\/p>\n","protected":false},"excerpt":{"rendered":"<p>Hirs\u00adchb\u00fc\u00adchen\u00adkopf-sko\u00adven\u00adgen lig\u00adger mel\u00adlem G\u00fcn\u00adters\u00adber\u00adge og Sip\u00adten\u00adfel\u00adde under \u201ePen\u00adsion Wal\u00addoa\u00adse\u201c og over Sel\u00adket\u00adalstieg-stien. Ind\u00adtil begyn\u00addel\u00adsen af 1990\u2019erne var der et vin\u00addelt\u00e5rn p\u00e5 ste\u00addet, hvor g\u00e6ste\u00adhu\u00adset lig\u00adger, som var en for\u00adsy\u00adnings\u00adskakt til Stra\u00df\u00ad\u00adberg-minen. Den tid\u00adli\u00adge\u00adre skakts luk\u00adke\u00adpla\u00adde kan sta\u00addig ses den dag i&nbsp;dag.&nbsp; Stem\u00adpel\u00adpunk\u00adtet lig\u00adger i&nbsp;udkan\u00adten af en sko\u00advlys\u00adning over Sel\u00adket\u00adalstieg, Fra Sip\u00adten\u00adfel\u00adde skal du f\u00f8l\u00adge skiltene&nbsp;[\u2026]<\/p>\n","protected":false},"author":11,"featured_media":12523,"parent":17792,"menu_order":10173,"comment_status":"closed","ping_status":"closed","template":"","meta":{"_seopress_robots_primary_cat":"","_seopress_titles_title":"","_seopress_titles_desc":"","_seopress_robots_index":"","wp_typography_post_enhancements_disabled":false,"iawp_total_views":0,"footnotes":""},"hf_cat_page":[120],"class_list":["post-18949","page","type-page","status-publish","has-post-thumbnail"],"blocksy_meta":[],"_links":{"self":[{"href":"https:\/\/www.harzer-wandernadel.de\/da\/wp-json\/wp\/v2\/pages\/18949","targetHints":{"allow":["GET"]}}],"collection":[{"href":"https:\/\/www.harzer-wandernadel.de\/da\/wp-json\/wp\/v2\/pages"}],"about":[{"href":"https:\/\/www.harzer-wandernadel.de\/da\/wp-json\/wp\/v2\/types\/page"}],"author":[{"embeddable":true,"href":"https:\/\/www.harzer-wandernadel.de\/da\/wp-json\/wp\/v2\/users\/11"}],"replies":[{"embeddable":true,"href":"https:\/\/www.harzer-wandernadel.de\/da\/wp-json\/wp\/v2\/comments?post=18949"}],"version-history":[{"count":1,"href":"https:\/\/www.harzer-wandernadel.de\/da\/wp-json\/wp\/v2\/pages\/18949\/revisions"}],"predecessor-version":[{"id":18950,"href":"https:\/\/www.harzer-wandernadel.de\/da\/wp-json\/wp\/v2\/pages\/18949\/revisions\/18950"}],"up":[{"embeddable":true,"href":"https:\/\/www.harzer-wandernadel.de\/da\/wp-json\/wp\/v2\/pages\/17792"}],"wp:featuredmedia":[{"embeddable":true,"href":"https:\/\/www.harzer-wandernadel.de\/da\/wp-json\/wp\/v2\/media\/12523"}],"wp:attachment":[{"href":"https:\/\/www.harzer-wandernadel.de\/da\/wp-json\/wp\/v2\/media?parent=18949"}],"wp:term":[{"taxonomy":"hf_cat_page","embeddable":true,"href":"https:\/\/www.harzer-wandernadel.de\/da\/wp-json\/wp\/v2\/hf_cat_page?post=18949"}],"curies":[{"name":"wp","href":"https:\/\/api.w.org\/{rel}","templated":true}]}}