{"id":18926,"date":"2016-02-16T14:33:15","date_gmt":"2016-02-16T13:33:15","guid":{"rendered":"https:\/\/www.harzer-wandernadel.de\/stempelcentre\/oversigtskort\/stempelpunkt-38-galgenberg\/"},"modified":"2026-02-28T14:42:19","modified_gmt":"2026-02-28T13:42:19","slug":"stempelpunkt-38-galgenberg","status":"publish","type":"page","link":"https:\/\/www.harzer-wandernadel.de\/da\/stempelcentre\/oversigtskort\/stempelpunkt-38-galgenberg\/","title":{"rendered":"Stempelpunkt 38 \/ Galgenberg"},"content":{"rendered":"\n<h2 class=\"wp-block-heading\">Galgenberg er med sine 506&nbsp;meter over havets overflade det h\u00f8jeste punkt p\u00e5 en kalkstensklippe \u00f8st for Elbingerode.&nbsp;<\/h2>\n\n<div class=\"wp-block-stackable-image alignwide stk-block-image stk-block stk-89e1006\" data-block-id=\"89e1006\"><style>.stk-89e1006 {margin-top:3% !important;margin-bottom:3% !important;}<\/style><figure><span class=\"stk-img-wrapper stk-image--shape-stretch stk--has-lightbox\"><img decoding=\"async\" width=\"900\" height=\"600\" src=\"https:\/\/www.harzer-wandernadel.de\/wp-content\/uploads\/2016\/02\/Galgenberg-3.jpg\" class=\"attachment-full size-full wp-post-image\" alt srcset=\"https:\/\/www.harzer-wandernadel.de\/wp-content\/uploads\/2016\/02\/Galgenberg-3.jpg 900w, https:\/\/www.harzer-wandernadel.de\/wp-content\/uploads\/2016\/02\/Galgenberg-3-300x200.jpg 300w, https:\/\/www.harzer-wandernadel.de\/wp-content\/uploads\/2016\/02\/Galgenberg-3-768x512.jpg 768w, https:\/\/www.harzer-wandernadel.de\/wp-content\/uploads\/2016\/02\/Galgenberg-3-624x416.jpg 624w\" sizes=\"(max-width: 900px) 100vw, 900px\"><\/span><\/figure><\/div>\n\n<p>Gal\u00adgen\u00adberg har v\u00e6ret et sted, hvor Elbin\u00adgero\u00adde er ble\u00advet d\u00f8mt siden tider\u00adnes mor\u00adgen. Fra det 16. \u00e5rhund\u00adre\u00adde var det ste\u00addet, hvor Elbin\u00adgero\u00addes gal\u00adge&nbsp;stod.&nbsp;<\/p>\n\n<p>Et godt udgangs\u00adpunkt er par\u00adke\u00adrings\u00adplad\u00adsen i&nbsp;cen\u00adtrum af Elbin\u00adgero\u00adde, hvor\u00adfra man kan van\u00addre langs Ste\u00adinweg mod fri\u00adm\u00e6r\u00adke\u00adste\u00addet. Den loka\u00adle Harz\u00adklub-afde\u00adling har skil\u00adtet stien til Gal\u00adgen\u00adberg. Det er en god id\u00e9 at fort\u00ads\u00e6t\u00adte turen til <a href=\"https:\/\/www.harzer-wandernadel.de\/da\/stempelcentre\/oversigtskort\/stempelpunkt-39-felswerke-aabne-mine\/\" data-type=\"page\" data-id=\"617\">dag\u00adbrud\u00addet Felswer\u00adke HWN 39 p\u00e5<\/a> vej\u00aden tilbage.&nbsp;<\/p>\n","protected":false},"excerpt":{"rendered":"<p>Gal\u00adgen\u00adberg er med sine 506&nbsp;meter over havets over\u00adfla\u00adde det h\u00f8je\u00adste punkt p\u00e5 en kal\u00adk\u00adstens\u00adklip\u00adpe \u00f8st for Elbin\u00adgero\u00adde.&nbsp; Gal\u00adgen\u00adberg har v\u00e6ret et sted, hvor Elbin\u00adgero\u00adde er ble\u00advet d\u00f8mt siden tider\u00adnes mor\u00adgen. Fra det 16. \u00e5rhund\u00adre\u00adde var det ste\u00addet, hvor Elbin\u00adgero\u00addes gal\u00adge&nbsp;stod.&nbsp; Et godt udgangs\u00adpunkt er par\u00adke\u00adrings\u00adplad\u00adsen i&nbsp;cen\u00adtrum af Elbin\u00adgero\u00adde, hvor\u00adfra man kan van\u00addre langs Ste\u00adinweg&nbsp;mod&nbsp;[\u2026]<\/p>\n","protected":false},"author":11,"featured_media":11593,"parent":17792,"menu_order":10038,"comment_status":"closed","ping_status":"closed","template":"","meta":{"_seopress_robots_primary_cat":"","_seopress_titles_title":"","_seopress_titles_desc":"","_seopress_robots_index":"","wp_typography_post_enhancements_disabled":false,"iawp_total_views":0,"footnotes":""},"hf_cat_page":[120],"class_list":["post-18926","page","type-page","status-publish","has-post-thumbnail"],"blocksy_meta":[],"_links":{"self":[{"href":"https:\/\/www.harzer-wandernadel.de\/da\/wp-json\/wp\/v2\/pages\/18926","targetHints":{"allow":["GET"]}}],"collection":[{"href":"https:\/\/www.harzer-wandernadel.de\/da\/wp-json\/wp\/v2\/pages"}],"about":[{"href":"https:\/\/www.harzer-wandernadel.de\/da\/wp-json\/wp\/v2\/types\/page"}],"author":[{"embeddable":true,"href":"https:\/\/www.harzer-wandernadel.de\/da\/wp-json\/wp\/v2\/users\/11"}],"replies":[{"embeddable":true,"href":"https:\/\/www.harzer-wandernadel.de\/da\/wp-json\/wp\/v2\/comments?post=18926"}],"version-history":[{"count":2,"href":"https:\/\/www.harzer-wandernadel.de\/da\/wp-json\/wp\/v2\/pages\/18926\/revisions"}],"predecessor-version":[{"id":24736,"href":"https:\/\/www.harzer-wandernadel.de\/da\/wp-json\/wp\/v2\/pages\/18926\/revisions\/24736"}],"up":[{"embeddable":true,"href":"https:\/\/www.harzer-wandernadel.de\/da\/wp-json\/wp\/v2\/pages\/17792"}],"wp:featuredmedia":[{"embeddable":true,"href":"https:\/\/www.harzer-wandernadel.de\/da\/wp-json\/wp\/v2\/media\/11593"}],"wp:attachment":[{"href":"https:\/\/www.harzer-wandernadel.de\/da\/wp-json\/wp\/v2\/media?parent=18926"}],"wp:term":[{"taxonomy":"hf_cat_page","embeddable":true,"href":"https:\/\/www.harzer-wandernadel.de\/da\/wp-json\/wp\/v2\/hf_cat_page?post=18926"}],"curies":[{"name":"wp","href":"https:\/\/api.w.org\/{rel}","templated":true}]}}