{"id":18915,"date":"2016-02-16T14:34:30","date_gmt":"2016-02-16T13:34:30","guid":{"rendered":"https:\/\/www.harzer-wandernadel.de\/stempelcentre\/oversigtskort\/stempelpunkt-39-felswerke-aabne-mine\/"},"modified":"2026-02-28T14:42:20","modified_gmt":"2026-02-28T13:42:20","slug":"stempelpunkt-39-felswerke-aabne-mine","status":"publish","type":"page","link":"https:\/\/www.harzer-wandernadel.de\/da\/stempelcentre\/oversigtskort\/stempelpunkt-39-felswerke-aabne-mine\/","title":{"rendered":"Stempelpunkt 39 \/ Felswerke \u00e5bne&nbsp;mine"},"content":{"rendered":"\n<h2 class=\"wp-block-heading\">HWN 39 ligger i&nbsp;udkanten af Elbingerode ved Felswerke-dagbruddet.<\/h2>\n\n<div class=\"wp-block-stackable-image alignwide stk-block-image stk-block stk-89e1006\" data-block-id=\"89e1006\"><style>.stk-89e1006 {margin-top:3% !important;margin-bottom:3% !important;}<\/style><figure><span class=\"stk-img-wrapper stk-image--shape-stretch stk--has-lightbox\"><img decoding=\"async\" width=\"949\" height=\"633\" src=\"https:\/\/www.harzer-wandernadel.de\/wp-content\/uploads\/2016\/02\/HWN-Felswerke-Guido.jpg\" class=\"attachment-full size-full wp-post-image\" alt=\"Stort stenbrud med gravemaskiner og lastbiler\" srcset=\"https:\/\/www.harzer-wandernadel.de\/wp-content\/uploads\/2016\/02\/HWN-Felswerke-Guido.jpg 949w, https:\/\/www.harzer-wandernadel.de\/wp-content\/uploads\/2016\/02\/HWN-Felswerke-Guido-300x200.jpg 300w, https:\/\/www.harzer-wandernadel.de\/wp-content\/uploads\/2016\/02\/HWN-Felswerke-Guido-768x512.jpg 768w, https:\/\/www.harzer-wandernadel.de\/wp-content\/uploads\/2016\/02\/HWN-Felswerke-Guido-250x167.jpg 250w, https:\/\/www.harzer-wandernadel.de\/wp-content\/uploads\/2016\/02\/HWN-Felswerke-Guido-624x416.jpg 624w\" sizes=\"(max-width: 949px) 100vw, 949px\"><\/span><\/figure><\/div>\n\n<p>Fra stem\u00adpelkas\u00adsens pla\u00adce\u00adring kan man se hele den \u00e5bne mine og f\u00e5 nog\u00adle nyt\u00adti\u00adge for\u00adkla\u00adrin\u00adger p\u00e5 opslag\u00adstav\u00adlen for at for\u00adst\u00e5 for\u00admen for kalkminedrift.<\/p>\n\n<p>Elbin\u00adgero\u00adde\/R\u00fc\u00adbeland-omr\u00e5\u00addet er hjem\u00adsted for en af de bed\u00adste og vig\u00adtig\u00adste fore\u00adkom\u00adster af mas\u00adse\u00adkal\u00adk\u00adsten i&nbsp;Tys\u00adkland. Kal\u00adk\u00adste\u00adnen er der\u00adfor ble\u00advet udvun\u00addet her i&nbsp;\u00e5bne miner i&nbsp;omkring 100&nbsp;\u00e5r.&nbsp;<\/p>\n\n<p>Kal\u00adk\u00adstens\u00adfo\u00adre\u00adkom\u00adster\u00adne i&nbsp;Elbin\u00adgero\u00adde\/R\u00fc\u00adbeland-omr\u00e5\u00addet blev dan\u00adnet i&nbsp;Devon-peri\u00ado\u00adden for omkring 350 mil\u00adli\u00ado\u00adner \u00e5r siden. Med et ind\u00adhold af calci\u00adumc\u00adar\u00adbo\u00adnat <sub>(CaCO3)<\/sub> p\u00e5 97\u201399&nbsp;% blev der dan\u00adnet en aflej\u00adring af us\u00e6d\u00advan\u00adlig ren\u00adhed, homo\u00adge\u00adni\u00adtet og tykkelse.&nbsp;<\/p>\n\n<p>I man\u00adge \u00e5rhund\u00adre\u00adder blev kal\u00adk\u00adste\u00adnen kun udvun\u00addet til loka\u00adle behov eller til pro\u00adduk\u00adtions\u00adlig\u00adnen\u00adde akti\u00advi\u00adte\u00adter, f.eks. mar\u00admor\u00adm\u00f8l\u00adler eller sm\u00e5 ovne i&nbsp;for\u00adbin\u00addel\u00adse med den loka\u00adle jernindustri.<\/p>\n\n<p>Det\u00adte \u00e6ndre\u00adde sig fun\u00adda\u00admen\u00adtalt med anl\u00e6g\u00adgel\u00adsen af R\u00fcbeland-jer\u00adn\u00adba\u00adnen fra Blan\u00adken\u00adburg i&nbsp;Harzen via R\u00fcbeland, Elbin\u00adgero\u00adde til Tan\u00adne mel\u00adlem 1884 og 1886. I&nbsp;l\u00f8bet af f\u00e5 \u00e5r blev der byg\u00adget et stort antal kal\u00adk\u00adv\u00e6r\u00adker langs jernbanelinjen.&nbsp;<\/p>\n\n<p>Du kom\u00admer til stem\u00adpel\u00adsta\u00adtio\u00adnen fra byens cen\u00adtrum via Tor\u00adstra\u00dfe og f\u00f8l\u00adger de afm\u00e6r\u00adke\u00adde&nbsp;stier.<\/p>\n","protected":false},"excerpt":{"rendered":"<p>HWN 39 lig\u00adger i&nbsp;udkan\u00adten af Elbin\u00adgero\u00adde ved Felswer\u00adke-dag\u00adbrud\u00addet. Fra stem\u00adpelkas\u00adsens pla\u00adce\u00adring kan man se hele den \u00e5bne mine og f\u00e5 nog\u00adle nyt\u00adti\u00adge for\u00adkla\u00adrin\u00adger p\u00e5 opslag\u00adstav\u00adlen for at for\u00adst\u00e5 for\u00admen for kal\u00adk\u00admi\u00adne\u00addrift. Elbin\u00ad\u00adgero\u00ad\u00adde\/R\u00fc\u00ad\u00adbeland-omr\u00e5\u00ad\u00addet er hjem\u00adsted for en af de bed\u00adste og vig\u00adtig\u00adste fore\u00adkom\u00adster af mas\u00adse\u00adkal\u00adk\u00adsten i&nbsp;Tys\u00adkland. Kal\u00adk\u00adste\u00adnen er der\u00adfor ble\u00advet udvun\u00addet her i&nbsp;\u00e5bne miner i&nbsp;omkring 100&nbsp;\u00e5r.&nbsp;[\u2026]<\/p>\n","protected":false},"author":11,"featured_media":12592,"parent":17792,"menu_order":10039,"comment_status":"closed","ping_status":"closed","template":"","meta":{"_seopress_robots_primary_cat":"","_seopress_titles_title":"","_seopress_titles_desc":"","_seopress_robots_index":"","wp_typography_post_enhancements_disabled":false,"iawp_total_views":0,"footnotes":""},"hf_cat_page":[120],"class_list":["post-18915","page","type-page","status-publish","has-post-thumbnail"],"blocksy_meta":[],"_links":{"self":[{"href":"https:\/\/www.harzer-wandernadel.de\/da\/wp-json\/wp\/v2\/pages\/18915","targetHints":{"allow":["GET"]}}],"collection":[{"href":"https:\/\/www.harzer-wandernadel.de\/da\/wp-json\/wp\/v2\/pages"}],"about":[{"href":"https:\/\/www.harzer-wandernadel.de\/da\/wp-json\/wp\/v2\/types\/page"}],"author":[{"embeddable":true,"href":"https:\/\/www.harzer-wandernadel.de\/da\/wp-json\/wp\/v2\/users\/11"}],"replies":[{"embeddable":true,"href":"https:\/\/www.harzer-wandernadel.de\/da\/wp-json\/wp\/v2\/comments?post=18915"}],"version-history":[{"count":1,"href":"https:\/\/www.harzer-wandernadel.de\/da\/wp-json\/wp\/v2\/pages\/18915\/revisions"}],"predecessor-version":[{"id":18917,"href":"https:\/\/www.harzer-wandernadel.de\/da\/wp-json\/wp\/v2\/pages\/18915\/revisions\/18917"}],"up":[{"embeddable":true,"href":"https:\/\/www.harzer-wandernadel.de\/da\/wp-json\/wp\/v2\/pages\/17792"}],"wp:featuredmedia":[{"embeddable":true,"href":"https:\/\/www.harzer-wandernadel.de\/da\/wp-json\/wp\/v2\/media\/12592"}],"wp:attachment":[{"href":"https:\/\/www.harzer-wandernadel.de\/da\/wp-json\/wp\/v2\/media?parent=18915"}],"wp:term":[{"taxonomy":"hf_cat_page","embeddable":true,"href":"https:\/\/www.harzer-wandernadel.de\/da\/wp-json\/wp\/v2\/hf_cat_page?post=18915"}],"curies":[{"name":"wp","href":"https:\/\/api.w.org\/{rel}","templated":true}]}}