{"id":18906,"date":"2016-02-17T12:46:55","date_gmt":"2016-02-17T11:46:55","guid":{"rendered":"https:\/\/www.harzer-wandernadel.de\/stempelcentre\/oversigtskort\/frimaerkepunkt-43-weser-elbs-vandskel-hohe-tuer\/"},"modified":"2026-02-28T14:42:22","modified_gmt":"2026-02-28T13:42:22","slug":"frimaerkepunkt-43-weser-elbs-vandskel-hohe-tuer","status":"publish","type":"page","link":"https:\/\/www.harzer-wandernadel.de\/da\/stempelcentre\/oversigtskort\/frimaerkepunkt-43-weser-elbs-vandskel-hohe-tuer\/","title":{"rendered":"Frim\u00e6rkepunkt 43 \/ Weser-Elbs vandskel \u201eHohe&nbsp;T\u00fcr\u201c"},"content":{"rendered":"\n<h2 class=\"wp-block-heading\">Hohe T\u00fcr er navnet p\u00e5 et udsigtspunkt mellem Bad Lauterberg og kurbyen Steina, som er en del af Bad Sachsa. Der er ogs\u00e5 et vandskel her.&nbsp;<\/h2>\n\n<div class=\"wp-block-stackable-image alignwide stk-block-image stk-block stk-89e1006\" data-block-id=\"89e1006\"><style>.stk-89e1006 {margin-top:3% !important;margin-bottom:3% !important;}<\/style><figure><span class=\"stk-img-wrapper stk-image--shape-stretch stk--has-lightbox\"><img decoding=\"async\" width=\"2048\" height=\"1536\" src=\"https:\/\/www.harzer-wandernadel.de\/wp-content\/uploads\/2016\/02\/HWN-Hohe-T\u00fcr-1.jpg\" class=\"attachment-full size-full wp-post-image\" alt=\"Gr\u00f8n skovdal med s\u00f8 og udsigtst\u00e5rn\" srcset=\"https:\/\/www.harzer-wandernadel.de\/wp-content\/uploads\/2016\/02\/HWN-Hohe-T\u00fcr-1.jpg 2048w, https:\/\/www.harzer-wandernadel.de\/wp-content\/uploads\/2016\/02\/HWN-Hohe-T\u00fcr-1-300x225.jpg 300w, https:\/\/www.harzer-wandernadel.de\/wp-content\/uploads\/2016\/02\/HWN-Hohe-T\u00fcr-1-768x576.jpg 768w, https:\/\/www.harzer-wandernadel.de\/wp-content\/uploads\/2016\/02\/HWN-Hohe-T\u00fcr-1-1024x768.jpg 1024w, https:\/\/www.harzer-wandernadel.de\/wp-content\/uploads\/2016\/02\/HWN-Hohe-T\u00fcr-1-250x188.jpg 250w, https:\/\/www.harzer-wandernadel.de\/wp-content\/uploads\/2016\/02\/HWN-Hohe-T\u00fcr-1-624x468.jpg 624w\" sizes=\"(max-width: 2048px) 100vw, 2048px\"><\/span><\/figure><\/div>\n\n<p>\u201eWeser\/El\u00adbe-vand\u00adskel\u00adlet\u201c g\u00e5r fra Hohe Lieth ved Nord\u00ads\u00ad\u00f8\u00aden over L\u00fcne\u00adbur\u00adger Hei\u00adde, Fle\u00adch\u00adti\u00adger H\u00f6hen\u00adzug til Hohe Holz. Der svin\u00adger linj\u00aden i&nbsp;ret\u00adning af Elm og Asse til Harzen og vide\u00adre til Th\u00fcringen.&nbsp;<\/p>\n\n<p>Stem\u00adpel\u00adplad\u00adsen lig\u00adger ca. 1,5&nbsp;kilo\u00adme\u00adter fra dam\u00admen \u201eWie\u00adsen\u00adbe\u00adker Teich\u201c i&nbsp;n\u00e6r\u00adhe\u00adden af Bad Lau\u00adter\u00adberg, som f\u00f8des af Wie\u00adsen\u00adbek-b\u00e6k\u00adken. Dam\u00admen, som blev taget i&nbsp;brug i&nbsp;1715, blev engang brugt til at for\u00adsy\u00adne kob\u00adber\u00admi\u00adnen \u201eAufri\u00adch\u00adtig\u00adkeit\u201c i&nbsp;Lau\u00adter\u00adberg med vand, og der\u00adfor blev den oprin\u00adde\u00adligt kaldt \u201eAufri\u00adch\u00adtig\u00adkei\u00adter Teich\u201c. Da mal\u00adm\u00adud\u00advin\u00addin\u00adgen oph\u00f8r\u00adte, for\u00adsy\u00adne\u00adde den h\u00f8jov\u00adnen, st\u00f8\u00adbe\u00adri\u00adet og tr\u00e5\u00add\u00adtr\u00e6k\u00adke\u00adri\u00adet \u201eLau\u00adter\u00adber\u00adger K\u00f6nigsh\u00fctte\u201c.&nbsp;<\/p>\n\n<p>I dag bru\u00adges den smuk\u00adke bjergs\u00f8 som et lokalt rekre\u00ada\u00adtivt udflugts\u00adm\u00e5l til sv\u00f8m\u00adning, fiske\u00adri og sejlads. Dom\u00adbrow\u00adsky\u2019s Bau\u00adde, som til\u00adby\u00adder til\u00adta\u00adlen\u00adde Harzen-g\u00e6st\u00adfri\u00adhed i&nbsp;smuk\u00adke omgi\u00advel\u00adser, lig\u00adger ogs\u00e5 direk\u00adte ved&nbsp;s\u00f8en.&nbsp;<\/p>\n\n<div class=\"wp-block-buttons is-layout-flex wp-block-buttons-is-layout-flex\">\n<div class=\"wp-block-button\"><a class=\"wp-block-button__link wp-element-button\" href=\"https:\/\/www.campingwiesenbek.de\/\" target=\"_blank\" rel=\"noreferrer noopener\">Cam\u00adping Dom\u00adbrow\u00adsky\u2019s&nbsp;Baude&nbsp;\u201c<\/a><\/div>\n<\/div>\n\n<p>Par\u00adke\u00adrings\u00adplad\u00adsen ved Wie\u00adsen\u00adbe\u00adker Teich er et godt udgangs\u00adpunkt for en van\u00addre\u00adtur til stem\u00adpel\u00adpunkt&nbsp;43.<\/p>\n\n<p>&nbsp;<\/p>\n","protected":false},"excerpt":{"rendered":"<p>Hohe T\u00fcr er nav\u00adnet p\u00e5 et udsigts\u00adpunkt mel\u00adlem Bad Lau\u00adter\u00adberg og kur\u00adby\u00aden Ste\u00adi\u00adna, som er en del af Bad Sachsa. Der er ogs\u00e5 et vand\u00adskel her.&nbsp; \u201eWeser\/El\u00ad\u00adbe-vand\u00ad\u00adskel\u00adlet\u201c g\u00e5r fra Hohe Lieth ved Nord\u00ads\u00ad\u00f8\u00aden over L\u00fcne\u00adbur\u00adger Hei\u00adde, Fle\u00adch\u00adti\u00adger H\u00f6hen\u00adzug til Hohe Holz. Der svin\u00adger linj\u00aden i&nbsp;ret\u00adning af Elm og Asse til Harzen og vide\u00adre til Th\u00fcringen.&nbsp;[\u2026]<\/p>\n","protected":false},"author":11,"featured_media":12547,"parent":17792,"menu_order":10043,"comment_status":"closed","ping_status":"closed","template":"","meta":{"_seopress_robots_primary_cat":"","_seopress_titles_title":"","_seopress_titles_desc":"","_seopress_robots_index":"","wp_typography_post_enhancements_disabled":false,"iawp_total_views":0,"footnotes":""},"hf_cat_page":[120],"class_list":["post-18906","page","type-page","status-publish","has-post-thumbnail"],"blocksy_meta":[],"_links":{"self":[{"href":"https:\/\/www.harzer-wandernadel.de\/da\/wp-json\/wp\/v2\/pages\/18906","targetHints":{"allow":["GET"]}}],"collection":[{"href":"https:\/\/www.harzer-wandernadel.de\/da\/wp-json\/wp\/v2\/pages"}],"about":[{"href":"https:\/\/www.harzer-wandernadel.de\/da\/wp-json\/wp\/v2\/types\/page"}],"author":[{"embeddable":true,"href":"https:\/\/www.harzer-wandernadel.de\/da\/wp-json\/wp\/v2\/users\/11"}],"replies":[{"embeddable":true,"href":"https:\/\/www.harzer-wandernadel.de\/da\/wp-json\/wp\/v2\/comments?post=18906"}],"version-history":[{"count":1,"href":"https:\/\/www.harzer-wandernadel.de\/da\/wp-json\/wp\/v2\/pages\/18906\/revisions"}],"predecessor-version":[{"id":18908,"href":"https:\/\/www.harzer-wandernadel.de\/da\/wp-json\/wp\/v2\/pages\/18906\/revisions\/18908"}],"up":[{"embeddable":true,"href":"https:\/\/www.harzer-wandernadel.de\/da\/wp-json\/wp\/v2\/pages\/17792"}],"wp:featuredmedia":[{"embeddable":true,"href":"https:\/\/www.harzer-wandernadel.de\/da\/wp-json\/wp\/v2\/media\/12547"}],"wp:attachment":[{"href":"https:\/\/www.harzer-wandernadel.de\/da\/wp-json\/wp\/v2\/media?parent=18906"}],"wp:term":[{"taxonomy":"hf_cat_page","embeddable":true,"href":"https:\/\/www.harzer-wandernadel.de\/da\/wp-json\/wp\/v2\/hf_cat_page?post=18906"}],"curies":[{"name":"wp","href":"https:\/\/api.w.org\/{rel}","templated":true}]}}