{"id":18902,"date":"2016-02-16T14:35:47","date_gmt":"2016-02-16T13:35:47","guid":{"rendered":"https:\/\/www.harzer-wandernadel.de\/stempelcentre\/oversigtskort\/frimaerkepunkt-40-koenigshuetter-vandfaldet\/"},"modified":"2026-02-28T14:42:20","modified_gmt":"2026-02-28T13:42:20","slug":"frimaerkepunkt-40-koenigshuetter-vandfaldet","status":"publish","type":"page","link":"https:\/\/www.harzer-wandernadel.de\/da\/stempelcentre\/oversigtskort\/frimaerkepunkt-40-koenigshuetter-vandfaldet\/","title":{"rendered":"Frim\u00e6rkepunkt 40 \/ K\u00f6nigsh\u00fctter-vandfaldet"},"content":{"rendered":"\n<h2 class=\"wp-block-heading\">Vandfaldet K\u00f6nigsh\u00fctte (496&nbsp;m&nbsp;over havets overflade) ligger i&nbsp;n\u00e6rheden af forbundsvej B27 i&nbsp;bydelen Rotheh\u00fctte, ikke langt fra jernbanebroen R\u00fcbelandbahn.<\/h2>\n\n<div class=\"wp-block-stackable-image alignwide stk-block-image stk-block stk-89e1006\" data-block-id=\"89e1006\"><style>.stk-89e1006 {margin-top:3% !important;margin-bottom:3% !important;}<\/style><figure><span class=\"stk-img-wrapper stk-image--shape-stretch stk--has-lightbox\"><img decoding=\"async\" width=\"900\" height=\"600\" src=\"https:\/\/www.harzer-wandernadel.de\/wp-content\/uploads\/2016\/02\/K\u00f6nigsh\u00fctter-Wasserfall-1.jpg\" class=\"attachment-full size-full wp-post-image\" alt srcset=\"https:\/\/www.harzer-wandernadel.de\/wp-content\/uploads\/2016\/02\/K\u00f6nigsh\u00fctter-Wasserfall-1.jpg 900w, https:\/\/www.harzer-wandernadel.de\/wp-content\/uploads\/2016\/02\/K\u00f6nigsh\u00fctter-Wasserfall-1-300x200.jpg 300w, https:\/\/www.harzer-wandernadel.de\/wp-content\/uploads\/2016\/02\/K\u00f6nigsh\u00fctter-Wasserfall-1-768x512.jpg 768w, https:\/\/www.harzer-wandernadel.de\/wp-content\/uploads\/2016\/02\/K\u00f6nigsh\u00fctter-Wasserfall-1-624x416.jpg 624w\" sizes=\"(max-width: 900px) 100vw, 900px\"><\/span><\/figure><\/div>\n\n<p>Det kun\u00adsti\u00adge vand\u00adfald i&nbsp;et gam\u00admelt sten\u00adbrud styr\u00adter over en klip\u00adpe ca. 20&nbsp;meter ned i&nbsp;dybet og kan alle\u00adre\u00adde ses fra vej\u00aden. F\u00f8lg den smal\u00adle sti til ven\u00adstre for vand\u00adfal\u00addet, s\u00e5 kom\u00admer du til en raste\u00adplads med et stempel.&nbsp;<\/p>\n\n<p>Vi anbe\u00adfa\u00adler at fort\u00ads\u00e6t\u00adte van\u00addre\u00adtu\u00adren til <a href=\"https:\/\/www.harzer-wandernadel.de\/da\/stempelcentre\/oversigtskort\/frimaerkepunkt-41-koenigsburgs-ruiner\/\" data-type=\"page\" data-id=\"715\">K\u00f6nigs\u00adburg-rui\u00adner\u00adne HWN 41<\/a> og <a href=\"https:\/\/www.harzer-wandernadel.de\/da\/stempelcentre\/oversigtskort\/stempelpunkt-42-trogfurther-bridge\/\" data-type=\"page\" data-id=\"717\">Trog\u00adfurt\u00adher-bro\u00aden HWN 42.<\/a> <b> <\/b><\/p>\n\n<div class=\"wp-block-buttons is-layout-flex wp-block-buttons-is-layout-flex\">\n<div class=\"wp-block-button\"><a class=\"wp-block-button__link wp-element-button\" href=\"https:\/\/harzer-bergwald.de\/index.php\/wandertouren\/romantiktouren\/22-rund-um-koenigshuette\" target=\"_blank\" rel=\"noreferrer noopener\">Tour tip Harzen bjergskov&nbsp;\u201c<\/a><\/div>\n<\/div>\n","protected":false},"excerpt":{"rendered":"<p>Vand\u00adfal\u00addet K\u00f6nigs\u00adh\u00fct\u00adte (496&nbsp;m&nbsp;over havets over\u00adfla\u00adde) lig\u00adger i&nbsp;n\u00e6r\u00adhe\u00adden af for\u00adbunds\u00advej B27 i&nbsp;byde\u00adlen Rot\u00adhe\u00adh\u00fct\u00adte, ikke langt fra jer\u00adn\u00adba\u00adne\u00adbro\u00aden R\u00fcbeland\u00adba\u00adhn. Det kun\u00adsti\u00adge vand\u00adfald i&nbsp;et gam\u00admelt sten\u00adbrud styr\u00adter over en klip\u00adpe ca. 20&nbsp;meter ned i&nbsp;dybet og kan alle\u00adre\u00adde ses fra vej\u00aden. F\u00f8lg den smal\u00adle sti til ven\u00adstre for vand\u00adfal\u00addet, s\u00e5 kom\u00admer du til en raste\u00adplads med et stem\u00adpel.&nbsp;Vi&nbsp;[\u2026]<\/p>\n","protected":false},"author":11,"featured_media":11626,"parent":17792,"menu_order":10040,"comment_status":"closed","ping_status":"closed","template":"","meta":{"_seopress_robots_primary_cat":"","_seopress_titles_title":"","_seopress_titles_desc":"","_seopress_robots_index":"","wp_typography_post_enhancements_disabled":false,"iawp_total_views":1,"footnotes":""},"hf_cat_page":[120],"class_list":["post-18902","page","type-page","status-publish","has-post-thumbnail"],"blocksy_meta":[],"_links":{"self":[{"href":"https:\/\/www.harzer-wandernadel.de\/da\/wp-json\/wp\/v2\/pages\/18902","targetHints":{"allow":["GET"]}}],"collection":[{"href":"https:\/\/www.harzer-wandernadel.de\/da\/wp-json\/wp\/v2\/pages"}],"about":[{"href":"https:\/\/www.harzer-wandernadel.de\/da\/wp-json\/wp\/v2\/types\/page"}],"author":[{"embeddable":true,"href":"https:\/\/www.harzer-wandernadel.de\/da\/wp-json\/wp\/v2\/users\/11"}],"replies":[{"embeddable":true,"href":"https:\/\/www.harzer-wandernadel.de\/da\/wp-json\/wp\/v2\/comments?post=18902"}],"version-history":[{"count":2,"href":"https:\/\/www.harzer-wandernadel.de\/da\/wp-json\/wp\/v2\/pages\/18902\/revisions"}],"predecessor-version":[{"id":24740,"href":"https:\/\/www.harzer-wandernadel.de\/da\/wp-json\/wp\/v2\/pages\/18902\/revisions\/24740"}],"up":[{"embeddable":true,"href":"https:\/\/www.harzer-wandernadel.de\/da\/wp-json\/wp\/v2\/pages\/17792"}],"wp:featuredmedia":[{"embeddable":true,"href":"https:\/\/www.harzer-wandernadel.de\/da\/wp-json\/wp\/v2\/media\/11626"}],"wp:attachment":[{"href":"https:\/\/www.harzer-wandernadel.de\/da\/wp-json\/wp\/v2\/media?parent=18902"}],"wp:term":[{"taxonomy":"hf_cat_page","embeddable":true,"href":"https:\/\/www.harzer-wandernadel.de\/da\/wp-json\/wp\/v2\/hf_cat_page?post=18902"}],"curies":[{"name":"wp","href":"https:\/\/api.w.org\/{rel}","templated":true}]}}