{"id":18897,"date":"2016-02-17T12:47:18","date_gmt":"2016-02-17T11:47:18","guid":{"rendered":"https:\/\/www.harzer-wandernadel.de\/stempelcentre\/oversigtskort\/frimaerkepunkt-44-kapitelsberg\/"},"modified":"2026-02-28T14:42:22","modified_gmt":"2026-02-28T13:42:22","slug":"frimaerkepunkt-44-kapitelsberg","status":"publish","type":"page","link":"https:\/\/www.harzer-wandernadel.de\/da\/stempelcentre\/oversigtskort\/frimaerkepunkt-44-kapitelsberg\/","title":{"rendered":"Frim\u00e6rkepunkt 44 \/ Kapitelsberg"},"content":{"rendered":"\n<h2 class=\"wp-block-heading\">Kapitelsberg (528&nbsp;meter over havets overflade) troner over Warme Bode-dalen mellem Tanne og K\u00f6nigsh\u00fctte og betragtes som Tanners lokale bjerg.<\/h2>\n\n<div class=\"wp-block-stackable-image alignwide stk-block-image stk-block stk-89e1006\" data-block-id=\"89e1006\"><style>.stk-89e1006 {margin-top:3% !important;margin-bottom:3% !important;}<\/style><figure><span class=\"stk-img-wrapper stk-image--shape-stretch stk--has-lightbox\"><img decoding=\"async\" width=\"900\" height=\"600\" src=\"https:\/\/www.harzer-wandernadel.de\/wp-content\/uploads\/2016\/02\/Kapitelsberg.jpg\" class=\"attachment-full size-full wp-post-image\" alt srcset=\"https:\/\/www.harzer-wandernadel.de\/wp-content\/uploads\/2016\/02\/Kapitelsberg.jpg 900w, https:\/\/www.harzer-wandernadel.de\/wp-content\/uploads\/2016\/02\/Kapitelsberg-300x200.jpg 300w, https:\/\/www.harzer-wandernadel.de\/wp-content\/uploads\/2016\/02\/Kapitelsberg-768x512.jpg 768w, https:\/\/www.harzer-wandernadel.de\/wp-content\/uploads\/2016\/02\/Kapitelsberg-624x416.jpg 624w\" sizes=\"(max-width: 900px) 100vw, 900px\"><\/span><\/figure><\/div>\n\n<p>Tan\u00adne-afde\u00adlin\u00adgen af Harz\u00adklub har byg\u00adget et smukt shel\u00adter p\u00e5 top\u00adpen, hvor\u00adtil der ogs\u00e5 er knyt\u00adtet en fri\u00adm\u00e6r\u00adke\u00adkas\u00adse. Raste\u00adplad\u00adsen er sup\u00adple\u00adret med fle\u00adre b\u00e6n\u00adke og en b\u00e5l\u00adplads. Der\u00adu\u00add\u00adover har Harz-ven\u00adner\u00adne rejst et stort metal\u00adbe\u00adkl\u00e6dt tr\u00e6kors p\u00e5 bjer\u00adget og en bjer\u00adg\u00ado\u00adri\u00aden\u00adte\u00adring\u00ads\u00adtav\u00adle i&nbsp;st\u00f8bejern.&nbsp;<\/p>\n\n<p>Fra top\u00adpen har du en vidun\u00adder\u00adlig udsigt over War\u00adme Bode-dalen til Wurm\u00adberg, Bro\u00adck\u00aden og Hohenkamm.<\/p>\n\n<p>Fle\u00adre van\u00addre\u00adsti\u00ader er skil\u00adtet fra Tan\u00adne til den\u00adne smuk\u00adke top. Kapi\u00adtels\u00adberg kan ses p\u00e5 lang afstand tak\u00adket v\u00e6re topkor\u00adset og er et per\u00adfekt sted til en vandretur.&nbsp;<\/p>\n","protected":false},"excerpt":{"rendered":"<p>Kapi\u00adtels\u00adberg (528&nbsp;meter over havets over\u00adfla\u00adde) tro\u00adner over War\u00adme Bode-dalen mel\u00adlem Tan\u00adne og K\u00f6nigs\u00adh\u00fct\u00adte og betrag\u00adtes som Tan\u00adners loka\u00adle bjerg. Tan\u00ad\u00adne-afde\u00adlin\u00ad\u00adgen af Harz\u00adklub har byg\u00adget et smukt shel\u00adter p\u00e5 top\u00adpen, hvor\u00adtil der ogs\u00e5 er knyt\u00adtet en fri\u00adm\u00e6r\u00adke\u00adkas\u00adse. Raste\u00adplad\u00adsen er sup\u00adple\u00adret med fle\u00adre b\u00e6n\u00adke og en b\u00e5l\u00adplads. Der\u00adu\u00add\u00adover har Harz-ven\u00ad\u00adner\u00ad\u00adne rejst et stort metal\u00adbe\u00adkl\u00e6dt tr\u00e6kors p\u00e5 bjerget&nbsp;[\u2026]<\/p>\n","protected":false},"author":11,"featured_media":11641,"parent":17792,"menu_order":10044,"comment_status":"closed","ping_status":"closed","template":"","meta":{"_seopress_robots_primary_cat":"","_seopress_titles_title":"","_seopress_titles_desc":"","_seopress_robots_index":"","wp_typography_post_enhancements_disabled":false,"iawp_total_views":1,"footnotes":""},"hf_cat_page":[120],"class_list":["post-18897","page","type-page","status-publish","has-post-thumbnail"],"blocksy_meta":[],"_links":{"self":[{"href":"https:\/\/www.harzer-wandernadel.de\/da\/wp-json\/wp\/v2\/pages\/18897","targetHints":{"allow":["GET"]}}],"collection":[{"href":"https:\/\/www.harzer-wandernadel.de\/da\/wp-json\/wp\/v2\/pages"}],"about":[{"href":"https:\/\/www.harzer-wandernadel.de\/da\/wp-json\/wp\/v2\/types\/page"}],"author":[{"embeddable":true,"href":"https:\/\/www.harzer-wandernadel.de\/da\/wp-json\/wp\/v2\/users\/11"}],"replies":[{"embeddable":true,"href":"https:\/\/www.harzer-wandernadel.de\/da\/wp-json\/wp\/v2\/comments?post=18897"}],"version-history":[{"count":1,"href":"https:\/\/www.harzer-wandernadel.de\/da\/wp-json\/wp\/v2\/pages\/18897\/revisions"}],"predecessor-version":[{"id":18899,"href":"https:\/\/www.harzer-wandernadel.de\/da\/wp-json\/wp\/v2\/pages\/18897\/revisions\/18899"}],"up":[{"embeddable":true,"href":"https:\/\/www.harzer-wandernadel.de\/da\/wp-json\/wp\/v2\/pages\/17792"}],"wp:featuredmedia":[{"embeddable":true,"href":"https:\/\/www.harzer-wandernadel.de\/da\/wp-json\/wp\/v2\/media\/11641"}],"wp:attachment":[{"href":"https:\/\/www.harzer-wandernadel.de\/da\/wp-json\/wp\/v2\/media?parent=18897"}],"wp:term":[{"taxonomy":"hf_cat_page","embeddable":true,"href":"https:\/\/www.harzer-wandernadel.de\/da\/wp-json\/wp\/v2\/hf_cat_page?post=18897"}],"curies":[{"name":"wp","href":"https:\/\/api.w.org\/{rel}","templated":true}]}}