{"id":18888,"date":"2016-02-17T13:24:11","date_gmt":"2016-02-17T12:24:11","guid":{"rendered":"https:\/\/www.harzer-wandernadel.de\/stempelcentre\/oversigtskort\/stempelstation-49-gruental\/"},"modified":"2026-02-28T14:42:25","modified_gmt":"2026-02-28T13:42:25","slug":"stempelstation-49-gruental","status":"publish","type":"page","link":"https:\/\/www.harzer-wandernadel.de\/da\/stempelcentre\/oversigtskort\/stempelstation-49-gruental\/","title":{"rendered":"Stempelstation 49 \/ Gr\u00fcntal"},"content":{"rendered":"\n<h2 class=\"wp-block-heading\">Skovlandsbyen Gr\u00fcntal (515&nbsp;meter over havets overflade) ligger mellem Benneckenstein og Trautenstein.<\/h2>\n\n<div class=\"wp-block-stackable-image alignwide stk-block-image stk-block stk-89e1006\" data-block-id=\"89e1006\"><style>.stk-89e1006 {margin-top:3% !important;margin-bottom:3% !important;}<\/style><figure><span class=\"stk-img-wrapper stk-image--shape-stretch stk--has-lightbox\"><img decoding=\"async\" width=\"3264\" height=\"1840\" src=\"https:\/\/www.harzer-wandernadel.de\/wp-content\/uploads\/2016\/02\/HWN-Gr\u00fcntal.jpg\" class=\"attachment-full size-full wp-post-image\" alt=\"Gr\u00f8n eng foran t\u00e6t n\u00e5leskov under en bl\u00e5 himmel\" srcset=\"https:\/\/www.harzer-wandernadel.de\/wp-content\/uploads\/2016\/02\/HWN-Gr\u00fcntal.jpg 3264w, https:\/\/www.harzer-wandernadel.de\/wp-content\/uploads\/2016\/02\/HWN-Gr\u00fcntal-300x169.jpg 300w, https:\/\/www.harzer-wandernadel.de\/wp-content\/uploads\/2016\/02\/HWN-Gr\u00fcntal-768x433.jpg 768w, https:\/\/www.harzer-wandernadel.de\/wp-content\/uploads\/2016\/02\/HWN-Gr\u00fcntal-1024x577.jpg 1024w, https:\/\/www.harzer-wandernadel.de\/wp-content\/uploads\/2016\/02\/HWN-Gr\u00fcntal-250x141.jpg 250w, https:\/\/www.harzer-wandernadel.de\/wp-content\/uploads\/2016\/02\/HWN-Gr\u00fcntal-624x352.jpg 624w\" sizes=\"(max-width: 3264px) 100vw, 3264px\"><\/span><\/figure><\/div>\n\n<p>Gr\u00fcn\u00adtal er et idyl\u00adlisk raste\u00ado\u00adm\u00adr\u00e5\u00adde med en sko\u00adv\u00adfo\u00adged\u00adbo\u00adlig, der sta\u00addig er bebo\u00adet i&nbsp;dag, og fle\u00adre feriehuse.<\/p>\n\n<p>Du kan n\u00e5 Gr\u00fcn\u00adtal-stem\u00adpel\u00adsta\u00adtio\u00adnen fra par\u00adke\u00adrings\u00adplad\u00adsen p\u00e5 ven\u00adstre side, n\u00e5r du for\u00adla\u00adder Ben\u00adneck\u00adenste\u00adin i&nbsp;ret\u00adning af Trautenstein.<\/p>\n","protected":false},"excerpt":{"rendered":"<p>Sko\u00advlands\u00adby\u00aden Gr\u00fcn\u00adtal (515&nbsp;meter over havets over\u00adfla\u00adde) lig\u00adger mel\u00adlem Ben\u00adneck\u00adenste\u00adin og Trau\u00adtenste\u00adin. Gr\u00fcn\u00adtal er et idyl\u00adlisk raste\u00ado\u00adm\u00adr\u00e5\u00adde med en sko\u00adv\u00adfo\u00adged\u00adbo\u00adlig, der sta\u00addig er bebo\u00adet i&nbsp;dag, og fle\u00adre feri\u00ade\u00adhu\u00adse. Du kan n\u00e5 Gr\u00fcn\u00adtal-stem\u00adpel\u00adsta\u00adtio\u00ad\u00adnen fra par\u00adke\u00adrings\u00adplad\u00adsen p\u00e5 ven\u00adstre side, n\u00e5r du for\u00adla\u00adder Ben\u00adneck\u00adenste\u00adin i&nbsp;ret\u00adning af Trautenstein.<\/p>\n","protected":false},"author":11,"featured_media":12565,"parent":17792,"menu_order":10049,"comment_status":"closed","ping_status":"closed","template":"","meta":{"_seopress_robots_primary_cat":"","_seopress_titles_title":"","_seopress_titles_desc":"","_seopress_robots_index":"","wp_typography_post_enhancements_disabled":false,"iawp_total_views":0,"footnotes":""},"hf_cat_page":[120],"class_list":["post-18888","page","type-page","status-publish","has-post-thumbnail"],"blocksy_meta":[],"_links":{"self":[{"href":"https:\/\/www.harzer-wandernadel.de\/da\/wp-json\/wp\/v2\/pages\/18888","targetHints":{"allow":["GET"]}}],"collection":[{"href":"https:\/\/www.harzer-wandernadel.de\/da\/wp-json\/wp\/v2\/pages"}],"about":[{"href":"https:\/\/www.harzer-wandernadel.de\/da\/wp-json\/wp\/v2\/types\/page"}],"author":[{"embeddable":true,"href":"https:\/\/www.harzer-wandernadel.de\/da\/wp-json\/wp\/v2\/users\/11"}],"replies":[{"embeddable":true,"href":"https:\/\/www.harzer-wandernadel.de\/da\/wp-json\/wp\/v2\/comments?post=18888"}],"version-history":[{"count":1,"href":"https:\/\/www.harzer-wandernadel.de\/da\/wp-json\/wp\/v2\/pages\/18888\/revisions"}],"predecessor-version":[{"id":18889,"href":"https:\/\/www.harzer-wandernadel.de\/da\/wp-json\/wp\/v2\/pages\/18888\/revisions\/18889"}],"up":[{"embeddable":true,"href":"https:\/\/www.harzer-wandernadel.de\/da\/wp-json\/wp\/v2\/pages\/17792"}],"wp:featuredmedia":[{"embeddable":true,"href":"https:\/\/www.harzer-wandernadel.de\/da\/wp-json\/wp\/v2\/media\/12565"}],"wp:attachment":[{"href":"https:\/\/www.harzer-wandernadel.de\/da\/wp-json\/wp\/v2\/media?parent=18888"}],"wp:term":[{"taxonomy":"hf_cat_page","embeddable":true,"href":"https:\/\/www.harzer-wandernadel.de\/da\/wp-json\/wp\/v2\/hf_cat_page?post=18888"}],"curies":[{"name":"wp","href":"https:\/\/api.w.org\/{rel}","templated":true}]}}