{"id":18887,"date":"2016-02-17T12:51:08","date_gmt":"2016-02-17T11:51:08","guid":{"rendered":"https:\/\/www.harzer-wandernadel.de\/stempelcentre\/oversigtskort\/stempelspids-45-dicke-tannen\/"},"modified":"2026-02-28T14:42:23","modified_gmt":"2026-02-28T13:42:23","slug":"stempelspids-45-dicke-tannen","status":"publish","type":"page","link":"https:\/\/www.harzer-wandernadel.de\/da\/stempelcentre\/oversigtskort\/stempelspids-45-dicke-tannen\/","title":{"rendered":"Stempelspids 45 \/ Dicke Tannen"},"content":{"rendered":"\n<h2 class=\"wp-block-heading\">Stempelstationen Dicke Tannen (435&nbsp;m&nbsp;over havets overflade) ligger p\u00e5 en rasteplads ved floden Wolfsbach i&nbsp;skovomr\u00e5det mellem Hohegei\u00df og&nbsp;Zorge.<\/h2>\n\n<div class=\"wp-block-stackable-image alignwide stk-block-image stk-block stk-89e1006\" data-block-id=\"89e1006\"><style>.stk-89e1006 {margin-top:3% !important;margin-bottom:3% !important;}<\/style><figure><span class=\"stk-img-wrapper stk-image--shape-stretch stk--has-lightbox\"><img decoding=\"async\" width=\"900\" height=\"600\" src=\"https:\/\/www.harzer-wandernadel.de\/wp-content\/uploads\/2016\/02\/Dicke-Tannen.jpg\" class=\"attachment-full size-full wp-post-image\" alt srcset=\"https:\/\/www.harzer-wandernadel.de\/wp-content\/uploads\/2016\/02\/Dicke-Tannen.jpg 900w, https:\/\/www.harzer-wandernadel.de\/wp-content\/uploads\/2016\/02\/Dicke-Tannen-300x200.jpg 300w, https:\/\/www.harzer-wandernadel.de\/wp-content\/uploads\/2016\/02\/Dicke-Tannen-768x512.jpg 768w, https:\/\/www.harzer-wandernadel.de\/wp-content\/uploads\/2016\/02\/Dicke-Tannen-624x416.jpg 624w\" sizes=\"(max-width: 900px) 100vw, 900px\"><\/span><\/figure><\/div>\n\n<p>\u201eDick\u00aden Tan\u00adnen\u201c, som har givet skov\u00adom\u00adr\u00e5\u00addet sit navn, er fak\u00adtisk gra\u00adner, der er over 300 \u00e5r gam\u00adle. I&nbsp;dag st\u00e5r der sta\u00addig omkring 30 af dem, nog\u00adle med en stam\u00admeom\u00adkreds p\u00e5 op til 5&nbsp;meter.&nbsp;<\/p>\n\n<p>Fle\u00adre afm\u00e6r\u00adke\u00adde van\u00addre\u00adsti\u00ader f\u00f8rer til Dick\u00aden Tan\u00adnen fra b\u00e5de Hohe\u00adgei\u00df og Zor\u00adge. Van\u00addre\u00adpar\u00adke\u00adrin\u00adgen \u201eNeu\u00ader Teich\u201c p\u00e5 vej\u00aden fra Braun\u00adla\u00adge til Zor\u00adge er ogs\u00e5 et godt udgangs\u00adpunkt. Der\u00adfra f\u00f8rer en van\u00addre\u00adsti for\u00adbi dam\u00admen ind i&nbsp;Wol\u00adfsba\u00adch\u00adtal-dalen og vide\u00adre til \u201eDick\u00aden Tannen\u201c.&nbsp;<\/p>\n","protected":false},"excerpt":{"rendered":"<p>Stem\u00adpel\u00adsta\u00adtio\u00adnen Dicke Tan\u00adnen (435&nbsp;m&nbsp;over havets over\u00adfla\u00adde) lig\u00adger p\u00e5 en raste\u00adplads ved flo\u00adden Wol\u00adfsbach i&nbsp;skov\u00adom\u00adr\u00e5\u00addet mel\u00adlem Hohe\u00adgei\u00df og&nbsp;Zor\u00adge. \u201eDick\u00aden Tan\u00adnen\u201c, som har givet skov\u00adom\u00adr\u00e5\u00addet sit navn, er fak\u00adtisk gra\u00adner, der er over 300 \u00e5r gam\u00adle. I&nbsp;dag st\u00e5r der sta\u00addig omkring 30 af dem, nog\u00adle med en stam\u00admeom\u00adkreds p\u00e5 op til 5&nbsp;meter.&nbsp; Fle\u00adre afm\u00e6r\u00adke\u00adde van\u00addre\u00adsti\u00ader f\u00f8rer&nbsp;til&nbsp;[\u2026]<\/p>\n","protected":false},"author":11,"featured_media":11644,"parent":17792,"menu_order":10045,"comment_status":"closed","ping_status":"closed","template":"","meta":{"_seopress_robots_primary_cat":"","_seopress_titles_title":"","_seopress_titles_desc":"","_seopress_robots_index":"","wp_typography_post_enhancements_disabled":false,"iawp_total_views":0,"footnotes":""},"hf_cat_page":[120],"class_list":["post-18887","page","type-page","status-publish","has-post-thumbnail"],"blocksy_meta":[],"_links":{"self":[{"href":"https:\/\/www.harzer-wandernadel.de\/da\/wp-json\/wp\/v2\/pages\/18887","targetHints":{"allow":["GET"]}}],"collection":[{"href":"https:\/\/www.harzer-wandernadel.de\/da\/wp-json\/wp\/v2\/pages"}],"about":[{"href":"https:\/\/www.harzer-wandernadel.de\/da\/wp-json\/wp\/v2\/types\/page"}],"author":[{"embeddable":true,"href":"https:\/\/www.harzer-wandernadel.de\/da\/wp-json\/wp\/v2\/users\/11"}],"replies":[{"embeddable":true,"href":"https:\/\/www.harzer-wandernadel.de\/da\/wp-json\/wp\/v2\/comments?post=18887"}],"version-history":[{"count":1,"href":"https:\/\/www.harzer-wandernadel.de\/da\/wp-json\/wp\/v2\/pages\/18887\/revisions"}],"predecessor-version":[{"id":18890,"href":"https:\/\/www.harzer-wandernadel.de\/da\/wp-json\/wp\/v2\/pages\/18887\/revisions\/18890"}],"up":[{"embeddable":true,"href":"https:\/\/www.harzer-wandernadel.de\/da\/wp-json\/wp\/v2\/pages\/17792"}],"wp:featuredmedia":[{"embeddable":true,"href":"https:\/\/www.harzer-wandernadel.de\/da\/wp-json\/wp\/v2\/media\/11644"}],"wp:attachment":[{"href":"https:\/\/www.harzer-wandernadel.de\/da\/wp-json\/wp\/v2\/media?parent=18887"}],"wp:term":[{"taxonomy":"hf_cat_page","embeddable":true,"href":"https:\/\/www.harzer-wandernadel.de\/da\/wp-json\/wp\/v2\/hf_cat_page?post=18887"}],"curies":[{"name":"wp","href":"https:\/\/api.w.org\/{rel}","templated":true}]}}