{"id":18795,"date":"2016-02-18T12:30:25","date_gmt":"2016-02-18T11:30:25","guid":{"rendered":"https:\/\/www.harzer-wandernadel.de\/stempelcentre\/oversigtskort\/frimaerkepunkt-77-luisenburg-ruiner\/"},"modified":"2026-02-28T14:42:40","modified_gmt":"2026-02-28T13:42:40","slug":"frimaerkepunkt-77-luisenburg-ruiner","status":"publish","type":"page","link":"https:\/\/www.harzer-wandernadel.de\/da\/stempelcentre\/oversigtskort\/frimaerkepunkt-77-luisenburg-ruiner\/","title":{"rendered":"Frim\u00e6rkepunkt 77 \/ Luisenburg-ruiner"},"content":{"rendered":"\n<h2 class=\"wp-block-heading\">Ruinerne af Luisenburg (352&nbsp;meter over havets overflade) ligger syd for Blankenburg bag den store borg i&nbsp;retning af savv\u00e6rksdammen p\u00e5 en langstrakt sandstensh\u00f8jderyg.<\/h2>\n\n<div class=\"wp-block-stackable-image alignwide stk-block-image stk-block stk-89e1006\" data-block-id=\"89e1006\"><style>.stk-89e1006 {margin-top:3% !important;margin-bottom:3% !important;}<\/style><figure><span class=\"stk-img-wrapper stk-image--shape-stretch stk--has-lightbox\"><img decoding=\"async\" width=\"3264\" height=\"1840\" src=\"https:\/\/www.harzer-wandernadel.de\/wp-content\/uploads\/2016\/02\/HWN-Luisenburg.jpg\" class=\"attachment-full size-full wp-post-image\" alt=\"Panoramaudsigt over gr\u00f8n dal og landsbylandskab\" srcset=\"https:\/\/www.harzer-wandernadel.de\/wp-content\/uploads\/2016\/02\/HWN-Luisenburg.jpg 3264w, https:\/\/www.harzer-wandernadel.de\/wp-content\/uploads\/2016\/02\/HWN-Luisenburg-300x169.jpg 300w, https:\/\/www.harzer-wandernadel.de\/wp-content\/uploads\/2016\/02\/HWN-Luisenburg-768x433.jpg 768w, https:\/\/www.harzer-wandernadel.de\/wp-content\/uploads\/2016\/02\/HWN-Luisenburg-1024x577.jpg 1024w, https:\/\/www.harzer-wandernadel.de\/wp-content\/uploads\/2016\/02\/HWN-Luisenburg-250x141.jpg 250w, https:\/\/www.harzer-wandernadel.de\/wp-content\/uploads\/2016\/02\/HWN-Luisenburg-624x352.jpg 624w\" sizes=\"(max-width: 3264px) 100vw, 3264px\"><\/span><\/figure><\/div>\n\n<p>Lui\u00adsen\u00adburg blev byg\u00adget i&nbsp;1728 som et udkigs\u00adslot for her\u00adtu\u00adgin\u00adde Chri\u00adsti\u00adne Lui\u00adse og opkaldt efter hen\u00adde. Det var en bin\u00addings\u00adv\u00e6rks\u00adbyg\u00adning i&nbsp;\u00e9n eta\u00adge med en otte\u00adkan\u00adtet sal omgi\u00advet af 8&nbsp;sm\u00e5 rum. Byg\u00adnin\u00adgen blev revet ned i&nbsp;1945 p\u00e5 grund af for\u00adfald. Men rester af v\u00e6g\u00adge og trap\u00adper giver sta\u00addig en id\u00e9 om dens udseende.&nbsp;<\/p>\n\n<p>Der er en udsigtspavil\u00adlon p\u00e5 Lui\u00adsen\u00adburg, som fri\u00adm\u00e6r\u00adke\u00adkas\u00adsen ogs\u00e5 er knyt\u00adtet til. Der\u00adfra har man en frem\u00adra\u00adgen\u00adde udsigt over Blan\u00adken\u00adburg-distrik\u00adtet i&nbsp;Cattenstedt.&nbsp;<\/p>\n\n<p>Det bed\u00adste udgangs\u00adpunkt er g\u00e6ste\u00adpar\u00adke\u00adrin\u00adgen ved det lil\u00adle slot. Her\u00adfra tager man den mid\u00adter\u00adste sti gen\u00adnem slotspar\u00adken, sti\u00adger st\u00f8t op mod det sto\u00adre slot og f\u00f8l\u00adger de afm\u00e6r\u00adke\u00adde van\u00addre\u00adsti\u00ader fra de tid\u00adli\u00adge\u00adre stalde.&nbsp;<\/p>\n\n<p>P\u00e5 vej\u00aden til\u00adba\u00adge kan du bes\u00f8\u00adge det sto\u00adre slot og der\u00adef\u00adter tage stien ned ad bak\u00adke fra udsigts\u00adplat\u00adfor\u00admen til kro\u00aden Obe\u00adre M\u00fch\u00adle. Stem\u00adpelkas\u00adsen <a href=\"https:\/\/www.harzer-wandernadel.de\/stempelstellen\/uebersichtskarte\/stempelstelle-78-barocke-gaerten\/\" data-type=\"page\" data-id=\"934\" target=\"_blank\" rel=\"noreferrer noopener\">Barok\u00adha\u00adven HWN 78<\/a> er knyt\u00adtet til kro\u00aden. Du ven\u00adder til\u00adba\u00adge til par\u00adke\u00adrings\u00adplad\u00adsen gen\u00adnem Barokhaven.&nbsp;<\/p>\n\n<div class=\"wp-block-buttons is-layout-flex wp-block-buttons-is-layout-flex\">\n<div class=\"wp-block-button\"><a class=\"wp-block-button__link wp-element-button\" href=\"http:\/\/www.blankenburg-tourismus.de\" target=\"_blank\" rel=\"noreferrer noopener\">Turi\u00adst\u00adin\u00adfor\u00adma\u00adtion Blankenburg&nbsp;\u201c<\/a><\/div>\n<\/div>\n\n<div class=\"wp-block-buttons is-layout-flex wp-block-buttons-is-layout-flex\">\n<div class=\"wp-block-button\"><a class=\"wp-block-button__link wp-element-button\" href=\"https:\/\/harzer-bergwald.de\/index.php\/wandertouren\/abenteuertouren\/29-abenteuer-auf-der-teufelsmauer\" target=\"_blank\" rel=\"noreferrer noopener\">Tour tip Harzen bjergskov&nbsp;\u201c<\/a><\/div>\n<\/div>\n","protected":false},"excerpt":{"rendered":"<p>Rui\u00adner\u00adne af Lui\u00adsen\u00adburg (352&nbsp;meter over havets over\u00adfla\u00adde) lig\u00adger syd for Blan\u00adken\u00adburg bag den sto\u00adre borg i&nbsp;ret\u00adning af sav\u00adv\u00e6rks\u00addam\u00admen p\u00e5 en langstrakt sand\u00adstens\u00adh\u00f8j\u00adde\u00adryg. Lui\u00adsen\u00adburg blev byg\u00adget i&nbsp;1728 som et udkigs\u00adslot for her\u00adtu\u00adgin\u00adde Chri\u00adsti\u00adne Lui\u00adse og opkaldt efter hen\u00adde. Det var en bin\u00addings\u00adv\u00e6rks\u00adbyg\u00adning i&nbsp;\u00e9n eta\u00adge med en otte\u00adkan\u00adtet sal omgi\u00advet af 8&nbsp;sm\u00e5 rum. Byg\u00adnin\u00adgen blev revet&nbsp;ned&nbsp;[\u2026]<\/p>\n","protected":false},"author":11,"featured_media":12550,"parent":17792,"menu_order":10077,"comment_status":"closed","ping_status":"closed","template":"","meta":{"_seopress_robots_primary_cat":"","_seopress_titles_title":"","_seopress_titles_desc":"","_seopress_robots_index":"","wp_typography_post_enhancements_disabled":false,"iawp_total_views":0,"footnotes":""},"hf_cat_page":[120],"class_list":["post-18795","page","type-page","status-publish","has-post-thumbnail"],"blocksy_meta":[],"_links":{"self":[{"href":"https:\/\/www.harzer-wandernadel.de\/da\/wp-json\/wp\/v2\/pages\/18795","targetHints":{"allow":["GET"]}}],"collection":[{"href":"https:\/\/www.harzer-wandernadel.de\/da\/wp-json\/wp\/v2\/pages"}],"about":[{"href":"https:\/\/www.harzer-wandernadel.de\/da\/wp-json\/wp\/v2\/types\/page"}],"author":[{"embeddable":true,"href":"https:\/\/www.harzer-wandernadel.de\/da\/wp-json\/wp\/v2\/users\/11"}],"replies":[{"embeddable":true,"href":"https:\/\/www.harzer-wandernadel.de\/da\/wp-json\/wp\/v2\/comments?post=18795"}],"version-history":[{"count":2,"href":"https:\/\/www.harzer-wandernadel.de\/da\/wp-json\/wp\/v2\/pages\/18795\/revisions"}],"predecessor-version":[{"id":24830,"href":"https:\/\/www.harzer-wandernadel.de\/da\/wp-json\/wp\/v2\/pages\/18795\/revisions\/24830"}],"up":[{"embeddable":true,"href":"https:\/\/www.harzer-wandernadel.de\/da\/wp-json\/wp\/v2\/pages\/17792"}],"wp:featuredmedia":[{"embeddable":true,"href":"https:\/\/www.harzer-wandernadel.de\/da\/wp-json\/wp\/v2\/media\/12550"}],"wp:attachment":[{"href":"https:\/\/www.harzer-wandernadel.de\/da\/wp-json\/wp\/v2\/media?parent=18795"}],"wp:term":[{"taxonomy":"hf_cat_page","embeddable":true,"href":"https:\/\/www.harzer-wandernadel.de\/da\/wp-json\/wp\/v2\/hf_cat_page?post=18795"}],"curies":[{"name":"wp","href":"https:\/\/api.w.org\/{rel}","templated":true}]}}