{"id":18792,"date":"2016-02-18T12:15:03","date_gmt":"2016-02-18T11:15:03","guid":{"rendered":"https:\/\/www.harzer-wandernadel.de\/stempelcentre\/oversigtskort\/frimaerkepunkt-185-preussenturm\/"},"modified":"2026-01-29T12:51:37","modified_gmt":"2026-01-29T11:51:37","slug":"frimaerkepunkt-185-preussenturm","status":"publish","type":"page","link":"https:\/\/www.harzer-wandernadel.de\/da\/stempelcentre\/oversigtskort\/frimaerkepunkt-185-preussenturm\/","title":{"rendered":"Frim\u00e6rkepunkt 185 \/ Preu\u00dfenturm"},"content":{"rendered":"\n<h2 class=\"wp-block-heading\">Det preussiske t\u00e5rn st\u00e5r p\u00e5 Schwedderberg over kurparken i&nbsp;Bad Suderode.<\/h2>\n\n<div class=\"wp-block-stackable-image alignwide stk-block-image stk-block stk-89e1006\" data-block-id=\"89e1006\"><style>.stk-89e1006 {margin-top:3% !important;margin-bottom:3% !important;}<\/style><figure><span class=\"stk-img-wrapper stk-image--shape-stretch stk--has-lightbox\"><img decoding=\"async\" width=\"960\" height=\"720\" src=\"https:\/\/www.harzer-wandernadel.de\/wp-content\/uploads\/2016\/02\/Preu\u00dfenturm.jpg\" class=\"attachment-full size-full wp-post-image\" alt srcset=\"https:\/\/www.harzer-wandernadel.de\/wp-content\/uploads\/2016\/02\/Preu\u00dfenturm.jpg 960w, https:\/\/www.harzer-wandernadel.de\/wp-content\/uploads\/2016\/02\/Preu\u00dfenturm-300x225.jpg 300w, https:\/\/www.harzer-wandernadel.de\/wp-content\/uploads\/2016\/02\/Preu\u00dfenturm-768x576.jpg 768w, https:\/\/www.harzer-wandernadel.de\/wp-content\/uploads\/2016\/02\/Preu\u00dfenturm-250x188.jpg 250w, https:\/\/www.harzer-wandernadel.de\/wp-content\/uploads\/2016\/02\/Preu\u00dfenturm-624x468.jpg 624w\" sizes=\"(max-width: 960px) 100vw, 960px\"><\/span><\/figure><\/div>\n\n<p>Tryk\u00adke\u00adri\u00ade\u00adje\u00adren August Baentsch fra Mag\u00adde\u00adburg var en regel\u00adm\u00e6s\u00adsig kur\u00adg\u00e6st i&nbsp;Bad Sudero\u00adde, og som tak for hel\u00adbre\u00addel\u00adsen af hans hel\u00adbredspro\u00adble\u00admer done\u00adre\u00adde han pen\u00adge\u00adne til opf\u00f8\u00adrel\u00adsen af det f\u00f8r\u00adste preus\u00adsi\u00adske t\u00e5rn i&nbsp;1845.<\/p>\n\n<p>Efter at et t\u00e5rn byg\u00adget i&nbsp;1885 blev revet ned i&nbsp;krig\u00ads\u00e5r\u00ade\u00adne p\u00e5 grund af for\u00adfald, blev der byg\u00adget et nyt t\u00e5rn p\u00e5 sam\u00adme sted i&nbsp;1953, som blev d\u00f8bt \u201eTho\u00admas M\u00fcntzer-t\u00e5r\u00adnet\u201c. Den\u00adne byg\u00adning blev sponso\u00adre\u00adret af Rein\u00adhard Jahn, eje\u00adren af \u201eSto\u00adck- und Klap\u00adpm\u00f6\u00adbel\u00adfa\u00adbrik\u201c i&nbsp;Bad Suderode.&nbsp;<\/p>\n\n<p>Efter den tyske gen\u00adfor\u00ade\u00adning blev t\u00e5r\u00adnet omd\u00f8bt til det preus\u00adsi\u00adske t\u00e5rn og gen\u00adnem\u00adgri\u00adben\u00adde renove\u00adret af et lokalt t\u00f8m\u00adrer\u00adfir\u00adma i&nbsp;2007. Fra t\u00e5r\u00adnet har man en vid\u00adtr\u00e6k\u00adken\u00adde udsigt fra Blan\u00adken\u00adburg over Qued\u00adlin\u00adburg til Gegenste\u00adi\u00adnen n\u00e6r Ballenstedt.&nbsp;<\/p>\n\n<p>Fra kur\u00adpar\u00adken i&nbsp;Bad Sudero\u00adde kan du f\u00f8l\u00adge den afm\u00e6r\u00adke\u00adde van\u00addre\u00adsti fra Behrin\u00adger Brun\u00adnen til Preu\u00dfenturm-t\u00e5rnet.<\/p>\n\n<div class=\"wp-block-buttons is-layout-flex wp-block-buttons-is-layout-flex\">\n<div class=\"wp-block-button\"><a class=\"wp-block-button__link wp-element-button\" href=\"http:\/\/harzer-bergwald.de\/index.php\/wandertouren\/romantiktouren\/34-wandern-fuer-die-seele\">Tour tip Harzen bjergskov<\/a><\/div>\n<\/div>\n","protected":false},"excerpt":{"rendered":"<p>Det preus\u00adsi\u00adske t\u00e5rn st\u00e5r p\u00e5 Schwed\u00adder\u00adberg over kur\u00adpar\u00adken i&nbsp;Bad Sudero\u00adde. Tryk\u00adke\u00adri\u00ade\u00adje\u00adren August Baentsch fra Mag\u00adde\u00adburg var en regel\u00adm\u00e6s\u00adsig kur\u00adg\u00e6st i&nbsp;Bad Sudero\u00adde, og som tak for hel\u00adbre\u00addel\u00adsen af hans hel\u00adbredspro\u00adble\u00admer done\u00adre\u00adde han pen\u00adge\u00adne til opf\u00f8\u00adrel\u00adsen af det f\u00f8r\u00adste preus\u00adsi\u00adske t\u00e5rn i&nbsp;1845. Efter at et t\u00e5rn byg\u00adget i&nbsp;1885 blev revet ned i&nbsp;krig\u00ads\u00e5r\u00ade\u00adne p\u00e5 grund af for\u00adfald,&nbsp;blev&nbsp;[\u2026]<\/p>\n","protected":false},"author":11,"featured_media":12112,"parent":17792,"menu_order":10185,"comment_status":"closed","ping_status":"closed","template":"","meta":{"_seopress_robots_primary_cat":"","_seopress_titles_title":"","_seopress_titles_desc":"","_seopress_robots_index":"","wp_typography_post_enhancements_disabled":false,"iawp_total_views":0,"footnotes":""},"hf_cat_page":[120],"class_list":["post-18792","page","type-page","status-publish","has-post-thumbnail"],"blocksy_meta":[],"_links":{"self":[{"href":"https:\/\/www.harzer-wandernadel.de\/da\/wp-json\/wp\/v2\/pages\/18792","targetHints":{"allow":["GET"]}}],"collection":[{"href":"https:\/\/www.harzer-wandernadel.de\/da\/wp-json\/wp\/v2\/pages"}],"about":[{"href":"https:\/\/www.harzer-wandernadel.de\/da\/wp-json\/wp\/v2\/types\/page"}],"author":[{"embeddable":true,"href":"https:\/\/www.harzer-wandernadel.de\/da\/wp-json\/wp\/v2\/users\/11"}],"replies":[{"embeddable":true,"href":"https:\/\/www.harzer-wandernadel.de\/da\/wp-json\/wp\/v2\/comments?post=18792"}],"version-history":[{"count":1,"href":"https:\/\/www.harzer-wandernadel.de\/da\/wp-json\/wp\/v2\/pages\/18792\/revisions"}],"predecessor-version":[{"id":18794,"href":"https:\/\/www.harzer-wandernadel.de\/da\/wp-json\/wp\/v2\/pages\/18792\/revisions\/18794"}],"up":[{"embeddable":true,"href":"https:\/\/www.harzer-wandernadel.de\/da\/wp-json\/wp\/v2\/pages\/17792"}],"wp:featuredmedia":[{"embeddable":true,"href":"https:\/\/www.harzer-wandernadel.de\/da\/wp-json\/wp\/v2\/media\/12112"}],"wp:attachment":[{"href":"https:\/\/www.harzer-wandernadel.de\/da\/wp-json\/wp\/v2\/media?parent=18792"}],"wp:term":[{"taxonomy":"hf_cat_page","embeddable":true,"href":"https:\/\/www.harzer-wandernadel.de\/da\/wp-json\/wp\/v2\/hf_cat_page?post=18792"}],"curies":[{"name":"wp","href":"https:\/\/api.w.org\/{rel}","templated":true}]}}