{"id":18779,"date":"2016-02-18T12:37:10","date_gmt":"2016-02-18T11:37:10","guid":{"rendered":"https:\/\/www.harzer-wandernadel.de\/stempelcentre\/oversigtskort\/frimaerkepunkt-79-otto-ebert-bro-paa-herzogsweg\/"},"modified":"2026-02-28T14:42:42","modified_gmt":"2026-02-28T13:42:42","slug":"frimaerkepunkt-79-otto-ebert-bro-paa-herzogsweg","status":"publish","type":"page","link":"https:\/\/www.harzer-wandernadel.de\/da\/stempelcentre\/oversigtskort\/frimaerkepunkt-79-otto-ebert-bro-paa-herzogsweg\/","title":{"rendered":"Frim\u00e6rkepunkt 79 \/ Otto \u2013 Ebert \u2013 Bro (p\u00e5 Herzogsweg)"},"content":{"rendered":"\n<h2 class=\"wp-block-heading\">\u201eOtto Ebert-broen\u201c ligger p\u00e5 Herzogsweg og er t\u00e6t p\u00e5 B&nbsp;27 mellem Blankenburg og H\u00fcttenrode.<\/h2>\n\n<div class=\"wp-block-stackable-image alignwide stk-block-image stk-block stk-89e1006\" data-block-id=\"89e1006\"><style>.stk-89e1006 {margin-top:3% !important;margin-bottom:3% !important;}<\/style><figure><span class=\"stk-img-wrapper stk-image--shape-stretch stk--has-lightbox\"><img decoding=\"async\" width=\"3264\" height=\"1840\" src=\"https:\/\/www.harzer-wandernadel.de\/wp-content\/uploads\/2016\/02\/HWN-Otto-Ebert-Br\u00fccke.jpg\" class=\"attachment-full size-full wp-post-image\" alt=\"Fodg\u00e6ngerbro over gr\u00f8nt skovlandskab\" srcset=\"https:\/\/www.harzer-wandernadel.de\/wp-content\/uploads\/2016\/02\/HWN-Otto-Ebert-Br\u00fccke.jpg 3264w, https:\/\/www.harzer-wandernadel.de\/wp-content\/uploads\/2016\/02\/HWN-Otto-Ebert-Br\u00fccke-300x169.jpg 300w, https:\/\/www.harzer-wandernadel.de\/wp-content\/uploads\/2016\/02\/HWN-Otto-Ebert-Br\u00fccke-768x433.jpg 768w, https:\/\/www.harzer-wandernadel.de\/wp-content\/uploads\/2016\/02\/HWN-Otto-Ebert-Br\u00fccke-1024x577.jpg 1024w, https:\/\/www.harzer-wandernadel.de\/wp-content\/uploads\/2016\/02\/HWN-Otto-Ebert-Br\u00fccke-250x141.jpg 250w, https:\/\/www.harzer-wandernadel.de\/wp-content\/uploads\/2016\/02\/HWN-Otto-Ebert-Br\u00fccke-624x352.jpg 624w\" sizes=\"(max-width: 3264px) 100vw, 3264px\"><\/span><\/figure><\/div>\n\n<p>R\u00fcbeland-jer\u00adn\u00adba\u00adnen, som var den stej\u00adle\u00adste adhe\u00adsions\u00adjer\u00adn\u00adba\u00adne i&nbsp;ver\u00adden, da den blev byg\u00adget, blev elek\u00adtri\u00adfi\u00adce\u00adret mel\u00adlem 1960 og 1965, s\u00e5 de sto\u00adre m\u00e6ng\u00adder kalk i&nbsp;R\u00fcbeland-kal\u00adk\u00adv\u00e6r\u00adket kun\u00adne trans\u00adpor\u00adte\u00adres&nbsp;v\u00e6k.<\/p>\n\n<p>Anl\u00e6g\u00adgel\u00adsen af den nye rute skar dog gen\u00adnem Her\u00adzogwegs for\u00adl\u00f8b, s\u00e5 van\u00addre\u00adre under\u00adti\u00adden kryd\u00adse\u00adde spo\u00adre\u00adne p\u00e5 egen risi\u00adko. Den dav\u00e6\u00adren\u00adde byg\u00adge\u00adle\u00adder for ombyg\u00adnin\u00adgen af ruten var che\u00adfin\u00adge\u00adni\u00ad\u00f8r Otto Ebert, som selv var en ven af Harzen og vandrere.&nbsp;<\/p>\n\n<p>Efter 1990 for\u00ads\u00f8g\u00adte Harz\u00adklub og byen Blan\u00adken\u00adburg (Harzen) at skaf\u00adfe mid\u00adler til at byg\u00adge en bro over R\u00fcbeland-jer\u00adn\u00adba\u00adnen for at g\u00f8re hele Her\u00adzogsweg til\u00adg\u00e6n\u00adge\u00adlig igen. Che\u00adfin\u00adge\u00adni\u00ad\u00f8r Otto Ebert under\u00ads\u00f8g\u00adte finan\u00adsi\u00ade\u00adrings\u00admu\u00adlig\u00adhe\u00adder\u00adne sam\u00admen med byen Blan\u00adken\u00adburg (Harzen) og bad sine invi\u00adte\u00adre\u00adde g\u00e6ster om en dona\u00adtion til bro\u00aden p\u00e5 Her\u00adzogsweg i&nbsp;ste\u00addet for gaver til sin 70-\u00e5rs f\u00f8d\u00adsels\u00addag. Det per\u00adson\u00adli\u00adge bidrag til den \u00f8nske\u00adde finan\u00adsi\u00ade\u00adring blev ind\u00adsam\u00adlet p\u00e5 den\u00adne m\u00e5de, og bro\u00aden blev opkaldt efter Otto&nbsp;Ebert.&nbsp;<\/p>\n\n<p>Den lil\u00adle par\u00adke\u00adrings\u00adplads p\u00e5 B&nbsp;27 mod Gast\u00adhaus Zie\u00adgen\u00adkopf er et godt udgangs\u00adpunkt, eller hvis du stop\u00adper ved Gast\u00adhaus Zie\u00adgen\u00adkopf, er par\u00adke\u00adrings\u00adplad\u00adsen lige for\u00adan kro\u00aden et godt udgangspunkt.<\/p>\n\n<div class=\"wp-block-buttons is-layout-flex wp-block-buttons-is-layout-flex\">\n<div class=\"wp-block-button\"><a class=\"wp-block-button__link wp-element-button\" href=\"https:\/\/www.ziegenkopf.de\/\" target=\"_blank\" rel=\"noreferrer noopener\">Berg\u00adgast\u00adhof Ziegenkopf&nbsp;\u201c<\/a><\/div>\n<\/div>\n\n<div class=\"wp-block-buttons is-layout-flex wp-block-buttons-is-layout-flex\">\n<div class=\"wp-block-button\"><a class=\"wp-block-button__link wp-element-button\" href=\"https:\/\/harzer-bergwald.de\/index.php\/wandertouren\/abenteuertouren\/29-abenteuer-auf-der-teufelsmauer\" target=\"_blank\" rel=\"noreferrer noopener\">Tour tip Harzen bjergskov&nbsp;\u201c<\/a><\/div>\n<\/div>\n\n<p>Du kan ogs\u00e5 star\u00adte van\u00addre\u00adtu\u00adren fra <a href=\"https:\/\/www.harzer-wandernadel.de\/stempelstellen\/uebersichtskarte\/stempelstelle-77-ruine-luisenburg\/\" data-type=\"page\" data-id=\"932\" target=\"_blank\" rel=\"noreferrer noopener\">Lui\u00adsen\u00adburg-rui\u00adner\u00adne HWN 77<\/a>, 2,5&nbsp;kilo\u00adme\u00adter&nbsp;v\u00e6k.<\/p>\n","protected":false},"excerpt":{"rendered":"<p>\u201eOtto Ebert-bro\u00aden\u201c lig\u00adger p\u00e5 Her\u00adzogsweg og er t\u00e6t p\u00e5 B&nbsp;27 mel\u00adlem Blan\u00adken\u00adburg og H\u00fct\u00adten\u00adro\u00adde. R\u00fcbeland-jer\u00adn\u00ad\u00adba\u00ad\u00adnen, som var den stej\u00adle\u00adste adhe\u00adsions\u00adjer\u00adn\u00adba\u00adne i&nbsp;ver\u00adden, da den blev byg\u00adget, blev elek\u00adtri\u00adfi\u00adce\u00adret mel\u00adlem 1960 og 1965, s\u00e5 de sto\u00adre m\u00e6ng\u00adder kalk i&nbsp;R\u00fcbeland-kal\u00adk\u00adv\u00e6r\u00adket kun\u00adne trans\u00adpor\u00adte\u00adres&nbsp;v\u00e6k. Anl\u00e6g\u00adgel\u00adsen af den nye rute skar dog gen\u00adnem Her\u00adzogwegs for\u00adl\u00f8b, s\u00e5 van\u00addre\u00adre under\u00adti\u00adden kryd\u00adse\u00adde spo\u00adre\u00adne&nbsp;p\u00e5&nbsp;[\u2026]<\/p>\n","protected":false},"author":11,"featured_media":12475,"parent":17792,"menu_order":10079,"comment_status":"closed","ping_status":"closed","template":"","meta":{"_seopress_robots_primary_cat":"","_seopress_titles_title":"","_seopress_titles_desc":"","_seopress_robots_index":"","wp_typography_post_enhancements_disabled":false,"iawp_total_views":0,"footnotes":""},"hf_cat_page":[120],"class_list":["post-18779","page","type-page","status-publish","has-post-thumbnail"],"blocksy_meta":[],"_links":{"self":[{"href":"https:\/\/www.harzer-wandernadel.de\/da\/wp-json\/wp\/v2\/pages\/18779","targetHints":{"allow":["GET"]}}],"collection":[{"href":"https:\/\/www.harzer-wandernadel.de\/da\/wp-json\/wp\/v2\/pages"}],"about":[{"href":"https:\/\/www.harzer-wandernadel.de\/da\/wp-json\/wp\/v2\/types\/page"}],"author":[{"embeddable":true,"href":"https:\/\/www.harzer-wandernadel.de\/da\/wp-json\/wp\/v2\/users\/11"}],"replies":[{"embeddable":true,"href":"https:\/\/www.harzer-wandernadel.de\/da\/wp-json\/wp\/v2\/comments?post=18779"}],"version-history":[{"count":2,"href":"https:\/\/www.harzer-wandernadel.de\/da\/wp-json\/wp\/v2\/pages\/18779\/revisions"}],"predecessor-version":[{"id":24838,"href":"https:\/\/www.harzer-wandernadel.de\/da\/wp-json\/wp\/v2\/pages\/18779\/revisions\/24838"}],"up":[{"embeddable":true,"href":"https:\/\/www.harzer-wandernadel.de\/da\/wp-json\/wp\/v2\/pages\/17792"}],"wp:featuredmedia":[{"embeddable":true,"href":"https:\/\/www.harzer-wandernadel.de\/da\/wp-json\/wp\/v2\/media\/12475"}],"wp:attachment":[{"href":"https:\/\/www.harzer-wandernadel.de\/da\/wp-json\/wp\/v2\/media?parent=18779"}],"wp:term":[{"taxonomy":"hf_cat_page","embeddable":true,"href":"https:\/\/www.harzer-wandernadel.de\/da\/wp-json\/wp\/v2\/hf_cat_page?post=18779"}],"curies":[{"name":"wp","href":"https:\/\/api.w.org\/{rel}","templated":true}]}}