{"id":18762,"date":"2016-02-18T12:39:07","date_gmt":"2016-02-18T11:39:07","guid":{"rendered":"https:\/\/www.harzer-wandernadel.de\/stempelcentre\/oversigtskort\/frimaerkepunkt-80-regenstein-borgruin\/"},"modified":"2026-02-28T14:42:44","modified_gmt":"2026-02-28T13:42:44","slug":"frimaerkepunkt-80-regenstein-borgruin","status":"publish","type":"page","link":"https:\/\/www.harzer-wandernadel.de\/da\/stempelcentre\/oversigtskort\/frimaerkepunkt-80-regenstein-borgruin\/","title":{"rendered":"Frim\u00e6rkepunkt 80 \/ Regenstein borgruin"},"content":{"rendered":"\n<h2 class=\"wp-block-heading\">Regenstein Slot og F\u00e6stning (293&nbsp;meter over havets overflade) blev bygget nord for Blankenburg p\u00e5 en sandstensklippe og er et markant indslag i&nbsp;landskabet ved foden af Harzen.<\/h2>\n\n<div class=\"wp-block-stackable-image alignwide stk-block-image stk-block stk-89e1006\" data-block-id=\"89e1006\"><style>.stk-89e1006 {margin-top:3% !important;margin-bottom:3% !important;}<\/style><figure><span class=\"stk-img-wrapper stk-image--shape-stretch stk--has-lightbox\"><img decoding=\"async\" width=\"825\" height=\"550\" src=\"https:\/\/www.harzer-wandernadel.de\/wp-content\/uploads\/2016\/02\/Burgruine-Regenstein-2.jpg\" class=\"attachment-full size-full wp-post-image\" alt srcset=\"https:\/\/www.harzer-wandernadel.de\/wp-content\/uploads\/2016\/02\/Burgruine-Regenstein-2.jpg 825w, https:\/\/www.harzer-wandernadel.de\/wp-content\/uploads\/2016\/02\/Burgruine-Regenstein-2-300x200.jpg 300w, https:\/\/www.harzer-wandernadel.de\/wp-content\/uploads\/2016\/02\/Burgruine-Regenstein-2-768x512.jpg 768w, https:\/\/www.harzer-wandernadel.de\/wp-content\/uploads\/2016\/02\/Burgruine-Regenstein-2-624x416.jpg 624w\" sizes=\"(max-width: 825px) 100vw, 825px\"><\/span><\/figure><\/div>\n\n<p>Bor\u00adgen blev f\u00f8rst og frem\u00admest ber\u00f8mt p\u00e5 grund af grev Albre\u00adcht II von Regenste\u00adin (1310\u20131349), som i&nbsp;1330\u2019erne ofte l\u00e5 i&nbsp;strid med her\u00adsker\u00adne i&nbsp;nabo\u00adby\u00ader\u00adne, biskop\u00adpen af Hal\u00adber\u00adstadt og abbe\u00addis\u00adsen af Qued\u00adlin\u00adburg. Dis\u00adse histo\u00adri\u00ader blev roman\u00adti\u00adse\u00adret i&nbsp;roma\u00adnen \u201eR\u00f8ver\u00adgre\u00adven\u201c af Juli\u00adus Wol\u00adff. I&nbsp;det 15. \u00e5rhund\u00adre\u00adde flyt\u00adte\u00adde gre\u00adve\u00adfa\u00admi\u00adli\u00aden Regenste\u00adin til slot\u00adtet Blan\u00adken\u00adburg. Slot\u00adtet for\u00adfaldt og blev en&nbsp;ruin.&nbsp;<\/p>\n\n<p>Det mid\u00addelal\u00adder\u00adli\u00adge slotskom\u00adpleks blev udbyg\u00adget til en f\u00e6st\u00adning af Preus\u00adsen fra 1671. I&nbsp;1736 slog lynet ned i&nbsp;krudt\u00adt\u00e5r\u00adnet og beska\u00addi\u00adge\u00adde f\u00e6st\u00adnin\u00adgen alvor\u00adligt. I&nbsp;1757 ero\u00adbre\u00adde fransk\u00adm\u00e6n\u00adde\u00adne Regenste\u00adin. Preus\u00adser\u00adne genero\u00adbre\u00adde den blot fem m\u00e5ne\u00adder sene\u00adre, den 12. febru\u00adar 1758, og gjor\u00adde den ubru\u00adge\u00adlig. Krudt\u00adla\u00adge\u00adret, som var pla\u00adce\u00adret rela\u00adtivt h\u00f8jt oppe, blev spr\u00e6ngt i&nbsp;luf\u00adten i&nbsp;pro\u00adces\u00adsen. Det ene\u00adste, der er til\u00adba\u00adge af f\u00e6st\u00adnin\u00adgen, er kase\u00admat\u00adter\u00adne, klip\u00adpe\u00adv\u00e6r\u00adket og den restau\u00adre\u00adre\u00adde ind\u00adgangs\u00adport. Et karak\u00adte\u00adri\u00adstisk tr\u00e6k er de man\u00adge hule\u00adlig\u00adnen\u00adde rum, der er gra\u00advet ind i&nbsp;klip\u00adpen, og som i&nbsp;dag huser en udstil\u00adling af gen\u00adstan\u00adde fra borg\u00adom\u00adr\u00e5\u00addet. Selv hestestal\u00adde\u00adne blev hug\u00adget ud af klippen.&nbsp;<\/p>\n\n<p>Johann Wol\u00adf\u00adgang von Goet\u00adhe bes\u00f8g\u00adte Regenste\u00adin sam\u00admen med male\u00adren Georg Mel\u00adchi\u00ador Kraus den 11. sep\u00adtem\u00adber 1784 p\u00e5 sin tred\u00adje rej\u00adse til Harzen for at fore\u00adta\u00adge geo\u00adlo\u00adgi\u00adske stu\u00addi\u00ader. To teg\u00adnin\u00adger og en sten\u00adpr\u00f8\u00adve i&nbsp;Goet\u00adhes sten\u00adsam\u00adling er et min\u00adde om det\u00adte&nbsp;bes\u00f8g.&nbsp;<\/p>\n\n<p>Regenste\u00adin er en af de mest inter\u00ades\u00adsan\u00adte bor\u00adge i&nbsp;Harzen. At ero\u00adbre sand\u00adstens\u00adklip\u00adpen er en impo\u00adne\u00adren\u00adde ople\u00advel\u00adse. Ud over den beta\u00adgen\u00adde panora\u00admaud\u00adsigt beun\u00addrer selv de yng\u00adste bes\u00f8\u00adgen\u00adde den struk\u00adtur, der er hug\u00adget ind i&nbsp;klippen.&nbsp;<\/p>\n\n<p>Udgangs\u00adpunk\u00adtet for et bes\u00f8g er den skil\u00adte\u00adde par\u00adke\u00adrings\u00adplads under slot\u00adtet, som er let at n\u00e5 fra motor\u00advej A36. Det er en god id\u00e9 f\u00f8rst at g\u00e5 ad den smal\u00adle, afm\u00e6r\u00adke\u00adde sti til ven\u00adstre for par\u00adke\u00adrings\u00adplad\u00adsen til <a href=\"https:\/\/www.harzer-wandernadel.de\/stempelstellen\/uebersichtskarte\/stempelstelle-82-regenstein-muehle\/\" data-type=\"page\" data-id=\"943\" target=\"_blank\" rel=\"noreferrer noopener\">Regenste\u00adin\u00adm\u00fch\u00adle HWN 82<\/a> og <a href=\"https:\/\/www.harzer-wandernadel.de\/stempelstellen\/uebersichtskarte\/stempelstelle-81-sandhoehlen-im-heers\/\" data-type=\"page\" data-id=\"941\" target=\"_blank\" rel=\"noreferrer noopener\">Sand\u00adh\u00f6h\u00adlen im Heers HWN 81.<\/a> Fra sand\u00adhu\u00adler\u00adne f\u00f8rer fle\u00adre skil\u00adte\u00adde sti\u00ader op til slottet.&nbsp;<\/p>\n\n<div class=\"wp-block-buttons is-layout-flex wp-block-buttons-is-layout-flex\">\n<div class=\"wp-block-button\"><a class=\"wp-block-button__link wp-element-button\" href=\"http:\/\/www.blankenburg-tourismus.de\" target=\"_blank\" rel=\"noreferrer noopener\">Turi\u00adst\u00adin\u00adfor\u00adma\u00adtion Blankenburg&nbsp;\u201c<\/a><\/div>\n<\/div>\n\n<div class=\"wp-block-buttons is-layout-flex wp-block-buttons-is-layout-flex\">\n<div class=\"wp-block-button\"><a class=\"wp-block-button__link wp-element-button\" href=\"https:\/\/harzer-bergwald.de\/index.php\/wandertouren\/abenteuertouren\/42-abenteuerland-regenstein\" target=\"_blank\" rel=\"noreferrer noopener\">Tour tip Harzen bjergskov&nbsp;\u201c<\/a><\/div>\n<\/div>\n","protected":false},"excerpt":{"rendered":"<p>Regenste\u00adin Slot og F\u00e6st\u00adning (293&nbsp;meter over havets over\u00adfla\u00adde) blev byg\u00adget nord for Blan\u00adken\u00adburg p\u00e5 en sand\u00adstens\u00adklip\u00adpe og er et mar\u00adkant indslag i&nbsp;land\u00adska\u00adbet ved foden af Harzen. Bor\u00adgen blev f\u00f8rst og frem\u00admest ber\u00f8mt p\u00e5 grund af grev Albre\u00adcht II von Regenste\u00adin (1310\u20131349), som i&nbsp;1330\u2019erne ofte l\u00e5 i&nbsp;strid med her\u00adsker\u00adne i&nbsp;nabo\u00adby\u00ader\u00adne, biskop\u00adpen af Hal\u00adber\u00adstadt og abbe\u00addis\u00adsen&nbsp;af&nbsp;[\u2026]<\/p>\n","protected":false},"author":11,"featured_media":11761,"parent":17792,"menu_order":10080,"comment_status":"closed","ping_status":"closed","template":"","meta":{"_seopress_robots_primary_cat":"","_seopress_titles_title":"","_seopress_titles_desc":"","_seopress_robots_index":"","wp_typography_post_enhancements_disabled":false,"iawp_total_views":0,"footnotes":""},"hf_cat_page":[120],"class_list":["post-18762","page","type-page","status-publish","has-post-thumbnail"],"blocksy_meta":[],"_links":{"self":[{"href":"https:\/\/www.harzer-wandernadel.de\/da\/wp-json\/wp\/v2\/pages\/18762","targetHints":{"allow":["GET"]}}],"collection":[{"href":"https:\/\/www.harzer-wandernadel.de\/da\/wp-json\/wp\/v2\/pages"}],"about":[{"href":"https:\/\/www.harzer-wandernadel.de\/da\/wp-json\/wp\/v2\/types\/page"}],"author":[{"embeddable":true,"href":"https:\/\/www.harzer-wandernadel.de\/da\/wp-json\/wp\/v2\/users\/11"}],"replies":[{"embeddable":true,"href":"https:\/\/www.harzer-wandernadel.de\/da\/wp-json\/wp\/v2\/comments?post=18762"}],"version-history":[{"count":2,"href":"https:\/\/www.harzer-wandernadel.de\/da\/wp-json\/wp\/v2\/pages\/18762\/revisions"}],"predecessor-version":[{"id":24842,"href":"https:\/\/www.harzer-wandernadel.de\/da\/wp-json\/wp\/v2\/pages\/18762\/revisions\/24842"}],"up":[{"embeddable":true,"href":"https:\/\/www.harzer-wandernadel.de\/da\/wp-json\/wp\/v2\/pages\/17792"}],"wp:featuredmedia":[{"embeddable":true,"href":"https:\/\/www.harzer-wandernadel.de\/da\/wp-json\/wp\/v2\/media\/11761"}],"wp:attachment":[{"href":"https:\/\/www.harzer-wandernadel.de\/da\/wp-json\/wp\/v2\/media?parent=18762"}],"wp:term":[{"taxonomy":"hf_cat_page","embeddable":true,"href":"https:\/\/www.harzer-wandernadel.de\/da\/wp-json\/wp\/v2\/hf_cat_page?post=18762"}],"curies":[{"name":"wp","href":"https:\/\/api.w.org\/{rel}","templated":true}]}}