{"id":18749,"date":"2016-02-18T13:51:57","date_gmt":"2016-02-18T12:51:57","guid":{"rendered":"https:\/\/www.harzer-wandernadel.de\/stempelcentre\/oversigtskort\/frimaerkepunkt-91-verdensarvsomraadet-rammelsberg\/"},"modified":"2026-02-28T14:42:50","modified_gmt":"2026-02-28T13:42:50","slug":"frimaerkepunkt-91-verdensarvsomraadet-rammelsberg","status":"publish","type":"page","link":"https:\/\/www.harzer-wandernadel.de\/da\/stempelcentre\/oversigtskort\/frimaerkepunkt-91-verdensarvsomraadet-rammelsberg\/","title":{"rendered":"Frim\u00e6rkepunkt 91 \/ Verdensarvsomr\u00e5det Rammelsberg"},"content":{"rendered":"\n<h2 class=\"wp-block-heading\">Syd for kejserbyen Goslar ligger den tidligere malmmine Rammelsberg (350&nbsp;meter over havets overflade), som har v\u00e6ret en del af verdensarven siden&nbsp;1992.<\/h2>\n\n<div class=\"wp-block-stackable-image alignwide stk-block-image stk-block stk-89e1006\" data-block-id=\"89e1006\"><style>.stk-89e1006 {margin-top:3% !important;margin-bottom:3% !important;}<\/style><figure><span class=\"stk-img-wrapper stk-image--shape-stretch stk--has-lightbox\"><img decoding=\"async\" width=\"825\" height=\"550\" src=\"https:\/\/www.harzer-wandernadel.de\/wp-content\/uploads\/2016\/02\/Rammelsberg.jpg\" class=\"attachment-full size-full wp-post-image\" alt srcset=\"https:\/\/www.harzer-wandernadel.de\/wp-content\/uploads\/2016\/02\/Rammelsberg.jpg 825w, https:\/\/www.harzer-wandernadel.de\/wp-content\/uploads\/2016\/02\/Rammelsberg-300x200.jpg 300w, https:\/\/www.harzer-wandernadel.de\/wp-content\/uploads\/2016\/02\/Rammelsberg-768x512.jpg 768w, https:\/\/www.harzer-wandernadel.de\/wp-content\/uploads\/2016\/02\/Rammelsberg-624x416.jpg 624w\" sizes=\"(max-width: 825px) 100vw, 825px\"><\/span><\/figure><\/div>\n\n<p>Ind\u00adtil luk\u00adnin\u00adgen af minen i&nbsp;1988 blev der dre\u00advet mine\u00addrift her uden afbry\u00addel\u00adse i&nbsp;mere end 1.000 \u00e5r, hvil\u00adket er unikt i&nbsp;ver\u00adden. Ark\u00e6\u00ado\u00adlo\u00adgi\u00adske fund tyder end\u00adda p\u00e5 tre tusind \u00e5rs&nbsp;brug.&nbsp;<\/p>\n\n<p>Den \u00e6ld\u00adste over\u00adfla\u00adde\u00adbyg\u00adning i&nbsp;tysk mine\u00addrift fin\u00addes i&nbsp;kul\u00adtur\u00adland\u00adska\u00adbet n\u00e6r det tid\u00adli\u00adge\u00adre mine\u00adom\u00adr\u00e5\u00adde: Mal\u00adter\u00admei\u00adster\u00adturm, som sand\u00adsyn\u00adlig\u00advis blev byg\u00adget i&nbsp;det 14. \u00e5rhund\u00adre\u00adde. Mal\u00adter\u00admei\u00adster\u00adturm blev f\u00f8r\u00adste gang n\u00e6vnt i&nbsp;et doku\u00adment i&nbsp;1548, og udtryk\u00adket \u201eMal\u00adter\u201c hen\u00advi\u00adser til et tr\u00e6\u00adm\u00e5l, der sva\u00adrer til ca. to kubik\u00adme\u00adter. Hvert \u00e5r blev der brugt omkring 6000 mal\u00adter til at udvin\u00adde malm i&nbsp;Ram\u00admels\u00adberg, dvs. at der skul\u00adle bru\u00adges over en kubik\u00adme\u00adter tr\u00e6 til et ton&nbsp;malm.&nbsp;<\/p>\n\n<p>Ver\u00addens\u00adarvs\u00adom\u00adr\u00e5\u00addet Ram\u00admels\u00adberg byder p\u00e5 end\u00adnu fle\u00adre verdensrekorder:<\/p>\n\n<div class=\"wp-block-buttons is-layout-flex wp-block-buttons-is-layout-flex\">\n<div class=\"wp-block-button\"><a class=\"wp-block-button__link wp-element-button\" href=\"https:\/\/www.rammelsberg.de\/\" target=\"_blank\" rel=\"noreferrer noopener\">Ram\u00admels\u00adberg<\/a><\/div>\n<\/div>\n\n<p>Stem\u00adpel\u00adsta\u00adtio\u00adnen lig\u00adger inden for hove\u00add\u00adind\u00adgan\u00adgen. Ram\u00admels\u00adberg er ogs\u00e5 det bed\u00adste udgangs\u00adpunkt for en van\u00addre\u00adtur til <a href=\"https:\/\/www.harzer-wandernadel.de\/stempelstellen\/uebersichtskarte\/stempelstelle-114-ramseck\/\" data-type=\"page\" data-id=\"1102\">Ram\u00adm\u00adseck HWN 114<\/a>, hvor\u00adfra man har en fan\u00adta\u00adstisk udsigt over Harzens forland.&nbsp;<\/p>\n","protected":false},"excerpt":{"rendered":"<p>Syd for kej\u00adser\u00adby\u00aden Goslar lig\u00adger den tid\u00adli\u00adge\u00adre malm\u00admi\u00adne Ram\u00admels\u00adberg (350&nbsp;meter over havets over\u00adfla\u00adde), som har v\u00e6ret en del af ver\u00addens\u00adar\u00adven siden&nbsp;1992. Ind\u00adtil luk\u00adnin\u00adgen af minen i&nbsp;1988 blev der dre\u00advet mine\u00addrift her uden afbry\u00addel\u00adse i&nbsp;mere end 1.000 \u00e5r, hvil\u00adket er unikt i&nbsp;ver\u00adden. Ark\u00e6\u00ado\u00adlo\u00adgi\u00adske fund tyder end\u00adda p\u00e5 tre tusind \u00e5rs&nbsp;brug.&nbsp; Den \u00e6ld\u00adste over\u00adfla\u00adde\u00adbyg\u00adning i&nbsp;tysk mine\u00addrift findes&nbsp;[\u2026]<\/p>\n","protected":false},"author":11,"featured_media":11794,"parent":17792,"menu_order":10091,"comment_status":"closed","ping_status":"closed","template":"","meta":{"_seopress_robots_primary_cat":"","_seopress_titles_title":"","_seopress_titles_desc":"","_seopress_robots_index":"","wp_typography_post_enhancements_disabled":false,"iawp_total_views":0,"footnotes":""},"hf_cat_page":[120],"class_list":["post-18749","page","type-page","status-publish","has-post-thumbnail"],"blocksy_meta":[],"_links":{"self":[{"href":"https:\/\/www.harzer-wandernadel.de\/da\/wp-json\/wp\/v2\/pages\/18749","targetHints":{"allow":["GET"]}}],"collection":[{"href":"https:\/\/www.harzer-wandernadel.de\/da\/wp-json\/wp\/v2\/pages"}],"about":[{"href":"https:\/\/www.harzer-wandernadel.de\/da\/wp-json\/wp\/v2\/types\/page"}],"author":[{"embeddable":true,"href":"https:\/\/www.harzer-wandernadel.de\/da\/wp-json\/wp\/v2\/users\/11"}],"replies":[{"embeddable":true,"href":"https:\/\/www.harzer-wandernadel.de\/da\/wp-json\/wp\/v2\/comments?post=18749"}],"version-history":[{"count":2,"href":"https:\/\/www.harzer-wandernadel.de\/da\/wp-json\/wp\/v2\/pages\/18749\/revisions"}],"predecessor-version":[{"id":24866,"href":"https:\/\/www.harzer-wandernadel.de\/da\/wp-json\/wp\/v2\/pages\/18749\/revisions\/24866"}],"up":[{"embeddable":true,"href":"https:\/\/www.harzer-wandernadel.de\/da\/wp-json\/wp\/v2\/pages\/17792"}],"wp:featuredmedia":[{"embeddable":true,"href":"https:\/\/www.harzer-wandernadel.de\/da\/wp-json\/wp\/v2\/media\/11794"}],"wp:attachment":[{"href":"https:\/\/www.harzer-wandernadel.de\/da\/wp-json\/wp\/v2\/media?parent=18749"}],"wp:term":[{"taxonomy":"hf_cat_page","embeddable":true,"href":"https:\/\/www.harzer-wandernadel.de\/da\/wp-json\/wp\/v2\/hf_cat_page?post=18749"}],"curies":[{"name":"wp","href":"https:\/\/api.w.org\/{rel}","templated":true}]}}