{"id":18730,"date":"2016-02-19T11:16:21","date_gmt":"2016-02-19T10:16:21","guid":{"rendered":"https:\/\/www.harzer-wandernadel.de\/stempelcentre\/oversigtskort\/stempelpunkt-97-ziegenalm-sophienhof\/"},"modified":"2026-02-28T14:42:54","modified_gmt":"2026-02-28T13:42:54","slug":"stempelpunkt-97-ziegenalm-sophienhof","status":"publish","type":"page","link":"https:\/\/www.harzer-wandernadel.de\/da\/stempelcentre\/oversigtskort\/stempelpunkt-97-ziegenalm-sophienhof\/","title":{"rendered":"Stempelpunkt 97 \/ Ziegenalm Sophienhof"},"content":{"rendered":"\n<h2 class=\"wp-block-heading\">Ziegenalm ligger i&nbsp;den rolige Harzen-landsby Sophienhof, omgivet af skove, hvor \u00e6nder og g\u00e6s stadig pludrer i&nbsp;landsbyens dam.<\/h2>\n\n<div class=\"wp-block-stackable-image alignwide stk-block-image stk-block stk-89e1006\" data-block-id=\"89e1006\"><style>.stk-89e1006 {margin-top:3% !important;margin-bottom:3% !important;}<\/style><figure><span class=\"stk-img-wrapper stk-image--shape-stretch stk--has-lightbox\"><img decoding=\"async\" width=\"700\" height=\"525\" src=\"https:\/\/www.harzer-wandernadel.de\/wp-content\/uploads\/2016\/02\/Ziegenalm.jpg\" class=\"attachment-full size-full wp-post-image\" alt srcset=\"https:\/\/www.harzer-wandernadel.de\/wp-content\/uploads\/2016\/02\/Ziegenalm.jpg 700w, https:\/\/www.harzer-wandernadel.de\/wp-content\/uploads\/2016\/02\/Ziegenalm-300x225.jpg 300w, https:\/\/www.harzer-wandernadel.de\/wp-content\/uploads\/2016\/02\/Ziegenalm-624x468.jpg 624w\" sizes=\"(max-width: 700px) 100vw, 700px\"><\/span><\/figure><\/div>\n\n<p>P\u00e5 gede\u00adfar\u00admen kan du med egne \u00f8jne se, hvor\u00addan dyre\u00adne hol\u00addes og pas\u00adses p\u00e5 en art\u00adstil\u00adpas\u00adset m\u00e5de, hvor\u00addan der pro\u00addu\u00adce\u00adres ren m\u00e6lk, og hvor omhyg\u00adge\u00adligt der laves ost. B\u00f8r\u00adne\u00adne vil ikke kun nyde det sjove ved gede\u00adlam\u00adme\u00adne, de vil ogs\u00e5 bli\u00adve fasci\u00adne\u00adret af de opm\u00e6rk\u00adsom\u00adme og ynde\u00adful\u00adde gede\u00adm\u00f8dre. De frit til\u00adg\u00e6n\u00adge\u00adli\u00adge hus\u00addyr\u00adfa\u00adci\u00adli\u00adte\u00adter p\u00e5 Zie\u00adge\u00adnalm er hjem\u00adsted for uld\u00adne gri\u00adse, r\u00f8dt Harzen-kv\u00e6g, \u00e6sler, geder og&nbsp;f\u00e5r.&nbsp;<\/p>\n\n<p>Zie\u00adge\u00adnalms til\u00adbud afrun\u00addes af en alpe\u00adsa\u00adlon med cate\u00adring og en g\u00e5rd\u00adbu\u00adtik. Zie\u00adge\u00adnalm i&nbsp;Sop\u00adhien\u00adhof kan n\u00e5s via en smal, skil\u00adtet til\u00adk\u00f8r\u00adsels\u00advej fra B&nbsp;81 mel\u00adlem Net\u00adzka\u00adter og Ilfeld.&nbsp;<\/p>\n\n<div class=\"wp-block-buttons is-layout-flex wp-block-buttons-is-layout-flex\">\n<div class=\"wp-block-button\"><a class=\"wp-block-button__link wp-element-button\" href=\"https:\/\/ziegenalm.de\/\" target=\"_blank\" rel=\"noreferrer noopener\">Gr\u00e6s\u00adgan\u00adge til&nbsp;geder<\/a><\/div>\n<\/div>\n\n<div class=\"wp-block-buttons is-layout-flex wp-block-buttons-is-layout-flex\">\n<div class=\"wp-block-button\"><a class=\"wp-block-button__link wp-element-button\" href=\"https:\/\/www.braunerhirsch-sophienhof.de\/\" target=\"_blank\" rel=\"noreferrer noopener\">Brun kron\u00adhjort-Sop\u00adhien\u00adhof<\/a><\/div>\n<\/div>\n\n<p>Den f\u00f8r\u00adste bryg\u00adge\u00adrikro i&nbsp;det syd\u00adli\u00adge Harzen \u00e5bne\u00adde over\u00adfor Zie\u00adge\u00adnalm i&nbsp;sep\u00adtem\u00adber 2013.<br>Her kan du nyde Sop\u00adhien\u00adhof-\u00f8l, bryg\u00adget efter den tyske ren\u00adheds\u00adlov, i&nbsp;en hyg\u00adge\u00adlig, rustik atmosf\u00e6re.<\/p>\n\n<div class=\"wp-block-buttons is-layout-flex wp-block-buttons-is-layout-flex\">\n<div class=\"wp-block-button\"><a class=\"wp-block-button__link wp-element-button\" href=\"http:\/\/harzer-bergwald.de\/index.php\/wandertouren\/abenteuertouren\/40-unterwegs-zwischen-sophienhof-und-trautenstein\" target=\"_blank\" rel=\"noreferrer noopener\">Tour tip Harzen bjergskov<\/a><\/div>\n<\/div>\n\n<p>&nbsp;<\/p>\n","protected":false},"excerpt":{"rendered":"<p>Zie\u00adge\u00adnalm lig\u00adger i&nbsp;den roli\u00adge Harzen-lands\u00adby Sop\u00adhien\u00adhof, omgi\u00advet af sko\u00adve, hvor \u00e6nder og g\u00e6s sta\u00addig plud\u00adrer i&nbsp;lands\u00adby\u00adens dam. P\u00e5 gede\u00adfar\u00admen kan du med egne \u00f8jne se, hvor\u00addan dyre\u00adne hol\u00addes og pas\u00adses p\u00e5 en art\u00adstil\u00adpas\u00adset m\u00e5de, hvor\u00addan der pro\u00addu\u00adce\u00adres ren m\u00e6lk, og hvor omhyg\u00adge\u00adligt der laves ost. B\u00f8r\u00adne\u00adne vil ikke kun nyde det sjove ved gede\u00adlam\u00adme\u00adne,&nbsp;de&nbsp;[\u2026]<\/p>\n","protected":false},"author":11,"featured_media":11815,"parent":17792,"menu_order":10097,"comment_status":"closed","ping_status":"closed","template":"","meta":{"_seopress_robots_primary_cat":"","_seopress_titles_title":"","_seopress_titles_desc":"","_seopress_robots_index":"","wp_typography_post_enhancements_disabled":false,"iawp_total_views":0,"footnotes":""},"hf_cat_page":[120],"class_list":["post-18730","page","type-page","status-publish","has-post-thumbnail"],"blocksy_meta":[],"_links":{"self":[{"href":"https:\/\/www.harzer-wandernadel.de\/da\/wp-json\/wp\/v2\/pages\/18730","targetHints":{"allow":["GET"]}}],"collection":[{"href":"https:\/\/www.harzer-wandernadel.de\/da\/wp-json\/wp\/v2\/pages"}],"about":[{"href":"https:\/\/www.harzer-wandernadel.de\/da\/wp-json\/wp\/v2\/types\/page"}],"author":[{"embeddable":true,"href":"https:\/\/www.harzer-wandernadel.de\/da\/wp-json\/wp\/v2\/users\/11"}],"replies":[{"embeddable":true,"href":"https:\/\/www.harzer-wandernadel.de\/da\/wp-json\/wp\/v2\/comments?post=18730"}],"version-history":[{"count":1,"href":"https:\/\/www.harzer-wandernadel.de\/da\/wp-json\/wp\/v2\/pages\/18730\/revisions"}],"predecessor-version":[{"id":18733,"href":"https:\/\/www.harzer-wandernadel.de\/da\/wp-json\/wp\/v2\/pages\/18730\/revisions\/18733"}],"up":[{"embeddable":true,"href":"https:\/\/www.harzer-wandernadel.de\/da\/wp-json\/wp\/v2\/pages\/17792"}],"wp:featuredmedia":[{"embeddable":true,"href":"https:\/\/www.harzer-wandernadel.de\/da\/wp-json\/wp\/v2\/media\/11815"}],"wp:attachment":[{"href":"https:\/\/www.harzer-wandernadel.de\/da\/wp-json\/wp\/v2\/media?parent=18730"}],"wp:term":[{"taxonomy":"hf_cat_page","embeddable":true,"href":"https:\/\/www.harzer-wandernadel.de\/da\/wp-json\/wp\/v2\/hf_cat_page?post=18730"}],"curies":[{"name":"wp","href":"https:\/\/api.w.org\/{rel}","templated":true}]}}