{"id":18722,"date":"2016-02-19T13:41:01","date_gmt":"2016-02-19T12:41:01","guid":{"rendered":"https:\/\/www.harzer-wandernadel.de\/stempelcentre\/oversigtskort\/stempelpunkt-136-eckersprung\/"},"modified":"2026-02-28T14:43:16","modified_gmt":"2026-02-28T13:43:16","slug":"stempelpunkt-136-eckersprung","status":"publish","type":"page","link":"https:\/\/www.harzer-wandernadel.de\/da\/stempelcentre\/oversigtskort\/stempelpunkt-136-eckersprung\/","title":{"rendered":"Stempelpunkt 136 \/ Eckersprung"},"content":{"rendered":"\n<h2 class=\"wp-block-heading\">Eckersprung (890&nbsp;meter over havets overflade), Eckers kilde, ligger p\u00e5 en rasteplads direkte p\u00e5 Goetheweg, som f\u00f8rer fra Torhaus lidt op ad bakke til Brocken.<\/h2>\n\n<div class=\"wp-block-stackable-image alignwide stk-block-image stk-block stk-89e1006\" data-block-id=\"89e1006\"><style>.stk-89e1006 {margin-top:3% !important;margin-bottom:3% !important;}<\/style><figure><span class=\"stk-img-wrapper stk-image--shape-stretch stk--has-lightbox\"><img decoding=\"async\" width=\"800\" height=\"600\" src=\"https:\/\/www.harzer-wandernadel.de\/wp-content\/uploads\/2016\/02\/Eckersprung-1.jpg\" class=\"attachment-full size-full wp-post-image\" alt srcset=\"https:\/\/www.harzer-wandernadel.de\/wp-content\/uploads\/2016\/02\/Eckersprung-1.jpg 800w, https:\/\/www.harzer-wandernadel.de\/wp-content\/uploads\/2016\/02\/Eckersprung-1-300x225.jpg 300w, https:\/\/www.harzer-wandernadel.de\/wp-content\/uploads\/2016\/02\/Eckersprung-1-768x576.jpg 768w, https:\/\/www.harzer-wandernadel.de\/wp-content\/uploads\/2016\/02\/Eckersprung-1-250x188.jpg 250w, https:\/\/www.harzer-wandernadel.de\/wp-content\/uploads\/2016\/02\/Eckersprung-1-624x468.jpg 624w\" sizes=\"(max-width: 800px) 100vw, 800px\"><\/span><\/figure><\/div>\n\n<p>Fra heden under Bro\u00adck\u00aden tager Eck\u00ader adskil\u00adli\u00adge vand\u00adl\u00f8b som K\u00f6nigs\u00adbach, Mor\u00adgend\u00adbrod\u00ads\u00adbach og Abbe til sig og l\u00f8ber der\u00adef\u00adter ud i&nbsp;Eck\u00ader\u00adtals\u00adper\u00adre. Efter at have for\u00adladt d\u00e6m\u00adnin\u00adgen l\u00f8ber den gen\u00adnem den idyl\u00adli\u00adske, del\u00advist dybt ind\u00adsk\u00e5r\u00adne Eck\u00ader\u00adtal-dal og mun\u00adder ud i&nbsp;Oker n\u00e6r lands\u00adby\u00aden Wie\u00addelah i&nbsp;sit ned\u00adre l\u00f8b, som stort set sva\u00adrer til del\u00adstats\u00adgr\u00e6n\u00adsen mel\u00adlem Sach\u00adsen-Anhalt og Niedersachsen.<\/p>\n\n<p>Stem\u00adpelkas\u00adsen er pla\u00adce\u00adret i&nbsp;refu\u00adgi\u00adet p\u00e5 raste\u00adplad\u00adsen. Hvis du ikke \u00f8nsker at f\u00f8l\u00adge Goet\u00adheweg fra Eck\u00ader\u00adsprung til Bro\u00adck\u00aden, kan du ven\u00adde til\u00adba\u00adge til Tor\u00adf\u00adhaus via Dreieck\u00adi\u00adger Pfa\u00adhl HWN 168, Hop\u00adfens\u00e4cke og Abbegraben.&nbsp;<\/p>\n\n<div class=\"wp-block-buttons is-layout-flex wp-block-buttons-is-layout-flex\">\n<div class=\"wp-block-button\"><a class=\"wp-block-button__link wp-element-button\" href=\"http:\/\/harzer-bergwald.de\/index.php\/wandertouren\/abenteuertouren\/19-jugendwandern-in-bad-grund\">Tour tip Harzen bjergskov<\/a><\/div>\n<\/div>\n","protected":false},"excerpt":{"rendered":"<p>Eck\u00ader\u00adsprung (890&nbsp;meter over havets over\u00adfla\u00adde), Eck\u00aders kil\u00adde, lig\u00adger p\u00e5 en raste\u00adplads direk\u00adte p\u00e5 Goet\u00adheweg, som f\u00f8rer fra Tor\u00adhaus lidt op ad bak\u00adke til Bro\u00adck\u00aden. Fra heden under Bro\u00adck\u00aden tager Eck\u00ader adskil\u00adli\u00adge vand\u00adl\u00f8b som K\u00f6nigs\u00adbach, Mor\u00adgend\u00adbrod\u00ads\u00adbach og Abbe til sig og l\u00f8ber der\u00adef\u00adter ud i&nbsp;Eck\u00ader\u00adtals\u00adper\u00adre. Efter at have for\u00adladt d\u00e6m\u00adnin\u00adgen l\u00f8ber den gen\u00adnem den idyl\u00adli\u00adske, delvist&nbsp;[\u2026]<\/p>\n","protected":false},"author":11,"featured_media":11941,"parent":17792,"menu_order":10136,"comment_status":"closed","ping_status":"closed","template":"","meta":{"_seopress_robots_primary_cat":"","_seopress_titles_title":"","_seopress_titles_desc":"","_seopress_robots_index":"","wp_typography_post_enhancements_disabled":false,"iawp_total_views":0,"footnotes":""},"hf_cat_page":[120],"class_list":["post-18722","page","type-page","status-publish","has-post-thumbnail"],"blocksy_meta":[],"_links":{"self":[{"href":"https:\/\/www.harzer-wandernadel.de\/da\/wp-json\/wp\/v2\/pages\/18722","targetHints":{"allow":["GET"]}}],"collection":[{"href":"https:\/\/www.harzer-wandernadel.de\/da\/wp-json\/wp\/v2\/pages"}],"about":[{"href":"https:\/\/www.harzer-wandernadel.de\/da\/wp-json\/wp\/v2\/types\/page"}],"author":[{"embeddable":true,"href":"https:\/\/www.harzer-wandernadel.de\/da\/wp-json\/wp\/v2\/users\/11"}],"replies":[{"embeddable":true,"href":"https:\/\/www.harzer-wandernadel.de\/da\/wp-json\/wp\/v2\/comments?post=18722"}],"version-history":[{"count":1,"href":"https:\/\/www.harzer-wandernadel.de\/da\/wp-json\/wp\/v2\/pages\/18722\/revisions"}],"predecessor-version":[{"id":18724,"href":"https:\/\/www.harzer-wandernadel.de\/da\/wp-json\/wp\/v2\/pages\/18722\/revisions\/18724"}],"up":[{"embeddable":true,"href":"https:\/\/www.harzer-wandernadel.de\/da\/wp-json\/wp\/v2\/pages\/17792"}],"wp:featuredmedia":[{"embeddable":true,"href":"https:\/\/www.harzer-wandernadel.de\/da\/wp-json\/wp\/v2\/media\/11941"}],"wp:attachment":[{"href":"https:\/\/www.harzer-wandernadel.de\/da\/wp-json\/wp\/v2\/media?parent=18722"}],"wp:term":[{"taxonomy":"hf_cat_page","embeddable":true,"href":"https:\/\/www.harzer-wandernadel.de\/da\/wp-json\/wp\/v2\/hf_cat_page?post=18722"}],"curies":[{"name":"wp","href":"https:\/\/api.w.org\/{rel}","templated":true}]}}