{"id":18719,"date":"2016-02-19T13:31:11","date_gmt":"2016-02-19T12:31:11","guid":{"rendered":"https:\/\/www.harzer-wandernadel.de\/stempelcentre\/oversigtskort\/stempelpunkt-132-schwarzenberg-koete-brockenblick\/"},"modified":"2026-02-28T14:43:14","modified_gmt":"2026-02-28T13:43:14","slug":"stempelpunkt-132-schwarzenberg-koete-brockenblick","status":"publish","type":"page","link":"https:\/\/www.harzer-wandernadel.de\/da\/stempelcentre\/oversigtskort\/stempelpunkt-132-schwarzenberg-koete-brockenblick\/","title":{"rendered":"Stempelpunkt 132 \/ Schwarzenberg, K\u00f6te Brockenblick"},"content":{"rendered":"\n<h2 class=\"wp-block-heading\">Brockenblick-hytten ligger p\u00e5 Schwarzenberg (540&nbsp;meter over havets overflade) over Altenau.<\/h2>\n\n<div class=\"wp-block-stackable-image alignwide stk-block-image stk-block stk-89e1006\" data-block-id=\"89e1006\"><style>.stk-89e1006 {margin-top:3% !important;margin-bottom:3% !important;}<\/style><figure><span class=\"stk-img-wrapper stk-image--shape-stretch stk--has-lightbox\"><img decoding=\"async\" width=\"933\" height=\"525\" src=\"https:\/\/www.harzer-wandernadel.de\/wp-content\/uploads\/2016\/02\/K\u00f6te-Brockenblick.jpg\" class=\"attachment-full size-full wp-post-image\" alt srcset=\"https:\/\/www.harzer-wandernadel.de\/wp-content\/uploads\/2016\/02\/K\u00f6te-Brockenblick.jpg 933w, https:\/\/www.harzer-wandernadel.de\/wp-content\/uploads\/2016\/02\/K\u00f6te-Brockenblick-300x169.jpg 300w, https:\/\/www.harzer-wandernadel.de\/wp-content\/uploads\/2016\/02\/K\u00f6te-Brockenblick-768x432.jpg 768w, https:\/\/www.harzer-wandernadel.de\/wp-content\/uploads\/2016\/02\/K\u00f6te-Brockenblick-624x351.jpg 624w\" sizes=\"(max-width: 933px) 100vw, 933px\"><\/span><\/figure><\/div>\n\n<p>Den kor\u00adte\u00adste opstig\u00adning star\u00adter ved van\u00addre\u00adpar\u00adke\u00adrin\u00adgen ved ind\u00adgan\u00adgen til Alte\u00adnau, n\u00e5r man kom\u00admer fra Tor\u00adf\u00adhaus. Van\u00addre\u00adstien til K\u00f6te Bro\u00adck\u00aden\u00adbli\u00adck, hvor fri\u00adm\u00e6r\u00adke\u00adbok\u00adsen er pla\u00adce\u00adret, er skil\u00adtet. Udsigts\u00adpunk\u00adtet lig\u00adger kun f\u00e5 meter v\u00e6k og byder p\u00e5 en panora\u00admaud\u00adsigt over Alte\u00adnau til Bro\u00adck\u00aden, Wol\u00adf\u00adswar\u00adte, Stieg\u00adlitzecke og Hansk\u00fchnenburg.&nbsp;<\/p>\n\n<p>Det er en god id\u00e9 at fort\u00ads\u00e6t\u00adte van\u00addre\u00adtu\u00adren via Sch\u00fctzenklip\u00adpe, <a href=\"https:\/\/www.harzer-wandernadel.de\/stempelstellen\/uebersichtskarte\/stempelstelle-134-gustav-baumann-weg\/\" data-type=\"page\" data-id=\"1143\">Gustav-Bau\u00admann-Weg HWN 134<\/a>, <a href=\"https:\/\/www.harzer-wandernadel.de\/stempelstellen\/uebersichtskarte\/stempelstelle-149-herzweg\/\" data-type=\"page\" data-id=\"1174\">Kle\u00adi\u00adne Oker HWN 149<\/a> til <a href=\"https:\/\/www.harzer-wandernadel.de\/da\/stempelcentre\/oversigtskort\/stempelpunkt-133-foerster-ludewig-platz\/\" data-type=\"page\" data-id=\"1141\">F\u00f6r\u00adster-Ludewig-Platz HWN&nbsp;133.<\/a><\/p>\n","protected":false},"excerpt":{"rendered":"<p>Bro\u00adck\u00aden\u00adbli\u00adck-hyt\u00adten lig\u00adger p\u00e5 Schwarzen\u00adberg (540&nbsp;meter over havets over\u00adfla\u00adde) over Alte\u00adnau. Den kor\u00adte\u00adste opstig\u00adning star\u00adter ved van\u00addre\u00adpar\u00adke\u00adrin\u00adgen ved ind\u00adgan\u00adgen til Alte\u00adnau, n\u00e5r man kom\u00admer fra Tor\u00adf\u00adhaus. Van\u00addre\u00adstien til K\u00f6te Bro\u00adck\u00aden\u00adbli\u00adck, hvor fri\u00adm\u00e6r\u00adke\u00adbok\u00adsen er pla\u00adce\u00adret, er skil\u00adtet. Udsigts\u00adpunk\u00adtet lig\u00adger kun f\u00e5 meter v\u00e6k og byder p\u00e5 en panora\u00admaud\u00adsigt over Alte\u00adnau til Bro\u00adck\u00aden, Wol\u00adf\u00adswar\u00adte, Stieg\u00adlitzecke og Hansk\u00fch\u00adnen\u00adburg.&nbsp;Det&nbsp;[\u2026]<\/p>\n","protected":false},"author":11,"featured_media":11929,"parent":17792,"menu_order":10132,"comment_status":"closed","ping_status":"closed","template":"","meta":{"_seopress_robots_primary_cat":"","_seopress_titles_title":"","_seopress_titles_desc":"","_seopress_robots_index":"","wp_typography_post_enhancements_disabled":false,"iawp_total_views":0,"footnotes":""},"hf_cat_page":[120],"class_list":["post-18719","page","type-page","status-publish","has-post-thumbnail"],"blocksy_meta":[],"_links":{"self":[{"href":"https:\/\/www.harzer-wandernadel.de\/da\/wp-json\/wp\/v2\/pages\/18719","targetHints":{"allow":["GET"]}}],"collection":[{"href":"https:\/\/www.harzer-wandernadel.de\/da\/wp-json\/wp\/v2\/pages"}],"about":[{"href":"https:\/\/www.harzer-wandernadel.de\/da\/wp-json\/wp\/v2\/types\/page"}],"author":[{"embeddable":true,"href":"https:\/\/www.harzer-wandernadel.de\/da\/wp-json\/wp\/v2\/users\/11"}],"replies":[{"embeddable":true,"href":"https:\/\/www.harzer-wandernadel.de\/da\/wp-json\/wp\/v2\/comments?post=18719"}],"version-history":[{"count":2,"href":"https:\/\/www.harzer-wandernadel.de\/da\/wp-json\/wp\/v2\/pages\/18719\/revisions"}],"predecessor-version":[{"id":24921,"href":"https:\/\/www.harzer-wandernadel.de\/da\/wp-json\/wp\/v2\/pages\/18719\/revisions\/24921"}],"up":[{"embeddable":true,"href":"https:\/\/www.harzer-wandernadel.de\/da\/wp-json\/wp\/v2\/pages\/17792"}],"wp:featuredmedia":[{"embeddable":true,"href":"https:\/\/www.harzer-wandernadel.de\/da\/wp-json\/wp\/v2\/media\/11929"}],"wp:attachment":[{"href":"https:\/\/www.harzer-wandernadel.de\/da\/wp-json\/wp\/v2\/media?parent=18719"}],"wp:term":[{"taxonomy":"hf_cat_page","embeddable":true,"href":"https:\/\/www.harzer-wandernadel.de\/da\/wp-json\/wp\/v2\/hf_cat_page?post=18719"}],"curies":[{"name":"wp","href":"https:\/\/api.w.org\/{rel}","templated":true}]}}