{"id":18626,"date":"2016-02-11T09:49:29","date_gmt":"2016-02-11T08:49:29","guid":{"rendered":"https:\/\/www.harzer-wandernadel.de\/stempelcentre\/oversigtskort\/stempelpunkt-222-wettelrode-mine-natursti\/"},"modified":"2026-01-29T12:50:42","modified_gmt":"2026-01-29T11:50:42","slug":"stempelpunkt-222-wettelrode-mine-natursti","status":"publish","type":"page","link":"https:\/\/www.harzer-wandernadel.de\/da\/stempelcentre\/oversigtskort\/stempelpunkt-222-wettelrode-mine-natursti\/","title":{"rendered":"Stempelpunkt 222 \/ Wettelrode mine-natursti"},"content":{"rendered":"\n<h2 class=\"wp-block-heading\">Wettelrode-mine-naturstien st\u00f8der direkte op til R\u00f6hrigschacht-showminens friluftsomr\u00e5de.<\/h2>\n\n<div class=\"wp-block-stackable-image alignwide stk-block-image stk-block stk-89e1006\" data-block-id=\"89e1006\"><style>.stk-89e1006 {margin-top:3% !important;margin-bottom:3% !important;}<\/style><figure><span class=\"stk-img-wrapper stk-image--shape-stretch stk--has-lightbox\"><img decoding=\"async\" width=\"2048\" height=\"1152\" src=\"https:\/\/www.harzer-wandernadel.de\/wp-content\/uploads\/2016\/02\/HWN-Schaubergwerk-Wettelrode.jpg\" class=\"attachment-full size-full wp-post-image\" alt=\"Overd\u00e6kket tr\u00e6platform i skoven med informationstavle\" srcset=\"https:\/\/www.harzer-wandernadel.de\/wp-content\/uploads\/2016\/02\/HWN-Schaubergwerk-Wettelrode.jpg 2048w, https:\/\/www.harzer-wandernadel.de\/wp-content\/uploads\/2016\/02\/HWN-Schaubergwerk-Wettelrode-300x169.jpg 300w, https:\/\/www.harzer-wandernadel.de\/wp-content\/uploads\/2016\/02\/HWN-Schaubergwerk-Wettelrode-768x432.jpg 768w, https:\/\/www.harzer-wandernadel.de\/wp-content\/uploads\/2016\/02\/HWN-Schaubergwerk-Wettelrode-1024x576.jpg 1024w, https:\/\/www.harzer-wandernadel.de\/wp-content\/uploads\/2016\/02\/HWN-Schaubergwerk-Wettelrode-250x141.jpg 250w, https:\/\/www.harzer-wandernadel.de\/wp-content\/uploads\/2016\/02\/HWN-Schaubergwerk-Wettelrode-624x351.jpg 624w\" sizes=\"(max-width: 2048px) 100vw, 2048px\"><\/span><\/figure><\/div>\n\n<p>R\u00f6hrigs\u00adcha\u00adcht med sit mar\u00adkan\u00adte var\u00adtegn, en af de \u00e6ld\u00adste st\u00e5lskakt\u00adsvik\u00adler i&nbsp;Euro\u00adpa, lig\u00adger midt i&nbsp;det histo\u00adri\u00adske mineland\u00adskab i&nbsp;det syd\u00f8st\u00adli\u00adge Harzen-for\u00adland. Show\u00admi\u00adnen blev \u00e5bnet i&nbsp;1991, hvor de bes\u00f8\u00adgen\u00adde kan kom\u00adme 283&nbsp;meter ned i&nbsp;skak\u00adten p\u00e5 et ori\u00adgi\u00adnalt skakt\u00ads\u00adlyn\u00adge\u00adsy\u00adstem. En mine\u00adba\u00adne f\u00f8rer dem der\u00adef\u00adter over 1.000&nbsp;meter ind i&nbsp;et mine\u00adfelt fra det 19. \u00e5rhund\u00adre\u00adde, hvor mine\u00addrif\u00adtens udvik\u00adling fra dens begyn\u00addel\u00adse til moder\u00adne tid demon\u00adstre\u00adres og for\u00adkla\u00adres ved hj\u00e6lp af udstillingsgenstande.&nbsp;<\/p>\n\n<div class=\"wp-block-buttons is-layout-flex wp-block-buttons-is-layout-flex\">\n<div class=\"wp-block-button\"><a class=\"wp-block-button__link wp-element-button\" href=\"http:\/\/roehrigschacht.de\">R\u00f6hrig skaft<\/a><\/div>\n<\/div>\n\n<p>Den ca. 4&nbsp;km lan\u00adge mine\u00addrifts\u00adsti er udfor\u00admet som en cir\u00adku\u00adl\u00e6r rute og giver et unikt ind\u00adblik i&nbsp;udvik\u00adlin\u00adgen af kob\u00adber\u00adski\u00adfer\u00admi\u00adne\u00addrift i&nbsp;det gam\u00adle mine\u00addi\u00adstrikt San\u00adger\u00adhau\u00adsen. Det g\u00f8r den til en v\u00e6r\u00addi\u00adfuld til\u00adf\u00f8\u00adjel\u00adse til R\u00f6hrigs\u00adcha\u00adcht Minemuseum.&nbsp;<\/p>\n\n<p>Lands\u00adby\u00aden Wet\u00adtel\u00adro\u00adde blev f\u00f8r\u00adste gang n\u00e6vnt i&nbsp;et doku\u00adment i&nbsp;det 9. \u00e5rhund\u00adre\u00adde. Lands\u00adby\u00aden er ken\u00adde\u00adteg\u00adnet ved et stort antal sm\u00e5 g\u00e5r\u00adde med huse, stal\u00adde og lader. Ud over deres arbej\u00adde i&nbsp;minen drev mine\u00adar\u00adbej\u00adder\u00adne ogs\u00e5 et lil\u00adle land\u00adbrug for at for\u00ads\u00f8r\u00adge sig&nbsp;selv.&nbsp;<\/p>\n\n<p>Den afm\u00e6r\u00adke\u00adde mine-natursti begyn\u00adder p\u00e5 par\u00adke\u00adrings\u00adplad\u00adsen for\u00adan R\u00f6hrigs\u00adcha\u00adcht, som ogs\u00e5 del\u00advis f\u00f8rer over karst-van\u00addre\u00adstien. Fri\u00adm\u00e6r\u00adke\u00adkas\u00adsen er pla\u00adce\u00adret i&nbsp;n\u00e6r\u00adhe\u00adden af en kopi af en underjor\u00addisk situ\u00ada\u00adtion med gam\u00admel mine\u00addrift i  14. \u2013 Det 15. \u00e5rhundrede.<\/p>\n\n<div class=\"wp-block-buttons is-layout-flex wp-block-buttons-is-layout-flex\">\n<div class=\"wp-block-button\"><a class=\"wp-block-button__link wp-element-button\" href=\"http:\/\/harzer-bergwald.de\/index.php\/wandertouren\/abenteuertouren\/11-als-koenig-unter-tage\">Tour tip Harzen bjergskov<\/a><\/div>\n<\/div>\n\n<p>&nbsp;<\/p>\n","protected":false},"excerpt":{"rendered":"<p>Wet\u00adtel\u00adro\u00adde-mine-naturstien st\u00f8\u00adder direk\u00adte op til R\u00f6hrigs\u00adcha\u00adcht-show\u00admi\u00adnens fril\u00adufts\u00adom\u00adr\u00e5\u00adde. R\u00f6hrigs\u00adcha\u00adcht med sit mar\u00adkan\u00adte var\u00adtegn, en af de \u00e6ld\u00adste st\u00e5lskakt\u00adsvik\u00adler i&nbsp;Euro\u00adpa, lig\u00adger midt i&nbsp;det histo\u00adri\u00adske mineland\u00adskab i&nbsp;det syd\u00f8st\u00adli\u00adge Harzen-for\u00adland. Show\u00admi\u00adnen blev \u00e5bnet i&nbsp;1991, hvor de bes\u00f8\u00adgen\u00adde kan kom\u00adme 283&nbsp;meter ned i&nbsp;skak\u00adten p\u00e5 et ori\u00adgi\u00adnalt skakt\u00ads\u00adlyn\u00adge\u00adsy\u00adstem. En mine\u00adba\u00adne f\u00f8rer dem der\u00adef\u00adter over 1.000&nbsp;meter ind i&nbsp;et mine\u00adfelt fra det&nbsp;19.&nbsp;[\u2026]<\/p>\n","protected":false},"author":1,"featured_media":12517,"parent":17792,"menu_order":10222,"comment_status":"closed","ping_status":"closed","template":"","meta":{"_seopress_robots_primary_cat":"","_seopress_titles_title":"","_seopress_titles_desc":"","_seopress_robots_index":"","wp_typography_post_enhancements_disabled":false,"iawp_total_views":1,"footnotes":""},"hf_cat_page":[120],"class_list":["post-18626","page","type-page","status-publish","has-post-thumbnail"],"blocksy_meta":[],"_links":{"self":[{"href":"https:\/\/www.harzer-wandernadel.de\/da\/wp-json\/wp\/v2\/pages\/18626","targetHints":{"allow":["GET"]}}],"collection":[{"href":"https:\/\/www.harzer-wandernadel.de\/da\/wp-json\/wp\/v2\/pages"}],"about":[{"href":"https:\/\/www.harzer-wandernadel.de\/da\/wp-json\/wp\/v2\/types\/page"}],"author":[{"embeddable":true,"href":"https:\/\/www.harzer-wandernadel.de\/da\/wp-json\/wp\/v2\/users\/1"}],"replies":[{"embeddable":true,"href":"https:\/\/www.harzer-wandernadel.de\/da\/wp-json\/wp\/v2\/comments?post=18626"}],"version-history":[{"count":1,"href":"https:\/\/www.harzer-wandernadel.de\/da\/wp-json\/wp\/v2\/pages\/18626\/revisions"}],"predecessor-version":[{"id":18628,"href":"https:\/\/www.harzer-wandernadel.de\/da\/wp-json\/wp\/v2\/pages\/18626\/revisions\/18628"}],"up":[{"embeddable":true,"href":"https:\/\/www.harzer-wandernadel.de\/da\/wp-json\/wp\/v2\/pages\/17792"}],"wp:featuredmedia":[{"embeddable":true,"href":"https:\/\/www.harzer-wandernadel.de\/da\/wp-json\/wp\/v2\/media\/12517"}],"wp:attachment":[{"href":"https:\/\/www.harzer-wandernadel.de\/da\/wp-json\/wp\/v2\/media?parent=18626"}],"wp:term":[{"taxonomy":"hf_cat_page","embeddable":true,"href":"https:\/\/www.harzer-wandernadel.de\/da\/wp-json\/wp\/v2\/hf_cat_page?post=18626"}],"curies":[{"name":"wp","href":"https:\/\/api.w.org\/{rel}","templated":true}]}}