{"id":18624,"date":"2016-02-19T13:21:33","date_gmt":"2016-02-19T12:21:33","guid":{"rendered":"https:\/\/www.harzer-wandernadel.de\/stempelcentre\/oversigtskort\/stempelpunkt-130-iberger-albertturm\/"},"modified":"2026-02-28T14:43:13","modified_gmt":"2026-02-28T13:43:13","slug":"stempelpunkt-130-iberger-albertturm","status":"publish","type":"page","link":"https:\/\/www.harzer-wandernadel.de\/da\/stempelcentre\/oversigtskort\/stempelpunkt-130-iberger-albertturm\/","title":{"rendered":"Stempelpunkt 130 \/ Iberger Albertturm"},"content":{"rendered":"\n<h2 class=\"wp-block-heading\">Albert Tower ligger p\u00e5 Iberg (563&nbsp;meter over havets overflade) mellem Bad Grund og Wildemann.<\/h2>\n\n<div class=\"wp-block-stackable-image alignwide stk-block-image stk-block stk-89e1006\" data-block-id=\"89e1006\"><style>.stk-89e1006 {margin-top:3% !important;margin-bottom:3% !important;}<\/style><figure><span class=\"stk-img-wrapper stk-image--shape-stretch stk--has-lightbox\"><img decoding=\"async\" width=\"779\" height=\"525\" src=\"https:\/\/www.harzer-wandernadel.de\/wp-content\/uploads\/2016\/02\/Iberger-Albertturm.jpg\" class=\"attachment-full size-full wp-post-image\" alt srcset=\"https:\/\/www.harzer-wandernadel.de\/wp-content\/uploads\/2016\/02\/Iberger-Albertturm.jpg 779w, https:\/\/www.harzer-wandernadel.de\/wp-content\/uploads\/2016\/02\/Iberger-Albertturm-300x202.jpg 300w, https:\/\/www.harzer-wandernadel.de\/wp-content\/uploads\/2016\/02\/Iberger-Albertturm-768x518.jpg 768w, https:\/\/www.harzer-wandernadel.de\/wp-content\/uploads\/2016\/02\/Iberger-Albertturm-624x421.jpg 624w\" sizes=\"(max-width: 779px) 100vw, 779px\"><\/span><\/figure><\/div>\n\n<p>Den nystif\u00adte\u00adde fili\u00adal\u00adfor\u00ade\u00adning Harz\u00adklub i&nbsp;Bad Grund byg\u00adge\u00adde i&nbsp;1886 et 20&nbsp;meter h\u00f8jt tr\u00e6t\u00e5rn for 1100 mark med st\u00f8t\u00adte fra Bad Grund\u00adner-klub\u00adber\u00adne, is\u00e6r sang\u00adklub\u00adber\u00adne. P\u00e5 grund af vej\u00adr\u00adli\u00adget blev tr\u00e6t\u00e5r\u00adnet snart ubru\u00adge\u00adligt. Det blev beslut\u00adtet at byg\u00adge et nyt t\u00e5rn. Byg\u00adge\u00adri\u00adet af t\u00e5r\u00adnet begynd\u00adte den 16. juni 1907, s\u00e5 det 25&nbsp;m&nbsp;h\u00f8je t\u00e5rn kun\u00adne god\u00adken\u00addes den 28. decem\u00adber 1907. Byg\u00adgeom\u00adkost\u00adnin\u00adger\u00adne bel\u00f8b sig til 7.500&nbsp;mark.&nbsp;<\/p>\n\n<p>I 1955 blev t\u00e5r\u00adnet renove\u00adret for en stor sum pen\u00adge og fik en skal af arme\u00adret beton. I&nbsp;1963 m\u00e5t\u00adte t\u00e5r\u00adnet h\u00e6ves med n\u00e6sten 10&nbsp;meter, da b\u00f8ge\u00adtr\u00e6\u00ader\u00adne var vok\u00adset s\u00e5 meget, at det ikke l\u00e6n\u00adge\u00adre var muligt at se hele vej\u00aden rundt. I&nbsp;1969 fik basen ende\u00adlig en skal af arme\u00adret beton for at b\u00e6re byg\u00adnin\u00adgen ind i&nbsp;det n\u00e6ste \u00e5rtusinde.&nbsp;<\/p>\n\n<p>Siden udkig\u00adst\u00e5r\u00adnet blev byg\u00adget i&nbsp;1886, har der ogs\u00e5 v\u00e6ret en lil\u00adle sko\u00adv\u00adre\u00adstau\u00adrant. Sko\u00adv\u00adre\u00adstau\u00adran\u00adten p\u00e5 Iber\u00adger Albert\u00adturm byder p\u00e5 en unik attrak\u00adtion ud over sin rustik\u00adke, Harzen-fri\u00adske hyg\u00adge: sne\u00adbold\u00adkam\u00adpe om som\u00adme\u00adren med natur\u00adlig sne fra den fore\u00adg\u00e5\u00aden\u00adde vin\u00adter. Sne\u00aden opbe\u00adva\u00adres i&nbsp;hul\u00adler i&nbsp;jor\u00adden, som er opst\u00e5\u00adet ved, at kalk fra vin\u00adte\u00adr\u00aden er skyl\u00adlet&nbsp;v\u00e6k.&nbsp;<\/p>\n\n<div class=\"wp-block-buttons is-layout-flex wp-block-buttons-is-layout-flex\">\n<div class=\"wp-block-button\"><a class=\"wp-block-button__link wp-element-button\" href=\"https:\/\/www.wildemann-harz.de\/gaststaette-iberger-albertturm\/\" target=\"_blank\" rel=\"noreferrer noopener\">Iberg Albert-t\u00e5r\u00adnet<\/a><\/div>\n<\/div>\n\n<p>Ibergs dryp\u00adstens\u00adhu\u00adle lig\u00adger ved foden af Iberg, som blev skabt, da grund\u00advands\u00adspej\u00adlet sank. Hulen blev opda\u00adget i&nbsp;mid\u00addelal\u00adde\u00adren under mine\u00addrift efter malm. Den blev \u00e5bnet for offent\u00adlig\u00adhe\u00adden som udstil\u00adlings\u00adhu\u00adle i&nbsp;1874. Den 78&nbsp;meter lan\u00adge ind\u00adgangstun\u00adnel blev byg\u00adget i&nbsp;1911. I&nbsp;dag for\u00adbin\u00adder \u201eHaup\u00adt\u00admann-Spatzi\u00ader-Stol\u00adlen\u201c tre for\u00adskel\u00adli\u00adge huler. Grot\u00adten har v\u00e6ret elek\u00adtrisk oplyst siden&nbsp;1912.&nbsp;<\/p>\n\n<div class=\"wp-block-buttons is-layout-flex wp-block-buttons-is-layout-flex\">\n<div class=\"wp-block-button\"><a class=\"wp-block-button__link wp-element-button\" href=\"https:\/\/www.hoehlen-erlebnis-zentrum.de\/\" target=\"_blank\" rel=\"noreferrer noopener\">Grot\u00adte-ople\u00advel\u00adse<\/a><\/div>\n<\/div>\n\n<p>Par\u00adke\u00adrings\u00adplad\u00adsen ved grot\u00adte\u00ado\u00adp\u00adle\u00advel\u00adses\u00adcen\u00adtret er ogs\u00e5 det bed\u00adste udgangs\u00adpunkt for en van\u00addre\u00adtur op i&nbsp;Albert Tower.<\/p>\n\n<div class=\"wp-block-buttons is-layout-flex wp-block-buttons-is-layout-flex\">\n<div class=\"wp-block-button\"><a class=\"wp-block-button__link wp-element-button\" href=\"http:\/\/harzer-bergwald.de\/index.php\/wandertouren\/abenteuertouren\/19-jugendwandern-in-bad-grund\">Tour tip Harzen bjergskov<\/a><\/div>\n<\/div>\n","protected":false},"excerpt":{"rendered":"<p>Albert Tower lig\u00adger p\u00e5 Iberg (563&nbsp;meter over havets over\u00adfla\u00adde) mel\u00adlem Bad Grund og Wil\u00adde\u00admann. Den nystif\u00adte\u00adde fili\u00adal\u00adfor\u00ade\u00adning Harz\u00adklub i&nbsp;Bad Grund byg\u00adge\u00adde i&nbsp;1886 et 20&nbsp;meter h\u00f8jt tr\u00e6t\u00e5rn for 1100 mark med st\u00f8t\u00adte fra Bad Grund\u00ad\u00adner-klub\u00ad\u00adber\u00ad\u00adne, is\u00e6r sang\u00adklub\u00adber\u00adne. P\u00e5 grund af vej\u00adr\u00adli\u00adget blev tr\u00e6t\u00e5r\u00adnet snart ubru\u00adge\u00adligt. Det blev beslut\u00adtet at byg\u00adge et nyt t\u00e5rn. Byg\u00adge\u00adri\u00adet af t\u00e5rnet&nbsp;[\u2026]<\/p>\n","protected":false},"author":11,"featured_media":11923,"parent":17792,"menu_order":10130,"comment_status":"closed","ping_status":"closed","template":"","meta":{"_seopress_robots_primary_cat":"","_seopress_titles_title":"","_seopress_titles_desc":"","_seopress_robots_index":"","wp_typography_post_enhancements_disabled":false,"iawp_total_views":0,"footnotes":""},"hf_cat_page":[120],"class_list":["post-18624","page","type-page","status-publish","has-post-thumbnail"],"blocksy_meta":[],"_links":{"self":[{"href":"https:\/\/www.harzer-wandernadel.de\/da\/wp-json\/wp\/v2\/pages\/18624","targetHints":{"allow":["GET"]}}],"collection":[{"href":"https:\/\/www.harzer-wandernadel.de\/da\/wp-json\/wp\/v2\/pages"}],"about":[{"href":"https:\/\/www.harzer-wandernadel.de\/da\/wp-json\/wp\/v2\/types\/page"}],"author":[{"embeddable":true,"href":"https:\/\/www.harzer-wandernadel.de\/da\/wp-json\/wp\/v2\/users\/11"}],"replies":[{"embeddable":true,"href":"https:\/\/www.harzer-wandernadel.de\/da\/wp-json\/wp\/v2\/comments?post=18624"}],"version-history":[{"count":1,"href":"https:\/\/www.harzer-wandernadel.de\/da\/wp-json\/wp\/v2\/pages\/18624\/revisions"}],"predecessor-version":[{"id":18625,"href":"https:\/\/www.harzer-wandernadel.de\/da\/wp-json\/wp\/v2\/pages\/18624\/revisions\/18625"}],"up":[{"embeddable":true,"href":"https:\/\/www.harzer-wandernadel.de\/da\/wp-json\/wp\/v2\/pages\/17792"}],"wp:featuredmedia":[{"embeddable":true,"href":"https:\/\/www.harzer-wandernadel.de\/da\/wp-json\/wp\/v2\/media\/11923"}],"wp:attachment":[{"href":"https:\/\/www.harzer-wandernadel.de\/da\/wp-json\/wp\/v2\/media?parent=18624"}],"wp:term":[{"taxonomy":"hf_cat_page","embeddable":true,"href":"https:\/\/www.harzer-wandernadel.de\/da\/wp-json\/wp\/v2\/hf_cat_page?post=18624"}],"curies":[{"name":"wp","href":"https:\/\/api.w.org\/{rel}","templated":true}]}}