{"id":18591,"date":"2016-02-19T13:34:51","date_gmt":"2016-02-19T12:34:51","guid":{"rendered":"https:\/\/www.harzer-wandernadel.de\/stempelcentre\/oversigtskort\/stempelpunkt-133-foerster-ludewig-platz\/"},"modified":"2026-02-28T14:43:15","modified_gmt":"2026-02-28T13:43:15","slug":"stempelpunkt-133-foerster-ludewig-platz","status":"publish","type":"page","link":"https:\/\/www.harzer-wandernadel.de\/da\/stempelcentre\/oversigtskort\/stempelpunkt-133-foerster-ludewig-platz\/","title":{"rendered":"Stempelpunkt 133 \/ F\u00f6rster \u2013 Ludewig \u2013&nbsp;Platz"},"content":{"rendered":"\n<h2 class=\"wp-block-heading\">F\u00f6rster-Ludewig-Platz er en meget fin rasteplads og ligger p\u00e5 Dammgraben mellem Altenau og Torfhaus.<\/h2>\n\n<div class=\"wp-block-stackable-image alignwide stk-block-image stk-block stk-89e1006\" data-block-id=\"89e1006\"><style>.stk-89e1006 {margin-top:3% !important;margin-bottom:3% !important;}<\/style><figure><span class=\"stk-img-wrapper stk-image--shape-stretch stk--has-lightbox\"><img decoding=\"async\" width=\"2048\" height=\"1360\" src=\"https:\/\/www.harzer-wandernadel.de\/wp-content\/uploads\/2016\/02\/F\u00f6rster-Ludewig-Platz.jpg\" class=\"attachment-full size-full wp-post-image\" alt=\"Skovhytte med vandl\u00f8b og tr\u00e6bro p\u00e5 landet\" srcset=\"https:\/\/www.harzer-wandernadel.de\/wp-content\/uploads\/2016\/02\/F\u00f6rster-Ludewig-Platz.jpg 2048w, https:\/\/www.harzer-wandernadel.de\/wp-content\/uploads\/2016\/02\/F\u00f6rster-Ludewig-Platz-300x199.jpg 300w, https:\/\/www.harzer-wandernadel.de\/wp-content\/uploads\/2016\/02\/F\u00f6rster-Ludewig-Platz-768x510.jpg 768w, https:\/\/www.harzer-wandernadel.de\/wp-content\/uploads\/2016\/02\/F\u00f6rster-Ludewig-Platz-1024x680.jpg 1024w, https:\/\/www.harzer-wandernadel.de\/wp-content\/uploads\/2016\/02\/F\u00f6rster-Ludewig-Platz-250x166.jpg 250w, https:\/\/www.harzer-wandernadel.de\/wp-content\/uploads\/2016\/02\/F\u00f6rster-Ludewig-Platz-624x414.jpg 624w\" sizes=\"(max-width: 2048px) 100vw, 2048px\"><\/span><\/figure><\/div>\n\n<p>Raste\u00adplad\u00adsen er smukt ind\u00adret\u00adtet med et sid\u00adde\u00adom\u00adr\u00e5\u00adde og Scha\u00adcht\u00adkopf-hyt\u00adten. N\u00e5r du kryd\u00adser et sedi\u00admen\u00adta\u00adtions\u00adbas\u00adsin i&nbsp;d\u00e6m\u00adnings\u00adgr\u00f8f\u00adten, som fri\u00adg\u00f8r det vil\u00adde vand fra Naben\u00adtal-vand\u00adfal\u00addet fra dets sedi\u00admen\u00adtover\u00adsv\u00f8m\u00admel\u00adse, n\u00e5r du en anden lil\u00adle raste\u00adplads via en gangbro.&nbsp;<\/p>\n\n<p>Her rej\u00adste sko\u00adv\u00adfo\u00adged Pit\u00adtau et min\u00addes\u00adm\u00e6r\u00adke for de sko\u00adv\u00adar\u00adbej\u00adde\u00adre, der d\u00f8de i&nbsp;F\u00f8r\u00adste Ver\u00addenskrig, og for sko\u00adv\u00adfo\u00adged Mey\u00ader. Fri\u00adm\u00e6r\u00adke\u00adkas\u00adsen er ogs\u00e5 pla\u00adce\u00adret p\u00e5 den\u00adne lil\u00adle halv\u00f8, som invi\u00adte\u00adrer dig til at lyt\u00adte til det kluk\u00adken\u00adde vand et \u00f8je\u00adblik og kom\u00adme til dig&nbsp;selv.&nbsp;<\/p>\n\n<p>Den kor\u00adte\u00adste adgangs\u00advej star\u00adter ved den lil\u00adle par\u00adke\u00adrings\u00adplads p\u00e5 h\u00f8j\u00adre side af vej\u00aden fra Tor\u00adf\u00adhaus til Alte\u00adnau. Her\u00adfra f\u00f8l\u00adger man stien langs den roman\u00adti\u00adske, breg\u00adne\u00adbe\u00advok\u00adse\u00adde d\u00e6m\u00adnings\u00adgr\u00f8ft til stem\u00adpel\u00adpunk\u00adtet. Over F\u00f6r\u00adster-Ludewig-Platz f\u00f8rer Harzer Hek\u00adsestien over Naben\u00adtaler-vand\u00adfal\u00addet og ski\u00adom\u00adr\u00e5\u00addet p\u00e5 Rin\u00adder\u00adkopf til Torfhaus.&nbsp;<\/p>\n\n<p>Stem\u00adpel\u00adpunk\u00adtet p\u00e5 den\u00adne del af Dam\u00adm\u00adgra\u00adben er s\u00e6r\u00adligt vel\u00adeg\u00adnet til fami\u00adli\u00ader med sm\u00e5 b\u00f8rn, men ogs\u00e5 til \u00e6ldre med fysi\u00adske handicap.<\/p>\n","protected":false},"excerpt":{"rendered":"<p>F\u00f6r\u00adster-Ludewig-Platz er en meget fin raste\u00adplads og lig\u00adger p\u00e5 Dam\u00adm\u00adgra\u00adben mel\u00adlem Alte\u00adnau og Tor\u00adf\u00adhaus. Raste\u00adplad\u00adsen er smukt ind\u00adret\u00adtet med et sid\u00adde\u00adom\u00adr\u00e5\u00adde og Scha\u00ad\u00adch\u00adt\u00adkopf-hyt\u00adten. N\u00e5r du kryd\u00adser et sedi\u00admen\u00adta\u00adtions\u00adbas\u00adsin i&nbsp;d\u00e6m\u00adnings\u00adgr\u00f8f\u00adten, som fri\u00adg\u00f8r det vil\u00adde vand fra Naben\u00adtal-vand\u00ad\u00adfal\u00ad\u00addet fra dets sedi\u00admen\u00adtover\u00adsv\u00f8m\u00admel\u00adse, n\u00e5r du en anden lil\u00adle raste\u00adplads via en gang\u00adbro.&nbsp; Her rej\u00adste sko\u00adv\u00adfo\u00adged Pit\u00adtau et min\u00addes\u00adm\u00e6r\u00adke&nbsp;for&nbsp;[\u2026]<\/p>\n","protected":false},"author":11,"featured_media":12310,"parent":17792,"menu_order":10133,"comment_status":"closed","ping_status":"closed","template":"","meta":{"_seopress_robots_primary_cat":"","_seopress_titles_title":"","_seopress_titles_desc":"","_seopress_robots_index":"","wp_typography_post_enhancements_disabled":false,"iawp_total_views":1,"footnotes":""},"hf_cat_page":[120],"class_list":["post-18591","page","type-page","status-publish","has-post-thumbnail"],"blocksy_meta":[],"_links":{"self":[{"href":"https:\/\/www.harzer-wandernadel.de\/da\/wp-json\/wp\/v2\/pages\/18591","targetHints":{"allow":["GET"]}}],"collection":[{"href":"https:\/\/www.harzer-wandernadel.de\/da\/wp-json\/wp\/v2\/pages"}],"about":[{"href":"https:\/\/www.harzer-wandernadel.de\/da\/wp-json\/wp\/v2\/types\/page"}],"author":[{"embeddable":true,"href":"https:\/\/www.harzer-wandernadel.de\/da\/wp-json\/wp\/v2\/users\/11"}],"replies":[{"embeddable":true,"href":"https:\/\/www.harzer-wandernadel.de\/da\/wp-json\/wp\/v2\/comments?post=18591"}],"version-history":[{"count":1,"href":"https:\/\/www.harzer-wandernadel.de\/da\/wp-json\/wp\/v2\/pages\/18591\/revisions"}],"predecessor-version":[{"id":18593,"href":"https:\/\/www.harzer-wandernadel.de\/da\/wp-json\/wp\/v2\/pages\/18591\/revisions\/18593"}],"up":[{"embeddable":true,"href":"https:\/\/www.harzer-wandernadel.de\/da\/wp-json\/wp\/v2\/pages\/17792"}],"wp:featuredmedia":[{"embeddable":true,"href":"https:\/\/www.harzer-wandernadel.de\/da\/wp-json\/wp\/v2\/media\/12310"}],"wp:attachment":[{"href":"https:\/\/www.harzer-wandernadel.de\/da\/wp-json\/wp\/v2\/media?parent=18591"}],"wp:term":[{"taxonomy":"hf_cat_page","embeddable":true,"href":"https:\/\/www.harzer-wandernadel.de\/da\/wp-json\/wp\/v2\/hf_cat_page?post=18591"}],"curies":[{"name":"wp","href":"https:\/\/api.w.org\/{rel}","templated":true}]}}