{"id":18588,"date":"2016-02-19T13:49:49","date_gmt":"2016-02-19T12:49:49","guid":{"rendered":"https:\/\/www.harzer-wandernadel.de\/stempelcentre\/oversigtskort\/stempelpunkt-139-kuckholzklippe\/"},"modified":"2026-02-28T14:43:18","modified_gmt":"2026-02-28T13:43:18","slug":"stempelpunkt-139-kuckholzklippe","status":"publish","type":"page","link":"https:\/\/www.harzer-wandernadel.de\/da\/stempelcentre\/oversigtskort\/stempelpunkt-139-kuckholzklippe\/","title":{"rendered":"Stempelpunkt 139 \/ Kuckholzklippe"},"content":{"rendered":"\n<h2 class=\"wp-block-heading\">Det 15&nbsp;meter h\u00f8je udsigtst\u00e5rn p\u00e5 Kuckholzklippe ligger mellem Lerbach og Buntenbock.<\/h2>\n\n<div class=\"wp-block-stackable-image alignwide stk-block-image stk-block stk-89e1006\" data-block-id=\"89e1006\"><style>.stk-89e1006 {margin-top:3% !important;margin-bottom:3% !important;}<\/style><figure><span class=\"stk-img-wrapper stk-image--shape-stretch stk--has-lightbox\"><img decoding=\"async\" width=\"2048\" height=\"1365\" src=\"https:\/\/www.harzer-wandernadel.de\/wp-content\/uploads\/2016\/02\/Kuckholzklippe.jpg\" class=\"attachment-full size-full wp-post-image\" alt srcset=\"https:\/\/www.harzer-wandernadel.de\/wp-content\/uploads\/2016\/02\/Kuckholzklippe.jpg 2048w, https:\/\/www.harzer-wandernadel.de\/wp-content\/uploads\/2016\/02\/Kuckholzklippe-300x200.jpg 300w, https:\/\/www.harzer-wandernadel.de\/wp-content\/uploads\/2016\/02\/Kuckholzklippe-768x512.jpg 768w, https:\/\/www.harzer-wandernadel.de\/wp-content\/uploads\/2016\/02\/Kuckholzklippe-1024x683.jpg 1024w, https:\/\/www.harzer-wandernadel.de\/wp-content\/uploads\/2016\/02\/Kuckholzklippe-250x167.jpg 250w, https:\/\/www.harzer-wandernadel.de\/wp-content\/uploads\/2016\/02\/Kuckholzklippe-624x416.jpg 624w\" sizes=\"(max-width: 2048px) 100vw, 2048px\"><\/span><\/figure><\/div>\n\n<p>Nav\u00adnet stam\u00admer til\u00adsy\u00adne\u00adla\u00adden\u00adde noget upr\u00e6\u00adcist fra en side\u00addal neden\u00adfor klip\u00adpen, som b\u00e6rer nav\u00adnet \u201eKuhkolk\u201c, dvs. vand\u00adhul for&nbsp;k\u00f8er.<\/p>\n\n<p>Udkig\u00adst\u00e5r\u00adnet blev bestilt af Harz\u00adklub-afde\u00adlings\u00adklub\u00adber\u00adne fra Bun\u00adten\u00adbo\u00adck, Claust\u00adhal, Ler\u00adbach og Oste\u00adro\u00adde og byg\u00adget af Ler\u00adbach Roy\u00adal Ironwor\u00adks Offi\u00adce for 2.625 Rei\u00adchs\u00admark af st\u00e5\u00adl\u00adram\u00admer, ind\u00advi\u00adet den 1. august 1897 og renove\u00adret af Harz\u00adklub i&nbsp;1992.<\/p>\n\n<p>T\u00e5r\u00adnet, som man kan n\u00e5 via 75 trin, blev erkl\u00e6\u00adret for et histo\u00adrisk monu\u00adment i&nbsp;1994. Fra udsigts\u00adplat\u00adfor\u00admen har du en smuk udsigt over Bro\u00adck\u00aden, h\u00f8j\u00adde\u00adryg\u00adgen \u201eAuf dem Ack\u00ader\u201c, Bun\u00adten\u00adbo\u00adck, Ler\u00adbach og Harzens forland.&nbsp;<\/p>\n\n<p>Fra Bun\u00adten\u00adbo\u00adck kan du n\u00e5 t\u00e5r\u00adnet fra van\u00addre\u00adpar\u00adke\u00adrin\u00adgen \u201eAn der Trift\u201c og fort\u00ads\u00e6t\u00adte van\u00addrin\u00adgen til <a href=\"https:\/\/www.harzer-wandernadel.de\/stempelstellen\/uebersichtskarte\/stempelstelle-138-braunseck\/\" data-type=\"page\" data-id=\"1151\">Braun\u00adseck HWN 138.<\/a> <\/p>\n\n<p>Fra Ler\u00adbach f\u00f8rer \u201eEisenste\u00adin Lehr\u00adp\u00adfad\u201c over \u201eCon\u00adcor\u00addia Klip\u00adpe\u201c og \u201eCla\u00adras H\u00f6he\u201c til Kuckholzklippe.<\/p>\n","protected":false},"excerpt":{"rendered":"<p>Det 15&nbsp;meter h\u00f8je udsigtst\u00e5rn p\u00e5 Kuck\u00adholzklip\u00adpe lig\u00adger mel\u00adlem Ler\u00adbach og Bun\u00adten\u00adbo\u00adck. Nav\u00adnet stam\u00admer til\u00adsy\u00adne\u00adla\u00adden\u00adde noget upr\u00e6\u00adcist fra en side\u00addal neden\u00adfor klip\u00adpen, som b\u00e6rer nav\u00adnet \u201eKuhkolk\u201c, dvs. vand\u00adhul for&nbsp;k\u00f8er. Udkig\u00adst\u00e5r\u00adnet blev bestilt af Harz\u00ad\u00adklub-afde\u00adlings\u00ad\u00ad\u00adklub\u00ad\u00adber\u00ad\u00adne fra Bun\u00adten\u00adbo\u00adck, Claust\u00adhal, Ler\u00adbach og Oste\u00adro\u00adde og byg\u00adget af Ler\u00adbach Roy\u00adal Ironwor\u00adks Offi\u00adce for 2.625 Rei\u00adchs\u00admark af st\u00e5\u00adl\u00adram\u00admer, ind\u00advi\u00adet den 1. august&nbsp;[\u2026]<\/p>\n","protected":false},"author":11,"featured_media":11947,"parent":17792,"menu_order":10139,"comment_status":"closed","ping_status":"closed","template":"","meta":{"_seopress_robots_primary_cat":"","_seopress_titles_title":"","_seopress_titles_desc":"","_seopress_robots_index":"","wp_typography_post_enhancements_disabled":false,"iawp_total_views":2,"footnotes":""},"hf_cat_page":[120],"class_list":["post-18588","page","type-page","status-publish","has-post-thumbnail"],"blocksy_meta":[],"_links":{"self":[{"href":"https:\/\/www.harzer-wandernadel.de\/da\/wp-json\/wp\/v2\/pages\/18588","targetHints":{"allow":["GET"]}}],"collection":[{"href":"https:\/\/www.harzer-wandernadel.de\/da\/wp-json\/wp\/v2\/pages"}],"about":[{"href":"https:\/\/www.harzer-wandernadel.de\/da\/wp-json\/wp\/v2\/types\/page"}],"author":[{"embeddable":true,"href":"https:\/\/www.harzer-wandernadel.de\/da\/wp-json\/wp\/v2\/users\/11"}],"replies":[{"embeddable":true,"href":"https:\/\/www.harzer-wandernadel.de\/da\/wp-json\/wp\/v2\/comments?post=18588"}],"version-history":[{"count":2,"href":"https:\/\/www.harzer-wandernadel.de\/da\/wp-json\/wp\/v2\/pages\/18588\/revisions"}],"predecessor-version":[{"id":24932,"href":"https:\/\/www.harzer-wandernadel.de\/da\/wp-json\/wp\/v2\/pages\/18588\/revisions\/24932"}],"up":[{"embeddable":true,"href":"https:\/\/www.harzer-wandernadel.de\/da\/wp-json\/wp\/v2\/pages\/17792"}],"wp:featuredmedia":[{"embeddable":true,"href":"https:\/\/www.harzer-wandernadel.de\/da\/wp-json\/wp\/v2\/media\/11947"}],"wp:attachment":[{"href":"https:\/\/www.harzer-wandernadel.de\/da\/wp-json\/wp\/v2\/media?parent=18588"}],"wp:term":[{"taxonomy":"hf_cat_page","embeddable":true,"href":"https:\/\/www.harzer-wandernadel.de\/da\/wp-json\/wp\/v2\/hf_cat_page?post=18588"}],"curies":[{"name":"wp","href":"https:\/\/api.w.org\/{rel}","templated":true}]}}