{"id":18587,"date":"2016-02-19T13:53:15","date_gmt":"2016-02-19T12:53:15","guid":{"rendered":"https:\/\/www.harzer-wandernadel.de\/stempelcentre\/oversigtskort\/stempelpunkt-141-oberer-hahnebalzer-teich\/"},"modified":"2026-02-28T14:43:19","modified_gmt":"2026-02-28T13:43:19","slug":"stempelpunkt-141-oberer-hahnebalzer-teich","status":"publish","type":"page","link":"https:\/\/www.harzer-wandernadel.de\/da\/stempelcentre\/oversigtskort\/stempelpunkt-141-oberer-hahnebalzer-teich\/","title":{"rendered":"Stempelpunkt 141 \/ Oberer Hahnebalzer Teich"},"content":{"rendered":"\n<h2 class=\"wp-block-heading\">\u201eObere Hahnebalzer Teich\u201c er en del af verdensarvsomr\u00e5det Oberharzer Wasserregal og er ogs\u00e5 en popul\u00e6r sv\u00f8mmedam om sommeren p\u00e5 grund af vandets renhed. Den 8&nbsp;meter h\u00f8je d\u00e6mning blev bygget i&nbsp;det 17. \u00e5rhundrede og d\u00e6mmede dammen op over en l\u00e6ngde p\u00e5 130&nbsp;meter.&nbsp;<\/h2>\n\n<div class=\"wp-block-stackable-image alignwide stk-block-image stk-block stk-89e1006\" data-block-id=\"89e1006\"><style>.stk-89e1006 {margin-top:3% !important;margin-bottom:3% !important;}<\/style><figure><span class=\"stk-img-wrapper stk-image--shape-stretch stk--has-lightbox\"><img decoding=\"async\" width=\"2560\" height=\"1706\" src=\"https:\/\/www.harzer-wandernadel.de\/wp-content\/uploads\/2025\/08\/harzer-wandernadel-eroeffnung-2024-161-scaled.jpg\" class=\"attachment-full size-full wp-post-image default-featured-img\" alt=\"Hand h\u00e4lt Heft mit gesammelten Stempeln\" srcset=\"https:\/\/www.harzer-wandernadel.de\/wp-content\/uploads\/2025\/08\/harzer-wandernadel-eroeffnung-2024-161-scaled.jpg 2560w, https:\/\/www.harzer-wandernadel.de\/wp-content\/uploads\/2025\/08\/harzer-wandernadel-eroeffnung-2024-161-300x200.jpg 300w, https:\/\/www.harzer-wandernadel.de\/wp-content\/uploads\/2025\/08\/harzer-wandernadel-eroeffnung-2024-161-1024x683.jpg 1024w, https:\/\/www.harzer-wandernadel.de\/wp-content\/uploads\/2025\/08\/harzer-wandernadel-eroeffnung-2024-161-768x512.jpg 768w, https:\/\/www.harzer-wandernadel.de\/wp-content\/uploads\/2025\/08\/harzer-wandernadel-eroeffnung-2024-161-1536x1024.jpg 1536w, https:\/\/www.harzer-wandernadel.de\/wp-content\/uploads\/2025\/08\/harzer-wandernadel-eroeffnung-2024-161-2048x1365.jpg 2048w, https:\/\/www.harzer-wandernadel.de\/wp-content\/uploads\/2025\/08\/harzer-wandernadel-eroeffnung-2024-161-250x167.jpg 250w\" sizes=\"(max-width: 2560px) 100vw, 2560px\"><\/span><\/figure><\/div>\n\n<p>Det er bedst at par\u00adke\u00adre p\u00e5 en af de to afm\u00e6r\u00adke\u00adde van\u00addre\u00adpar\u00adke\u00adrings\u00adplad\u00adser ved Prin\u00adzen\u00adteich-dam\u00admen og g\u00e5 ad Harzer F\u00f6rster\u00adstieg-stien direk\u00adte til fri\u00adm\u00e6r\u00adke\u00adste\u00addet. Ste\u00addet ind\u00adby\u00adder til at bli\u00adve h\u00e6n\u00adgen\u00adde og hvi\u00adle med udsigt over det krystal\u00adkla\u00adre vand. Du kan fort\u00ads\u00e6t\u00adte van\u00addrin\u00adgen til <a href=\"https:\/\/www.harzer-wandernadel.de\/stempelstellen\/uebersichtskarte\/stempelstelle-131-kaysereiche-schutzhuette\/\" data-type=\"page\" data-id=\"1137\">HWN 131 Kay\u00adse\u00adrei\u00adche<\/a>.  <\/p>\n\n<p>&nbsp;<\/p>\n","protected":false},"excerpt":{"rendered":"<p>\u201eObe\u00adre Hah\u00adne\u00adbalzer Teich\u201c er en del af ver\u00addens\u00adarvs\u00adom\u00adr\u00e5\u00addet Ober\u00adharzer Was\u00adser\u00adre\u00adgal og er ogs\u00e5 en popu\u00adl\u00e6r sv\u00f8m\u00adme\u00addam om som\u00adme\u00adren p\u00e5 grund af van\u00addets ren\u00adhed. Den 8&nbsp;meter h\u00f8je d\u00e6m\u00adning blev byg\u00adget i&nbsp;det 17. \u00e5rhund\u00adre\u00adde og d\u00e6m\u00adme\u00adde dam\u00admen op over en l\u00e6ng\u00adde p\u00e5 130&nbsp;meter.&nbsp; Det er bedst at par\u00adke\u00adre p\u00e5 en af de to afm\u00e6r\u00adke\u00adde van\u00addre\u00adpar\u00adke\u00adrings\u00adplad\u00adser ved Prinzenteich-dammen&nbsp;[\u2026]<\/p>\n","protected":false},"author":11,"featured_media":13747,"parent":17792,"menu_order":10141,"comment_status":"closed","ping_status":"closed","template":"","meta":{"_seopress_robots_primary_cat":"","_seopress_titles_title":"","_seopress_titles_desc":"","_seopress_robots_index":"","wp_typography_post_enhancements_disabled":false,"iawp_total_views":0,"footnotes":""},"hf_cat_page":[120],"class_list":["post-18587","page","type-page","status-publish","has-post-thumbnail"],"blocksy_meta":[],"_links":{"self":[{"href":"https:\/\/www.harzer-wandernadel.de\/da\/wp-json\/wp\/v2\/pages\/18587","targetHints":{"allow":["GET"]}}],"collection":[{"href":"https:\/\/www.harzer-wandernadel.de\/da\/wp-json\/wp\/v2\/pages"}],"about":[{"href":"https:\/\/www.harzer-wandernadel.de\/da\/wp-json\/wp\/v2\/types\/page"}],"author":[{"embeddable":true,"href":"https:\/\/www.harzer-wandernadel.de\/da\/wp-json\/wp\/v2\/users\/11"}],"replies":[{"embeddable":true,"href":"https:\/\/www.harzer-wandernadel.de\/da\/wp-json\/wp\/v2\/comments?post=18587"}],"version-history":[{"count":2,"href":"https:\/\/www.harzer-wandernadel.de\/da\/wp-json\/wp\/v2\/pages\/18587\/revisions"}],"predecessor-version":[{"id":24936,"href":"https:\/\/www.harzer-wandernadel.de\/da\/wp-json\/wp\/v2\/pages\/18587\/revisions\/24936"}],"up":[{"embeddable":true,"href":"https:\/\/www.harzer-wandernadel.de\/da\/wp-json\/wp\/v2\/pages\/17792"}],"wp:featuredmedia":[{"embeddable":true,"href":"https:\/\/www.harzer-wandernadel.de\/da\/wp-json\/wp\/v2\/media\/13747"}],"wp:attachment":[{"href":"https:\/\/www.harzer-wandernadel.de\/da\/wp-json\/wp\/v2\/media?parent=18587"}],"wp:term":[{"taxonomy":"hf_cat_page","embeddable":true,"href":"https:\/\/www.harzer-wandernadel.de\/da\/wp-json\/wp\/v2\/hf_cat_page?post=18587"}],"curies":[{"name":"wp","href":"https:\/\/api.w.org\/{rel}","templated":true}]}}