{"id":18577,"date":"2016-02-19T13:50:46","date_gmt":"2016-02-19T12:50:46","guid":{"rendered":"https:\/\/www.harzer-wandernadel.de\/stempelcentre\/oversigtskort\/stempelpunkt-140-eselsplatz\/"},"modified":"2026-02-28T14:43:19","modified_gmt":"2026-02-28T13:43:19","slug":"stempelpunkt-140-eselsplatz","status":"publish","type":"page","link":"https:\/\/www.harzer-wandernadel.de\/da\/stempelcentre\/oversigtskort\/stempelpunkt-140-eselsplatz\/","title":{"rendered":"Stempelpunkt 140 \/ Eselsplatz"},"content":{"rendered":"\n<h2 class=\"wp-block-heading\">\u00c6selpladsen ligger p\u00e5 Harzer Heksestien p\u00e5 den s\u00e5kaldte \u201eHundscher Weg\u201c mellem Lerbach og S\u00f6setalsperre-d\u00e6mningen.<\/h2>\n\n<div class=\"wp-block-stackable-image alignwide stk-block-image stk-block stk-89e1006\" data-block-id=\"89e1006\"><style>.stk-89e1006 {margin-top:3% !important;margin-bottom:3% !important;}<\/style><figure><span class=\"stk-img-wrapper stk-image--shape-stretch stk--has-lightbox\"><img decoding=\"async\" width=\"960\" height=\"720\" src=\"https:\/\/www.harzer-wandernadel.de\/wp-content\/uploads\/2016\/02\/Eselsplatz.jpg\" class=\"attachment-full size-full wp-post-image\" alt srcset=\"https:\/\/www.harzer-wandernadel.de\/wp-content\/uploads\/2016\/02\/Eselsplatz.jpg 960w, https:\/\/www.harzer-wandernadel.de\/wp-content\/uploads\/2016\/02\/Eselsplatz-300x225.jpg 300w, https:\/\/www.harzer-wandernadel.de\/wp-content\/uploads\/2016\/02\/Eselsplatz-768x576.jpg 768w, https:\/\/www.harzer-wandernadel.de\/wp-content\/uploads\/2016\/02\/Eselsplatz-250x188.jpg 250w, https:\/\/www.harzer-wandernadel.de\/wp-content\/uploads\/2016\/02\/Eselsplatz-624x468.jpg 624w\" sizes=\"(max-width: 960px) 100vw, 960px\"><\/span><\/figure><\/div>\n\n<p>\u201eHund\u00ads\u00adcher Weg\u201c siges at v\u00e6re opst\u00e5\u00adet s\u00e5 tid\u00adligt som i&nbsp;det 13. \u00e5rhund\u00adre\u00adde som \u201eHau\u00adserweg\u201c.<br>Den var for\u00adbin\u00addel\u00adsen mel\u00adlem Oste\u00adro\u00adde og Harz\u00adburg ind\u00adtil h\u00f8j\u00admid\u00addelal\u00adde\u00adren. Stien fun\u00adge\u00adre\u00adde som h\u00e6r\u00advej til Harz\u00adburg Slot, som for\u00adsy\u00adnings\u00advej til Harzen og ogs\u00e5 som malmtransportvej.&nbsp;<\/p>\n\n<p>Kor\u00adnet til mine\u00adar\u00adbej\u00adder\u00adne i&nbsp;Harzen blev opbe\u00adva\u00adret i&nbsp;det kur\u00adfyr\u00adste\u00adli\u00adge han\u00adnove\u00adran\u00adske Harzer-Korn-Maga\u00adzin i&nbsp;Oste\u00adro\u00adde. Her\u00adfra k\u00f8r\u00adte \u00e6selka\u00adra\u00adva\u00adner hver dag ad Hund\u00ads\u00adcher Weg til Claust\u00adhal for at for\u00adsy\u00adne mine\u00adar\u00adbej\u00adder\u00adne med&nbsp;mad.&nbsp;<\/p>\n\n<p>Fra Oste\u00adro\u00adde begyn\u00adder du van\u00addrin\u00adgen fra det offi\u00adci\u00adel\u00adle start\u00adpunkt for Harzer Hek\u00adsestien ved \u201eBlei\u00adche\u00adstel\u00adle\u201c. N\u00e5r du har kla\u00adret den f\u00f8r\u00adste stej\u00adle stig\u00adning, kom\u00admer du til \u201eEsels\u00adplatz\u201c efter ca. 3,5&nbsp;km.&nbsp;<\/p>\n\n<div class=\"wp-block-buttons is-layout-flex wp-block-buttons-is-layout-flex\">\n<div class=\"wp-block-button\"><a class=\"wp-block-button__link wp-element-button\" href=\"https:\/\/www.harzinfo.de\/erlebnisse\/wandern\/harzer-hexen-stieg\" target=\"_blank\" rel=\"noreferrer noopener\">Harzer-Hexen-Stieg<\/a><\/div>\n<\/div>\n\n<p>Den kor\u00adte\u00adste rute til Esels\u00adplatz star\u00adter ved S\u00f6sestau\u00addamm og f\u00f8l\u00adger Harzer Bau\u00addensteig, som f\u00f8rer stejlt gen\u00adnem sko\u00adven til stempelpunktet.<\/p>\n","protected":false},"excerpt":{"rendered":"<p>\u00c6sel\u00adplad\u00adsen lig\u00adger p\u00e5 Harzer Hek\u00adsestien p\u00e5 den s\u00e5kald\u00adte \u201eHund\u00ads\u00adcher Weg\u201c mel\u00adlem Ler\u00adbach og S\u00f6se\u00adtals\u00adper\u00adre-d\u00e6m\u00adnin\u00adgen. \u201eHund\u00ads\u00adcher Weg\u201c siges at v\u00e6re opst\u00e5\u00adet s\u00e5 tid\u00adligt som i&nbsp;det 13. \u00e5rhund\u00adre\u00adde som \u201eHau\u00adserweg\u201c.Den var for\u00adbin\u00addel\u00adsen mel\u00adlem Oste\u00adro\u00adde og Harz\u00adburg ind\u00adtil h\u00f8j\u00admid\u00addelal\u00adde\u00adren. Stien fun\u00adge\u00adre\u00adde som h\u00e6r\u00advej til Harz\u00adburg Slot, som for\u00adsy\u00adnings\u00advej til Harzen og ogs\u00e5 som malm\u00adtrans\u00adport\u00advej.&nbsp; Kor\u00adnet til mine\u00adar\u00adbej\u00adder\u00adne i&nbsp;Harzen&nbsp;[\u2026]<\/p>\n","protected":false},"author":11,"featured_media":11950,"parent":17792,"menu_order":10140,"comment_status":"closed","ping_status":"closed","template":"","meta":{"_seopress_robots_primary_cat":"","_seopress_titles_title":"","_seopress_titles_desc":"","_seopress_robots_index":"","wp_typography_post_enhancements_disabled":false,"iawp_total_views":0,"footnotes":""},"hf_cat_page":[120],"class_list":["post-18577","page","type-page","status-publish","has-post-thumbnail"],"blocksy_meta":[],"_links":{"self":[{"href":"https:\/\/www.harzer-wandernadel.de\/da\/wp-json\/wp\/v2\/pages\/18577","targetHints":{"allow":["GET"]}}],"collection":[{"href":"https:\/\/www.harzer-wandernadel.de\/da\/wp-json\/wp\/v2\/pages"}],"about":[{"href":"https:\/\/www.harzer-wandernadel.de\/da\/wp-json\/wp\/v2\/types\/page"}],"author":[{"embeddable":true,"href":"https:\/\/www.harzer-wandernadel.de\/da\/wp-json\/wp\/v2\/users\/11"}],"replies":[{"embeddable":true,"href":"https:\/\/www.harzer-wandernadel.de\/da\/wp-json\/wp\/v2\/comments?post=18577"}],"version-history":[{"count":1,"href":"https:\/\/www.harzer-wandernadel.de\/da\/wp-json\/wp\/v2\/pages\/18577\/revisions"}],"predecessor-version":[{"id":18579,"href":"https:\/\/www.harzer-wandernadel.de\/da\/wp-json\/wp\/v2\/pages\/18577\/revisions\/18579"}],"up":[{"embeddable":true,"href":"https:\/\/www.harzer-wandernadel.de\/da\/wp-json\/wp\/v2\/pages\/17792"}],"wp:featuredmedia":[{"embeddable":true,"href":"https:\/\/www.harzer-wandernadel.de\/da\/wp-json\/wp\/v2\/media\/11950"}],"wp:attachment":[{"href":"https:\/\/www.harzer-wandernadel.de\/da\/wp-json\/wp\/v2\/media?parent=18577"}],"wp:term":[{"taxonomy":"hf_cat_page","embeddable":true,"href":"https:\/\/www.harzer-wandernadel.de\/da\/wp-json\/wp\/v2\/hf_cat_page?post=18577"}],"curies":[{"name":"wp","href":"https:\/\/api.w.org\/{rel}","templated":true}]}}