{"id":18568,"date":"2016-02-19T14:04:55","date_gmt":"2016-02-19T13:04:55","guid":{"rendered":"https:\/\/www.harzer-wandernadel.de\/stempelcentre\/oversigtskort\/stempelpunkt-144-hanskuehnenburg\/"},"modified":"2026-01-29T12:50:27","modified_gmt":"2026-01-29T11:50:27","slug":"stempelpunkt-144-hanskuehnenburg","status":"publish","type":"page","link":"https:\/\/www.harzer-wandernadel.de\/da\/stempelcentre\/oversigtskort\/stempelpunkt-144-hanskuehnenburg\/","title":{"rendered":"Stempelpunkt 144 \/ Hansk\u00fchnenburg"},"content":{"rendered":"\n<h2 class=\"wp-block-heading\">Skovrestauranten Hansk\u00fchnenburg (811&nbsp;meter over havets overflade) ligger p\u00e5 h\u00f8jderyggen \u201eAuf dem Acker\u201c i&nbsp;Nationalpark Harzen mellem Osterode, Riefensbeek og Sieber.<\/h2>\n\n<div class=\"wp-block-stackable-image alignwide stk-block-image stk-block stk-89e1006\" data-block-id=\"89e1006\"><style>.stk-89e1006 {margin-top:3% !important;margin-bottom:3% !important;}<\/style><figure><span class=\"stk-img-wrapper stk-image--shape-stretch stk--has-lightbox\"><img decoding=\"async\" width=\"842\" height=\"590\" src=\"https:\/\/www.harzer-wandernadel.de\/wp-content\/uploads\/2016\/02\/HWN-Hansk\u00fchnenburg-Dirk-Donat-Ausschnitt.jpg\" class=\"attachment-full size-full wp-post-image\" alt=\"Historisk udsigtst\u00e5rn p\u00e5 landet med restaurant\" srcset=\"https:\/\/www.harzer-wandernadel.de\/wp-content\/uploads\/2016\/02\/HWN-Hansk\u00fchnenburg-Dirk-Donat-Ausschnitt.jpg 842w, https:\/\/www.harzer-wandernadel.de\/wp-content\/uploads\/2016\/02\/HWN-Hansk\u00fchnenburg-Dirk-Donat-Ausschnitt-300x210.jpg 300w, https:\/\/www.harzer-wandernadel.de\/wp-content\/uploads\/2016\/02\/HWN-Hansk\u00fchnenburg-Dirk-Donat-Ausschnitt-768x538.jpg 768w, https:\/\/www.harzer-wandernadel.de\/wp-content\/uploads\/2016\/02\/HWN-Hansk\u00fchnenburg-Dirk-Donat-Ausschnitt-250x175.jpg 250w, https:\/\/www.harzer-wandernadel.de\/wp-content\/uploads\/2016\/02\/HWN-Hansk\u00fchnenburg-Dirk-Donat-Ausschnitt-624x437.jpg 624w\" sizes=\"(max-width: 842px) 100vw, 842px\"><\/span><\/figure><\/div>\n\n<p>Nav\u00adnet \u201eAck\u00ader\u201c har i&nbsp;\u00f8vrigt ikke noget med mar\u00adken at g\u00f8re \u2013 det kom\u00admer af det mid\u00addel\u00adh\u00f8jty\u00adske \u201eagger\u201c, som bety\u00adder h\u00f8j\u00adde\u00adryg eller vold \u2013 hvil\u00adket net\u00adop er den geo\u00adgra\u00adfi\u00adske form for Acker-ryggen.<\/p>\n\n<p>Hansk\u00fch\u00adnen\u00adburg har v\u00e6ret et van\u00addreud\u00adflugts\u00adm\u00e5l for utal\u00adli\u00adge bes\u00f8\u00adgen\u00adde i&nbsp;Harzen i&nbsp;over 120 \u00e5r. Det f\u00f8r\u00adste Hansk\u00fch\u00adnen\u00adburg-t\u00e5rn af tr\u00e6 blev ind\u00advi\u00adet af Oste\u00adro\u00adde am Harz-afde\u00adlin\u00adgen af Harz\u00adklub til\u00adba\u00adge i&nbsp;1889. I&nbsp;1914 blev tr\u00e6t\u00e5r\u00adnet omdan\u00adnet til et stent\u00e5rn og \u00e5bnet for offent\u00adlig\u00adhe\u00adden. I&nbsp;1974\/75 blev t\u00e5r\u00adnet renove\u00adret af distrik\u00adtet Oste\u00adro\u00adde am Harz, og hele struk\u00adtu\u00adren blev udvidet.&nbsp;<\/p>\n\n<p>Fra udsigtst\u00e5r\u00adnet kan man se langt ind i&nbsp;Harzens for\u00adland og den syd\u00adve\u00adst\u00adli\u00adge del af Harzen. Uan\u00adset om man er i&nbsp;P\u00f6hl\u00adde fra Rot\u00adhen\u00adburg, fra West\u00adh\u00f6\u00adfer Wald eller fra Wil\u00adlen\u00adsen, er Hansk\u00fch\u00adnen\u00adburgs udsigtst\u00e5rn et frem\u00adtr\u00e6\u00adden\u00adde punkt i&nbsp;Harzen. Mel\u00adlem Oste\u00adro\u00adde og Claust\u00adhal-Zel\u00adler\u00adfeld samt fra Ravens\u00adberg og Hohe\u00adgei\u00df har du ogs\u00e5 en god udsigt til Hansk\u00fch\u00adnen\u00adburgs udsigtst\u00e5rn.&nbsp;<\/p>\n\n<p>Goet\u00adhe bes\u00f8g\u00adte Hansk\u00fch\u00adnen\u00adburg\u00adfel\u00adsen i&nbsp;1784 og n\u00f8d den vidun\u00adder\u00adli\u00adge natur og den ene\u00adst\u00e5\u00aden\u00adde udsigt over Harzum\u00adlands&nbsp;dale.<\/p>\n\n<div class=\"wp-block-buttons is-layout-flex wp-block-buttons-is-layout-flex\">\n<div class=\"wp-block-button\"><a class=\"wp-block-button__link wp-element-button\" href=\"https:\/\/www.hanskuehnenburg-im-harz.de\/\" target=\"_blank\" rel=\"noreferrer noopener\">Hansk\u00fch\u00adne\u00adburg i&nbsp;Harzen<\/a><\/div>\n<\/div>\n\n<p>Fra ble\u00adge\u00adsta\u00adtio\u00adnen i&nbsp;Oste\u00adro\u00adde f\u00f8rer stien over den sor\u00adte bro langs fiske\u00adstien i&nbsp;ret\u00adning af Rie\u00adfens\u00adbe\u00adek og fra den ydre d\u00e6m\u00adning direk\u00adte til Hansk\u00fchnenburg.<\/p>\n\n<p>En anden popu\u00adl\u00e6r rute f\u00f8rer fra Harzho\u00adch\u00adstra\u00dfe B242, Stieg\u00adlitzeck par\u00adke\u00adrings\u00adplads ved vind\u00adm\u00f8l\u00adler\u00adne, via den bre\u00adde sko\u00advsti Ack\u00ader\u00adstra\u00dfe eller den uspo\u00adle\u00adre\u00adde Reit\u00adstieg med sin stor\u00adsl\u00e5\u00ade\u00adde udsigt direk\u00adte til Hansk\u00fch\u00adnen\u00adburg&nbsp;Slot.<\/p>\n","protected":false},"excerpt":{"rendered":"<p>Sko\u00adv\u00adre\u00adstau\u00adran\u00adten Hansk\u00fch\u00adnen\u00adburg (811&nbsp;meter over havets over\u00adfla\u00adde) lig\u00adger p\u00e5 h\u00f8j\u00adde\u00adryg\u00adgen \u201eAuf dem Ack\u00ader\u201c i&nbsp;Natio\u00adnal\u00adpark Harzen mel\u00adlem Oste\u00adro\u00adde, Rie\u00adfens\u00adbe\u00adek og Sie\u00adber. Nav\u00adnet \u201eAck\u00ader\u201c har i&nbsp;\u00f8vrigt ikke noget med mar\u00adken at g\u00f8re \u2013 det kom\u00admer af det mid\u00addel\u00adh\u00f8jty\u00adske \u201eagger\u201c, som bety\u00adder h\u00f8j\u00adde\u00adryg eller vold \u2013 hvil\u00adket net\u00adop er den geo\u00adgra\u00adfi\u00adske form for Ack\u00ader-ryg\u00adgen. Hansk\u00fch\u00adnen\u00adburg har v\u00e6ret et vandreudflugtsm\u00e5l&nbsp;[\u2026]<\/p>\n","protected":false},"author":11,"featured_media":12616,"parent":17792,"menu_order":10144,"comment_status":"closed","ping_status":"closed","template":"","meta":{"_seopress_robots_primary_cat":"","_seopress_titles_title":"","_seopress_titles_desc":"","_seopress_robots_index":"","wp_typography_post_enhancements_disabled":false,"iawp_total_views":0,"footnotes":""},"hf_cat_page":[120],"class_list":["post-18568","page","type-page","status-publish","has-post-thumbnail"],"blocksy_meta":[],"_links":{"self":[{"href":"https:\/\/www.harzer-wandernadel.de\/da\/wp-json\/wp\/v2\/pages\/18568","targetHints":{"allow":["GET"]}}],"collection":[{"href":"https:\/\/www.harzer-wandernadel.de\/da\/wp-json\/wp\/v2\/pages"}],"about":[{"href":"https:\/\/www.harzer-wandernadel.de\/da\/wp-json\/wp\/v2\/types\/page"}],"author":[{"embeddable":true,"href":"https:\/\/www.harzer-wandernadel.de\/da\/wp-json\/wp\/v2\/users\/11"}],"replies":[{"embeddable":true,"href":"https:\/\/www.harzer-wandernadel.de\/da\/wp-json\/wp\/v2\/comments?post=18568"}],"version-history":[{"count":1,"href":"https:\/\/www.harzer-wandernadel.de\/da\/wp-json\/wp\/v2\/pages\/18568\/revisions"}],"predecessor-version":[{"id":18571,"href":"https:\/\/www.harzer-wandernadel.de\/da\/wp-json\/wp\/v2\/pages\/18568\/revisions\/18571"}],"up":[{"embeddable":true,"href":"https:\/\/www.harzer-wandernadel.de\/da\/wp-json\/wp\/v2\/pages\/17792"}],"wp:featuredmedia":[{"embeddable":true,"href":"https:\/\/www.harzer-wandernadel.de\/da\/wp-json\/wp\/v2\/media\/12616"}],"wp:attachment":[{"href":"https:\/\/www.harzer-wandernadel.de\/da\/wp-json\/wp\/v2\/media?parent=18568"}],"wp:term":[{"taxonomy":"hf_cat_page","embeddable":true,"href":"https:\/\/www.harzer-wandernadel.de\/da\/wp-json\/wp\/v2\/hf_cat_page?post=18568"}],"curies":[{"name":"wp","href":"https:\/\/api.w.org\/{rel}","templated":true}]}}