{"id":18560,"date":"2016-02-19T14:02:49","date_gmt":"2016-02-19T13:02:49","guid":{"rendered":"https:\/\/www.harzer-wandernadel.de\/stempelcentre\/oversigtskort\/stempelpunkt-146-stort-stemmevaerk\/"},"modified":"2026-01-29T12:50:27","modified_gmt":"2026-01-29T11:50:27","slug":"stempelpunkt-146-stort-stemmevaerk","status":"publish","type":"page","link":"https:\/\/www.harzer-wandernadel.de\/da\/stempelcentre\/oversigtskort\/stempelpunkt-146-stort-stemmevaerk\/","title":{"rendered":"Stempelpunkt 146 \/ Stort stemmev\u00e6rk"},"content":{"rendered":"\n<h2 class=\"wp-block-heading\">\u201eGro\u00dfe Wehr\u201c ligger mellem Hammersteinklippen ved Stieglitzecke og \u201eSperberhaier Dammhaus\u201c og er begyndelsen p\u00e5 \u201eMorgenbrodtsthalergraben\u201c.<\/h2>\n\n<div class=\"wp-block-stackable-image alignwide stk-block-image stk-block stk-89e1006\" data-block-id=\"89e1006\"><style>.stk-89e1006 {margin-top:3% !important;margin-bottom:3% !important;}<\/style><figure><span class=\"stk-img-wrapper stk-image--shape-stretch stk--has-lightbox\"><img decoding=\"async\" width=\"700\" height=\"525\" src=\"https:\/\/www.harzer-wandernadel.de\/wp-content\/uploads\/2016\/02\/Gro\u00dfes-Wehr.jpg\" class=\"attachment-full size-full wp-post-image\" alt srcset=\"https:\/\/www.harzer-wandernadel.de\/wp-content\/uploads\/2016\/02\/Gro\u00dfes-Wehr.jpg 700w, https:\/\/www.harzer-wandernadel.de\/wp-content\/uploads\/2016\/02\/Gro\u00dfes-Wehr-300x225.jpg 300w, https:\/\/www.harzer-wandernadel.de\/wp-content\/uploads\/2016\/02\/Gro\u00dfes-Wehr-250x188.jpg 250w, https:\/\/www.harzer-wandernadel.de\/wp-content\/uploads\/2016\/02\/Gro\u00dfes-Wehr-624x468.jpg 624w\" sizes=\"(max-width: 700px) 100vw, 700px\"><\/span><\/figure><\/div>\n\n<p>Mor\u00adgen\u00adbrodt\u00adst\u00adha\u00adler\u00adgra\u00adben har en l\u00e6ng\u00adde p\u00e5 4,1&nbsp;km, f\u00f8des af Gro\u00dfe S\u00f6se og Mor\u00adgen\u00adbrodts\u00adbach og leder van\u00addet til Dammgraben.<\/p>\n\n<p>Opf\u00f8\u00adrel\u00adsen af \u201eSper\u00adber\u00adhai\u00ader Damm\u201c, den sto\u00adre Harzen-akv\u00e6\u00addukt (1732\/1734), gjor\u00adde det muligt at udnyt\u00adte van\u00addet fra Mor\u00adgen\u00adbrodt\u00adst\u00adha\u00adler Gra\u00adben, som alle\u00adre\u00adde var ble\u00advet \u00e5bnet i&nbsp;1715, til mal\u00adm\u00adud\u00advin\u00adding i&nbsp;Dor\u00ado\u00adt\u00adhea- og Caroline-minerne.<\/p>\n\n<p>Men gr\u00f8f\u00adten er fak\u00adtisk for h\u00f8j, for da den blev byg\u00adget, reg\u00adne\u00adde man med, at Sper\u00adber\u00adhai\u00ader Damm vil\u00adle v\u00e6re 8\u201310&nbsp;meter h\u00f8je\u00adre, end den sene\u00adre blev. Der\u00adfor er gr\u00f8f\u00adtens h\u00e6ld\u00adning n\u00e6r d\u00e6m\u00adnings\u00adhu\u00adset us\u00e6d\u00advan\u00adlig stejl med 11,5&nbsp;% over en str\u00e6k\u00adning p\u00e5 ca. 130&nbsp;meter.&nbsp;<\/p>\n\n<p>Et godt udgangs\u00adpunkt er Sper\u00adber\u00adhai\u00ader Dam\u00adm\u00adhaus, som blev byg\u00adget sam\u00adti\u00addig med d\u00e6m\u00adnin\u00adgen af sam\u00adme navn p\u00e5 Dam\u00adm\u00adgra\u00adben, og som oprin\u00adde\u00adligt blev byg\u00adget til mine\u00adar\u00adbej\u00adder\u00adne, der brug\u00adte det som omkl\u00e6d\u00adnings\u00adrum og bede\u00adhus. Sene\u00adre blev det brugt som bolig for gr\u00f8f\u00adte\u00advog\u00adte\u00adren, f\u00f8r det blev omdan\u00adnet til en popu\u00adl\u00e6r udflugts\u00adre\u00adstau\u00adrant. Van\u00addre\u00adstien f\u00f8rer der\u00adfra langs Mor\u00adgen\u00adbrodt\u00adst\u00adha\u00adler Gra\u00adben til Gre\u00adat&nbsp;Weir.&nbsp;<\/p>\n\n<div class=\"wp-block-buttons is-layout-flex wp-block-buttons-is-layout-flex\">\n<div class=\"wp-block-button\"><a class=\"wp-block-button__link wp-element-button\" href=\"https:\/\/sperberhaier-dammhaus.de\/\" target=\"_blank\" rel=\"noreferrer noopener\">D\u00e6m\u00adnin\u00adgens&nbsp;hus<\/a><\/div>\n<\/div>\n\n<p>Den kor\u00adte\u00adste rute f\u00f8rer fra Stieg\u00adlitzecke over Ham\u00admer\u00adste\u00adinklip\u00adpen, som er meget stejl og ufrem\u00adkom\u00adme\u00adlig, for\u00adbi S\u00f6seste\u00adin og direk\u00adte til Gre\u00adat&nbsp;Weir.<\/p>\n\n<p>Den\u00adne sti er i&nbsp;\u00f8je\u00adblik\u00adket ikke far\u00adbar (v\u00e6l\u00adte\u00adde&nbsp;tr\u00e6er).<\/p>\n","protected":false},"excerpt":{"rendered":"<p>\u201eGro\u00dfe Wehr\u201c lig\u00adger mel\u00adlem Ham\u00admer\u00adste\u00adinklip\u00adpen ved Stieg\u00adlitzecke og \u201eSper\u00adber\u00adhai\u00ader Dam\u00adm\u00adhaus\u201c og er begyn\u00addel\u00adsen p\u00e5 \u201eMor\u00adgen\u00adbrodt\u00adst\u00adha\u00adler\u00adgra\u00adben\u201c. Mor\u00adgen\u00adbrodt\u00adst\u00adha\u00adler\u00adgra\u00adben har en l\u00e6ng\u00adde p\u00e5 4,1&nbsp;km, f\u00f8des af Gro\u00dfe S\u00f6se og Mor\u00adgen\u00adbrodts\u00adbach og leder van\u00addet til Dam\u00adm\u00adgra\u00adben. Opf\u00f8\u00adrel\u00adsen af \u201eSper\u00adber\u00adhai\u00ader Damm\u201c, den sto\u00adre Harzen-akv\u00e6\u00ad\u00addukt (1732\/1734), gjor\u00adde det muligt at udnyt\u00adte van\u00addet fra Mor\u00adgen\u00adbrodt\u00adst\u00adha\u00adler Gra\u00adben, som alle\u00adre\u00adde var ble\u00advet \u00e5bnet i&nbsp;1715,&nbsp;[\u2026]<\/p>\n","protected":false},"author":11,"featured_media":11971,"parent":17792,"menu_order":10146,"comment_status":"closed","ping_status":"closed","template":"","meta":{"_seopress_robots_primary_cat":"","_seopress_titles_title":"","_seopress_titles_desc":"","_seopress_robots_index":"","wp_typography_post_enhancements_disabled":false,"iawp_total_views":1,"footnotes":""},"hf_cat_page":[120],"class_list":["post-18560","page","type-page","status-publish","has-post-thumbnail"],"blocksy_meta":[],"_links":{"self":[{"href":"https:\/\/www.harzer-wandernadel.de\/da\/wp-json\/wp\/v2\/pages\/18560","targetHints":{"allow":["GET"]}}],"collection":[{"href":"https:\/\/www.harzer-wandernadel.de\/da\/wp-json\/wp\/v2\/pages"}],"about":[{"href":"https:\/\/www.harzer-wandernadel.de\/da\/wp-json\/wp\/v2\/types\/page"}],"author":[{"embeddable":true,"href":"https:\/\/www.harzer-wandernadel.de\/da\/wp-json\/wp\/v2\/users\/11"}],"replies":[{"embeddable":true,"href":"https:\/\/www.harzer-wandernadel.de\/da\/wp-json\/wp\/v2\/comments?post=18560"}],"version-history":[{"count":1,"href":"https:\/\/www.harzer-wandernadel.de\/da\/wp-json\/wp\/v2\/pages\/18560\/revisions"}],"predecessor-version":[{"id":18562,"href":"https:\/\/www.harzer-wandernadel.de\/da\/wp-json\/wp\/v2\/pages\/18560\/revisions\/18562"}],"up":[{"embeddable":true,"href":"https:\/\/www.harzer-wandernadel.de\/da\/wp-json\/wp\/v2\/pages\/17792"}],"wp:featuredmedia":[{"embeddable":true,"href":"https:\/\/www.harzer-wandernadel.de\/da\/wp-json\/wp\/v2\/media\/11971"}],"wp:attachment":[{"href":"https:\/\/www.harzer-wandernadel.de\/da\/wp-json\/wp\/v2\/media?parent=18560"}],"wp:term":[{"taxonomy":"hf_cat_page","embeddable":true,"href":"https:\/\/www.harzer-wandernadel.de\/da\/wp-json\/wp\/v2\/hf_cat_page?post=18560"}],"curies":[{"name":"wp","href":"https:\/\/api.w.org\/{rel}","templated":true}]}}