{"id":18555,"date":"2016-02-19T14:16:35","date_gmt":"2016-02-19T13:16:35","guid":{"rendered":"https:\/\/www.harzer-wandernadel.de\/stempelcentre\/oversigtskort\/frimaerkepunkt-151-scharzfels-ruiner\/"},"modified":"2026-01-29T12:50:27","modified_gmt":"2026-01-29T11:50:27","slug":"frimaerkepunkt-151-scharzfels-ruiner","status":"publish","type":"page","link":"https:\/\/www.harzer-wandernadel.de\/da\/stempelcentre\/oversigtskort\/frimaerkepunkt-151-scharzfels-ruiner\/","title":{"rendered":"Frim\u00e6rkepunkt 151 \/ Scharzfels-ruiner"},"content":{"rendered":"\n<h2 class=\"wp-block-heading\">Resterne af den tidligere Scharzfels-borg ligger p\u00e5 en dolomitklippe, der h\u00e6ver sig 150&nbsp;meter over Oder-dalen i&nbsp;n\u00e6rheden af landsbyen Barbis.<\/h2>\n\n<div class=\"wp-block-stackable-image alignwide stk-block-image stk-block stk-89e1006\" data-block-id=\"89e1006\"><style>.stk-89e1006 {margin-top:3% !important;margin-bottom:3% !important;}<\/style><figure><span class=\"stk-img-wrapper stk-image--shape-stretch stk--has-lightbox\"><img decoding=\"async\" width=\"700\" height=\"525\" src=\"https:\/\/www.harzer-wandernadel.de\/wp-content\/uploads\/2016\/02\/Scharzfels.jpg\" class=\"attachment-full size-full wp-post-image\" alt srcset=\"https:\/\/www.harzer-wandernadel.de\/wp-content\/uploads\/2016\/02\/Scharzfels.jpg 700w, https:\/\/www.harzer-wandernadel.de\/wp-content\/uploads\/2016\/02\/Scharzfels-300x225.jpg 300w, https:\/\/www.harzer-wandernadel.de\/wp-content\/uploads\/2016\/02\/Scharzfels-250x188.jpg 250w, https:\/\/www.harzer-wandernadel.de\/wp-content\/uploads\/2016\/02\/Scharzfels-624x468.jpg 624w\" sizes=\"(max-width: 700px) 100vw, 700px\"><\/span><\/figure><\/div>\n\n<p>Slot\u00adtet kan date\u00adres til\u00adba\u00adge til det 12. \u00e5rhund\u00adre\u00adde, og den f\u00f8r\u00adste histo\u00adri\u00adske omta\u00adle stam\u00admer fra 1131. Den til\u00adh\u00f8r\u00adte oprin\u00adde\u00adligt gre\u00adven af Scharz\u00adfeld, hvis fami\u00adlie rege\u00adre\u00adde i&nbsp;og omkring Scharz\u00adfeld ind\u00adtil slut\u00adnin\u00adgen af det 13. \u00e5rhund\u00adre\u00adde. Slot\u00adtet blev sene\u00adre bebo\u00adet af gre\u00adver\u00adne af Hohnste\u00adin, f\u00f8r det ende\u00adlig blev over\u00adta\u00adget af her\u00adtug\u00add\u00f8m\u00admet Gru\u00adben\u00adha\u00adgen i&nbsp;1593.&nbsp;<\/p>\n\n<p>Efter ti dages belej\u00adring af 6.000 til 11.000 mand fra den fran\u00adske gene\u00adral Vau\u00adbecourt m\u00e5t\u00adte Scharz\u00adfels Slot over\u00adgi\u00adve sig til ham i&nbsp;1761, blev sat i&nbsp;brand og til sidst spr\u00e6ngt i&nbsp;luf\u00adten. Det\u00adte var enden p\u00e5 Scharz\u00adfels Slots historie.&nbsp;<\/p>\n\n<p>Det er en god id\u00e9 at van\u00addre til bor\u00adgru\u00adi\u00adnen Scharz\u00adfels der\u00adfra efter at have bes\u00f8gt <a href=\"https:\/\/www.harzer-wandernadel.de\/stempelstellen\/uebersichtskarte\/stempelstelle-101-einhornhoehle\/\" data-type=\"page\" data-id=\"1076\">enhj\u00f8r\u00adnin\u00adge\u00adgrot\u00adten HWN&nbsp;101.&nbsp;<\/a><\/p>\n\n<div class=\"wp-block-buttons is-layout-flex wp-block-buttons-is-layout-flex\">\n<div class=\"wp-block-button\"><a class=\"wp-block-button__link wp-element-button\" href=\"http:\/\/harzer-bergwald.de\/index.php\/wandertouren\/abenteuertouren\/37-steigungen-im-westharz\">Tour tip Harzen bjergskov<\/a><\/div>\n<\/div>\n","protected":false},"excerpt":{"rendered":"<p>Rester\u00adne af den tid\u00adli\u00adge\u00adre Scharz\u00adfels-borg lig\u00adger p\u00e5 en dolo\u00admit\u00adklip\u00adpe, der h\u00e6ver sig 150&nbsp;meter over Oder-dalen i&nbsp;n\u00e6r\u00adhe\u00adden af lands\u00adby\u00aden Bar\u00adbis. Slot\u00adtet kan date\u00adres til\u00adba\u00adge til det 12. \u00e5rhund\u00adre\u00adde, og den f\u00f8r\u00adste histo\u00adri\u00adske omta\u00adle stam\u00admer fra 1131. Den til\u00adh\u00f8r\u00adte oprin\u00adde\u00adligt gre\u00adven af Scharz\u00adfeld, hvis fami\u00adlie rege\u00adre\u00adde i&nbsp;og omkring Scharz\u00adfeld ind\u00adtil slut\u00adnin\u00adgen af det 13. \u00e5rhund\u00adre\u00adde. Slot\u00adtet&nbsp;blev&nbsp;[\u2026]<\/p>\n","protected":false},"author":11,"featured_media":11992,"parent":17792,"menu_order":10151,"comment_status":"closed","ping_status":"closed","template":"","meta":{"_seopress_robots_primary_cat":"","_seopress_titles_title":"","_seopress_titles_desc":"","_seopress_robots_index":"","wp_typography_post_enhancements_disabled":false,"iawp_total_views":0,"footnotes":""},"hf_cat_page":[120],"class_list":["post-18555","page","type-page","status-publish","has-post-thumbnail"],"blocksy_meta":[],"_links":{"self":[{"href":"https:\/\/www.harzer-wandernadel.de\/da\/wp-json\/wp\/v2\/pages\/18555","targetHints":{"allow":["GET"]}}],"collection":[{"href":"https:\/\/www.harzer-wandernadel.de\/da\/wp-json\/wp\/v2\/pages"}],"about":[{"href":"https:\/\/www.harzer-wandernadel.de\/da\/wp-json\/wp\/v2\/types\/page"}],"author":[{"embeddable":true,"href":"https:\/\/www.harzer-wandernadel.de\/da\/wp-json\/wp\/v2\/users\/11"}],"replies":[{"embeddable":true,"href":"https:\/\/www.harzer-wandernadel.de\/da\/wp-json\/wp\/v2\/comments?post=18555"}],"version-history":[{"count":1,"href":"https:\/\/www.harzer-wandernadel.de\/da\/wp-json\/wp\/v2\/pages\/18555\/revisions"}],"predecessor-version":[{"id":18557,"href":"https:\/\/www.harzer-wandernadel.de\/da\/wp-json\/wp\/v2\/pages\/18555\/revisions\/18557"}],"up":[{"embeddable":true,"href":"https:\/\/www.harzer-wandernadel.de\/da\/wp-json\/wp\/v2\/pages\/17792"}],"wp:featuredmedia":[{"embeddable":true,"href":"https:\/\/www.harzer-wandernadel.de\/da\/wp-json\/wp\/v2\/media\/11992"}],"wp:attachment":[{"href":"https:\/\/www.harzer-wandernadel.de\/da\/wp-json\/wp\/v2\/media?parent=18555"}],"wp:term":[{"taxonomy":"hf_cat_page","embeddable":true,"href":"https:\/\/www.harzer-wandernadel.de\/da\/wp-json\/wp\/v2\/hf_cat_page?post=18555"}],"curies":[{"name":"wp","href":"https:\/\/api.w.org\/{rel}","templated":true}]}}