{"id":18532,"date":"2024-05-02T09:59:19","date_gmt":"2024-05-02T07:59:19","guid":{"rendered":"https:\/\/www.harzer-wandernadel.de\/stempelcentre\/huy-fallstein\/"},"modified":"2026-01-29T12:50:21","modified_gmt":"2026-01-29T11:50:21","slug":"huy-fallstein","status":"publish","type":"page","link":"https:\/\/www.harzer-wandernadel.de\/da\/stempelcentre\/huy-fallstein\/","title":{"rendered":"Huy-Fallstein"},"content":{"rendered":"\n<h2 class=\"wp-block-heading\">Oplev en region, der ikke lader noget tilbage at&nbsp;\u00f8nske.<\/h2>\n\n<h3 class=\"wp-block-heading\"><em>Harzer Wandernadel-h\u00e6fte<\/em><\/h3>\n\n<div class=\"wp-block-group is-nowrap is-layout-flex wp-container-core-group-is-layout-6c531013 wp-block-group-is-layout-flex\">\n<p>Til\u00adsy\u00adne\u00adla\u00adden\u00adde ende\u00adl\u00f8\u00adse vid\u00adder med fan\u00adta\u00adstisk udsigt over Harzens for\u00adland til Bro\u00adck\u00aden ven\u00adter p\u00e5 dig, samt over 1.000 \u00e5rs histo\u00adrie i&nbsp;lands\u00adby\u00ader\u00adne Osterwieck og&nbsp;Huy.<\/p>\n<\/div>\n\n<p>Med 15 s\u00e6r\u00adli\u00adge fri\u00adm\u00e6r\u00adke\u00adkas\u00adser, der er opstil\u00adlet spe\u00adci\u00adelt til det\u00adte for\u00adm\u00e5l p\u00e5 sev\u00e6r\u00addi\u00adge ste\u00adder, og 5&nbsp;eksi\u00adste\u00adren\u00adde pla\u00adce\u00adrin\u00adger af de s\u00e6r\u00adli\u00adge slot\u00adte &amp;&nbsp;palad\u00adser-fri\u00adm\u00e6r\u00adker, inde\u00adhol\u00adder fri\u00adm\u00e6r\u00adke\u00adh\u00e6f\u00adtet i&nbsp;alt 20 fri\u00adm\u00e6r\u00adke\u00adfel\u00adter, som du skal udfyl\u00adde med de respek\u00adti\u00adve fri\u00adm\u00e6r\u00adker. En til\u00adsva\u00adren\u00adde teman\u00e5l ven\u00adter p\u00e5 dig ved desti\u00adna\u00adtio\u00adnen for det udfyld\u00adte&nbsp;h\u00e6fte.&nbsp;<\/p>\n\n<p>H\u00e6f\u00adtet er til\u00adg\u00e6n\u00adge\u00adligt p\u00e5 alle turi\u00adst\u00adin\u00adfor\u00adma\u00adtions\u00adcen\u00adtre, p\u00e5 Harzer Wan\u00adder\u00adna\u00addels ser\u00advi\u00adce\u00adkon\u00adtor eller i&nbsp;vores onli\u00adne&nbsp;shop.<\/p>\n\n<div class=\"wp-block-stackable-columns stk-block-columns stk-block stk-7c8cde7\" data-block-id=\"7c8cde7\"><style>.stk-7c8cde7 {margin-bottom:0px !important;}<\/style><div class=\"stk-row stk-inner-blocks stk-block-content stk-content-align stk-7c8cde7-column\">\n<div class=\"wp-block-stackable-column stk-block-column stk-column stk-block stk-cea6b52\" data-v=\"4\" data-block-id=\"cea6b52\"><style>.stk-cea6b52 {overflow:auto !important;}<\/style><div class=\"stk-column-wrapper stk-block-column__content stk-container stk-cea6b52-container stk--no-background stk--no-padding\"><div class=\"stk-block-content stk-inner-blocks stk-cea6b52-inner-blocks\">\n<figure style=\"margin-top:6vh\" class=\"wp-block-table\"><table><thead><tr><th scope=\"col\">Stem\u00adpel\u00adcen\u00adtre<\/th><th scope=\"col\">Bred\u00adde N<\/th><th scope=\"col\">L\u00e6ng\u00adde&nbsp;E<\/th><\/tr><\/thead><tbody><tr><td><strong>Sch\u00e4\u00adfers Hof Osterwieck<\/strong><\/td><td>  51.970381<\/td><td>  10.71379<\/td><\/tr><tr><td><strong>Bis\u00admarck-t\u00e5r\u00adnet Osterwieck<\/strong><\/td><td>  51.986859<\/td><td>  10.711622<\/td><\/tr><tr><td><strong>St\u00f6t\u00adter\u00adlin\u00adgen\u00adburg L\u00fcttgenrode<\/strong><\/td><td>  51.967669<\/td><td>  10.666592<\/td><\/tr><tr><td><strong>Hop\u00adpen\u00adstedt stenbrud<\/strong><\/td><td>  51.999244<\/td><td>  10.659301<\/td><\/tr><tr><td><strong>Rho\u00adden gr\u00e6nset\u00e5rn<\/strong><\/td><td>  52.010726<\/td><td>  10.636819<\/td><\/tr><tr><td><strong>Deers\u00adheim<\/strong><\/td><td>  51.979573<\/td><td>  10.779755<\/td><\/tr><tr><td><strong>Zil\u00adly vandborg<\/strong><\/td><td>  51.94310<\/td><td>  10.82520<\/td><\/tr><tr><td><strong>Hes\u00adse&nbsp;Slot<\/strong><\/td><td>  52.01870<\/td><td>  10.78180<\/td><\/tr><tr><td><strong>Dru\u00adi\u00adberg vindm\u00f8llepark<\/strong><\/td><td>  51.984798<\/td><td>  10.848555<\/td><\/tr><tr><td><strong>Hei\u00adket\u00adalwar\u00adte<\/strong><\/td><td>  51.957371<\/td><td>  10.883202<\/td><\/tr><tr><td><strong>Bader\u00ads\u00adle\u00adben&nbsp;m\u00f8lle<\/strong><\/td><td>  51.979887<\/td><td>  10.894441<\/td><\/tr><tr><td><strong>Lin\u00adde\u00adtr\u00e6 Vogelsdorf<\/strong><\/td><td>  52.012116<\/td><td>  10.898834<\/td><\/tr><tr><td><strong>Dede\u00adle\u00adben Lokal\u00adhi\u00adsto\u00adri\u00adske Museum<\/strong><\/td><td>  52.033838<\/td><td>  10.891779<\/td><\/tr><tr><td><strong>Wester\u00adburg vandborg<\/strong><\/td><td>  52.01530<\/td><td>  10.86640<\/td><\/tr><tr><td><b>Kil\u00adde: Pie\u00adpen\u00adpal Huy-Neinstedt<\/b><\/td><td>  51.964208<\/td><td>  10.914785<\/td><\/tr><tr><td><strong>Ble\u00adch\u00adbu\u00adde Wilhelmshall<\/strong><\/td><td>  51.96092<\/td><td>  10.945868<\/td><\/tr><tr><td><b>Daneils hule<\/b><\/td><td>  51.962467<\/td><td>  10.987304<\/td><\/tr><tr><td><strong>Glets\u00adcher\u00adgry\u00adder<\/strong><\/td><td>  51.957019<\/td><td>  10.913999<\/td><\/tr><tr><td><strong>Huys\u00adburg&nbsp;Slot<\/strong><\/td><td>  51.95900<\/td><td>  11.00100<\/td><\/tr><tr><td><strong>Schlan\u00adstedt&nbsp;Slot<\/strong><\/td><td>  52.01044<\/td><td>  11.02971<\/td><\/tr><\/tbody><\/table><\/figure>\n<\/div><\/div><\/div>\n<\/div><\/div>\n\n<figure class=\"wp-block-image size-large is-resized\"><a href=\"https:\/\/www.harzer-wandernadel-shop.de\/Begleitheft-Huy-Fallstein-DIN-A6\"><img decoding=\"async\" width=\"789\" height=\"1024\" src=\"https:\/\/www.harzer-wandernadel.de\/wp-content\/uploads\/2025\/10\/hwn-29-789x1024.jpg\" alt=\"Tulipaner med vandreh\u00e6fte Huy-Fallstein p\u00e5 tr\u00e6bord\" class=\"wp-image-16036\" style=\"width:287px;height:auto\" srcset=\"https:\/\/www.harzer-wandernadel.de\/wp-content\/uploads\/2025\/10\/hwn-29-789x1024.jpg 789w, https:\/\/www.harzer-wandernadel.de\/wp-content\/uploads\/2025\/10\/hwn-29-231x300.jpg 231w, https:\/\/www.harzer-wandernadel.de\/wp-content\/uploads\/2025\/10\/hwn-29-768x996.jpg 768w, https:\/\/www.harzer-wandernadel.de\/wp-content\/uploads\/2025\/10\/hwn-29-1184x1536.jpg 1184w, https:\/\/www.harzer-wandernadel.de\/wp-content\/uploads\/2025\/10\/hwn-29-1578x2048.jpg 1578w, https:\/\/www.harzer-wandernadel.de\/wp-content\/uploads\/2025\/10\/hwn-29-scaled.jpg 1973w\" sizes=\"(max-width: 789px) 100vw, 789px\"><\/a><\/figure>\n","protected":false},"excerpt":{"rendered":"<p>Oplev en region, der ikke lader noget til\u00adba\u00adge at&nbsp;\u00f8nske. Harzer Wan\u00adder\u00adna\u00addel-h\u00e6f\u00adte Til\u00adsy\u00adne\u00adla\u00adden\u00adde ende\u00adl\u00f8\u00adse vid\u00adder med fan\u00adta\u00adstisk udsigt over Harzens for\u00adland til Bro\u00adck\u00aden ven\u00adter p\u00e5 dig, samt over 1.000 \u00e5rs histo\u00adrie i&nbsp;lands\u00adby\u00ader\u00adne Osterwieck og&nbsp;Huy. Med 15 s\u00e6r\u00adli\u00adge fri\u00adm\u00e6r\u00adke\u00adkas\u00adser, der er opstil\u00adlet spe\u00adci\u00adelt til det\u00adte for\u00adm\u00e5l p\u00e5 sev\u00e6r\u00addi\u00adge ste\u00adder, og 5&nbsp;eksi\u00adste\u00adren\u00adde pla\u00adce\u00adrin\u00adger af de s\u00e6r\u00adli\u00adge slot\u00adte &amp;&nbsp;paladser-frim\u00e6rker,&nbsp;[\u2026]<\/p>\n","protected":false},"author":1,"featured_media":13747,"parent":17789,"menu_order":2740,"comment_status":"closed","ping_status":"closed","template":"","meta":{"_seopress_robots_primary_cat":"","_seopress_titles_title":"","_seopress_titles_desc":"","_seopress_robots_index":"","wp_typography_post_enhancements_disabled":false,"iawp_total_views":2,"footnotes":""},"hf_cat_page":[],"class_list":["post-18532","page","type-page","status-publish","has-post-thumbnail"],"blocksy_meta":[],"_links":{"self":[{"href":"https:\/\/www.harzer-wandernadel.de\/da\/wp-json\/wp\/v2\/pages\/18532","targetHints":{"allow":["GET"]}}],"collection":[{"href":"https:\/\/www.harzer-wandernadel.de\/da\/wp-json\/wp\/v2\/pages"}],"about":[{"href":"https:\/\/www.harzer-wandernadel.de\/da\/wp-json\/wp\/v2\/types\/page"}],"author":[{"embeddable":true,"href":"https:\/\/www.harzer-wandernadel.de\/da\/wp-json\/wp\/v2\/users\/1"}],"replies":[{"embeddable":true,"href":"https:\/\/www.harzer-wandernadel.de\/da\/wp-json\/wp\/v2\/comments?post=18532"}],"version-history":[{"count":1,"href":"https:\/\/www.harzer-wandernadel.de\/da\/wp-json\/wp\/v2\/pages\/18532\/revisions"}],"predecessor-version":[{"id":18537,"href":"https:\/\/www.harzer-wandernadel.de\/da\/wp-json\/wp\/v2\/pages\/18532\/revisions\/18537"}],"up":[{"embeddable":true,"href":"https:\/\/www.harzer-wandernadel.de\/da\/wp-json\/wp\/v2\/pages\/17789"}],"wp:featuredmedia":[{"embeddable":true,"href":"https:\/\/www.harzer-wandernadel.de\/da\/wp-json\/wp\/v2\/media\/13747"}],"wp:attachment":[{"href":"https:\/\/www.harzer-wandernadel.de\/da\/wp-json\/wp\/v2\/media?parent=18532"}],"wp:term":[{"taxonomy":"hf_cat_page","embeddable":true,"href":"https:\/\/www.harzer-wandernadel.de\/da\/wp-json\/wp\/v2\/hf_cat_page?post=18532"}],"curies":[{"name":"wp","href":"https:\/\/api.w.org\/{rel}","templated":true}]}}