{"id":18503,"date":"2016-02-17T12:34:43","date_gmt":"2016-02-17T11:34:43","guid":{"rendered":"https:\/\/www.harzer-wandernadel.de\/stempelcentre\/oversigtskort\/frimaerkepunkt-41-koenigsburgs-ruiner\/"},"modified":"2026-02-28T14:42:21","modified_gmt":"2026-02-28T13:42:21","slug":"frimaerkepunkt-41-koenigsburgs-ruiner","status":"publish","type":"page","link":"https:\/\/www.harzer-wandernadel.de\/da\/stempelcentre\/oversigtskort\/frimaerkepunkt-41-koenigsburgs-ruiner\/","title":{"rendered":"Frim\u00e6rkepunkt 41 \/ K\u00f6nigsburgs ruiner"},"content":{"rendered":"\n<h2 class=\"wp-block-heading\">K\u00f6nigsburg Slot (486&nbsp;meter over havets overflade) ligger i&nbsp;udkanten af K\u00f6nigsh\u00fctte i&nbsp;retning af Tanne, let h\u00e6vet p\u00e5 en&nbsp;bakke.<\/h2>\n\n<div class=\"wp-block-stackable-image alignwide stk-block-image stk-block stk-89e1006\" data-block-id=\"89e1006\"><style>.stk-89e1006 {margin-top:3% !important;margin-bottom:3% !important;}<\/style><figure><span class=\"stk-img-wrapper stk-image--shape-stretch stk--has-lightbox\"><img decoding=\"async\" width=\"2048\" height=\"1536\" src=\"https:\/\/www.harzer-wandernadel.de\/wp-content\/uploads\/2016\/02\/HWN-41-Ruine-K\u00f6nigsburg.jpg\" class=\"attachment-full size-full wp-post-image\" alt=\"Burgruine im Wald mit gr\u00fcner Natur\" srcset=\"https:\/\/www.harzer-wandernadel.de\/wp-content\/uploads\/2016\/02\/HWN-41-Ruine-K\u00f6nigsburg.jpg 2048w, https:\/\/www.harzer-wandernadel.de\/wp-content\/uploads\/2016\/02\/HWN-41-Ruine-K\u00f6nigsburg-300x225.jpg 300w, https:\/\/www.harzer-wandernadel.de\/wp-content\/uploads\/2016\/02\/HWN-41-Ruine-K\u00f6nigsburg-768x576.jpg 768w, https:\/\/www.harzer-wandernadel.de\/wp-content\/uploads\/2016\/02\/HWN-41-Ruine-K\u00f6nigsburg-1024x768.jpg 1024w, https:\/\/www.harzer-wandernadel.de\/wp-content\/uploads\/2016\/02\/HWN-41-Ruine-K\u00f6nigsburg-250x188.jpg 250w, https:\/\/www.harzer-wandernadel.de\/wp-content\/uploads\/2016\/02\/HWN-41-Ruine-K\u00f6nigsburg-624x468.jpg 624w\" sizes=\"(max-width: 2048px) 100vw, 2048px\"><\/span><\/figure><\/div>\n\n<p>Det er et \u00e6delt slot fra 13. \/ 14. \u00e5rhund\u00adre\u00adde. Ikke ale\u00adne er dele af bor\u00adgen beva\u00adret her, men bor\u00adgens vold\u00adgra\u00adve og vol\u00adde er ogs\u00e5 tyde\u00adligt gen\u00adken\u00adde\u00adli\u00adge. Bor\u00adgen ser ud til at have tjent til at beskyt\u00adte gr\u00e6n\u00adsen til bis\u00adpe\u00add\u00f8m\u00admet Hal\u00adber\u00adstadt, som l\u00f8b langs flo\u00adden&nbsp;Bode.&nbsp;<\/p>\n\n<p>Fra van\u00addre\u00adpar\u00adke\u00adrin\u00adgen neden\u00adfor rui\u00adner\u00adne kryd\u00adser du War\u00adme Bode og f\u00f8l\u00adger de afm\u00e6r\u00adke\u00adde sti\u00ader til K\u00f6nigs\u00adburg Slot. Det er en god id\u00e9 at fort\u00ads\u00e6t\u00adte van\u00addre\u00adtu\u00adren via den nord\u00adli\u00adge rute af Harzer Hek\u00adsestien til <a href=\"https:\/\/www.harzer-wandernadel.de\/da\/stempelcentre\/oversigtskort\/stempelpunkt-42-trogfurther-bridge\/\" data-type=\"page\" data-id=\"717\">Trog\u00adfurt\u00adher\u00adbro\u00aden HWN 42.<\/a>  <\/p>\n\n<p>Du kan ogs\u00e5 fort\u00ads\u00e6t\u00adte langs den syd\u00adli\u00adge rute af Harzer Hexen\u00adstieg til Rap\u00adpbo\u00adde\u00adbli\u00adck <a href=\"https:\/\/www.harzer-wandernadel.de\/da\/stempelcentre\/oversigtskort\/stempelpunkt-56-rappbodeblick-trautenstein\/\" data-type=\"page\" data-id=\"792\">Trau\u00adtenste\u00adin HWN 56<\/a> og <a href=\"https:\/\/www.harzer-wandernadel.de\/stempelstellen\/uebersichtskarte\/stempelstelle-52-trageburg-am-hexenstieg\/\" data-type=\"page\" data-id=\"742\">Tra\u00adge\u00adburg HWN 52.<\/a> <\/p>\n\n<div class=\"wp-block-buttons is-layout-flex wp-block-buttons-is-layout-flex\">\n<div class=\"wp-block-button\"><a class=\"wp-block-button__link wp-element-button\" href=\"https:\/\/harzer-bergwald.de\/index.php\/wandertouren\/romantiktouren\/22-rund-um-koenigshuette\" target=\"_blank\" rel=\"noreferrer noopener\">Tour tip Harzen bjergskov&nbsp;\u201c<\/a><\/div>\n<\/div>\n","protected":false},"excerpt":{"rendered":"<p>K\u00f6nigs\u00adburg Slot (486&nbsp;meter over havets over\u00adfla\u00adde) lig\u00adger i&nbsp;udkan\u00adten af K\u00f6nigs\u00adh\u00fct\u00adte i&nbsp;ret\u00adning af Tan\u00adne, let h\u00e6vet p\u00e5 en&nbsp;bak\u00adke. Det er et \u00e6delt slot fra 13. \/ 14. \u00e5rhund\u00adre\u00adde. Ikke ale\u00adne er dele af bor\u00adgen beva\u00adret her, men bor\u00adgens vold\u00adgra\u00adve og vol\u00adde er ogs\u00e5 tyde\u00adligt gen\u00adken\u00adde\u00adli\u00adge. Bor\u00adgen ser ud til at have tjent til at beskyt\u00adte gr\u00e6nsen&nbsp;[\u2026]<\/p>\n","protected":false},"author":11,"featured_media":12493,"parent":17792,"menu_order":10041,"comment_status":"closed","ping_status":"closed","template":"","meta":{"_seopress_robots_primary_cat":"","_seopress_titles_title":"","_seopress_titles_desc":"","_seopress_robots_index":"","wp_typography_post_enhancements_disabled":false,"iawp_total_views":1,"footnotes":""},"hf_cat_page":[120],"class_list":["post-18503","page","type-page","status-publish","has-post-thumbnail"],"blocksy_meta":[],"_links":{"self":[{"href":"https:\/\/www.harzer-wandernadel.de\/da\/wp-json\/wp\/v2\/pages\/18503","targetHints":{"allow":["GET"]}}],"collection":[{"href":"https:\/\/www.harzer-wandernadel.de\/da\/wp-json\/wp\/v2\/pages"}],"about":[{"href":"https:\/\/www.harzer-wandernadel.de\/da\/wp-json\/wp\/v2\/types\/page"}],"author":[{"embeddable":true,"href":"https:\/\/www.harzer-wandernadel.de\/da\/wp-json\/wp\/v2\/users\/11"}],"replies":[{"embeddable":true,"href":"https:\/\/www.harzer-wandernadel.de\/da\/wp-json\/wp\/v2\/comments?post=18503"}],"version-history":[{"count":2,"href":"https:\/\/www.harzer-wandernadel.de\/da\/wp-json\/wp\/v2\/pages\/18503\/revisions"}],"predecessor-version":[{"id":24744,"href":"https:\/\/www.harzer-wandernadel.de\/da\/wp-json\/wp\/v2\/pages\/18503\/revisions\/24744"}],"up":[{"embeddable":true,"href":"https:\/\/www.harzer-wandernadel.de\/da\/wp-json\/wp\/v2\/pages\/17792"}],"wp:featuredmedia":[{"embeddable":true,"href":"https:\/\/www.harzer-wandernadel.de\/da\/wp-json\/wp\/v2\/media\/12493"}],"wp:attachment":[{"href":"https:\/\/www.harzer-wandernadel.de\/da\/wp-json\/wp\/v2\/media?parent=18503"}],"wp:term":[{"taxonomy":"hf_cat_page","embeddable":true,"href":"https:\/\/www.harzer-wandernadel.de\/da\/wp-json\/wp\/v2\/hf_cat_page?post=18503"}],"curies":[{"name":"wp","href":"https:\/\/api.w.org\/{rel}","templated":true}]}}