{"id":18492,"date":"2016-02-16T14:27:35","date_gmt":"2016-02-16T13:27:35","guid":{"rendered":"https:\/\/www.harzer-wandernadel.de\/stempelcentre\/oversigtskort\/stempelpunkt-35-armeleuteberg-kro\/"},"modified":"2026-02-28T14:42:18","modified_gmt":"2026-02-28T13:42:18","slug":"stempelpunkt-35-armeleuteberg-kro","status":"publish","type":"page","link":"https:\/\/www.harzer-wandernadel.de\/da\/stempelcentre\/oversigtskort\/stempelpunkt-35-armeleuteberg-kro\/","title":{"rendered":"Stempelpunkt 35 \/ Armeleuteberg kro"},"content":{"rendered":"\n<h2 class=\"wp-block-heading\">Pensionatet Armeleuteberg ligger over Wernigerode og kan n\u00e5s via Salzbergstra\u00dfe og parkeringspladsen F\u00f6rsterplatz.<\/h2>\n\n<div class=\"wp-block-stackable-image alignwide stk-block-image stk-block stk-89e1006\" data-block-id=\"89e1006\"><style>.stk-89e1006 {margin-top:3% !important;margin-bottom:3% !important;}<\/style><figure><span class=\"stk-img-wrapper stk-image--shape-stretch stk--has-lightbox\"><img decoding=\"async\" width=\"800\" height=\"600\" src=\"https:\/\/www.harzer-wandernadel.de\/wp-content\/uploads\/2016\/02\/Armeleuteberg1.jpg\" class=\"attachment-full size-full wp-post-image\" alt=\"Hyggelig \u00f8lhave med tr\u00e6borde og parasoller\" srcset=\"https:\/\/www.harzer-wandernadel.de\/wp-content\/uploads\/2016\/02\/Armeleuteberg1.jpg 800w, https:\/\/www.harzer-wandernadel.de\/wp-content\/uploads\/2016\/02\/Armeleuteberg1-300x225.jpg 300w, https:\/\/www.harzer-wandernadel.de\/wp-content\/uploads\/2016\/02\/Armeleuteberg1-768x576.jpg 768w, https:\/\/www.harzer-wandernadel.de\/wp-content\/uploads\/2016\/02\/Armeleuteberg1-250x188.jpg 250w, https:\/\/www.harzer-wandernadel.de\/wp-content\/uploads\/2016\/02\/Armeleuteberg1-624x468.jpg 624w\" sizes=\"(max-width: 800px) 100vw, 800px\"><\/span><\/figure><\/div>\n\n<p>Den 1. maj 1464 done\u00adre\u00adde Hein\u00adrich Graf zu Stol\u00adberg og byen Wer\u00adni\u00adgero\u00adde det 478&nbsp;meter h\u00f8je Peters\u00adberg fra deres sko\u00adve\u00adjen\u00addom til St. Geor\u00adgii-hospi\u00adta\u00adlet i&nbsp;Wer\u00adni\u00adgero\u00adde. Den nye bjer\u00adge\u00adjen\u00addom kom de man\u00adge fat\u00adti\u00adge syge men\u00adne\u00adsker til gode, hvoraf nog\u00adle ogs\u00e5 var ramt af spe\u00addalsk\u00adhed. Bjer\u00adgets navn, som tid\u00adli\u00adge\u00adre var dedi\u00adke\u00adret til Sankt Peter, blev snart \u00e6ndret til \u201eder arme Lude holt\u201c og fra 1671 til \u201eArmeleu\u00adte\u00adberg\u201c.  <\/p>\n\n<p>Efter opf\u00f8\u00adrel\u00adsen af spring\u00advan\u00addet i&nbsp;1905 p\u00e5 F\u00f6rster\u00adp\u00adlatz, hvor sko\u00adv\u00adfo\u00adged\u00adbo\u00adli\u00adgen har st\u00e5\u00adet siden 1928, lod Sau\u00ader\u00adbrun\u00adnen-fabri\u00adkan\u00adten Karl Ermi\u00adsch byg\u00adge et hus, som blev \u00e5bnet den 20. maj 1906 som \u201eBerg\u00adho\u00adtel Armeleu\u00adte\u00adberg\u201c med restau\u00adrant og seks g\u00e6stev\u00e6relser.<\/p>\n\n<div class=\"wp-block-buttons is-layout-flex wp-block-buttons-is-layout-flex\">\n<div class=\"wp-block-button\"><a class=\"wp-block-button__link wp-element-button\" href=\"https:\/\/www.armeleuteberg.de\/\" target=\"_blank\" rel=\"noreferrer noopener\">Armeleu\u00adte\u00adberg \u201c<\/a><\/div>\n<\/div>\n\n<p>Bjerg\u00adkro\u00aden har v\u00e6ret fami\u00adlie\u00ade\u00adjet siden 1990 og byder p\u00e5 typisk Harzen-mad og \u2011drik\u00adke i&nbsp;en hyg\u00adge\u00adlig atmos\u00adf\u00e6\u00adre. \u201eWer\u00adni\u00adgero\u00adde Fairyta\u00adle Trail\u201c blev skabt p\u00e5 ini\u00adti\u00ada\u00adtiv af krov\u00e6r\u00adten p\u00e5 Armeleu\u00adte\u00adberg, Chris&nbsp;Krebs.&nbsp;<\/p>\n\n<p>P\u00e5 otte sta\u00adtio\u00adner peger tav\u00adler med g\u00e5de\u00adful\u00adde sp\u00f8rgs\u00adm\u00e5l p\u00e5 kend\u00adte sagn og even\u00adtyr. I&nbsp;Rapun\u00adzels, Hans og Gre\u00adtels og andres fod\u00adspor kan b\u00f8r\u00adne\u00adne ind\u00adsam\u00adle vig\u00adti\u00adge oplys\u00adnin\u00adger om natu\u00adren og dyre\u00adli\u00advet i&nbsp;Wer\u00adni\u00adger\u00f6\u00adder Wald, som hver is\u00e6r bidra\u00adger til at l\u00f8se en&nbsp;g\u00e5de.&nbsp;<\/p>\n\n<p>Even\u00adtyrstien f\u00f8rer over bak\u00adker og dale, fra feri\u00ade\u00adpar\u00adken Has\u00adser\u00f6\u00adder, roman\u00adtisk gen\u00adnem den luk\u00adke\u00adde skov, langs Nes\u00adsel-b\u00e6k\u00adken, op til den typi\u00adske Harzen-eng \u201eHosen\u00adbe\u00adinwie\u00adse\u201c. Der\u00adef\u00adter kryd\u00adser den F\u00f6rster\u00adp\u00adlatz under sko\u00adv\u00adkro\u00aden \u201eArmeleu\u00adte\u00adberg\u201c og ender til sidst ved Kai\u00adser\u00adturm \u2013 even\u00adtyrstiens h\u00f8je\u00adste punkt p\u00e5 478&nbsp;meter over havets overflade.&nbsp;<\/p>\n\n<p>Som bel\u00f8n\u00adning f\u00e5r b\u00f8r\u00adne\u00adne en over\u00adra\u00adskel\u00adse og et s\u00e6r\u00adligt Harzer Wan\u00adder\u00adna\u00addel-stem\u00adpel p\u00e5 sko\u00adv\u00adkro\u00aden \u201eArmeleu\u00adte\u00adberg\u201c.<\/p>\n","protected":false},"excerpt":{"rendered":"<p>Pen\u00adsio\u00adna\u00adtet Armeleu\u00adte\u00adberg lig\u00adger over Wer\u00adni\u00adgero\u00adde og kan n\u00e5s via Salz\u00adbergstra\u00dfe og par\u00adke\u00adrings\u00adplad\u00adsen F\u00f6rster\u00adp\u00adlatz. Den 1. maj 1464 done\u00adre\u00adde Hein\u00adrich Graf zu Stol\u00adberg og byen Wer\u00adni\u00adgero\u00adde det 478&nbsp;meter h\u00f8je Peters\u00adberg fra deres sko\u00adve\u00adjen\u00addom til St. Geor\u00ad\u00adgii-hospi\u00adta\u00adlet i&nbsp;Wer\u00adni\u00adgero\u00adde. Den nye bjer\u00adge\u00adjen\u00addom kom de man\u00adge fat\u00adti\u00adge syge men\u00adne\u00adsker til gode, hvoraf nog\u00adle ogs\u00e5 var ramt af spe\u00addalsk\u00adhed. Bjergets&nbsp;[\u2026]<\/p>\n","protected":false},"author":11,"featured_media":12388,"parent":17792,"menu_order":10035,"comment_status":"closed","ping_status":"closed","template":"","meta":{"_seopress_robots_primary_cat":"","_seopress_titles_title":"","_seopress_titles_desc":"","_seopress_robots_index":"","wp_typography_post_enhancements_disabled":false,"iawp_total_views":0,"footnotes":""},"hf_cat_page":[120],"class_list":["post-18492","page","type-page","status-publish","has-post-thumbnail"],"blocksy_meta":[],"_links":{"self":[{"href":"https:\/\/www.harzer-wandernadel.de\/da\/wp-json\/wp\/v2\/pages\/18492","targetHints":{"allow":["GET"]}}],"collection":[{"href":"https:\/\/www.harzer-wandernadel.de\/da\/wp-json\/wp\/v2\/pages"}],"about":[{"href":"https:\/\/www.harzer-wandernadel.de\/da\/wp-json\/wp\/v2\/types\/page"}],"author":[{"embeddable":true,"href":"https:\/\/www.harzer-wandernadel.de\/da\/wp-json\/wp\/v2\/users\/11"}],"replies":[{"embeddable":true,"href":"https:\/\/www.harzer-wandernadel.de\/da\/wp-json\/wp\/v2\/comments?post=18492"}],"version-history":[{"count":1,"href":"https:\/\/www.harzer-wandernadel.de\/da\/wp-json\/wp\/v2\/pages\/18492\/revisions"}],"predecessor-version":[{"id":18494,"href":"https:\/\/www.harzer-wandernadel.de\/da\/wp-json\/wp\/v2\/pages\/18492\/revisions\/18494"}],"up":[{"embeddable":true,"href":"https:\/\/www.harzer-wandernadel.de\/da\/wp-json\/wp\/v2\/pages\/17792"}],"wp:featuredmedia":[{"embeddable":true,"href":"https:\/\/www.harzer-wandernadel.de\/da\/wp-json\/wp\/v2\/media\/12388"}],"wp:attachment":[{"href":"https:\/\/www.harzer-wandernadel.de\/da\/wp-json\/wp\/v2\/media?parent=18492"}],"wp:term":[{"taxonomy":"hf_cat_page","embeddable":true,"href":"https:\/\/www.harzer-wandernadel.de\/da\/wp-json\/wp\/v2\/hf_cat_page?post=18492"}],"curies":[{"name":"wp","href":"https:\/\/api.w.org\/{rel}","templated":true}]}}