{"id":18487,"date":"2016-02-17T12:36:50","date_gmt":"2016-02-17T11:36:50","guid":{"rendered":"https:\/\/www.harzer-wandernadel.de\/stempelcentre\/oversigtskort\/stempelpunkt-42-trogfurther-bridge\/"},"modified":"2026-02-28T14:42:21","modified_gmt":"2026-02-28T13:42:21","slug":"stempelpunkt-42-trogfurther-bridge","status":"publish","type":"page","link":"https:\/\/www.harzer-wandernadel.de\/da\/stempelcentre\/oversigtskort\/stempelpunkt-42-trogfurther-bridge\/","title":{"rendered":"Stempelpunkt 42 \/ Trogfurther Bridge"},"content":{"rendered":"\n<h2 class=\"wp-block-heading\">Stempelstationen Trogfurther Br\u00fccke (425&nbsp;m&nbsp;over havets overflade) ligger ved d\u00e6mningsmuren til K\u00f6nigsh\u00fctte-overl\u00f8bsd\u00e6mningen.<\/h2>\n\n<div class=\"wp-block-stackable-image alignwide stk-block-image stk-block stk-89e1006\" data-block-id=\"89e1006\"><style>.stk-89e1006 {margin-top:3% !important;margin-bottom:3% !important;}<\/style><figure><span class=\"stk-img-wrapper stk-image--shape-stretch stk--has-lightbox\"><img decoding=\"async\" width=\"2048\" height=\"1536\" src=\"https:\/\/www.harzer-wandernadel.de\/wp-content\/uploads\/2016\/02\/HWN-42-Trogfurther-Br\u00fccke.jpg\" class=\"attachment-full size-full wp-post-image\" alt=\"Reservoir med skov og lille bygning p\u00e5 bredden\" srcset=\"https:\/\/www.harzer-wandernadel.de\/wp-content\/uploads\/2016\/02\/HWN-42-Trogfurther-Br\u00fccke.jpg 2048w, https:\/\/www.harzer-wandernadel.de\/wp-content\/uploads\/2016\/02\/HWN-42-Trogfurther-Br\u00fccke-300x225.jpg 300w, https:\/\/www.harzer-wandernadel.de\/wp-content\/uploads\/2016\/02\/HWN-42-Trogfurther-Br\u00fccke-768x576.jpg 768w, https:\/\/www.harzer-wandernadel.de\/wp-content\/uploads\/2016\/02\/HWN-42-Trogfurther-Br\u00fccke-1024x768.jpg 1024w, https:\/\/www.harzer-wandernadel.de\/wp-content\/uploads\/2016\/02\/HWN-42-Trogfurther-Br\u00fccke-250x188.jpg 250w, https:\/\/www.harzer-wandernadel.de\/wp-content\/uploads\/2016\/02\/HWN-42-Trogfurther-Br\u00fccke-624x468.jpg 624w\" sizes=\"(max-width: 2048px) 100vw, 2048px\"><\/span><\/figure><\/div>\n\n<p>I man\u00adge \u00e5rhund\u00adre\u00adder var Trog\u00adfurt\u00adher\u00adbro\u00aden over flo\u00adden Bode en vig\u00adtig del af han\u00addels\u00adru\u00adten fra Ita\u00adli\u00aden via Harzen til Skan\u00addi\u00adnavi\u00aden. Et vade\u00adsted blev f\u00f8r\u00adste gang n\u00e6vnt her i&nbsp;919 som \u201eTrogweg\u201c. <\/p>\n\n<p>Trog\u00adfurt\u00adher\u00adbro\u00aden blev byg\u00adget omkring 1740 af brud\u00adsten, som sand\u00adsyn\u00adlig\u00advis stam\u00adme\u00adde fra et for\u00adsvar\u00adst\u00e5rn i&nbsp;Susen\u00adburg. Et par dage f\u00f8r afslut\u00adnin\u00adgen p\u00e5 Anden Ver\u00addenskrig blev bro\u00aden spr\u00e6ngt i&nbsp;luf\u00adten af SS den 14. april&nbsp;1945.&nbsp;<\/p>\n\n<p>Efter\u00adf\u00f8l\u00adger\u00adkon\u00adstruk\u00adtio\u00adnen, en bro af arme\u00adret beton og tr\u00e6, blev over\u00adfl\u00f8\u00addig, da kon\u00adstruk\u00adtio\u00adnen af over\u00adl\u00f8bs\u00adr\u00f8\u00adret blev afslut\u00adtet den 24. august 1956. D\u00e6m\u00adnin\u00adgen, som ogs\u00e5 i&nbsp;dag bru\u00adges til at kryd\u00adse Bode, lig\u00adger f\u00e5 meter \u00f8st for den tid\u00adli\u00adge\u00adre Trogfurtherbro.&nbsp;<\/p>\n\n<p>Fra van\u00addre\u00adpar\u00adke\u00adrin\u00adgen under <a href=\"https:\/\/www.harzer-wandernadel.de\/stempelstellen\/uebersichtskarte\/stempelstelle-41-ruine-koenigsburg\/\" data-type=\"page\" data-id=\"715\">K\u00f6nigs\u00adburg-rui\u00adnen HWN 41<\/a> f\u00f8l\u00adger man den nord\u00adli\u00adge rute mod R\u00fcbeland og pas\u00adse\u00adrer sam\u00admen\u00adl\u00f8\u00adbet af flo\u00adder\u00adne War\u00adme Bode og Kal\u00adte Bode til bro\u00aden Trog\u00adfurt\u00adher Br\u00fccke.<\/p>\n\n<div class=\"wp-block-buttons is-layout-flex wp-block-buttons-is-layout-flex\">\n<div class=\"wp-block-button\"><a class=\"wp-block-button__link wp-element-button\" href=\"https:\/\/harzer-bergwald.de\/index.php\/wandertouren\/romantiktouren\/22-rund-um-koenigshuette\" target=\"_blank\" rel=\"noreferrer noopener\">Tour tip Harzen bjergskov&nbsp;\u201c<\/a><\/div>\n<\/div>\n","protected":false},"excerpt":{"rendered":"<p>Stem\u00adpel\u00adsta\u00adtio\u00adnen Trog\u00adfurt\u00adher Br\u00fccke (425&nbsp;m&nbsp;over havets over\u00adfla\u00adde) lig\u00adger ved d\u00e6m\u00adnings\u00admu\u00adren til K\u00f6nigs\u00adh\u00fct\u00adte-over\u00adl\u00f8bs\u00add\u00e6m\u00adnin\u00adgen. I&nbsp;man\u00adge \u00e5rhund\u00adre\u00adder var Trog\u00adfurt\u00adher\u00adbro\u00aden over flo\u00adden Bode en vig\u00adtig del af han\u00addels\u00adru\u00adten fra Ita\u00adli\u00aden via Harzen til Skan\u00addi\u00adnavi\u00aden. Et vade\u00adsted blev f\u00f8r\u00adste gang n\u00e6vnt her i&nbsp;919 som \u201eTrogweg\u201c. Trog\u00adfurt\u00adher\u00adbro\u00aden blev byg\u00adget omkring 1740 af brud\u00adsten, som sand\u00adsyn\u00adlig\u00advis stam\u00adme\u00adde fra et for\u00adsvar\u00adst\u00e5rn i&nbsp;Susen\u00adburg.&nbsp;Et&nbsp;[\u2026]<\/p>\n","protected":false},"author":11,"featured_media":12496,"parent":17792,"menu_order":10042,"comment_status":"closed","ping_status":"closed","template":"","meta":{"_seopress_robots_primary_cat":"","_seopress_titles_title":"","_seopress_titles_desc":"","_seopress_robots_index":"","wp_typography_post_enhancements_disabled":false,"iawp_total_views":0,"footnotes":""},"hf_cat_page":[120],"class_list":["post-18487","page","type-page","status-publish","has-post-thumbnail"],"blocksy_meta":[],"_links":{"self":[{"href":"https:\/\/www.harzer-wandernadel.de\/da\/wp-json\/wp\/v2\/pages\/18487","targetHints":{"allow":["GET"]}}],"collection":[{"href":"https:\/\/www.harzer-wandernadel.de\/da\/wp-json\/wp\/v2\/pages"}],"about":[{"href":"https:\/\/www.harzer-wandernadel.de\/da\/wp-json\/wp\/v2\/types\/page"}],"author":[{"embeddable":true,"href":"https:\/\/www.harzer-wandernadel.de\/da\/wp-json\/wp\/v2\/users\/11"}],"replies":[{"embeddable":true,"href":"https:\/\/www.harzer-wandernadel.de\/da\/wp-json\/wp\/v2\/comments?post=18487"}],"version-history":[{"count":2,"href":"https:\/\/www.harzer-wandernadel.de\/da\/wp-json\/wp\/v2\/pages\/18487\/revisions"}],"predecessor-version":[{"id":24748,"href":"https:\/\/www.harzer-wandernadel.de\/da\/wp-json\/wp\/v2\/pages\/18487\/revisions\/24748"}],"up":[{"embeddable":true,"href":"https:\/\/www.harzer-wandernadel.de\/da\/wp-json\/wp\/v2\/pages\/17792"}],"wp:featuredmedia":[{"embeddable":true,"href":"https:\/\/www.harzer-wandernadel.de\/da\/wp-json\/wp\/v2\/media\/12496"}],"wp:attachment":[{"href":"https:\/\/www.harzer-wandernadel.de\/da\/wp-json\/wp\/v2\/media?parent=18487"}],"wp:term":[{"taxonomy":"hf_cat_page","embeddable":true,"href":"https:\/\/www.harzer-wandernadel.de\/da\/wp-json\/wp\/v2\/hf_cat_page?post=18487"}],"curies":[{"name":"wp","href":"https:\/\/api.w.org\/{rel}","templated":true}]}}