{"id":18472,"date":"2016-02-18T09:57:03","date_gmt":"2016-02-18T08:57:03","guid":{"rendered":"https:\/\/www.harzer-wandernadel.de\/stempelcentre\/oversigtskort\/stempelpunkt-56-rappbodeblick-trautenstein\/"},"modified":"2026-02-28T14:42:28","modified_gmt":"2026-02-28T13:42:28","slug":"stempelpunkt-56-rappbodeblick-trautenstein","status":"publish","type":"page","link":"https:\/\/www.harzer-wandernadel.de\/da\/stempelcentre\/oversigtskort\/stempelpunkt-56-rappbodeblick-trautenstein\/","title":{"rendered":"Stempelpunkt 56 \/ Rappbodeblick Trautenstein"},"content":{"rendered":"\n<h2 class=\"wp-block-heading\">Frim\u00e6rkestedet ligger p\u00e5 en skovvej over d\u00e6mningen til Rappbode-reservoiret p\u00e5 Harzens Heksevej fra Trautenstein til K\u00f6nigsh\u00fctte.<\/h2>\n\n<div class=\"wp-block-stackable-image alignwide stk-block-image stk-block stk-89e1006\" data-block-id=\"89e1006\"><style>.stk-89e1006 {margin-top:3% !important;margin-bottom:3% !important;}<\/style><figure><span class=\"stk-img-wrapper stk-image--shape-stretch stk--has-lightbox\"><img decoding=\"async\" width=\"3264\" height=\"1840\" src=\"https:\/\/www.harzer-wandernadel.de\/wp-content\/uploads\/2016\/02\/WP_20160609_16_31_35_Pro.jpg\" class=\"attachment-full size-full wp-post-image\" alt=\"D\u00e6mningsmur i skoven med omgivende tr\u00e6er\" srcset=\"https:\/\/www.harzer-wandernadel.de\/wp-content\/uploads\/2016\/02\/WP_20160609_16_31_35_Pro.jpg 3264w, https:\/\/www.harzer-wandernadel.de\/wp-content\/uploads\/2016\/02\/WP_20160609_16_31_35_Pro-300x169.jpg 300w, https:\/\/www.harzer-wandernadel.de\/wp-content\/uploads\/2016\/02\/WP_20160609_16_31_35_Pro-768x433.jpg 768w, https:\/\/www.harzer-wandernadel.de\/wp-content\/uploads\/2016\/02\/WP_20160609_16_31_35_Pro-1024x577.jpg 1024w, https:\/\/www.harzer-wandernadel.de\/wp-content\/uploads\/2016\/02\/WP_20160609_16_31_35_Pro-250x141.jpg 250w, https:\/\/www.harzer-wandernadel.de\/wp-content\/uploads\/2016\/02\/WP_20160609_16_31_35_Pro-624x352.jpg 624w\" sizes=\"(max-width: 3264px) 100vw, 3264px\"><\/span><\/figure><\/div>\n\n<p>Trau\u00adtenste\u00adin-afde\u00adlin\u00adgen af Harz\u00adklub har opstil\u00adlet en b\u00e6nk for\u00adan fri\u00adm\u00e6r\u00adke\u00adkas\u00adsen. Der\u00adfra har man en vidun\u00adder\u00adlig udsigt over den 24&nbsp;meter h\u00f8je og 134&nbsp;meter lan\u00adge d\u00e6m\u00adnings\u00admur. For\u00adh\u00e5nds\u00add\u00e6m\u00adnin\u00adger bru\u00adges til at ren\u00adse van\u00addet for snavs og uklar\u00adhe\u00adder. Van\u00addet opd\u00e6m\u00admes i&nbsp;for\u00add\u00e6m\u00adnin\u00adger\u00adne og str\u00f8m\u00admer der\u00adef\u00adter gen\u00adnem over\u00adl\u00f8\u00adbe\u00adne ud i&nbsp;\u00e5en og vide\u00adre ind i&nbsp;hovedd\u00e6mningen.&nbsp;<\/p>\n\n<p>Det bed\u00adste udgangs\u00adpunkt er van\u00addre\u00adpar\u00adke\u00adrin\u00adgen i&nbsp;cen\u00adtrum af Trau\u00adtenste\u00adin. F\u00f8lg skil\u00adte\u00adne fra Harz\u00adklub-gren\u00adfor\u00ade\u00adnin\u00adgen langs Rap\u00adpbo\u00addes h\u00f8j\u00adre bred, og efter en kort stig\u00adning kom\u00admer du til <a href=\"https:\/\/www.harzer-wandernadel.de\/stempelstellen\/uebersichtskarte\/stempelstelle-52-trageburg-am-hexenstieg\/\" data-type=\"page\" data-id=\"742\">Tra\u00adge\u00adburg HWN 52.<\/a> Her\u00adfra g\u00e5r du langs Harzer Hexen\u00adstieg over d\u00e6m\u00adnings\u00admu\u00adren, f\u00f8l\u00adger den bre\u00adde sko\u00advsti til h\u00f8j\u00adre, og efter en kort stig\u00adning kom\u00admer du til stempelpunktet.&nbsp;<\/p>\n","protected":false},"excerpt":{"rendered":"<p>Fri\u00adm\u00e6r\u00adke\u00adste\u00addet lig\u00adger p\u00e5 en sko\u00advvej over d\u00e6m\u00adnin\u00adgen til Rap\u00adpbo\u00adde-reser\u00advoi\u00adret p\u00e5 Harzens Hek\u00adse\u00advej fra Trau\u00adtenste\u00adin til K\u00f6nigs\u00adh\u00fct\u00adte. Trau\u00adtenste\u00adin-afde\u00adlin\u00ad\u00adgen af Harz\u00adklub har opstil\u00adlet en b\u00e6nk for\u00adan fri\u00adm\u00e6r\u00adke\u00adkas\u00adsen. Der\u00adfra har man en vidun\u00adder\u00adlig udsigt over den 24&nbsp;meter h\u00f8je og 134&nbsp;meter lan\u00adge d\u00e6m\u00adnings\u00admur. For\u00adh\u00e5nds\u00add\u00e6m\u00adnin\u00adger bru\u00adges til at ren\u00adse van\u00addet for snavs og uklar\u00adhe\u00adder. Van\u00addet opd\u00e6m\u00admes i&nbsp;for\u00add\u00e6m\u00adnin\u00adger\u00adne og str\u00f8m\u00admer derefter&nbsp;[\u2026]<\/p>\n","protected":false},"author":11,"featured_media":12520,"parent":17792,"menu_order":10056,"comment_status":"closed","ping_status":"closed","template":"","meta":{"_seopress_robots_primary_cat":"","_seopress_titles_title":"","_seopress_titles_desc":"","_seopress_robots_index":"","wp_typography_post_enhancements_disabled":false,"iawp_total_views":1,"footnotes":""},"hf_cat_page":[120],"class_list":["post-18472","page","type-page","status-publish","has-post-thumbnail"],"blocksy_meta":[],"_links":{"self":[{"href":"https:\/\/www.harzer-wandernadel.de\/da\/wp-json\/wp\/v2\/pages\/18472","targetHints":{"allow":["GET"]}}],"collection":[{"href":"https:\/\/www.harzer-wandernadel.de\/da\/wp-json\/wp\/v2\/pages"}],"about":[{"href":"https:\/\/www.harzer-wandernadel.de\/da\/wp-json\/wp\/v2\/types\/page"}],"author":[{"embeddable":true,"href":"https:\/\/www.harzer-wandernadel.de\/da\/wp-json\/wp\/v2\/users\/11"}],"replies":[{"embeddable":true,"href":"https:\/\/www.harzer-wandernadel.de\/da\/wp-json\/wp\/v2\/comments?post=18472"}],"version-history":[{"count":2,"href":"https:\/\/www.harzer-wandernadel.de\/da\/wp-json\/wp\/v2\/pages\/18472\/revisions"}],"predecessor-version":[{"id":24779,"href":"https:\/\/www.harzer-wandernadel.de\/da\/wp-json\/wp\/v2\/pages\/18472\/revisions\/24779"}],"up":[{"embeddable":true,"href":"https:\/\/www.harzer-wandernadel.de\/da\/wp-json\/wp\/v2\/pages\/17792"}],"wp:featuredmedia":[{"embeddable":true,"href":"https:\/\/www.harzer-wandernadel.de\/da\/wp-json\/wp\/v2\/media\/12520"}],"wp:attachment":[{"href":"https:\/\/www.harzer-wandernadel.de\/da\/wp-json\/wp\/v2\/media?parent=18472"}],"wp:term":[{"taxonomy":"hf_cat_page","embeddable":true,"href":"https:\/\/www.harzer-wandernadel.de\/da\/wp-json\/wp\/v2\/hf_cat_page?post=18472"}],"curies":[{"name":"wp","href":"https:\/\/api.w.org\/{rel}","templated":true}]}}