{"id":18463,"date":"2016-02-17T12:55:33","date_gmt":"2016-02-17T11:55:33","guid":{"rendered":"https:\/\/www.harzer-wandernadel.de\/stempelcentre\/oversigtskort\/frimaerkepunkt-46-graensemuseum-paa-erindringsringen\/"},"modified":"2026-02-28T14:42:23","modified_gmt":"2026-02-28T13:42:23","slug":"frimaerkepunkt-46-graensemuseum-paa-erindringsringen","status":"publish","type":"page","link":"https:\/\/www.harzer-wandernadel.de\/da\/stempelcentre\/oversigtskort\/frimaerkepunkt-46-graensemuseum-paa-erindringsringen\/","title":{"rendered":"Frim\u00e6rkepunkt 46 \/ Gr\u00e6nsemuseum p\u00e5 Erindringsringen"},"content":{"rendered":"\n<h2 class=\"wp-block-heading\">I udkanten af Sorge har foreningen \u201eGr\u00e6nsemuseum Sorge e.V.\u201c bevaret et gr\u00e6nsemuseum med et gr\u00e6nselandskab. Foreningens m\u00e5l er at holde mindet om tiden for Tysklands deling i&nbsp;live og at videregive viden om denne del af historien til fremtidige generationer ved hj\u00e6lp af originale genstande og nutidige dokumenter.&nbsp;<\/h2>\n\n<div class=\"wp-block-stackable-image alignwide stk-block-image stk-block stk-89e1006\" data-block-id=\"89e1006\"><style>.stk-89e1006 {margin-top:3% !important;margin-bottom:3% !important;}<\/style><figure><span class=\"stk-img-wrapper stk-image--shape-stretch stk--has-lightbox\"><img decoding=\"async\" width=\"700\" height=\"525\" src=\"https:\/\/www.harzer-wandernadel.de\/wp-content\/uploads\/2016\/02\/Grenzmuseum.jpg\" class=\"attachment-full size-full wp-post-image\" alt srcset=\"https:\/\/www.harzer-wandernadel.de\/wp-content\/uploads\/2016\/02\/Grenzmuseum.jpg 700w, https:\/\/www.harzer-wandernadel.de\/wp-content\/uploads\/2016\/02\/Grenzmuseum-300x225.jpg 300w, https:\/\/www.harzer-wandernadel.de\/wp-content\/uploads\/2016\/02\/Grenzmuseum-624x468.jpg 624w\" sizes=\"(max-width: 700px) 100vw, 700px\"><\/span><\/figure><\/div>\n\n<p>Det uden\u00add\u00f8rs gr\u00e6n\u00adsemu\u00adse\u00adum inde\u00adhol\u00adder rester\u00adne af de oprin\u00adde\u00adli\u00adge gr\u00e6n\u00adse\u00adbe\u00adf\u00e6st\u00adnin\u00adger, som blev red\u00addet fra \u00f8de\u00adl\u00e6g\u00adgel\u00adse af Sor\u00adge kom\u00admu\u00adne. En histo\u00adrisk sti med infor\u00adma\u00adtions\u00adtav\u00adler, rester\u00adne af gr\u00e6n\u00adse\u00adhegn I&nbsp;og II, en gr\u00e6n\u00adse\u00ads\u00f8j\u00adle, et obser\u00adva\u00adtions\u00adt\u00e5rn, en vand\u00adbar\u00adri\u00ade\u00adre og en jord\u00adbun\u00adker illu\u00adstre\u00adrer gr\u00e6nsesikkerhedssystemet.&nbsp;<\/p>\n\n<div class=\"wp-block-buttons is-layout-flex wp-block-buttons-is-layout-flex\">\n<div class=\"wp-block-button\"><a class=\"wp-block-button__link wp-element-button\" href=\"https:\/\/grenzmuseum-sorge.de\/\" target=\"_blank\" rel=\"noreferrer noopener\">Gr\u00e6n\u00adsemu\u00adse\u00adum&nbsp;Sorge&nbsp;\u201c<\/a><\/div>\n<\/div>\n\n<p>Land\u00adskabs\u00adkunst\u00adne\u00adren Her\u00admann Pri\u00adgann har skabt \u201eErin\u00addrin\u00adgens ring\u201c der. Med hen\u00advis\u00adning til synet p\u00e5 \u201ehek\u00adse\u00adcirk\u00adler\u201c, som er udbredt i&nbsp;Harzens folkl\u00ado\u00adre, har kunst\u00adne\u00adren skabt en stor ring af d\u00f8dt tr\u00e6, som fal\u00adder sam\u00admen med&nbsp;tiden.&nbsp;<\/p>\n\n<p>Da rin\u00adgen er et godt til\u00adflugts\u00adsted for fug\u00adle, og man\u00adge arter frem\u00admer spred\u00adnin\u00adgen af tr\u00e6\u00ader og h\u00e6k\u00adplan\u00adter med deres eks\u00adkre\u00admen\u00adter, vil nyt liv udvik\u00adle sig i&nbsp;den\u00adne plan\u00adta\u00adge med tiden i&nbsp;for\u00adbin\u00addel\u00adse med inse\u00admi\u00adna\u00adtion. Eks\u00adper\u00adter kal\u00adder s\u00e5dan en plan\u00adte for \u201eBenjes-h\u00e6k\u201c efter opfin\u00adde\u00adren Her\u00admann Benjes.&nbsp;<\/p>\n\n<p>Stem\u00adpel\u00adsta\u00adtio\u00adnen lig\u00adger p\u00e5 Ring of Remem\u00adbran\u00adce og kan n\u00e5s fra par\u00adke\u00adrings\u00adplad\u00adsen for enden af Eberbachstra\u00dfe.<\/p>\n","protected":false},"excerpt":{"rendered":"<p>I udkan\u00adten af Sor\u00adge har for\u00ade\u00adnin\u00adgen \u201eGr\u00e6n\u00adsemu\u00adse\u00adum Sor\u00adge e.V.\u201c beva\u00adret et gr\u00e6n\u00adsemu\u00adse\u00adum med et gr\u00e6n\u00adseland\u00adskab. For\u00ade\u00adnin\u00adgens m\u00e5l er at hol\u00adde min\u00addet om tiden for Tys\u00adklands deling i&nbsp;live og at vide\u00adre\u00adgi\u00adve viden om den\u00adne del af histo\u00adri\u00aden til frem\u00adti\u00addi\u00adge gene\u00adra\u00adtio\u00adner ved hj\u00e6lp af ori\u00adgi\u00adna\u00adle gen\u00adstan\u00adde og nuti\u00addi\u00adge doku\u00admen\u00adter.&nbsp; Det uden\u00add\u00f8rs gr\u00e6n\u00adsemu\u00adse\u00adum inde\u00adhol\u00adder rester\u00adne af de oprindelige&nbsp;[\u2026]<\/p>\n","protected":false},"author":11,"featured_media":11647,"parent":17792,"menu_order":10046,"comment_status":"closed","ping_status":"closed","template":"","meta":{"_seopress_robots_primary_cat":"","_seopress_titles_title":"","_seopress_titles_desc":"","_seopress_robots_index":"","wp_typography_post_enhancements_disabled":false,"iawp_total_views":0,"footnotes":""},"hf_cat_page":[120],"class_list":["post-18463","page","type-page","status-publish","has-post-thumbnail"],"blocksy_meta":[],"_links":{"self":[{"href":"https:\/\/www.harzer-wandernadel.de\/da\/wp-json\/wp\/v2\/pages\/18463","targetHints":{"allow":["GET"]}}],"collection":[{"href":"https:\/\/www.harzer-wandernadel.de\/da\/wp-json\/wp\/v2\/pages"}],"about":[{"href":"https:\/\/www.harzer-wandernadel.de\/da\/wp-json\/wp\/v2\/types\/page"}],"author":[{"embeddable":true,"href":"https:\/\/www.harzer-wandernadel.de\/da\/wp-json\/wp\/v2\/users\/11"}],"replies":[{"embeddable":true,"href":"https:\/\/www.harzer-wandernadel.de\/da\/wp-json\/wp\/v2\/comments?post=18463"}],"version-history":[{"count":1,"href":"https:\/\/www.harzer-wandernadel.de\/da\/wp-json\/wp\/v2\/pages\/18463\/revisions"}],"predecessor-version":[{"id":18465,"href":"https:\/\/www.harzer-wandernadel.de\/da\/wp-json\/wp\/v2\/pages\/18463\/revisions\/18465"}],"up":[{"embeddable":true,"href":"https:\/\/www.harzer-wandernadel.de\/da\/wp-json\/wp\/v2\/pages\/17792"}],"wp:featuredmedia":[{"embeddable":true,"href":"https:\/\/www.harzer-wandernadel.de\/da\/wp-json\/wp\/v2\/media\/11647"}],"wp:attachment":[{"href":"https:\/\/www.harzer-wandernadel.de\/da\/wp-json\/wp\/v2\/media?parent=18463"}],"wp:term":[{"taxonomy":"hf_cat_page","embeddable":true,"href":"https:\/\/www.harzer-wandernadel.de\/da\/wp-json\/wp\/v2\/hf_cat_page?post=18463"}],"curies":[{"name":"wp","href":"https:\/\/api.w.org\/{rel}","templated":true}]}}