{"id":18462,"date":"2016-02-18T10:51:56","date_gmt":"2016-02-18T09:51:56","guid":{"rendered":"https:\/\/www.harzer-wandernadel.de\/stempelcentre\/oversigtskort\/stempelpunkt-214-reesbergdoline\/"},"modified":"2026-01-29T12:49:52","modified_gmt":"2026-01-29T11:49:52","slug":"stempelpunkt-214-reesbergdoline","status":"publish","type":"page","link":"https:\/\/www.harzer-wandernadel.de\/da\/stempelcentre\/oversigtskort\/stempelpunkt-214-reesbergdoline\/","title":{"rendered":"Stempelpunkt 214 \/ Reesbergdoline"},"content":{"rendered":"\n<h2 class=\"wp-block-heading\">Reesbergdoline ligger mellem karsthulen Heimkehle n\u00e6r Uftrungen og Reesberg (325&nbsp;meter over havets overflade) i&nbsp;skovomr\u00e5det Alter Stolberg.<\/h2>\n\n<div class=\"wp-block-stackable-image alignwide stk-block-image stk-block stk-89e1006\" data-block-id=\"89e1006\"><style>.stk-89e1006 {margin-top:3% !important;margin-bottom:3% !important;}<\/style><figure><span class=\"stk-img-wrapper stk-image--shape-stretch stk--has-lightbox\"><img decoding=\"async\" width=\"1280\" height=\"853\" src=\"https:\/\/www.harzer-wandernadel.de\/wp-content\/uploads\/2016\/02\/Reesbergdoline-1.jpg\" class=\"attachment-full size-full wp-post-image\" alt srcset=\"https:\/\/www.harzer-wandernadel.de\/wp-content\/uploads\/2016\/02\/Reesbergdoline-1.jpg 1280w, https:\/\/www.harzer-wandernadel.de\/wp-content\/uploads\/2016\/02\/Reesbergdoline-1-300x200.jpg 300w, https:\/\/www.harzer-wandernadel.de\/wp-content\/uploads\/2016\/02\/Reesbergdoline-1-768x512.jpg 768w, https:\/\/www.harzer-wandernadel.de\/wp-content\/uploads\/2016\/02\/Reesbergdoline-1-1024x682.jpg 1024w, https:\/\/www.harzer-wandernadel.de\/wp-content\/uploads\/2016\/02\/Reesbergdoline-1-250x167.jpg 250w, https:\/\/www.harzer-wandernadel.de\/wp-content\/uploads\/2016\/02\/Reesbergdoline-1-624x416.jpg 624w\" sizes=\"(max-width: 1280px) 100vw, 1280px\"><\/span><\/figure><\/div>\n\n<p>S\u00e6n\u00adke\u00adhul\u00adlets bas\u00adsin er 22&nbsp;meter dybt og lig\u00adger p\u00e5 gr\u00e6n\u00adsen mel\u00adlem den r\u00f8de sand\u00adsten og Zechste\u00adin. Lag\u00addel\u00adte kil\u00adder, som stam\u00admer fra den r\u00f8de sand\u00adsten, udsprin\u00adger ved jord\u00adfalds\u00adhul\u00adlet. Van\u00addet er der\u00adfor um\u00e6t\u00adtet og i&nbsp;stand til at opl\u00f8\u00adse gips meget hur\u00adtigt. Van\u00addet l\u00f8ber kun nog\u00adle f\u00e5 meter ned ad bak\u00adke og for\u00adsvin\u00adder der\u00adef\u00adter ned i&nbsp;den gips\u00adri\u00adge hove\u00add\u00adan\u00adhy\u00addrit. I&nbsp;l\u00f8bet af fle\u00adre \u00e5rhund\u00adre\u00adder blev der dan\u00adnet en dyb opl\u00f8sningsdoline.&nbsp;<\/p>\n\n<p>Alle\u00adre\u00adde i&nbsp;marts for\u00advand\u00adles doli\u00adnen til et gr\u00f8nt t\u00e6p\u00adpe af de spi\u00adren\u00adde ramsl\u00f8g. Andre for\u00ad\u00e5rs\u00adblom\u00adster pry\u00adder det, ind\u00adtil den t\u00e6t\u00adte l\u00f8vskov alvor\u00adligt begr\u00e6n\u00adser den vide\u00adre v\u00e6kst af jord\u00adplan\u00adter\u00adne. Om som\u00adme\u00adren t\u00f8r\u00adrer kil\u00adder\u00adne ud, bund\u00adve\u00adge\u00adta\u00adtio\u00adnen t\u00f8r\u00adrer ud, og man kan kun g\u00e6t\u00adte p\u00e5 akti\u00advi\u00adte\u00adten i&nbsp;det for\u00adsvin\u00adden\u00adde vand i&nbsp;de udt\u00f8r\u00adre\u00adde kanaler.&nbsp;<\/p>\n\n<p>Van\u00addets far\u00adve viste, at der m\u00e5t\u00adte v\u00e6re en for\u00adbin\u00addel\u00adse mel\u00adlem det svin\u00adden\u00adde vand og Hei\u00admen\u00adsee-s\u00f8en i&nbsp;Heim\u00adke\u00adh\u00adle-karst\u00adgrot\u00adten. Hjem\u00adme\u00ads\u00f8\u00aden i&nbsp;hulen lig\u00adger kun 170&nbsp;meter fra Rees\u00adberg\u00addo\u00adli\u00adne. Far\u00advet vand fra b\u00e6k\u00adken kun\u00adne f\u00f8rst fin\u00addes i&nbsp;Hei\u00admen\u00adsee tre uger sene\u00adre. Det lan\u00adge tids\u00adrum taler for en meget lang\u00adsom str\u00f8mningshastighed.&nbsp;<\/p>\n\n<p>Showhu\u00adlen Heim\u00adke\u00adh\u00adle lig\u00adger sta\u00addig i&nbsp;distrik\u00adtet Mans\u00adfeld-S\u00fcd\u00adharz, selv\u00adom dens nord\u00adve\u00adst\u00adli\u00adge dele str\u00e6k\u00adker sig ind i&nbsp;distrik\u00adtet Nord\u00adhau\u00adsen. Den sto\u00adre natur\u00adli\u00adge ind\u00adgang til hulen lig\u00adger ogs\u00e5 p\u00e5 th\u00fcringsk ter\u00adri\u00adto\u00adri\u00adum. Den blev f\u00f8r\u00adste gang n\u00e6vnt i&nbsp;for\u00adbin\u00addel\u00adse med en gr\u00e6n\u00adsed\u00adrag\u00adning i&nbsp;1357.&nbsp;<\/p>\n\n<p>Et godt udgangs\u00adpunkt for van\u00addre\u00adtu\u00adren til Rees\u00adberg\u00addo\u00adli\u00adne er par\u00adke\u00adrings\u00adplad\u00adsen ved Heim\u00adke\u00adh\u00adle, hvor\u00adfra man kan n\u00e5 doli\u00adne via karstvandrestien.<\/p>\n\n<div class=\"wp-block-buttons is-layout-flex wp-block-buttons-is-layout-flex\">\n<div class=\"wp-block-button\"><a class=\"wp-block-button__link wp-element-button\" href=\"https:\/\/gemeinde-suedharz.de\/schauhoehle-heimkehle\/\">Heim\u00adke\u00adh\u00adle-hulen<\/a><\/div>\n<\/div>\n","protected":false},"excerpt":{"rendered":"<p>Rees\u00adberg\u00addo\u00adli\u00adne lig\u00adger mel\u00adlem karst\u00adhu\u00adlen Heim\u00adke\u00adh\u00adle n\u00e6r Uftrun\u00adgen og Rees\u00adberg (325&nbsp;meter over havets over\u00adfla\u00adde) i&nbsp;skov\u00adom\u00adr\u00e5\u00addet Alter Stol\u00adberg. S\u00e6n\u00adke\u00adhul\u00adlets bas\u00adsin er 22&nbsp;meter dybt og lig\u00adger p\u00e5 gr\u00e6n\u00adsen mel\u00adlem den r\u00f8de sand\u00adsten og Zechste\u00adin. Lag\u00addel\u00adte kil\u00adder, som stam\u00admer fra den r\u00f8de sand\u00adsten, udsprin\u00adger ved jord\u00adfalds\u00adhul\u00adlet. Van\u00addet er der\u00adfor um\u00e6t\u00adtet og i&nbsp;stand til at opl\u00f8\u00adse gips meget hur\u00adtigt. Vandet&nbsp;[\u2026]<\/p>\n","protected":false},"author":11,"featured_media":12238,"parent":17792,"menu_order":10214,"comment_status":"closed","ping_status":"closed","template":"","meta":{"_seopress_robots_primary_cat":"","_seopress_titles_title":"","_seopress_titles_desc":"","_seopress_robots_index":"","wp_typography_post_enhancements_disabled":false,"iawp_total_views":0,"footnotes":""},"hf_cat_page":[120],"class_list":["post-18462","page","type-page","status-publish","has-post-thumbnail"],"blocksy_meta":[],"_links":{"self":[{"href":"https:\/\/www.harzer-wandernadel.de\/da\/wp-json\/wp\/v2\/pages\/18462","targetHints":{"allow":["GET"]}}],"collection":[{"href":"https:\/\/www.harzer-wandernadel.de\/da\/wp-json\/wp\/v2\/pages"}],"about":[{"href":"https:\/\/www.harzer-wandernadel.de\/da\/wp-json\/wp\/v2\/types\/page"}],"author":[{"embeddable":true,"href":"https:\/\/www.harzer-wandernadel.de\/da\/wp-json\/wp\/v2\/users\/11"}],"replies":[{"embeddable":true,"href":"https:\/\/www.harzer-wandernadel.de\/da\/wp-json\/wp\/v2\/comments?post=18462"}],"version-history":[{"count":1,"href":"https:\/\/www.harzer-wandernadel.de\/da\/wp-json\/wp\/v2\/pages\/18462\/revisions"}],"predecessor-version":[{"id":18464,"href":"https:\/\/www.harzer-wandernadel.de\/da\/wp-json\/wp\/v2\/pages\/18462\/revisions\/18464"}],"up":[{"embeddable":true,"href":"https:\/\/www.harzer-wandernadel.de\/da\/wp-json\/wp\/v2\/pages\/17792"}],"wp:featuredmedia":[{"embeddable":true,"href":"https:\/\/www.harzer-wandernadel.de\/da\/wp-json\/wp\/v2\/media\/12238"}],"wp:attachment":[{"href":"https:\/\/www.harzer-wandernadel.de\/da\/wp-json\/wp\/v2\/media?parent=18462"}],"wp:term":[{"taxonomy":"hf_cat_page","embeddable":true,"href":"https:\/\/www.harzer-wandernadel.de\/da\/wp-json\/wp\/v2\/hf_cat_page?post=18462"}],"curies":[{"name":"wp","href":"https:\/\/api.w.org\/{rel}","templated":true}]}}