{"id":18441,"date":"2016-02-18T11:07:57","date_gmt":"2016-02-18T10:07:57","guid":{"rendered":"https:\/\/www.harzer-wandernadel.de\/stempelcentre\/oversigtskort\/frimaerkepunkt-209-moltkewarte-udsigtstaarn\/"},"modified":"2026-01-29T12:49:47","modified_gmt":"2026-01-29T11:49:47","slug":"frimaerkepunkt-209-moltkewarte-udsigtstaarn","status":"publish","type":"page","link":"https:\/\/www.harzer-wandernadel.de\/da\/stempelcentre\/oversigtskort\/frimaerkepunkt-209-moltkewarte-udsigtstaarn\/","title":{"rendered":"Frim\u00e6rkepunkt 209 \/ Moltkewarte (udsigtst\u00e5rn)"},"content":{"rendered":"\n<h2 class=\"wp-block-heading\">Moltkewarte ligger p\u00e5 Schl\u00f6\u00dfchenkopf (310&nbsp;meter over havets overflade) syd for bydelen Lengefeld i&nbsp;Sangerhausen.<\/h2>\n\n<div class=\"wp-block-stackable-image alignwide stk-block-image stk-block stk-89e1006\" data-block-id=\"89e1006\"><style>.stk-89e1006 {margin-top:3% !important;margin-bottom:3% !important;}<\/style><figure><span class=\"stk-img-wrapper stk-image--shape-stretch stk--has-lightbox\"><img decoding=\"async\" width=\"989\" height=\"745\" src=\"https:\/\/www.harzer-wandernadel.de\/wp-content\/uploads\/2016\/02\/Moltkewarte-1.jpg\" class=\"attachment-full size-full wp-post-image\" alt srcset=\"https:\/\/www.harzer-wandernadel.de\/wp-content\/uploads\/2016\/02\/Moltkewarte-1.jpg 989w, https:\/\/www.harzer-wandernadel.de\/wp-content\/uploads\/2016\/02\/Moltkewarte-1-300x226.jpg 300w, https:\/\/www.harzer-wandernadel.de\/wp-content\/uploads\/2016\/02\/Moltkewarte-1-768x579.jpg 768w, https:\/\/www.harzer-wandernadel.de\/wp-content\/uploads\/2016\/02\/Moltkewarte-1-250x188.jpg 250w, https:\/\/www.harzer-wandernadel.de\/wp-content\/uploads\/2016\/02\/Moltkewarte-1-624x470.jpg 624w\" sizes=\"(max-width: 989px) 100vw, 989px\"><\/span><\/figure><\/div>\n\n<p>Obser\u00adva\u00adtions\u00adt\u00e5r\u00adnet blev byg\u00adget i&nbsp;1903 p\u00e5 ini\u00adti\u00ada\u00adtiv af San\u00adger\u00adhau\u00adsen-afde\u00adlin\u00adgen af Harz\u00adklub til min\u00adde om Hel\u00admuth von Molt\u00adke (1800 \u2013 1891). Grev von Molt\u00adke, ogs\u00e5 kendt som \u201eden sto\u00adre tav\u00adse\u201c, var preus\u00adsisk felt\u00admarskal og spil\u00adle\u00adde som chef for gene\u00adralsta\u00adben en stor rol\u00adle i&nbsp;de tyske sej\u00adre i&nbsp;den dansk-tyske krig, den preus\u00adsisk-\u00f8strig\u00adske krig og den fransk-preus\u00adsi\u00adske&nbsp;krig.&nbsp;<\/p>\n\n<p>Siden 2007 er der den 11. marts ble\u00advet afholdt min\u00adde\u00adh\u00f8j\u00adti\u00adde\u00adlig\u00adhe\u00adder for hans olde\u00adbarn, den tyske mod\u00adstands\u00admand Hel\u00admuth James Graf von Molt\u00adke (1907\u20131945), p\u00e5 udsigts\u00adpunk\u00adtet.<br>Byg\u00adge\u00adma\u00adte\u00adri\u00ada\u00adlet her, Rogenste\u00adin, er geo\u00adlo\u00adgisk set bem\u00e6r\u00adkel\u00adses\u00adv\u00e6r\u00addigt. Det er omkring 250 mil\u00adli\u00ado\u00adner \u00e5r gam\u00admelt og blev dan\u00adnet i&nbsp;det tur\u00adbu\u00adlen\u00adte vand i&nbsp;et over\u00adsal\u00adtet hav. Ved bev\u00e6\u00adgel\u00adser\u00adne blev der dan\u00adnet sm\u00e5 kal\u00adk\u00adsten\u00adskug\u00adler, som udadtil lig\u00adner fiskerogn.<br>Rogenste\u00adin blev brudt i&nbsp;fle\u00adre sm\u00e5 sten\u00adbrud i&nbsp;n\u00e6r\u00adhe\u00adden af udsigtst\u00e5r\u00adnet. Hvis du f\u00f8l\u00adger skil\u00adte\u00adne, kan du sta\u00addig bes\u00f8\u00adge et af dis\u00adse stenbrud.&nbsp;<\/p>\n\n<p>Fra en par\u00adke\u00adrings\u00adplads ved skov\u00adom\u00adr\u00e5\u00addet \u201eEngels\u00adburg\u201c over Len\u00adge\u00adfeld kan du n\u00e5 Molt\u00adkewar\u00adte p\u00e5 en bar\u00adri\u00adere\u00adfri vandresti.<\/p>\n","protected":false},"excerpt":{"rendered":"<p>Molt\u00adkewar\u00adte lig\u00adger p\u00e5 Schl\u00f6\u00df\u00adchen\u00adkopf (310&nbsp;meter over havets over\u00adfla\u00adde) syd for byde\u00adlen Len\u00adge\u00adfeld i&nbsp;San\u00adger\u00adhau\u00adsen. Obser\u00adva\u00adtions\u00adt\u00e5r\u00adnet blev byg\u00adget i&nbsp;1903 p\u00e5 ini\u00adti\u00ada\u00adtiv af San\u00ad\u00adger\u00adhau\u00ad\u00adsen-afde\u00adlin\u00ad\u00adgen af Harz\u00adklub til min\u00adde om Hel\u00admuth von Molt\u00adke (1800 \u2013 1891). Grev von Molt\u00adke, ogs\u00e5 kendt som \u201eden sto\u00adre tav\u00adse\u201c, var preus\u00adsisk felt\u00admarskal og spil\u00adle\u00adde som chef for gene\u00adralsta\u00adben en stor rol\u00adle i&nbsp;de tyske&nbsp;[\u2026]<\/p>\n","protected":false},"author":11,"featured_media":12211,"parent":17792,"menu_order":10209,"comment_status":"closed","ping_status":"closed","template":"","meta":{"_seopress_robots_primary_cat":"","_seopress_titles_title":"","_seopress_titles_desc":"","_seopress_robots_index":"","wp_typography_post_enhancements_disabled":false,"iawp_total_views":0,"footnotes":""},"hf_cat_page":[120],"class_list":["post-18441","page","type-page","status-publish","has-post-thumbnail"],"blocksy_meta":[],"_links":{"self":[{"href":"https:\/\/www.harzer-wandernadel.de\/da\/wp-json\/wp\/v2\/pages\/18441","targetHints":{"allow":["GET"]}}],"collection":[{"href":"https:\/\/www.harzer-wandernadel.de\/da\/wp-json\/wp\/v2\/pages"}],"about":[{"href":"https:\/\/www.harzer-wandernadel.de\/da\/wp-json\/wp\/v2\/types\/page"}],"author":[{"embeddable":true,"href":"https:\/\/www.harzer-wandernadel.de\/da\/wp-json\/wp\/v2\/users\/11"}],"replies":[{"embeddable":true,"href":"https:\/\/www.harzer-wandernadel.de\/da\/wp-json\/wp\/v2\/comments?post=18441"}],"version-history":[{"count":1,"href":"https:\/\/www.harzer-wandernadel.de\/da\/wp-json\/wp\/v2\/pages\/18441\/revisions"}],"predecessor-version":[{"id":18444,"href":"https:\/\/www.harzer-wandernadel.de\/da\/wp-json\/wp\/v2\/pages\/18441\/revisions\/18444"}],"up":[{"embeddable":true,"href":"https:\/\/www.harzer-wandernadel.de\/da\/wp-json\/wp\/v2\/pages\/17792"}],"wp:featuredmedia":[{"embeddable":true,"href":"https:\/\/www.harzer-wandernadel.de\/da\/wp-json\/wp\/v2\/media\/12211"}],"wp:attachment":[{"href":"https:\/\/www.harzer-wandernadel.de\/da\/wp-json\/wp\/v2\/media?parent=18441"}],"wp:term":[{"taxonomy":"hf_cat_page","embeddable":true,"href":"https:\/\/www.harzer-wandernadel.de\/da\/wp-json\/wp\/v2\/hf_cat_page?post=18441"}],"curies":[{"name":"wp","href":"https:\/\/api.w.org\/{rel}","templated":true}]}}