{"id":18349,"date":"2016-02-18T12:17:07","date_gmt":"2016-02-18T11:17:07","guid":{"rendered":"https:\/\/www.harzer-wandernadel.de\/stempelcentre\/oversigtskort\/stempelpunkt-184-bjoernemonument\/"},"modified":"2026-01-29T12:49:24","modified_gmt":"2026-01-29T11:49:24","slug":"stempelpunkt-184-bjoernemonument","status":"publish","type":"page","link":"https:\/\/www.harzer-wandernadel.de\/da\/stempelcentre\/oversigtskort\/stempelpunkt-184-bjoernemonument\/","title":{"rendered":"Stempelpunkt 184 \/ Bj\u00f8rnemonument"},"content":{"rendered":"\n<h2 class=\"wp-block-heading\">Bj\u00f8rnemindesm\u00e6rket ligger p\u00e5 det skovkl\u00e6dte Ramberg-massiv mellem M\u00e4gdesprung og Friedrichsbrunn over Krebsbach-dalen.<\/h2>\n\n<div class=\"wp-block-stackable-image alignwide stk-block-image stk-block stk-89e1006\" data-block-id=\"89e1006\"><style>.stk-89e1006 {margin-top:3% !important;margin-bottom:3% !important;}<\/style><figure><span class=\"stk-img-wrapper stk-image--shape-stretch stk--has-lightbox\"><img decoding=\"async\" width=\"960\" height=\"720\" src=\"https:\/\/www.harzer-wandernadel.de\/wp-content\/uploads\/2016\/02\/B\u00e4rendenkmal.jpg\" class=\"attachment-full size-full wp-post-image\" alt srcset=\"https:\/\/www.harzer-wandernadel.de\/wp-content\/uploads\/2016\/02\/B\u00e4rendenkmal.jpg 960w, https:\/\/www.harzer-wandernadel.de\/wp-content\/uploads\/2016\/02\/B\u00e4rendenkmal-300x225.jpg 300w, https:\/\/www.harzer-wandernadel.de\/wp-content\/uploads\/2016\/02\/B\u00e4rendenkmal-768x576.jpg 768w, https:\/\/www.harzer-wandernadel.de\/wp-content\/uploads\/2016\/02\/B\u00e4rendenkmal-250x188.jpg 250w, https:\/\/www.harzer-wandernadel.de\/wp-content\/uploads\/2016\/02\/B\u00e4rendenkmal-624x468.jpg 624w\" sizes=\"(max-width: 960px) 100vw, 960px\"><\/span><\/figure><\/div>\n\n<p>Bj\u00f8r\u00adne\u00admonu\u00admen\u00adtet mar\u00adke\u00adrer det sted, hvor den sid\u00adste bj\u00f8rn blev dr\u00e6bt i&nbsp;Anhalt-sko\u00adve\u00adne i&nbsp;1696. Monu\u00admen\u00adtet er en ure\u00adgel\u00adm\u00e6s\u00adsig kam\u00adpe\u00adsten, hvor\u00adp\u00e5 der er anbragt en st\u00f8\u00adbe\u00adjerns\u00adpla\u00adde med f\u00f8l\u00adgen\u00adde inskrip\u00adtion:<br>\u201eDen sid\u00adste bj\u00f8rn i&nbsp;Anhalt-sko\u00adve\u00adne blev skudt her i&nbsp;slut\u00adnin\u00adgen af det 17. \u00e5rhundrede.\u201c&nbsp;<\/p>\n\n<p>Mel\u00adlem 1786 og 1788 ned\u00adlag\u00adde vogn\u00adman\u00adden Buch\u00adtekirch den sid\u00adste bj\u00f8rn i&nbsp;hele Harzen i&nbsp;n\u00e6r\u00adhe\u00adden af Wer\u00adni\u00adgero\u00adde. Han fik en bel\u00f8n\u00adning p\u00e5 godt to rigs\u00adda\u00adle\u00adre af gre\u00adven af Stolberg-Wernigerode.&nbsp;<\/p>\n\n<p>Fra <a href=\"https:\/\/www.harzer-wandernadel.de\/da\/stempelcentre\/oversigtskort\/stempelpunkt-196-bremer-teich\/\" data-type=\"page\" data-id=\"874\">Bre\u00admer Teich HWN 196<\/a> kan du n\u00e5 ste\u00addet via den afm\u00e6r\u00adke\u00adde sko\u00advsti og fort\u00ads\u00e6t\u00adte van\u00addrin\u00adgen til<a href=\"https:\/\/www.harzer-wandernadel.de\/stempelstellen\/uebersichtskarte\/stempelstelle-189-grosse-teufelsmuehle\/\" data-type=\"page\" data-id=\"895\"> Teu\u00adfels\u00adm\u00fch\u00adle HWN 189<\/a> eller <a href=\"https:\/\/www.harzer-wandernadel.de\/stempelstellen\/uebersichtskarte\/stempelstelle-190-bergrat-mueller-teich\/\" data-type=\"page\" data-id=\"891\">Ber\u00adgrat-M\u00fcl\u00adler-Teich H&nbsp;WN 190<\/a>.<\/p>\n\n<div class=\"wp-block-buttons is-layout-flex wp-block-buttons-is-layout-flex\">\n<div class=\"wp-block-button\"><a class=\"wp-block-button__link wp-element-button\" href=\"http:\/\/harzer-bergwald.de\/index.php\/wandertouren\/abenteuertouren\/30-von-teichen-und-ruinen\">Tour tip Harzen bjergskov<\/a><\/div>\n<\/div>\n\n<p>&nbsp;<\/p>\n","protected":false},"excerpt":{"rendered":"<p>Bj\u00f8r\u00adne\u00admin\u00addes\u00adm\u00e6r\u00adket lig\u00adger p\u00e5 det sko\u00adv\u00adkl\u00e6d\u00adte Ram\u00adberg-mas\u00adsiv mel\u00adlem M\u00e4g\u00addesprung og Fri\u00adedri\u00adchs\u00adbrunn over Krebs\u00adbach-dalen. Bj\u00f8r\u00adne\u00admonu\u00admen\u00adtet mar\u00adke\u00adrer det sted, hvor den sid\u00adste bj\u00f8rn blev dr\u00e6bt i&nbsp;Anhalt-sko\u00adve\u00ad\u00adne i&nbsp;1696. Monu\u00admen\u00adtet er en ure\u00adgel\u00adm\u00e6s\u00adsig kam\u00adpe\u00adsten, hvor\u00adp\u00e5 der er anbragt en st\u00f8\u00adbe\u00adjerns\u00adpla\u00adde med f\u00f8l\u00adgen\u00adde inskrip\u00adtion:\u201eDen sid\u00adste bj\u00f8rn i&nbsp;Anhalt-sko\u00adve\u00ad\u00adne blev skudt her i&nbsp;slut\u00adnin\u00adgen af det 17. \u00e5rhund\u00adre\u00adde.\u201c&nbsp; Mel\u00adlem 1786 og 1788 ned\u00adlag\u00adde vognmanden&nbsp;[\u2026]<\/p>\n","protected":false},"author":11,"featured_media":12109,"parent":17792,"menu_order":10184,"comment_status":"closed","ping_status":"closed","template":"","meta":{"_seopress_robots_primary_cat":"","_seopress_titles_title":"","_seopress_titles_desc":"","_seopress_robots_index":"","wp_typography_post_enhancements_disabled":false,"iawp_total_views":6,"footnotes":""},"hf_cat_page":[120],"class_list":["post-18349","page","type-page","status-publish","has-post-thumbnail"],"blocksy_meta":[],"_links":{"self":[{"href":"https:\/\/www.harzer-wandernadel.de\/da\/wp-json\/wp\/v2\/pages\/18349","targetHints":{"allow":["GET"]}}],"collection":[{"href":"https:\/\/www.harzer-wandernadel.de\/da\/wp-json\/wp\/v2\/pages"}],"about":[{"href":"https:\/\/www.harzer-wandernadel.de\/da\/wp-json\/wp\/v2\/types\/page"}],"author":[{"embeddable":true,"href":"https:\/\/www.harzer-wandernadel.de\/da\/wp-json\/wp\/v2\/users\/11"}],"replies":[{"embeddable":true,"href":"https:\/\/www.harzer-wandernadel.de\/da\/wp-json\/wp\/v2\/comments?post=18349"}],"version-history":[{"count":1,"href":"https:\/\/www.harzer-wandernadel.de\/da\/wp-json\/wp\/v2\/pages\/18349\/revisions"}],"predecessor-version":[{"id":18350,"href":"https:\/\/www.harzer-wandernadel.de\/da\/wp-json\/wp\/v2\/pages\/18349\/revisions\/18350"}],"up":[{"embeddable":true,"href":"https:\/\/www.harzer-wandernadel.de\/da\/wp-json\/wp\/v2\/pages\/17792"}],"wp:featuredmedia":[{"embeddable":true,"href":"https:\/\/www.harzer-wandernadel.de\/da\/wp-json\/wp\/v2\/media\/12109"}],"wp:attachment":[{"href":"https:\/\/www.harzer-wandernadel.de\/da\/wp-json\/wp\/v2\/media?parent=18349"}],"wp:term":[{"taxonomy":"hf_cat_page","embeddable":true,"href":"https:\/\/www.harzer-wandernadel.de\/da\/wp-json\/wp\/v2\/hf_cat_page?post=18349"}],"curies":[{"name":"wp","href":"https:\/\/api.w.org\/{rel}","templated":true}]}}