{"id":18329,"date":"2016-02-18T12:22:47","date_gmt":"2016-02-18T11:22:47","guid":{"rendered":"https:\/\/www.harzer-wandernadel.de\/stempelcentre\/oversigtskort\/stempelpunkt-76-bedstefars-sten\/"},"modified":"2026-02-28T14:42:40","modified_gmt":"2026-02-28T13:42:40","slug":"stempelpunkt-76-bedstefars-sten","status":"publish","type":"page","link":"https:\/\/www.harzer-wandernadel.de\/da\/stempelcentre\/oversigtskort\/stempelpunkt-76-bedstefars-sten\/","title":{"rendered":"Stempelpunkt 76 \/ Bedstefars sten"},"content":{"rendered":"\n<h2 class=\"wp-block-heading\">Gro\u00dfvaterfelsen (317&nbsp;meter over havets overflade) udg\u00f8r sammen med Gro\u00dfmutter den vestlige ende af Teufelsmauer og ligger i&nbsp;den \u00f8stlige udkant af Blankenburg.<\/h2>\n\n<div class=\"wp-block-stackable-image alignwide stk-block-image stk-block stk-89e1006\" data-block-id=\"89e1006\"><style>.stk-89e1006 {margin-top:3% !important;margin-bottom:3% !important;}<\/style><figure><span class=\"stk-img-wrapper stk-image--shape-stretch stk--has-lightbox\"><img decoding=\"async\" width=\"825\" height=\"550\" src=\"https:\/\/www.harzer-wandernadel.de\/wp-content\/uploads\/2016\/02\/Gro\u00dfvaterfelsen.jpg\" class=\"attachment-full size-full wp-post-image\" alt srcset=\"https:\/\/www.harzer-wandernadel.de\/wp-content\/uploads\/2016\/02\/Gro\u00dfvaterfelsen.jpg 825w, https:\/\/www.harzer-wandernadel.de\/wp-content\/uploads\/2016\/02\/Gro\u00dfvaterfelsen-300x200.jpg 300w, https:\/\/www.harzer-wandernadel.de\/wp-content\/uploads\/2016\/02\/Gro\u00dfvaterfelsen-768x512.jpg 768w, https:\/\/www.harzer-wandernadel.de\/wp-content\/uploads\/2016\/02\/Gro\u00dfvaterfelsen-624x416.jpg 624w\" sizes=\"(max-width: 825px) 100vw, 825px\"><\/span><\/figure><\/div>\n\n<p>Det er en af de mest impo\u00adne\u00adren\u00adde og h\u00f8je\u00adste klip\u00adper i&nbsp;Teu\u00adfels\u00admau\u00ader og et var\u00adtegn for Blan\u00adken\u00adburg. Klip\u00adpen kan besti\u00adges med en vis f\u00e6r\u00addig\u00adhed via klip\u00adpe\u00adtrin og jer\u00adn\u00adtrap\u00adper. Fra top\u00adpen med vej\u00adr\u00adha\u00adnen fra 1998 er der en fan\u00adta\u00adstisk udsigt over Blan\u00adken\u00adburg og barok\u00adha\u00adven med det sto\u00adre og det lil\u00adle slot. Det anta\u00adges, at nav\u00adnet \u201eBedste\u00adfarklip\u00adpen\u201c stam\u00admer fra ger\u00adma\u00adner\u00adnes tid, hvor de hyl\u00adde\u00adde deres gud Wotan her ved den sto\u00adre&nbsp;fader.&nbsp;<\/p>\n\n<p>En s\u00e6r\u00adlig attrak\u00adtion er den s\u00e5kald\u00adte L\u00f6b\u00adbeck\u00ade\u00adstieg, som f\u00f8rer til h\u00f8j\u00adre for Gro\u00dfva\u00adter\u00adfel\u00adsen til <a href=\"https:\/\/www.harzer-wandernadel.de\/stempelstellen\/uebersichtskarte\/stempelstelle-74-hamburger-wappen-teufelsmauer\/\" data-type=\"page\" data-id=\"914\" target=\"_blank\" rel=\"noreferrer noopener\">Ham\u00adbur\u00adger Wap\u00adpen HWN 74<\/a> til Tim\u00admen\u00adro\u00adde. Den\u00adne h\u00f8j\u00adde\u00adryg blev anlagt i&nbsp;1853 p\u00e5 ini\u00adti\u00ada\u00adtiv af Blan\u00adken\u00adburgs borg\u00adme\u00adster Carl L\u00f6b\u00adbecke og byder p\u00e5 grund af sin belig\u00adgen\u00adhed p\u00e5 en r\u00e6k\u00adke udsigts\u00adpunk\u00adter over det omkring\u00adlig\u00adgen\u00adde land\u00adskab. Den smal\u00adle sti er del\u00advist hug\u00adget ind i&nbsp;klip\u00adpen og kr\u00e6\u00adver et godt fodf\u00e6ste.&nbsp;<\/p>\n\n<p>Klip\u00adperi\u00adb\u00adben Teu\u00adfels\u00admau\u00ader (Dj\u00e6v\u00adlemu\u00adren) duk\u00adker op tre ste\u00adder p\u00e5 en 20&nbsp;kilo\u00adme\u00adter lang str\u00e6k\u00adning mel\u00adlem Bal\u00adlen\u00adstedt i&nbsp;syd\u00f8st og Blan\u00adken\u00adburg (Harzen) i&nbsp;nord\u00advest. Den begyn\u00adder med Gegenste\u00adi\u00adne nord\u00advest for Bal\u00adlen\u00adstedt. Den fort\u00ads\u00e6t\u00adter syd for Wed\u00adder\u00ads\u00adle\u00adben, hvor K\u00f6nigste\u00adin, Mit\u00adtelste\u00adi\u00adne og Papenste\u00adi\u00adne er opstil\u00adlet fra syd\u00f8st til nord\u00advest over en l\u00e6ng\u00adde p\u00e5 to kilo\u00adme\u00adter. Mod nord\u00advest fort\u00ads\u00e6t\u00adter bjerg\u00adk\u00e6\u00adden mel\u00adlem Tim\u00admen\u00adro\u00adde og Blan\u00adken\u00adburg med Ham\u00adbur\u00adger Wap\u00adpen, Gewit\u00adter\u00adgrot\u00adte, Fros\u00adch\u00adfel\u00adsen, Hei\u00addel\u00adberg (331&nbsp;meter over havets over\u00adfla\u00adde) og Gro\u00dfva\u00adter\u00adfel\u00adsen (317&nbsp;meter over havets over\u00adfla\u00adde) med Gro\u00dfmutter.&nbsp;<\/p>\n\n<p>Den bed\u00adste par\u00adke\u00adrings\u00admu\u00adlig\u00adhed er g\u00e6ste\u00adpar\u00adke\u00adrin\u00adgen i&nbsp;byen Blan\u00adken\u00adburg (Harzen) over det lil\u00adle slot. Ser\u00advi\u00adce\u00adkon\u00adto\u00adret for Harzens van\u00addren\u00e5l lig\u00adger ogs\u00e5 i&nbsp;det lil\u00adle slot. Der\u00adfra kryd\u00adser du Has\u00adsel\u00adfel\u00adder Stra\u00dfe (B81) og n\u00e5r Gro\u00dfva\u00adter\u00adfel\u00adsen via Gro\u00dfva\u00adterweg. Stem\u00adpelkas\u00adsen er pla\u00adce\u00adret direk\u00adte p\u00e5 den smal\u00adle sti, der f\u00f8rer op til klippen.&nbsp;<\/p>\n\n<div class=\"wp-block-buttons is-layout-flex wp-block-buttons-is-layout-flex\">\n<div class=\"wp-block-button\"><a class=\"wp-block-button__link wp-element-button\" href=\"http:\/\/www.blankenburg-tourismus.de\" target=\"_blank\" rel=\"noreferrer noopener\">Turi\u00adst\u00adin\u00adfor\u00adma\u00adtion Blankenburg&nbsp;\u201c<\/a><\/div>\n<\/div>\n\n<div class=\"wp-block-buttons is-layout-flex wp-block-buttons-is-layout-flex\">\n<div class=\"wp-block-button\"><a class=\"wp-block-button__link wp-element-button\" href=\"https:\/\/harzer-bergwald.de\/index.php\/wandertouren\/abenteuertouren\/29-abenteuer-auf-der-teufelsmauer\" target=\"_blank\" rel=\"noreferrer noopener\">Tour tip Harzen bjergskov&nbsp;\u201c<\/a><\/div>\n<\/div>\n","protected":false},"excerpt":{"rendered":"<p>Gro\u00dfva\u00adter\u00adfel\u00adsen (317&nbsp;meter over havets over\u00adfla\u00adde) udg\u00f8r sam\u00admen med Gro\u00dfmut\u00adter den vest\u00adli\u00adge ende af Teu\u00adfels\u00admau\u00ader og lig\u00adger i&nbsp;den \u00f8st\u00adli\u00adge udkant af Blan\u00adken\u00adburg. Det er en af de mest impo\u00adne\u00adren\u00adde og h\u00f8je\u00adste klip\u00adper i&nbsp;Teu\u00adfels\u00admau\u00ader og et var\u00adtegn for Blan\u00adken\u00adburg. Klip\u00adpen kan besti\u00adges med en vis f\u00e6r\u00addig\u00adhed via klip\u00adpe\u00adtrin og jer\u00adn\u00adtrap\u00adper. Fra top\u00adpen med vej\u00adr\u00adha\u00adnen fra 1998&nbsp;er&nbsp;[\u2026]<\/p>\n","protected":false},"author":11,"featured_media":11743,"parent":17792,"menu_order":10076,"comment_status":"closed","ping_status":"closed","template":"","meta":{"_seopress_robots_primary_cat":"","_seopress_titles_title":"","_seopress_titles_desc":"","_seopress_robots_index":"","wp_typography_post_enhancements_disabled":false,"iawp_total_views":1,"footnotes":""},"hf_cat_page":[120],"class_list":["post-18329","page","type-page","status-publish","has-post-thumbnail"],"blocksy_meta":[],"_links":{"self":[{"href":"https:\/\/www.harzer-wandernadel.de\/da\/wp-json\/wp\/v2\/pages\/18329","targetHints":{"allow":["GET"]}}],"collection":[{"href":"https:\/\/www.harzer-wandernadel.de\/da\/wp-json\/wp\/v2\/pages"}],"about":[{"href":"https:\/\/www.harzer-wandernadel.de\/da\/wp-json\/wp\/v2\/types\/page"}],"author":[{"embeddable":true,"href":"https:\/\/www.harzer-wandernadel.de\/da\/wp-json\/wp\/v2\/users\/11"}],"replies":[{"embeddable":true,"href":"https:\/\/www.harzer-wandernadel.de\/da\/wp-json\/wp\/v2\/comments?post=18329"}],"version-history":[{"count":2,"href":"https:\/\/www.harzer-wandernadel.de\/da\/wp-json\/wp\/v2\/pages\/18329\/revisions"}],"predecessor-version":[{"id":24826,"href":"https:\/\/www.harzer-wandernadel.de\/da\/wp-json\/wp\/v2\/pages\/18329\/revisions\/24826"}],"up":[{"embeddable":true,"href":"https:\/\/www.harzer-wandernadel.de\/da\/wp-json\/wp\/v2\/pages\/17792"}],"wp:featuredmedia":[{"embeddable":true,"href":"https:\/\/www.harzer-wandernadel.de\/da\/wp-json\/wp\/v2\/media\/11743"}],"wp:attachment":[{"href":"https:\/\/www.harzer-wandernadel.de\/da\/wp-json\/wp\/v2\/media?parent=18329"}],"wp:term":[{"taxonomy":"hf_cat_page","embeddable":true,"href":"https:\/\/www.harzer-wandernadel.de\/da\/wp-json\/wp\/v2\/hf_cat_page?post=18329"}],"curies":[{"name":"wp","href":"https:\/\/api.w.org\/{rel}","templated":true}]}}