{"id":18289,"date":"2016-02-19T11:29:30","date_gmt":"2016-02-19T10:29:30","guid":{"rendered":"https:\/\/www.harzer-wandernadel.de\/stempelcentre\/oversigtskort\/stempelpunkt-106-schoene-aussicht-bielstein\/"},"modified":"2026-02-28T14:42:59","modified_gmt":"2026-02-28T13:42:59","slug":"stempelpunkt-106-schoene-aussicht-bielstein","status":"publish","type":"page","link":"https:\/\/www.harzer-wandernadel.de\/da\/stempelcentre\/oversigtskort\/stempelpunkt-106-schoene-aussicht-bielstein\/","title":{"rendered":"Stempelpunkt 106 \/ Sch\u00f6ne Aussicht Bielstein"},"content":{"rendered":"\n<h2 class=\"wp-block-heading\">Frim\u00e6rkeomr\u00e5det Sch\u00f6ne Aussicht (495&nbsp;meter over havets overflade) ligger over Lautenthal p\u00e5 den vestlige skr\u00e5ning af Bielstein.<\/h2>\n\n<div class=\"wp-block-stackable-image alignwide stk-block-image stk-block stk-89e1006\" data-block-id=\"89e1006\"><style>.stk-89e1006 {margin-top:3% !important;margin-bottom:3% !important;}<\/style><figure><span class=\"stk-img-wrapper stk-image--shape-stretch stk--has-lightbox\"><img decoding=\"async\" width=\"788\" height=\"525\" src=\"https:\/\/www.harzer-wandernadel.de\/wp-content\/uploads\/2016\/02\/Bielstein.jpg\" class=\"attachment-full size-full wp-post-image\" alt srcset=\"https:\/\/www.harzer-wandernadel.de\/wp-content\/uploads\/2016\/02\/Bielstein.jpg 788w, https:\/\/www.harzer-wandernadel.de\/wp-content\/uploads\/2016\/02\/Bielstein-300x200.jpg 300w, https:\/\/www.harzer-wandernadel.de\/wp-content\/uploads\/2016\/02\/Bielstein-768x512.jpg 768w, https:\/\/www.harzer-wandernadel.de\/wp-content\/uploads\/2016\/02\/Bielstein-624x416.jpg 624w\" sizes=\"(max-width: 788px) 100vw, 788px\"><\/span><\/figure><\/div>\n\n<p>Udsigts\u00adpunk\u00adtet er meget smukt ind\u00adret\u00adtet med et shel\u00adter og fle\u00adre grup\u00adper af&nbsp;b\u00e6nke.<\/p>\n\n<p>Fra par\u00adke\u00adrings\u00adplad\u00adsen ved Lau\u00adtent\u00adhal grund\u00adsko\u00adle begyn\u00adder opstig\u00adnin\u00adgen via Bielste\u00adinweg, Bis\u00adchof\u00adstal, det gam\u00adle vand\u00adhus og Bielste\u00adin\u00adslau\u00adbe til Sch\u00f6\u00adne Aus\u00adsi\u00adcht Bielstein.<\/p>\n","protected":false},"excerpt":{"rendered":"<p>Fri\u00adm\u00e6r\u00adke\u00adom\u00adr\u00e5\u00addet Sch\u00f6\u00adne Aus\u00adsi\u00adcht (495&nbsp;meter over havets over\u00adfla\u00adde) lig\u00adger over Lau\u00adtent\u00adhal p\u00e5 den vest\u00adli\u00adge skr\u00e5\u00adning af Bielste\u00adin. Udsigts\u00adpunk\u00adtet er meget smukt ind\u00adret\u00adtet med et shel\u00adter og fle\u00adre grup\u00adper af&nbsp;b\u00e6n\u00adke. Fra par\u00adke\u00adrings\u00adplad\u00adsen ved Lau\u00adtent\u00adhal grund\u00adsko\u00adle begyn\u00adder opstig\u00adnin\u00adgen via Bielste\u00adinweg, Bis\u00adchof\u00adstal, det gam\u00adle vand\u00adhus og Bielste\u00adin\u00adslau\u00adbe til Sch\u00f6\u00adne Aus\u00adsi\u00adcht Bielstein.<\/p>\n","protected":false},"author":11,"featured_media":11845,"parent":17792,"menu_order":10106,"comment_status":"closed","ping_status":"closed","template":"","meta":{"_seopress_robots_primary_cat":"","_seopress_titles_title":"","_seopress_titles_desc":"","_seopress_robots_index":"","wp_typography_post_enhancements_disabled":false,"iawp_total_views":0,"footnotes":""},"hf_cat_page":[120],"class_list":["post-18289","page","type-page","status-publish","has-post-thumbnail"],"blocksy_meta":[],"_links":{"self":[{"href":"https:\/\/www.harzer-wandernadel.de\/da\/wp-json\/wp\/v2\/pages\/18289","targetHints":{"allow":["GET"]}}],"collection":[{"href":"https:\/\/www.harzer-wandernadel.de\/da\/wp-json\/wp\/v2\/pages"}],"about":[{"href":"https:\/\/www.harzer-wandernadel.de\/da\/wp-json\/wp\/v2\/types\/page"}],"author":[{"embeddable":true,"href":"https:\/\/www.harzer-wandernadel.de\/da\/wp-json\/wp\/v2\/users\/11"}],"replies":[{"embeddable":true,"href":"https:\/\/www.harzer-wandernadel.de\/da\/wp-json\/wp\/v2\/comments?post=18289"}],"version-history":[{"count":1,"href":"https:\/\/www.harzer-wandernadel.de\/da\/wp-json\/wp\/v2\/pages\/18289\/revisions"}],"predecessor-version":[{"id":18291,"href":"https:\/\/www.harzer-wandernadel.de\/da\/wp-json\/wp\/v2\/pages\/18289\/revisions\/18291"}],"up":[{"embeddable":true,"href":"https:\/\/www.harzer-wandernadel.de\/da\/wp-json\/wp\/v2\/pages\/17792"}],"wp:featuredmedia":[{"embeddable":true,"href":"https:\/\/www.harzer-wandernadel.de\/da\/wp-json\/wp\/v2\/media\/11845"}],"wp:attachment":[{"href":"https:\/\/www.harzer-wandernadel.de\/da\/wp-json\/wp\/v2\/media?parent=18289"}],"wp:term":[{"taxonomy":"hf_cat_page","embeddable":true,"href":"https:\/\/www.harzer-wandernadel.de\/da\/wp-json\/wp\/v2\/hf_cat_page?post=18289"}],"curies":[{"name":"wp","href":"https:\/\/api.w.org\/{rel}","templated":true}]}}