{"id":18274,"date":"2016-02-19T11:49:30","date_gmt":"2016-02-19T10:49:30","guid":{"rendered":"https:\/\/www.harzer-wandernadel.de\/stempelcentre\/oversigtskort\/stempelpunkt-116-forlovelsesoeen-i-oker\/"},"modified":"2026-02-28T14:43:04","modified_gmt":"2026-02-28T13:43:04","slug":"stempelpunkt-116-forlovelsesoeen-i-oker","status":"publish","type":"page","link":"https:\/\/www.harzer-wandernadel.de\/da\/stempelcentre\/oversigtskort\/stempelpunkt-116-forlovelsesoeen-i-oker\/","title":{"rendered":"Stempelpunkt 116 \/ Forlovelses\u00f8en i&nbsp;Oker"},"content":{"rendered":"\n<h2 class=\"wp-block-heading\">Forlovelses\u00f8en ligger mellem store klippeblokke i&nbsp;den vilde og romantiske Oker-dal under Oker-d\u00e6mningen, direkte p\u00e5 en af de smukkeste hvidvandsstr\u00e6kninger i&nbsp;Tyskland.<\/h2>\n\n<div class=\"wp-block-stackable-image alignwide stk-block-image stk-block stk-89e1006\" data-block-id=\"89e1006\"><style>.stk-89e1006 {margin-top:3% !important;margin-bottom:3% !important;}<\/style><figure><span class=\"stk-img-wrapper stk-image--shape-stretch stk--has-lightbox\"><img decoding=\"async\" width=\"825\" height=\"550\" src=\"https:\/\/www.harzer-wandernadel.de\/wp-content\/uploads\/2016\/02\/Verlobungsinsel.jpg\" class=\"attachment-full size-full wp-post-image\" alt=\"Forlovelses\u00f8en\" srcset=\"https:\/\/www.harzer-wandernadel.de\/wp-content\/uploads\/2016\/02\/Verlobungsinsel.jpg 825w, https:\/\/www.harzer-wandernadel.de\/wp-content\/uploads\/2016\/02\/Verlobungsinsel-300x200.jpg 300w, https:\/\/www.harzer-wandernadel.de\/wp-content\/uploads\/2016\/02\/Verlobungsinsel-768x512.jpg 768w, https:\/\/www.harzer-wandernadel.de\/wp-content\/uploads\/2016\/02\/Verlobungsinsel-624x416.jpg 624w\" sizes=\"(max-width: 825px) 100vw, 825px\"><\/span><\/figure><\/div>\n\n<p>Oker-d\u00e6m\u00adnin\u00adgen og Rom\u00adker\u00adhall-vand\u00adfal\u00addet lig\u00adger over Ver\u00adlo\u00adbungsin\u00adsel. Van\u00addet fra Rom\u00adke-flo\u00adden styr\u00adter ned over det men\u00adne\u00adske\u00adskab\u00adte vand\u00adfald, som er omkring 70&nbsp;meter dybt, og l\u00f8ber der\u00adef\u00adter ud i&nbsp;Oker-flo\u00adden. Du kan se det\u00adte sku\u00ade\u00adspil fra en udsigts\u00adplat\u00adform. Om vin\u00adte\u00adr\u00aden fry\u00adser vand\u00adfal\u00addet til et impo\u00adne\u00adren\u00adde iskunst\u00adv\u00e6rk, som til\u00adtr\u00e6k\u00adker isk\u00adla\u00adtre\u00adre fra hele Tyskland.&nbsp;<\/p>\n\n<p>Enga\u00adge\u00adment Island bli\u00adver et magisk sted, n\u00e5r solen skin\u00adner, der kom\u00admer en mas\u00adse vand fra Oker-d\u00e6m\u00adnin\u00adgen, og kano\u00adf\u00f8\u00adrer\u00adne er ude i&nbsp;det hvi\u00adde&nbsp;vand.<\/p>\n\n<p>Fra Rom\u00adker\u00adhal\u00adle-par\u00adke\u00adrings\u00adplad\u00adsen under vand\u00adkraft\u00adv\u00e6r\u00adket f\u00f8l\u00adger man den afm\u00e6r\u00adke\u00adde, ste\u00adne\u00adde sti nedstr\u00f8ms og kryd\u00adser en tr\u00e6\u00adbro for at kom\u00adme til Verlobungsinsel.<\/p>\n\n<p>Efter den\u00adne kor\u00adte van\u00addre\u00adtur er det en god id\u00e9 f\u00f8rst at beun\u00addre Rom\u00adker\u00adhall-vand\u00adfal\u00addet og der\u00adef\u00adter fort\u00ads\u00e6t\u00adte turen til <a href=\"https:\/\/www.harzer-wandernadel.de\/stempelstellen\/uebersichtskarte\/stempelstelle-118-kaestehaus\/\" data-type=\"page\" data-id=\"1110\">K\u00e4ste\u00adhaus HWN 118<\/a> og <a href=\"https:\/\/www.harzer-wandernadel.de\/stempelstellen\/uebersichtskarte\/stempelstelle-117-treppenstein\/\" data-type=\"page\" data-id=\"1108\">Trep\u00adpenste\u00adin HWN 117<\/a>.<\/p>\n","protected":false},"excerpt":{"rendered":"<p>For\u00adlovel\u00adse\u00ads\u00ad\u00f8\u00aden lig\u00adger mel\u00adlem sto\u00adre klip\u00adpe\u00adblok\u00adke i&nbsp;den vil\u00adde og roman\u00adti\u00adske Oker-dal under Oker-d\u00e6m\u00adnin\u00adgen, direk\u00adte p\u00e5 en af de smuk\u00adke\u00adste hvid\u00advands\u00adstr\u00e6k\u00adnin\u00adger i&nbsp;Tys\u00adkland. Oker-d\u00e6m\u00ad\u00adnin\u00ad\u00adgen og Rom\u00adker\u00adhall-vand\u00ad\u00adfal\u00ad\u00addet lig\u00adger over Ver\u00adlo\u00adbungsin\u00adsel. Van\u00addet fra Rom\u00adke-flo\u00ad\u00adden styr\u00adter ned over det men\u00adne\u00adske\u00adskab\u00adte vand\u00adfald, som er omkring 70&nbsp;meter dybt, og l\u00f8ber der\u00adef\u00adter ud i&nbsp;Oker-flo\u00ad\u00adden. Du kan se det\u00adte sku\u00ade\u00adspil fra en udsigts\u00adplat\u00adform. Om vinteren&nbsp;[\u2026]<\/p>\n","protected":false},"author":11,"featured_media":11875,"parent":17792,"menu_order":10116,"comment_status":"closed","ping_status":"closed","template":"","meta":{"_seopress_robots_primary_cat":"","_seopress_titles_title":"","_seopress_titles_desc":"","_seopress_robots_index":"","wp_typography_post_enhancements_disabled":false,"iawp_total_views":0,"footnotes":""},"hf_cat_page":[120],"class_list":["post-18274","page","type-page","status-publish","has-post-thumbnail"],"blocksy_meta":[],"_links":{"self":[{"href":"https:\/\/www.harzer-wandernadel.de\/da\/wp-json\/wp\/v2\/pages\/18274","targetHints":{"allow":["GET"]}}],"collection":[{"href":"https:\/\/www.harzer-wandernadel.de\/da\/wp-json\/wp\/v2\/pages"}],"about":[{"href":"https:\/\/www.harzer-wandernadel.de\/da\/wp-json\/wp\/v2\/types\/page"}],"author":[{"embeddable":true,"href":"https:\/\/www.harzer-wandernadel.de\/da\/wp-json\/wp\/v2\/users\/11"}],"replies":[{"embeddable":true,"href":"https:\/\/www.harzer-wandernadel.de\/da\/wp-json\/wp\/v2\/comments?post=18274"}],"version-history":[{"count":2,"href":"https:\/\/www.harzer-wandernadel.de\/da\/wp-json\/wp\/v2\/pages\/18274\/revisions"}],"predecessor-version":[{"id":24894,"href":"https:\/\/www.harzer-wandernadel.de\/da\/wp-json\/wp\/v2\/pages\/18274\/revisions\/24894"}],"up":[{"embeddable":true,"href":"https:\/\/www.harzer-wandernadel.de\/da\/wp-json\/wp\/v2\/pages\/17792"}],"wp:featuredmedia":[{"embeddable":true,"href":"https:\/\/www.harzer-wandernadel.de\/da\/wp-json\/wp\/v2\/media\/11875"}],"wp:attachment":[{"href":"https:\/\/www.harzer-wandernadel.de\/da\/wp-json\/wp\/v2\/media?parent=18274"}],"wp:term":[{"taxonomy":"hf_cat_page","embeddable":true,"href":"https:\/\/www.harzer-wandernadel.de\/da\/wp-json\/wp\/v2\/hf_cat_page?post=18274"}],"curies":[{"name":"wp","href":"https:\/\/api.w.org\/{rel}","templated":true}]}}