{"id":18238,"date":"2016-02-18T10:26:41","date_gmt":"2016-02-18T09:26:41","guid":{"rendered":"https:\/\/www.harzer-wandernadel.de\/stempelcentre\/oversigtskort\/frimaerkepunkt-217-solhat-oderteich-nph\/"},"modified":"2026-01-29T12:48:34","modified_gmt":"2026-01-29T11:48:34","slug":"frimaerkepunkt-217-solhat-oderteich-nph","status":"publish","type":"page","link":"https:\/\/www.harzer-wandernadel.de\/da\/stempelcentre\/oversigtskort\/frimaerkepunkt-217-solhat-oderteich-nph\/","title":{"rendered":"Frim\u00e6rkepunkt 217 \/ Solhat Oderteich (NPH)"},"content":{"rendered":"\n<h2 class=\"wp-block-heading\">Sonnenkappe er et vandl\u00f8b, der slynger sig ud i&nbsp;reservoiret p\u00e5 Oderteichs nordlige bred. D\u00e6mningen ligger omkring syv kilometer nord\u00f8st for Sankt Andreasberg p\u00e5 B&nbsp;242.&nbsp;<\/h2>\n\n<div class=\"wp-block-stackable-image alignwide stk-block-image stk-block stk-89e1006\" data-block-id=\"89e1006\"><style>.stk-89e1006 {margin-top:3% !important;margin-bottom:3% !important;}<\/style><figure><span class=\"stk-img-wrapper stk-image--shape-stretch stk--has-lightbox\"><img decoding=\"async\" width=\"2048\" height=\"1365\" src=\"https:\/\/www.harzer-wandernadel.de\/wp-content\/uploads\/2016\/02\/HWN-Sonnenkappe-Oderteich-Rothardt.jpg\" class=\"attachment-full size-full wp-post-image\" alt=\"Lille vandl\u00f8b i en gr\u00f8n skov med sten\" srcset=\"https:\/\/www.harzer-wandernadel.de\/wp-content\/uploads\/2016\/02\/HWN-Sonnenkappe-Oderteich-Rothardt.jpg 2048w, https:\/\/www.harzer-wandernadel.de\/wp-content\/uploads\/2016\/02\/HWN-Sonnenkappe-Oderteich-Rothardt-300x200.jpg 300w, https:\/\/www.harzer-wandernadel.de\/wp-content\/uploads\/2016\/02\/HWN-Sonnenkappe-Oderteich-Rothardt-768x512.jpg 768w, https:\/\/www.harzer-wandernadel.de\/wp-content\/uploads\/2016\/02\/HWN-Sonnenkappe-Oderteich-Rothardt-1024x683.jpg 1024w, https:\/\/www.harzer-wandernadel.de\/wp-content\/uploads\/2016\/02\/HWN-Sonnenkappe-Oderteich-Rothardt-250x167.jpg 250w, https:\/\/www.harzer-wandernadel.de\/wp-content\/uploads\/2016\/02\/HWN-Sonnenkappe-Oderteich-Rothardt-624x416.jpg 624w\" sizes=\"(max-width: 2048px) 100vw, 2048px\"><\/span><\/figure><\/div>\n\n<p>Oder\u00adteich-d\u00e6m\u00adnin\u00adgen blev byg\u00adget mel\u00adlem 1715 og 1722 af mine\u00adar\u00adbej\u00adde\u00adre fra Sankt Andreas\u00adberg og dri\u00adves nu af Harzens vand\u00adv\u00e6rk. Oder\u00adteich var den st\u00f8r\u00adste d\u00e6m\u00adning i&nbsp;Tys\u00adkland ind\u00adtil slut\u00adnin\u00adgen af det 19. \u00e5rhundrede.&nbsp;<\/p>\n\n<p>Oder\u00adteich blev byg\u00adget for at kun\u00adne for\u00adsy\u00adne vand\u00adhju\u00adle\u00adne i&nbsp;Sankt Andreas\u00adberg-miner\u00adne med vand via Reh\u00adber\u00adger Gra\u00adben, selv i&nbsp;t\u00f8r\u00adre peri\u00ado\u00adder. Dens kapa\u00adci\u00adtet var til\u00adstr\u00e6k\u00adke\u00adlig til at over\u00advin\u00adde en t\u00f8r peri\u00ado\u00adde p\u00e5 omkring tre m\u00e5ne\u00adder. Det er den st\u00f8r\u00adste af alle dam\u00adme i&nbsp;Ober\u00adharz og dri\u00adver sta\u00addig fle\u00adre vand\u00adkraft\u00adv\u00e6r\u00adker i&nbsp;Sankt Andreas\u00adberg, i&nbsp;Sam\u00adson-minen og i&nbsp;Sperrlutter-dalen.&nbsp;<\/p>\n\n<p>Det bed\u00adste udgangs\u00adpunkt for en van\u00addre\u00adtur rundt om Oder\u00adteich er par\u00adke\u00adrings\u00adplad\u00adsen p\u00e5 vej\u00aden fra Oder\u00adbr\u00fcck i&nbsp;ret\u00adning af Sonnenberg.<\/p>\n\n<p>Vi anbe\u00adfa\u00adler at bru\u00adge den cir\u00adku\u00adl\u00e6\u00adre van\u00addre\u00adsti, der er opret\u00adtet af natio\u00adnal\u00adpar\u00adkad\u00admi\u00adni\u00adstra\u00adtio\u00adnen, og l\u00e6re den smuk\u00adke natur omkring Oder\u00adteich at ken\u00adde. Fri\u00adm\u00e6r\u00adke\u00adbok\u00adsen er pla\u00adce\u00adret direk\u00adte p\u00e5 den cir\u00adku\u00adl\u00e6\u00adre&nbsp;sti.&nbsp;<\/p>\n\n<div class=\"wp-block-buttons is-layout-flex wp-block-buttons-is-layout-flex\">\n<div class=\"wp-block-button\"><a class=\"wp-block-button__link wp-element-button\" href=\"http:\/\/www.nationalpark-harz.de\/de\/downloads\/wanderwege\/?we_objectID=460&amp;refDID=3495&amp;download=barrierearm\">Oder\u00adteich cir\u00adku\u00adl\u00e6r van\u00addre\u00adsti&nbsp;flyer<\/a><\/div>\n<\/div>\n\n<p>&nbsp;<\/p>\n","protected":false},"excerpt":{"rendered":"<p>Son\u00adnen\u00adkap\u00adpe er et vand\u00adl\u00f8b, der slyn\u00adger sig ud i&nbsp;reser\u00advoi\u00adret p\u00e5 Oder\u00adtei\u00adchs nord\u00adli\u00adge bred. D\u00e6m\u00adnin\u00adgen lig\u00adger omkring syv kilo\u00adme\u00adter nor\u00add\u00f8st for Sankt Andreas\u00adberg p\u00e5 B&nbsp;242.&nbsp; Oder\u00adteich-d\u00e6m\u00ad\u00adnin\u00ad\u00adgen blev byg\u00adget mel\u00adlem 1715 og 1722 af mine\u00adar\u00adbej\u00adde\u00adre fra Sankt Andreas\u00adberg og dri\u00adves nu af Harzens vand\u00adv\u00e6rk. Oder\u00adteich var den st\u00f8r\u00adste d\u00e6m\u00adning i&nbsp;Tys\u00adkland ind\u00adtil slut\u00adnin\u00adgen af det 19. \u00e5rhund\u00adre\u00adde.&nbsp; Oderteich&nbsp;[\u2026]<\/p>\n","protected":false},"author":11,"featured_media":12709,"parent":17792,"menu_order":10217,"comment_status":"closed","ping_status":"closed","template":"","meta":{"_seopress_robots_primary_cat":"","_seopress_titles_title":"","_seopress_titles_desc":"","_seopress_robots_index":"","wp_typography_post_enhancements_disabled":false,"iawp_total_views":2,"footnotes":""},"hf_cat_page":[120],"class_list":["post-18238","page","type-page","status-publish","has-post-thumbnail"],"blocksy_meta":[],"_links":{"self":[{"href":"https:\/\/www.harzer-wandernadel.de\/da\/wp-json\/wp\/v2\/pages\/18238","targetHints":{"allow":["GET"]}}],"collection":[{"href":"https:\/\/www.harzer-wandernadel.de\/da\/wp-json\/wp\/v2\/pages"}],"about":[{"href":"https:\/\/www.harzer-wandernadel.de\/da\/wp-json\/wp\/v2\/types\/page"}],"author":[{"embeddable":true,"href":"https:\/\/www.harzer-wandernadel.de\/da\/wp-json\/wp\/v2\/users\/11"}],"replies":[{"embeddable":true,"href":"https:\/\/www.harzer-wandernadel.de\/da\/wp-json\/wp\/v2\/comments?post=18238"}],"version-history":[{"count":1,"href":"https:\/\/www.harzer-wandernadel.de\/da\/wp-json\/wp\/v2\/pages\/18238\/revisions"}],"predecessor-version":[{"id":18239,"href":"https:\/\/www.harzer-wandernadel.de\/da\/wp-json\/wp\/v2\/pages\/18238\/revisions\/18239"}],"up":[{"embeddable":true,"href":"https:\/\/www.harzer-wandernadel.de\/da\/wp-json\/wp\/v2\/pages\/17792"}],"wp:featuredmedia":[{"embeddable":true,"href":"https:\/\/www.harzer-wandernadel.de\/da\/wp-json\/wp\/v2\/media\/12709"}],"wp:attachment":[{"href":"https:\/\/www.harzer-wandernadel.de\/da\/wp-json\/wp\/v2\/media?parent=18238"}],"wp:term":[{"taxonomy":"hf_cat_page","embeddable":true,"href":"https:\/\/www.harzer-wandernadel.de\/da\/wp-json\/wp\/v2\/hf_cat_page?post=18238"}],"curies":[{"name":"wp","href":"https:\/\/api.w.org\/{rel}","templated":true}]}}