{"id":18234,"date":"2016-02-18T10:29:59","date_gmt":"2016-02-18T09:29:59","guid":{"rendered":"https:\/\/www.harzer-wandernadel.de\/stempelcentre\/oversigtskort\/stempelpunkt-216-lutherbuche\/"},"modified":"2026-01-29T12:48:34","modified_gmt":"2026-01-29T11:48:34","slug":"stempelpunkt-216-lutherbuche","status":"publish","type":"page","link":"https:\/\/www.harzer-wandernadel.de\/da\/stempelcentre\/oversigtskort\/stempelpunkt-216-lutherbuche\/","title":{"rendered":"Stempelpunkt 216 \/ Lutherbuche"},"content":{"rendered":"\n<h2 class=\"wp-block-heading\">Lutherb\u00f8gen ligger sydvest for Stolberg p\u00e5 et udsigtspunkt over Stubengasse.<\/h2>\n\n<div class=\"wp-block-stackable-image alignwide stk-block-image stk-block stk-89e1006\" data-block-id=\"89e1006\"><style>.stk-89e1006 {margin-top:3% !important;margin-bottom:3% !important;}<\/style><figure><span class=\"stk-img-wrapper stk-image--shape-stretch stk--has-lightbox\"><img decoding=\"async\" width=\"1997\" height=\"1497\" src=\"https:\/\/www.harzer-wandernadel.de\/wp-content\/uploads\/2016\/02\/HWN-Lutherbuche-Christian-Schuder.jpg\" class=\"attachment-full size-full wp-post-image\" alt=\"Malerisk gammel bydel med slot og gr\u00f8nne bakker\" srcset=\"https:\/\/www.harzer-wandernadel.de\/wp-content\/uploads\/2016\/02\/HWN-Lutherbuche-Christian-Schuder.jpg 1997w, https:\/\/www.harzer-wandernadel.de\/wp-content\/uploads\/2016\/02\/HWN-Lutherbuche-Christian-Schuder-300x225.jpg 300w, https:\/\/www.harzer-wandernadel.de\/wp-content\/uploads\/2016\/02\/HWN-Lutherbuche-Christian-Schuder-768x576.jpg 768w, https:\/\/www.harzer-wandernadel.de\/wp-content\/uploads\/2016\/02\/HWN-Lutherbuche-Christian-Schuder-1024x768.jpg 1024w, https:\/\/www.harzer-wandernadel.de\/wp-content\/uploads\/2016\/02\/HWN-Lutherbuche-Christian-Schuder-250x187.jpg 250w, https:\/\/www.harzer-wandernadel.de\/wp-content\/uploads\/2016\/02\/HWN-Lutherbuche-Christian-Schuder-624x468.jpg 624w\" sizes=\"(max-width: 1997px) 100vw, 1997px\"><\/span><\/figure><\/div>\n\n<p>Lut\u00adher var ble\u00advet til\u00adkaldt til Stol\u00adberg i&nbsp;for\u00ad\u00e5\u00adret 1525 for at bero\u00adli\u00adge de vre\u00adde b\u00f8n\u00adder og bor\u00adge\u00adre med en pr\u00e6\u00addi\u00adken i&nbsp;Mar\u00adtin\u00adskir\u00adken, men det lyk\u00adke\u00addes ikke. Under sit ophold benyt\u00adte\u00adde han til\u00adsy\u00adne\u00adla\u00adden\u00adde lej\u00adlig\u00adhe\u00adden til at g\u00e5 en lang tur i&nbsp;de omkring\u00adlig\u00adgen\u00adde bak\u00adker med sin ven Wil\u00adhelm Reif\u00adfenste\u00adin. Den dag i&nbsp;dag lever leg\u00aden\u00adden vide\u00adre i&nbsp;Stol\u00adberg om, at Lut\u00adher sam\u00admen\u00adlig\u00adne\u00adde byen med en fugl derfra.&nbsp;<\/p>\n\n<p>I Stol\u00adbergs kir\u00adke- og byhi\u00adsto\u00adrie af Johann Arnold Zeit\u00adfu\u00adchs, udgi\u00advet i&nbsp;1717, er f\u00f8l\u00adgen\u00adde ind\u00adf\u00f8r\u00adsel beva\u00adret: <em>\u201eDa<\/em> Lut\u00adher fre\u00addag efter p\u00e5ske i&nbsp;1525 pr\u00e6\u00addi\u00adke\u00adde her \/ og gik op p\u00e5 bjer\u00adget med hr. Wil\u00adhelm Reif\u00adfenste\u00adi\u00adnen \/ sam\u00admen\u00adlig\u00adne\u00adde l\u00e6gen byen med en fugl. <em>1525 Fre\u00addag efter p\u00e5ske pr\u00e6\u00addi\u00adke\u00adde Lut\u00adher her \/ og gik op p\u00e5 bjer\u00adget med hr. Wil\u00adhelm Reif\u00adfenste\u00adi\u00adnen \/ l\u00e6gen sam\u00admen\u00adlig\u00adne\u00adde byen med en fugl. Slot\u00adtet \/ men\u00adte han \/ var hove\u00add\u00adet \/ de 2. baner var vin\u00adger\u00adne \/ mar\u00adke\u00addet gum\u00adpen \/ den neder\u00adste bane&nbsp;halen.\u201c<\/em><\/p>\n\n<p>Lut\u00adher\u00adb\u00f8\u00adgen og den omkring\u00adlig\u00adgen\u00adde plads var alle\u00adre\u00adde kendt som \u201eLut\u00adher\u00adp\u00adlatz\u201c i&nbsp;1868 og ind\u00adgik i&nbsp;fest\u00adlig\u00adhe\u00adder\u00adne i&nbsp;anled\u00adning af 400-\u00e5ret for refor\u00adma\u00adto\u00adrens f\u00f8d\u00adsel. Det nuv\u00e6\u00adren\u00adde b\u00f8ge\u00adtr\u00e6 b\u00e6rer en tr\u00e6\u00adpla\u00adde, hvor refe\u00adren\u00adcen til Lut\u00adher er forklaret.&nbsp;<\/p>\n\n<p>Stol\u00adbergs s\u00e6r\u00adli\u00adge char\u00adme lig\u00adger i&nbsp;det luk\u00adke\u00adde histo\u00adri\u00adske bybil\u00adle\u00adde i&nbsp;bin\u00addings\u00adv\u00e6rks\u00adstil, de sno\u00ade\u00adde gyder og de man\u00adge sev\u00e6r\u00addig\u00adhe\u00adder. En af de legen\u00adda\u00adri\u00adske lede\u00adre af bon\u00adde\u00adkri\u00adgen i&nbsp;1524\u20131525, Tho\u00admas M\u00fcntzer, blev f\u00f8dt i&nbsp;Stol\u00adberg omkring 1489.&nbsp;<\/p>\n\n<p>Fra mar\u00adkeds\u00adplad\u00adsen g\u00e5r du gen\u00adnem Sai\u00adger\u00adturmtor-por\u00adten og f\u00f8l\u00adger Stu\u00adben\u00adgas\u00adse til \u201eBandwe\u00adge\u201c. Lut\u00adher-b\u00f8gen st\u00e5r p\u00e5 det h\u00f8je\u00adste punkt p\u00e5 Obe\u00adrer Bandweg.&nbsp;<\/p>\n\n<div class=\"wp-block-buttons is-layout-flex wp-block-buttons-is-layout-flex\">\n<div class=\"wp-block-button\"><a class=\"wp-block-button__link wp-element-button\" href=\"http:\/\/harzer-bergwald.de\/index.php\/wandertouren\/abenteuertouren\/12-der-harzgarten-von-stolberg\">Tour tip Harzen bjergskov<\/a><\/div>\n<\/div>\n","protected":false},"excerpt":{"rendered":"<p>Lut\u00adher\u00adb\u00f8\u00adgen lig\u00adger syd\u00advest for Stol\u00adberg p\u00e5 et udsigts\u00adpunkt over Stu\u00adben\u00adgas\u00adse. Lut\u00adher var ble\u00advet til\u00adkaldt til Stol\u00adberg i&nbsp;for\u00ad\u00e5\u00adret 1525 for at bero\u00adli\u00adge de vre\u00adde b\u00f8n\u00adder og bor\u00adge\u00adre med en pr\u00e6\u00addi\u00adken i&nbsp;Mar\u00adtin\u00adskir\u00adken, men det lyk\u00adke\u00addes ikke. Under sit ophold benyt\u00adte\u00adde han til\u00adsy\u00adne\u00adla\u00adden\u00adde lej\u00adlig\u00adhe\u00adden til at g\u00e5 en lang tur i&nbsp;de omkring\u00adlig\u00adgen\u00adde bak\u00adker med sin ven Wil\u00adhelm Reiffenstein.&nbsp;[\u2026]<\/p>\n","protected":false},"author":11,"featured_media":12646,"parent":17792,"menu_order":10216,"comment_status":"closed","ping_status":"closed","template":"","meta":{"_seopress_robots_primary_cat":"","_seopress_titles_title":"","_seopress_titles_desc":"","_seopress_robots_index":"","wp_typography_post_enhancements_disabled":false,"iawp_total_views":0,"footnotes":""},"hf_cat_page":[120],"class_list":["post-18234","page","type-page","status-publish","has-post-thumbnail"],"blocksy_meta":[],"_links":{"self":[{"href":"https:\/\/www.harzer-wandernadel.de\/da\/wp-json\/wp\/v2\/pages\/18234","targetHints":{"allow":["GET"]}}],"collection":[{"href":"https:\/\/www.harzer-wandernadel.de\/da\/wp-json\/wp\/v2\/pages"}],"about":[{"href":"https:\/\/www.harzer-wandernadel.de\/da\/wp-json\/wp\/v2\/types\/page"}],"author":[{"embeddable":true,"href":"https:\/\/www.harzer-wandernadel.de\/da\/wp-json\/wp\/v2\/users\/11"}],"replies":[{"embeddable":true,"href":"https:\/\/www.harzer-wandernadel.de\/da\/wp-json\/wp\/v2\/comments?post=18234"}],"version-history":[{"count":1,"href":"https:\/\/www.harzer-wandernadel.de\/da\/wp-json\/wp\/v2\/pages\/18234\/revisions"}],"predecessor-version":[{"id":18235,"href":"https:\/\/www.harzer-wandernadel.de\/da\/wp-json\/wp\/v2\/pages\/18234\/revisions\/18235"}],"up":[{"embeddable":true,"href":"https:\/\/www.harzer-wandernadel.de\/da\/wp-json\/wp\/v2\/pages\/17792"}],"wp:featuredmedia":[{"embeddable":true,"href":"https:\/\/www.harzer-wandernadel.de\/da\/wp-json\/wp\/v2\/media\/12646"}],"wp:attachment":[{"href":"https:\/\/www.harzer-wandernadel.de\/da\/wp-json\/wp\/v2\/media?parent=18234"}],"wp:term":[{"taxonomy":"hf_cat_page","embeddable":true,"href":"https:\/\/www.harzer-wandernadel.de\/da\/wp-json\/wp\/v2\/hf_cat_page?post=18234"}],"curies":[{"name":"wp","href":"https:\/\/api.w.org\/{rel}","templated":true}]}}