{"id":18210,"date":"2016-02-18T10:57:58","date_gmt":"2016-02-18T09:57:58","guid":{"rendered":"https:\/\/www.harzer-wandernadel.de\/stempelcentre\/oversigtskort\/stempelpunkt-212-an-der-queste\/"},"modified":"2026-01-29T12:48:29","modified_gmt":"2026-01-29T11:48:29","slug":"stempelpunkt-212-an-der-queste","status":"publish","type":"page","link":"https:\/\/www.harzer-wandernadel.de\/da\/stempelcentre\/oversigtskort\/stempelpunkt-212-an-der-queste\/","title":{"rendered":"Stempelpunkt 212 \/ An der Queste"},"content":{"rendered":"\n<h2 class=\"wp-block-heading\">\u201eQueste\u201c, et gammelt symbol p\u00e5 solen, st\u00e5r p\u00e5 en h\u00f8jderyg sydvest for den lille landsby Questenberg.<\/h2>\n\n<div class=\"wp-block-stackable-image alignwide stk-block-image stk-block stk-89e1006\" data-block-id=\"89e1006\"><style>.stk-89e1006 {margin-top:3% !important;margin-bottom:3% !important;}<\/style><figure><span class=\"stk-img-wrapper stk-image--shape-stretch stk--has-lightbox\"><img decoding=\"async\" width=\"960\" height=\"539\" src=\"https:\/\/www.harzer-wandernadel.de\/wp-content\/uploads\/2016\/02\/HWN-Queste-Stoof-3.jpg\" class=\"attachment-full size-full wp-post-image\" alt=\"Tr\u00e6skulptur p\u00e5 en bakke under en bl\u00e5 himmel\" srcset=\"https:\/\/www.harzer-wandernadel.de\/wp-content\/uploads\/2016\/02\/HWN-Queste-Stoof-3.jpg 960w, https:\/\/www.harzer-wandernadel.de\/wp-content\/uploads\/2016\/02\/HWN-Queste-Stoof-3-300x168.jpg 300w, https:\/\/www.harzer-wandernadel.de\/wp-content\/uploads\/2016\/02\/HWN-Queste-Stoof-3-768x431.jpg 768w, https:\/\/www.harzer-wandernadel.de\/wp-content\/uploads\/2016\/02\/HWN-Queste-Stoof-3-250x140.jpg 250w, https:\/\/www.harzer-wandernadel.de\/wp-content\/uploads\/2016\/02\/HWN-Queste-Stoof-3-624x350.jpg 624w\" sizes=\"(max-width: 960px) 100vw, 960px\"><\/span><\/figure><\/div>\n\n<p>Fra Que\u00adsten\u00adberg, som blev erkl\u00e6\u00adret natur\u00adre\u00adser\u00advat i&nbsp;1927, er der en fan\u00adta\u00adstisk udsigt over lands\u00adby\u00aden, som lig\u00adger omkring 100&nbsp;meter under, og de omkring\u00adlig\u00adgen\u00adde bjer\u00adge og dale. P\u00e5 top\u00adpen af bjer\u00adget blev der rejst en tr\u00e6\u00adstam\u00adme, som b\u00e6rer en s\u00e6r\u00adlig udfor\u00admet krans. Que\u00adste er cen\u00adtrum for en stor fol\u00adke\u00adfest, som fejres hvert \u00e5r i&nbsp;pin\u00adsen med del\u00adta\u00adgel\u00adse af hele lands\u00adby\u00aden. Festi\u00adva\u00adlen g\u00e5r sand\u00adsyn\u00adlig\u00advis til\u00adba\u00adge til et hedensk solritual.&nbsp;<\/p>\n\n<p>For\u00adhi\u00adsto\u00adri\u00adske og tid\u00adli\u00adge histo\u00adri\u00adske ste\u00adder, en mid\u00addelal\u00adder\u00adlig feu\u00addal\u00adborg, smuk bin\u00addings\u00adv\u00e6rks\u00adar\u00adki\u00adtek\u00adtur, monu\u00admen\u00adter over rets\u00adhi\u00adsto\u00adri\u00aden og den gam\u00adle tra\u00addi\u00adtion med Que\u00adsten\u00adfest ken\u00adde\u00adteg\u00adner det\u00adte sted p\u00e5 man\u00adge m\u00e5der. Que\u00adsten\u00adberg lig\u00adger char\u00adme\u00adren\u00adde midt i&nbsp;Nas\u00adse gen\u00adnem\u00adbrud\u00ads\u00addal, som har sk\u00e5\u00adret sig gen\u00adnem de stejlt sti\u00adgen\u00adde klip\u00adper til h\u00f8j\u00adre og ven\u00adstre for landsbyen.&nbsp;<\/p>\n\n<p>Den h\u00f8j\u00admid\u00addelal\u00adder\u00adli\u00adge borg Que\u00adsten\u00adburg lig\u00adger lige nord for lands\u00adby\u00aden p\u00e5 en land\u00adtan\u00adge. Den f\u00f8r\u00adste doku\u00admen\u00adta\u00adri\u00adske omta\u00adle af en slots\u00adher\u00adre, v\u00e6b\u00adne\u00adren Fri\u00adde\u00adri\u00adcus de Que\u00adsten\u00adberg, stam\u00admer fra&nbsp;1275.&nbsp;<\/p>\n\n<p>De s\u00e5kald\u00adte \u201egletsjer\u00adhul\u00adler\u201c lig\u00adger p\u00e5 opstig\u00adnin\u00adgen. I&nbsp;mod\u00ads\u00e6t\u00adning til den oprin\u00adde\u00adli\u00adge anta\u00adgel\u00adse er det ikke gletsjer\u00adhul\u00adler fra isti\u00adden, men det tid\u00adli\u00adge\u00adre flod\u00adle\u00adje i&nbsp;Nas\u00adse, som har \u00e6ndret sit l\u00f8b gen\u00adnem hund\u00adre\u00adder af \u00e5r. Fra det\u00adte punkt f\u00f8rer stien op ad bjer\u00adget via trin og stigninger.&nbsp;<\/p>\n\n<p>Et godt udgangs\u00adpunkt er par\u00adke\u00adrings\u00adplad\u00adsen ved \u201eGast\u00adhaus zur Que\u00adste\u201c, hvor\u00adfra man altid f\u00f8l\u00adger Queste-symbolet.<\/p>\n\n<div class=\"wp-block-buttons is-layout-flex wp-block-buttons-is-layout-flex\">\n<div class=\"wp-block-button\"><a class=\"wp-block-button__link wp-element-button\" href=\"http:\/\/harzer-bergwald.de\/index.php\/wandertouren\/romantiktouren\/21-panoramawandern-auf-dem-karstwanderweg\">Tour tip Harzen bjergskov<\/a><\/div>\n<\/div>\n","protected":false},"excerpt":{"rendered":"<p>\u201eQue\u00adste\u201c, et gam\u00admelt sym\u00adbol p\u00e5 solen, st\u00e5r p\u00e5 en h\u00f8j\u00adde\u00adryg syd\u00advest for den lil\u00adle lands\u00adby Que\u00adsten\u00adberg. Fra Que\u00adsten\u00adberg, som blev erkl\u00e6\u00adret natur\u00adre\u00adser\u00advat i&nbsp;1927, er der en fan\u00adta\u00adstisk udsigt over lands\u00adby\u00aden, som lig\u00adger omkring 100&nbsp;meter under, og de omkring\u00adlig\u00adgen\u00adde bjer\u00adge og dale. P\u00e5 top\u00adpen af bjer\u00adget blev der rejst en tr\u00e6\u00adstam\u00adme, som b\u00e6rer en s\u00e6r\u00adlig udformet&nbsp;[\u2026]<\/p>\n","protected":false},"author":11,"featured_media":12670,"parent":17792,"menu_order":10212,"comment_status":"closed","ping_status":"closed","template":"","meta":{"_seopress_robots_primary_cat":"","_seopress_titles_title":"","_seopress_titles_desc":"","_seopress_robots_index":"","wp_typography_post_enhancements_disabled":false,"iawp_total_views":0,"footnotes":""},"hf_cat_page":[120],"class_list":["post-18210","page","type-page","status-publish","has-post-thumbnail"],"blocksy_meta":[],"_links":{"self":[{"href":"https:\/\/www.harzer-wandernadel.de\/da\/wp-json\/wp\/v2\/pages\/18210","targetHints":{"allow":["GET"]}}],"collection":[{"href":"https:\/\/www.harzer-wandernadel.de\/da\/wp-json\/wp\/v2\/pages"}],"about":[{"href":"https:\/\/www.harzer-wandernadel.de\/da\/wp-json\/wp\/v2\/types\/page"}],"author":[{"embeddable":true,"href":"https:\/\/www.harzer-wandernadel.de\/da\/wp-json\/wp\/v2\/users\/11"}],"replies":[{"embeddable":true,"href":"https:\/\/www.harzer-wandernadel.de\/da\/wp-json\/wp\/v2\/comments?post=18210"}],"version-history":[{"count":1,"href":"https:\/\/www.harzer-wandernadel.de\/da\/wp-json\/wp\/v2\/pages\/18210\/revisions"}],"predecessor-version":[{"id":18211,"href":"https:\/\/www.harzer-wandernadel.de\/da\/wp-json\/wp\/v2\/pages\/18210\/revisions\/18211"}],"up":[{"embeddable":true,"href":"https:\/\/www.harzer-wandernadel.de\/da\/wp-json\/wp\/v2\/pages\/17792"}],"wp:featuredmedia":[{"embeddable":true,"href":"https:\/\/www.harzer-wandernadel.de\/da\/wp-json\/wp\/v2\/media\/12670"}],"wp:attachment":[{"href":"https:\/\/www.harzer-wandernadel.de\/da\/wp-json\/wp\/v2\/media?parent=18210"}],"wp:term":[{"taxonomy":"hf_cat_page","embeddable":true,"href":"https:\/\/www.harzer-wandernadel.de\/da\/wp-json\/wp\/v2\/hf_cat_page?post=18210"}],"curies":[{"name":"wp","href":"https:\/\/api.w.org\/{rel}","templated":true}]}}