{"id":18152,"date":"2016-02-11T11:18:05","date_gmt":"2016-02-11T10:18:05","guid":{"rendered":"https:\/\/www.harzer-wandernadel.de\/stempelcentre\/oversigtskort\/stempelpunkt-5-froesten\/"},"modified":"2026-02-28T21:06:08","modified_gmt":"2026-02-28T20:06:08","slug":"stempelpunkt-5-froesten","status":"publish","type":"page","link":"https:\/\/www.harzer-wandernadel.de\/da\/stempelcentre\/oversigtskort\/stempelpunkt-5-froesten\/","title":{"rendered":"Stempelpunkt 5 \/ Fr\u00f8sten"},"content":{"rendered":"\n<h2 class=\"wp-block-heading\">Frog Rock (545&nbsp;meter over havets overflade) er en enorm granitmonolit og ligger over Ilse-dalen p\u00e5 Meineberg.<\/h2>\n\n<figure class=\"wp-block-image alignwide size-large\" style=\"margin-top:3%;margin-bottom:3%\"><a href=\"https:\/\/www.harzer-wandernadel.de\/wp-content\/uploads\/2016\/02\/Taubenklippe.jpg\"><img alt decoding=\"async\" width=\"1024\" height=\"682\" src=\"https:\/\/www.harzer-wandernadel.de\/wp-content\/uploads\/2016\/02\/Taubenklippe-1024x682.jpg\" class=\"wp-image-1460\" srcset=\"https:\/\/www.harzer-wandernadel.de\/wp-content\/uploads\/2016\/02\/Taubenklippe.jpg 1024w, https:\/\/www.harzer-wandernadel.de\/wp-content\/uploads\/2016\/02\/Taubenklippe-300x200.jpg 300w, https:\/\/www.harzer-wandernadel.de\/wp-content\/uploads\/2016\/02\/Taubenklippe-768x512.jpg 768w, https:\/\/www.harzer-wandernadel.de\/wp-content\/uploads\/2016\/02\/Taubenklippe-624x416.jpg 624w\" sizes=\"(max-width: 1024px) 100vw, 1024px\"><\/a><\/figure>\n\n<p>Den har f\u00e5et sit navn p\u00e5 grund af sin us\u00e6d\u00advan\u00adli\u00adge form, for set fra den rig\u00adti\u00adge ret\u00adning og med lidt fan\u00adta\u00adsi lig\u00adner den en over\u00addi\u00admen\u00adsio\u00adne\u00adret, sid\u00adden\u00adde fr\u00f8. Stem\u00adpel\u00adpunk\u00adtet lig\u00adger i&nbsp;refu\u00adgi\u00adet ca. 50&nbsp;meter&nbsp;v\u00e6k.&nbsp;<\/p>\n\n<p>Fros\u00adch\u00adfel\u00adsen kan nemt kom\u00adbi\u00adne\u00adres med en van\u00addre\u00adtur til <a href=\"https:\/\/www.harzer-wandernadel.de\/da\/stempelcentre\/oversigtskort\/frimaerkepunkt-4-taubenklippe\/\" data-type=\"page\" data-id=\"487\">Tau\u00adbenklip\u00adpe HWN 4<\/a> og <a href=\"https:\/\/www.harzer-wandernadel.de\/da\/stempelcentre\/oversigtskort\/stempelpunkt-3-am-kruzifix\/\" data-type=\"page\" data-id=\"373\">Kruzi\u00adfix HWN 3<\/a> fra van\u00addre\u00adpar\u00adke\u00adrings\u00adplad\u00adser\u00adne i&nbsp;Ilse-dalen.<\/p>\n","protected":false},"excerpt":{"rendered":"<p>Frog Rock (545&nbsp;meter over havets over\u00adfla\u00adde) er en enorm gra\u00adnit\u00admo\u00adno\u00adlit og lig\u00adger over Ilse-dalen p\u00e5 Mei\u00adne\u00adberg. Den har f\u00e5et sit navn p\u00e5 grund af sin us\u00e6d\u00advan\u00adli\u00adge form, for set fra den rig\u00adti\u00adge ret\u00adning og med lidt fan\u00adta\u00adsi lig\u00adner den en over\u00addi\u00admen\u00adsio\u00adne\u00adret, sid\u00adden\u00adde fr\u00f8. Stem\u00adpel\u00adpunk\u00adtet lig\u00adger i&nbsp;refu\u00adgi\u00adet ca. 50&nbsp;meter&nbsp;v\u00e6k.&nbsp; Fros\u00adch\u00adfel\u00adsen kan nemt kom\u00adbi\u00adne\u00adres med en vandretur&nbsp;[\u2026]<\/p>\n","protected":false},"author":11,"featured_media":12574,"parent":17792,"menu_order":10005,"comment_status":"closed","ping_status":"closed","template":"","meta":{"_seopress_robots_primary_cat":"","_seopress_titles_title":"","_seopress_titles_desc":"Oplev Froschfelsen n\u00e6r Ilsetal - en granitmonolit med en unik form, der er ideel til vandreture til Taubenklippe og Kruzifix.","_seopress_robots_index":"","wp_typography_post_enhancements_disabled":false,"iawp_total_views":1,"footnotes":""},"hf_cat_page":[120],"class_list":["post-18152","page","type-page","status-publish","has-post-thumbnail"],"blocksy_meta":[],"_links":{"self":[{"href":"https:\/\/www.harzer-wandernadel.de\/da\/wp-json\/wp\/v2\/pages\/18152","targetHints":{"allow":["GET"]}}],"collection":[{"href":"https:\/\/www.harzer-wandernadel.de\/da\/wp-json\/wp\/v2\/pages"}],"about":[{"href":"https:\/\/www.harzer-wandernadel.de\/da\/wp-json\/wp\/v2\/types\/page"}],"author":[{"embeddable":true,"href":"https:\/\/www.harzer-wandernadel.de\/da\/wp-json\/wp\/v2\/users\/11"}],"replies":[{"embeddable":true,"href":"https:\/\/www.harzer-wandernadel.de\/da\/wp-json\/wp\/v2\/comments?post=18152"}],"version-history":[{"count":3,"href":"https:\/\/www.harzer-wandernadel.de\/da\/wp-json\/wp\/v2\/pages\/18152\/revisions"}],"predecessor-version":[{"id":24998,"href":"https:\/\/www.harzer-wandernadel.de\/da\/wp-json\/wp\/v2\/pages\/18152\/revisions\/24998"}],"up":[{"embeddable":true,"href":"https:\/\/www.harzer-wandernadel.de\/da\/wp-json\/wp\/v2\/pages\/17792"}],"wp:featuredmedia":[{"embeddable":true,"href":"https:\/\/www.harzer-wandernadel.de\/da\/wp-json\/wp\/v2\/media\/12574"}],"wp:attachment":[{"href":"https:\/\/www.harzer-wandernadel.de\/da\/wp-json\/wp\/v2\/media?parent=18152"}],"wp:term":[{"taxonomy":"hf_cat_page","embeddable":true,"href":"https:\/\/www.harzer-wandernadel.de\/da\/wp-json\/wp\/v2\/hf_cat_page?post=18152"}],"curies":[{"name":"wp","href":"https:\/\/api.w.org\/{rel}","templated":true}]}}