{"id":18080,"date":"2016-02-16T14:31:49","date_gmt":"2016-02-16T13:31:49","guid":{"rendered":"https:\/\/www.harzer-wandernadel.de\/stempelcentre\/oversigtskort\/stempelpunkt-37-buechenberg\/"},"modified":"2026-02-28T14:42:19","modified_gmt":"2026-02-28T13:42:19","slug":"stempelpunkt-37-buechenberg","status":"publish","type":"page","link":"https:\/\/www.harzer-wandernadel.de\/da\/stempelcentre\/oversigtskort\/stempelpunkt-37-buechenberg\/","title":{"rendered":"Stempelpunkt 37 \/ B\u00fcchenberg"},"content":{"rendered":"\n<h2 class=\"wp-block-heading\">B\u00fcchenberg-malmminen ligger p\u00e5 vejen fra Elbingerode til Heimburg over Trecktal-dalen.<\/h2>\n\n<div class=\"wp-block-stackable-image alignwide stk-block-image stk-block stk-89e1006\" data-block-id=\"89e1006\"><style>.stk-89e1006 {margin-top:3% !important;margin-bottom:3% !important;}<\/style><figure><span class=\"stk-img-wrapper stk-image--shape-stretch stk--has-lightbox\"><img decoding=\"async\" width=\"3888\" height=\"2592\" src=\"https:\/\/www.harzer-wandernadel.de\/wp-content\/uploads\/2016\/02\/HWN-B\u00fcchenberg-Lader.jpg\" class=\"attachment-full size-full wp-post-image\" alt=\"Underjordisk minedrift med sten- og minemaskiner\" srcset=\"https:\/\/www.harzer-wandernadel.de\/wp-content\/uploads\/2016\/02\/HWN-B\u00fcchenberg-Lader.jpg 3888w, https:\/\/www.harzer-wandernadel.de\/wp-content\/uploads\/2016\/02\/HWN-B\u00fcchenberg-Lader-300x200.jpg 300w, https:\/\/www.harzer-wandernadel.de\/wp-content\/uploads\/2016\/02\/HWN-B\u00fcchenberg-Lader-768x512.jpg 768w, https:\/\/www.harzer-wandernadel.de\/wp-content\/uploads\/2016\/02\/HWN-B\u00fcchenberg-Lader-1024x683.jpg 1024w, https:\/\/www.harzer-wandernadel.de\/wp-content\/uploads\/2016\/02\/HWN-B\u00fcchenberg-Lader-250x167.jpg 250w, https:\/\/www.harzer-wandernadel.de\/wp-content\/uploads\/2016\/02\/HWN-B\u00fcchenberg-Lader-624x416.jpg 624w\" sizes=\"(max-width: 3888px) 100vw, 3888px\"><\/span><\/figure><\/div>\n\n<p>P\u00e5 ca. 75 minut\u00adter f\u00e5r du p\u00e5 en pro\u00adfes\u00adsio\u00adnel og under\u00adhol\u00adden\u00adde m\u00e5de vist de for\u00adhold, hvorun\u00adder mine\u00adar\u00adbej\u00adder\u00adne i&nbsp;Harzen udvandt den v\u00e6r\u00addi\u00adful\u00adde malm ind\u00adtil 1970. Via en let til\u00adg\u00e6n\u00adge\u00adlig trap\u00adpe, for\u00adbi de m\u00e6g\u00adti\u00adge b\u00e6ren\u00adde struk\u00adtu\u00adrer i&nbsp;det, der engang var Euro\u00adpas l\u00e6ng\u00adste sv\u00e6\u00adve\u00adba\u00adne, kom\u00admer du til sv\u00e6\u00adve\u00adba\u00adnens driv\u00adsy\u00adstem, som demon\u00adstre\u00adres af gui\u00adder\u00adne sam\u00admen med det \u00f8vri\u00adge mineud\u00adstyr, der befin\u00adder sig under jorden.&nbsp;<\/p>\n\n<p>Et geo\u00adlo\u00adgisk udspring, som er unikt i&nbsp;Euro\u00adpa, er far\u00adve\u00adrigt og afsl\u00f8\u00adrer for\u00adskel\u00adli\u00adge typer af sten p\u00e5 de mind\u00adste ste\u00adder. Et syn, som ikke kun fasci\u00adne\u00adrer geo\u00adlo\u00adgi\u00adin\u00adter\u00ades\u00adse\u00adre\u00adde bes\u00f8\u00adgen\u00adde. I&nbsp;minen kan man ople\u00adve anden mine\u00adtek\u00adno\u00adlo\u00adgi i&nbsp;fuld drift. Over\u00adhe\u00adad loa\u00adders, ham\u00admer\u00adbo\u00adre\u00adma\u00adski\u00adner og malm\u00ads\u00adkra\u00adbe\u00adre er impo\u00adne\u00adren\u00adde, ikke kun i&nbsp;st\u00f8r\u00adrel\u00adse og v\u00e6gt, men ogs\u00e5 i&nbsp;st\u00f8j\u00adni\u00adveau\u00adet, som alle bes\u00f8\u00adgen\u00adde selv kan ople\u00adve. Alle dis\u00adse maski\u00adner er tro mod ori\u00adgi\u00adna\u00adler\u00adne fra B\u00fcchen\u00adberg. Bjer\u00adget \u00e5bner sig og afsl\u00f8\u00adrer sine skat\u00adte i&nbsp;en dyb r\u00f8d far\u00adve. Midt i&nbsp;mal\u00admen, p\u00e5 mine\u00adfel\u00adtet, kan du beun\u00addre de m\u00e6g\u00adti\u00adge malmforekomster.&nbsp;<\/p>\n\n<div class=\"wp-block-buttons is-layout-flex wp-block-buttons-is-layout-flex\">\n<div class=\"wp-block-button\"><a class=\"wp-block-button__link wp-element-button\" href=\"https:\/\/www.schaubergwerk-elbingerode.de\/\" target=\"_blank\" rel=\"noreferrer noopener\">Elbin\u00adgero\u00adde viser&nbsp;mine&nbsp;\u201c<\/a><\/div>\n<\/div>\n\n<p>Fra par\u00adke\u00adrings\u00adplad\u00adsen for bes\u00f8\u00adgen\u00adde g\u00e5r du for\u00adbi histo\u00adrisk mineud\u00adstyr til ind\u00adgan\u00adgen til show\u00admi\u00adnen. Der fin\u00adder du ogs\u00e5 stem\u00adpelkas\u00adsen p\u00e5 minens natursti.&nbsp;<\/p>\n","protected":false},"excerpt":{"rendered":"<p>B\u00fcchen\u00adberg-malm\u00admi\u00adnen lig\u00adger p\u00e5 vej\u00aden fra Elbin\u00adgero\u00adde til Heim\u00adburg over Treck\u00adtal-dalen. P\u00e5 ca. 75 minut\u00adter f\u00e5r du p\u00e5 en pro\u00adfes\u00adsio\u00adnel og under\u00adhol\u00adden\u00adde m\u00e5de vist de for\u00adhold, hvorun\u00adder mine\u00adar\u00adbej\u00adder\u00adne i&nbsp;Harzen udvandt den v\u00e6r\u00addi\u00adful\u00adde malm ind\u00adtil 1970. Via en let til\u00adg\u00e6n\u00adge\u00adlig trap\u00adpe, for\u00adbi de m\u00e6g\u00adti\u00adge b\u00e6ren\u00adde struk\u00adtu\u00adrer i&nbsp;det, der engang var Euro\u00adpas l\u00e6ng\u00adste sv\u00e6\u00adve\u00adba\u00adne, kom\u00admer du til sv\u00e6vebanens&nbsp;[\u2026]<\/p>\n","protected":false},"author":11,"featured_media":12718,"parent":17792,"menu_order":10037,"comment_status":"closed","ping_status":"closed","template":"","meta":{"_seopress_robots_primary_cat":"","_seopress_titles_title":"","_seopress_titles_desc":"","_seopress_robots_index":"","wp_typography_post_enhancements_disabled":false,"iawp_total_views":1,"footnotes":""},"hf_cat_page":[120],"class_list":["post-18080","page","type-page","status-publish","has-post-thumbnail"],"blocksy_meta":[],"_links":{"self":[{"href":"https:\/\/www.harzer-wandernadel.de\/da\/wp-json\/wp\/v2\/pages\/18080","targetHints":{"allow":["GET"]}}],"collection":[{"href":"https:\/\/www.harzer-wandernadel.de\/da\/wp-json\/wp\/v2\/pages"}],"about":[{"href":"https:\/\/www.harzer-wandernadel.de\/da\/wp-json\/wp\/v2\/types\/page"}],"author":[{"embeddable":true,"href":"https:\/\/www.harzer-wandernadel.de\/da\/wp-json\/wp\/v2\/users\/11"}],"replies":[{"embeddable":true,"href":"https:\/\/www.harzer-wandernadel.de\/da\/wp-json\/wp\/v2\/comments?post=18080"}],"version-history":[{"count":1,"href":"https:\/\/www.harzer-wandernadel.de\/da\/wp-json\/wp\/v2\/pages\/18080\/revisions"}],"predecessor-version":[{"id":18086,"href":"https:\/\/www.harzer-wandernadel.de\/da\/wp-json\/wp\/v2\/pages\/18080\/revisions\/18086"}],"up":[{"embeddable":true,"href":"https:\/\/www.harzer-wandernadel.de\/da\/wp-json\/wp\/v2\/pages\/17792"}],"wp:featuredmedia":[{"embeddable":true,"href":"https:\/\/www.harzer-wandernadel.de\/da\/wp-json\/wp\/v2\/media\/12718"}],"wp:attachment":[{"href":"https:\/\/www.harzer-wandernadel.de\/da\/wp-json\/wp\/v2\/media?parent=18080"}],"wp:term":[{"taxonomy":"hf_cat_page","embeddable":true,"href":"https:\/\/www.harzer-wandernadel.de\/da\/wp-json\/wp\/v2\/hf_cat_page?post=18080"}],"curies":[{"name":"wp","href":"https:\/\/api.w.org\/{rel}","templated":true}]}}