{"id":18059,"date":"2016-02-11T13:23:37","date_gmt":"2016-02-11T12:23:37","guid":{"rendered":"https:\/\/www.harzer-wandernadel.de\/stempelcentre\/oversigtskort\/stempelpunkt-17-trudenstein\/"},"modified":"2026-02-28T14:42:10","modified_gmt":"2026-02-28T13:42:10","slug":"stempelpunkt-17-trudenstein","status":"publish","type":"page","link":"https:\/\/www.harzer-wandernadel.de\/da\/stempelcentre\/oversigtskort\/stempelpunkt-17-trudenstein\/","title":{"rendered":"Stempelpunkt 17 \/ Trudenstein"},"content":{"rendered":"\n<h2 class=\"wp-block-heading\">Granitklippen Trudenstein (736&nbsp;meter over havets overflade) ligger mellem Drei-Annen-Hohne og Schierke.<\/h2>\n\n<div class=\"wp-block-stackable-image alignwide stk-block-image stk-block stk-89e1006\" data-block-id=\"89e1006\"><style>.stk-89e1006 {margin-top:3% !important;margin-bottom:3% !important;}<\/style><figure><span class=\"stk-img-wrapper stk-image--shape-stretch stk--has-lightbox\"><img decoding=\"async\" width=\"787\" height=\"525\" src=\"https:\/\/www.harzer-wandernadel.de\/wp-content\/uploads\/2016\/02\/Trudenstein.jpg\" class=\"attachment-full size-full wp-post-image\" alt srcset=\"https:\/\/www.harzer-wandernadel.de\/wp-content\/uploads\/2016\/02\/Trudenstein.jpg 787w, https:\/\/www.harzer-wandernadel.de\/wp-content\/uploads\/2016\/02\/Trudenstein-300x200.jpg 300w, https:\/\/www.harzer-wandernadel.de\/wp-content\/uploads\/2016\/02\/Trudenstein-768x512.jpg 768w, https:\/\/www.harzer-wandernadel.de\/wp-content\/uploads\/2016\/02\/Trudenstein-624x416.jpg 624w\" sizes=\"(max-width: 787px) 100vw, 787px\"><\/span><\/figure><\/div>\n\n<p>Nav\u00adnet er afledt af \u201eTru\u00adte\u201c, som bety\u00adder heks eller trold\u00adkvin\u00adde. Til\u00adba\u00adge den 1. juli 1894 gjor\u00adde Harz\u00adklub kam\u00adpe\u00adste\u00adnen til\u00adg\u00e6n\u00adge\u00adlig via jern\u00adsti\u00adger og gjor\u00adde der\u00admed den vidun\u00adder\u00adli\u00adge udsigt over Harzen mulig.&nbsp;<\/p>\n\n<p>De bed\u00adste udgangs\u00adpunk\u00adter for en van\u00addre\u00adtur til Tru\u00addenste\u00adin er fra Schier\u00adke via Que\u00adsen\u00adbank eller fra Drei Annen Hoh\u00adne via Glas\u00adh\u00fct\u00adtenweg. Du kan ogs\u00e5 fort\u00ads\u00e6t\u00adte turen til <a href=\"https:\/\/www.harzer-wandernadel.de\/stempelstellen\/uebersichtskarte\/stempelstelle-13-ahrensklint\/\" data-type=\"page\" data-id=\"518\">Ahrens\u00adkl\u00adint HWN 13<\/a> og vide\u00adre til <a href=\"https:\/\/www.harzer-wandernadel.de\/da\/stempelcentre\/oversigtskort\/stempelpunkt-22-gelber-brink\/\" data-type=\"page\" data-id=\"566\">Gel\u00adben Brink HWN 22<\/a> p\u00e5 Brockenstra\u00dfe.&nbsp;<\/p>\n","protected":false},"excerpt":{"rendered":"<p>Gra\u00adnit\u00adklip\u00adpen Tru\u00addenste\u00adin (736&nbsp;meter over havets over\u00adfla\u00adde) lig\u00adger mel\u00adlem Drei-Annen-Hoh\u00adne og Schier\u00adke. Nav\u00adnet er afledt af \u201eTru\u00adte\u201c, som bety\u00adder heks eller trold\u00adkvin\u00adde. Til\u00adba\u00adge den 1. juli 1894 gjor\u00adde Harz\u00adklub kam\u00adpe\u00adste\u00adnen til\u00adg\u00e6n\u00adge\u00adlig via jern\u00adsti\u00adger og gjor\u00adde der\u00admed den vidun\u00adder\u00adli\u00adge udsigt over Harzen mulig.&nbsp; De bed\u00adste udgangs\u00adpunk\u00adter for en van\u00addre\u00adtur til Tru\u00addenste\u00adin er fra Schier\u00adke via Que\u00adsen\u00adbank&nbsp;eller&nbsp;[\u2026]<\/p>\n","protected":false},"author":11,"featured_media":11524,"parent":17792,"menu_order":10017,"comment_status":"closed","ping_status":"closed","template":"","meta":{"_seopress_robots_primary_cat":"","_seopress_titles_title":"","_seopress_titles_desc":"Oplev vandreturen til Trudenstein n\u00e6r Schierke med en storsl\u00e5et udsigt over Harzen, og opdag andre popul\u00e6re vandredestinationer.","_seopress_robots_index":"","wp_typography_post_enhancements_disabled":false,"iawp_total_views":0,"footnotes":""},"hf_cat_page":[120],"class_list":["post-18059","page","type-page","status-publish","has-post-thumbnail"],"blocksy_meta":[],"_links":{"self":[{"href":"https:\/\/www.harzer-wandernadel.de\/da\/wp-json\/wp\/v2\/pages\/18059","targetHints":{"allow":["GET"]}}],"collection":[{"href":"https:\/\/www.harzer-wandernadel.de\/da\/wp-json\/wp\/v2\/pages"}],"about":[{"href":"https:\/\/www.harzer-wandernadel.de\/da\/wp-json\/wp\/v2\/types\/page"}],"author":[{"embeddable":true,"href":"https:\/\/www.harzer-wandernadel.de\/da\/wp-json\/wp\/v2\/users\/11"}],"replies":[{"embeddable":true,"href":"https:\/\/www.harzer-wandernadel.de\/da\/wp-json\/wp\/v2\/comments?post=18059"}],"version-history":[{"count":2,"href":"https:\/\/www.harzer-wandernadel.de\/da\/wp-json\/wp\/v2\/pages\/18059\/revisions"}],"predecessor-version":[{"id":24689,"href":"https:\/\/www.harzer-wandernadel.de\/da\/wp-json\/wp\/v2\/pages\/18059\/revisions\/24689"}],"up":[{"embeddable":true,"href":"https:\/\/www.harzer-wandernadel.de\/da\/wp-json\/wp\/v2\/pages\/17792"}],"wp:featuredmedia":[{"embeddable":true,"href":"https:\/\/www.harzer-wandernadel.de\/da\/wp-json\/wp\/v2\/media\/11524"}],"wp:attachment":[{"href":"https:\/\/www.harzer-wandernadel.de\/da\/wp-json\/wp\/v2\/media?parent=18059"}],"wp:term":[{"taxonomy":"hf_cat_page","embeddable":true,"href":"https:\/\/www.harzer-wandernadel.de\/da\/wp-json\/wp\/v2\/hf_cat_page?post=18059"}],"curies":[{"name":"wp","href":"https:\/\/api.w.org\/{rel}","templated":true}]}}