{"id":18047,"date":"2016-02-11T13:40:16","date_gmt":"2016-02-11T12:40:16","guid":{"rendered":"https:\/\/www.harzer-wandernadel.de\/stempelcentre\/oversigtskort\/stempelpunkt-18-grenzweg-am-kaffeehorst\/"},"modified":"2026-02-28T14:42:10","modified_gmt":"2026-02-28T13:42:10","slug":"stempelpunkt-18-grenzweg-am-kaffeehorst","status":"publish","type":"page","link":"https:\/\/www.harzer-wandernadel.de\/da\/stempelcentre\/oversigtskort\/stempelpunkt-18-grenzweg-am-kaffeehorst\/","title":{"rendered":"Stempelpunkt 18 \/ Grenzweg am Kaffeehorst"},"content":{"rendered":"\n<h2 class=\"wp-block-heading\">Rastepladsen ved Kaffehorst (735&nbsp;m) ligger lige ved siden af den tidligere indre tyske gr\u00e6nse over Bremke.<\/h2>\n\n<div class=\"wp-block-stackable-image alignwide stk-block-image stk-block stk-89e1006\" data-block-id=\"89e1006\"><style>.stk-89e1006 {margin-top:3% !important;margin-bottom:3% !important;}<\/style><figure><span class=\"stk-img-wrapper stk-image--shape-stretch stk--has-lightbox\"><img decoding=\"async\" width=\"788\" height=\"525\" src=\"https:\/\/www.harzer-wandernadel.de\/wp-content\/uploads\/2016\/02\/Grenzweg-am-Kaffeehorst.jpg\" class=\"attachment-full size-full wp-post-image\" alt srcset=\"https:\/\/www.harzer-wandernadel.de\/wp-content\/uploads\/2016\/02\/Grenzweg-am-Kaffeehorst.jpg 788w, https:\/\/www.harzer-wandernadel.de\/wp-content\/uploads\/2016\/02\/Grenzweg-am-Kaffeehorst-300x200.jpg 300w, https:\/\/www.harzer-wandernadel.de\/wp-content\/uploads\/2016\/02\/Grenzweg-am-Kaffeehorst-768x512.jpg 768w, https:\/\/www.harzer-wandernadel.de\/wp-content\/uploads\/2016\/02\/Grenzweg-am-Kaffeehorst-624x416.jpg 624w\" sizes=\"(max-width: 788px) 100vw, 788px\"><\/span><\/figure><\/div>\n\n<p>Brem\u00adke er 4,7&nbsp;kilo\u00adme\u00adter lang og har en stig\u00adning p\u00e5 290&nbsp;meter, ind\u00adtil den l\u00f8ber ud i&nbsp;War\u00adme Bode. Den mar\u00adke\u00adre\u00adde tid\u00adli\u00adge\u00adre gr\u00e6n\u00adsen til DDR langs hele sit for\u00adl\u00f8b, og i&nbsp;dag mar\u00adke\u00adrer den gr\u00e6n\u00adsen til Sachsen-Anhalt.&nbsp;<\/p>\n\n<p>I de f\u00f8r\u00adste efter\u00adkrig\u00ads\u00e5r var den\u00adne rute ogs\u00e5 kendt som Sch\u00adnapsweg. Schier\u00adker Feu\u00ader\u00adste\u00adin blev smug\u00adlet til Braun\u00adla\u00adge, og til gen\u00adg\u00e6ld blev der smug\u00adlet sild til Schier\u00adke. Efter gen\u00adfor\u00ade\u00adnin\u00adgen og nedriv\u00adnin\u00adgen af vagt\u00adt\u00e5r\u00adnet, der stod her, blev den\u00adne raste\u00adplads for van\u00addre\u00adre opret\u00adtet i&nbsp;1995 p\u00e5 ini\u00adti\u00ada\u00adtiv af Harzklub.&nbsp;<\/p>\n\n<p>Mel\u00adlem 2012 og 2013 blev hele ari\u00ada\u00adlet i&nbsp;Kaf\u00adfe\u00ade\u00adhorst ombyg\u00adget. Der blev byg\u00adget en fire\u00adper\u00adso\u00adners sto\u00adle\u00adlift til vin\u00adter\u00adsport fra Kaf\u00adfe\u00ade\u00adhorst til Wurm\u00adberg-top\u00adpen med en l\u00e6ng\u00adde p\u00e5 960&nbsp;meter, en h\u00f8j\u00adde\u00adfor\u00adskel p\u00e5 250&nbsp;meter og en trans\u00adport\u00adka\u00adpa\u00adci\u00adtet p\u00e5 1.800 per\u00adso\u00adner i&nbsp;timen. Der blev ogs\u00e5 byg\u00adget nye skil\u00f8j\u00adper og en stor par\u00adke\u00adrings\u00adplads til 600 k\u00f8ret\u00f8jer.<\/p>\n\n<p>Du kan n\u00e5 stem\u00adpel\u00adpunk\u00adtet fra par\u00adke\u00adrings\u00adplad\u00adsen \u201eKaf\u00adfe\u00ade\u00adhorst\u201c via den afm\u00e6r\u00adke\u00adde van\u00addre\u00adsti. Det er en god id\u00e9 at fort\u00ads\u00e6t\u00adte turen til Wurm\u00adberg HWN 156, ca. 2&nbsp;km&nbsp;v\u00e6k.&nbsp;<\/p>\n\n<div class=\"wp-block-buttons is-layout-flex wp-block-buttons-is-layout-flex\">\n<div class=\"wp-block-button\"><a class=\"wp-block-button__link wp-element-button\" href=\"https:\/\/harzer-bergwald.de\/index.php\/wandertouren\/romantiktouren\/50-gipfelsturm-im-nationalpark-harz\" target=\"_blank\" rel=\"noreferrer noopener\">Tour tip Harzen bjergskov&nbsp;\u201c<\/a><\/div>\n<\/div>\n","protected":false},"excerpt":{"rendered":"<p>Raste\u00adplad\u00adsen ved Kaf\u00adfe\u00adhorst (735&nbsp;m) lig\u00adger lige ved siden af den tid\u00adli\u00adge\u00adre indre tyske gr\u00e6n\u00adse over Brem\u00adke. Brem\u00adke er 4,7&nbsp;kilo\u00adme\u00adter lang og har en stig\u00adning p\u00e5 290&nbsp;meter, ind\u00adtil den l\u00f8ber ud i&nbsp;War\u00adme Bode. Den mar\u00adke\u00adre\u00adde tid\u00adli\u00adge\u00adre gr\u00e6n\u00adsen til DDR langs hele sit for\u00adl\u00f8b, og i&nbsp;dag mar\u00adke\u00adrer den gr\u00e6n\u00adsen til Sach\u00adsen-Anhalt.&nbsp; I&nbsp;de f\u00f8r\u00adste efter\u00adkrig\u00ads\u00e5r var&nbsp;denne&nbsp;[\u2026]<\/p>\n","protected":false},"author":11,"featured_media":11527,"parent":17792,"menu_order":10018,"comment_status":"closed","ping_status":"closed","template":"","meta":{"_seopress_robots_primary_cat":"","_seopress_titles_title":"","_seopress_titles_desc":"Oplev rastepladsen Kaffeehorst med sin sp\u00e6ndende historie, vandrestier og moderne stolelift n\u00e6r den tidligere gr\u00e6nse.","_seopress_robots_index":"","wp_typography_post_enhancements_disabled":false,"iawp_total_views":0,"footnotes":""},"hf_cat_page":[120],"class_list":["post-18047","page","type-page","status-publish","has-post-thumbnail"],"blocksy_meta":[],"_links":{"self":[{"href":"https:\/\/www.harzer-wandernadel.de\/da\/wp-json\/wp\/v2\/pages\/18047","targetHints":{"allow":["GET"]}}],"collection":[{"href":"https:\/\/www.harzer-wandernadel.de\/da\/wp-json\/wp\/v2\/pages"}],"about":[{"href":"https:\/\/www.harzer-wandernadel.de\/da\/wp-json\/wp\/v2\/types\/page"}],"author":[{"embeddable":true,"href":"https:\/\/www.harzer-wandernadel.de\/da\/wp-json\/wp\/v2\/users\/11"}],"replies":[{"embeddable":true,"href":"https:\/\/www.harzer-wandernadel.de\/da\/wp-json\/wp\/v2\/comments?post=18047"}],"version-history":[{"count":1,"href":"https:\/\/www.harzer-wandernadel.de\/da\/wp-json\/wp\/v2\/pages\/18047\/revisions"}],"predecessor-version":[{"id":18052,"href":"https:\/\/www.harzer-wandernadel.de\/da\/wp-json\/wp\/v2\/pages\/18047\/revisions\/18052"}],"up":[{"embeddable":true,"href":"https:\/\/www.harzer-wandernadel.de\/da\/wp-json\/wp\/v2\/pages\/17792"}],"wp:featuredmedia":[{"embeddable":true,"href":"https:\/\/www.harzer-wandernadel.de\/da\/wp-json\/wp\/v2\/media\/11527"}],"wp:attachment":[{"href":"https:\/\/www.harzer-wandernadel.de\/da\/wp-json\/wp\/v2\/media?parent=18047"}],"wp:term":[{"taxonomy":"hf_cat_page","embeddable":true,"href":"https:\/\/www.harzer-wandernadel.de\/da\/wp-json\/wp\/v2\/hf_cat_page?post=18047"}],"curies":[{"name":"wp","href":"https:\/\/api.w.org\/{rel}","templated":true}]}}