{"id":18001,"date":"2016-02-04T07:52:46","date_gmt":"2016-02-04T06:52:46","guid":{"rendered":"https:\/\/www.harzer-wandernadel.de\/stempelcentre\/oversigtskort\/stempelpunkt-2-scharfenstein-rangerstation\/"},"modified":"2026-02-28T21:06:04","modified_gmt":"2026-02-28T20:06:04","slug":"stempelpunkt-2-scharfenstein-rangerstation","status":"publish","type":"page","link":"https:\/\/www.harzer-wandernadel.de\/da\/stempelcentre\/oversigtskort\/stempelpunkt-2-scharfenstein-rangerstation\/","title":{"rendered":"Stempelpunkt 2 \/ Scharfenstein (rangerstation)"},"content":{"rendered":"\n<h2 class=\"wp-block-heading\">Scharfenstein-klippen (698&nbsp;meter over havets overflade) ligger sydvest for Ilsenburg og syd\u00f8st for Eckertalsperre-reservoiret.<\/h2>\n\n<figure class=\"wp-block-image alignwide size-full\" style=\"margin-top:3%;margin-bottom:3%\"><a href=\"https:\/\/www.harzer-wandernadel.de\/wp-content\/uploads\/2016\/02\/Scharfenstein-Rangerstation.jpg\"><img decoding=\"async\" width=\"855\" height=\"525\" src=\"https:\/\/www.harzer-wandernadel.de\/wp-content\/uploads\/2016\/02\/Scharfenstein-Rangerstation.jpg\" alt=\"Cyklister nyder en pause foran en skovhytte\" class=\"wp-image-1513\" srcset=\"https:\/\/www.harzer-wandernadel.de\/wp-content\/uploads\/2016\/02\/Scharfenstein-Rangerstation.jpg 855w, https:\/\/www.harzer-wandernadel.de\/wp-content\/uploads\/2016\/02\/Scharfenstein-Rangerstation-300x184.jpg 300w, https:\/\/www.harzer-wandernadel.de\/wp-content\/uploads\/2016\/02\/Scharfenstein-Rangerstation-768x472.jpg 768w, https:\/\/www.harzer-wandernadel.de\/wp-content\/uploads\/2016\/02\/Scharfenstein-Rangerstation-624x383.jpg 624w\" sizes=\"(max-width: 855px) 100vw, 855px\"><\/a><\/figure>\n\n<p>Neden\u00adfor klip\u00adpen lig\u00adger ran\u00adger\u00adsta\u00adtio\u00adnen Schar\u00adfenste\u00adin, som ikke kun giver van\u00addre\u00adre infor\u00adma\u00adtion, men ogs\u00e5 byder p\u00e5 en&nbsp;snack.<\/p>\n\n<div class=\"wp-block-buttons is-layout-flex wp-block-buttons-is-layout-flex\">\n<div class=\"wp-block-button\"><a class=\"wp-block-button__link wp-element-button\" href=\"https:\/\/www.nationalpark-harz.de\/de\/besucherzentren\/scharfenstein\/\" target=\"_blank\" rel=\"noreferrer noopener\">Schar\u00adfenste\u00adin rangerstation&nbsp;\u201c<\/a><\/div>\n<\/div>\n\n<p>Omkring 1875 lod grev Otto zu Stol\u00adberg-Wer\u00adni\u00adgero\u00adde byg\u00adge en sko\u00adv\u00adfo\u00adged\u00adbo\u00adlig, som udvik\u00adle\u00adde sig til en popu\u00adl\u00e6r raste\u00adplads for Bloks\u00adb\u00adjerg\u00advan\u00addre\u00adre og en udflugts\u00adre\u00adstau\u00adrant med over\u00adnat\u00adning i&nbsp;sko\u00adv\u00adbe\u00adbyg\u00adgel\u00adsen, der blev byg\u00adget omkring 1920.<\/p>\n\n<p>Den 11.\u201312. april 1945 besat\u00adte ame\u00adri\u00adkan\u00adske trop\u00adper Schar\u00adfenste\u00adin uden kamp. De blev afl\u00f8st af Den R\u00f8de H\u00e6r i&nbsp;juli sam\u00adme \u00e5r. Efter grund\u00adl\u00e6g\u00adgel\u00adsen af DDR i&nbsp;1949 og opret\u00adtel\u00adsen af den stats\u00adli\u00adge sko\u00adv\u00adfor\u00advalt\u00adning blev det orga\u00adni\u00adse\u00adre\u00adde sko\u00adv\u00adbrug i&nbsp;f\u00f8r\u00adste omgang gen\u00adop\u00adta\u00adget p\u00e5 Scharfenstein.&nbsp;<\/p>\n\n<p>P\u00e5 grund af belig\u00adgen\u00adhe\u00adden t\u00e6t p\u00e5 gr\u00e6n\u00adsen til Nie\u00adder\u00adsa\u00adch\u00adsen blev de f\u00f8r\u00adste tr\u00e6\u00adba\u00adrak\u00adker byg\u00adget her i&nbsp;1955. Den gam\u00adle sko\u00adv\u00adfo\u00adged\u00adbo\u00adlig blev revet ned i&nbsp;1960, og der blev byg\u00adget en ny kaser\u00adne til DDR\u2019s gr\u00e6n\u00adse\u00adtrop\u00adper i&nbsp;1969.&nbsp;<\/p>\n\n<p>Barak\u00adker\u00adne blev revet ned i&nbsp;2000 i&nbsp;for\u00adbin\u00addel\u00adse med rena\u00adtu\u00adra\u00adli\u00adse\u00adrin\u00adgen af omr\u00e5\u00addet til natio\u00adnal\u00adpark, og to \u00e5r sene\u00adre blev den nuv\u00e6\u00adren\u00adde ran\u00adger\u00adsta\u00adtion med to bj\u00e6l\u00adke\u00adhyt\u00adter indviet.<\/p>\n\n<p>Du kan nemt n\u00e5 Schar\u00adfenste\u00adin fra <a href=\"https:\/\/www.harzer-wandernadel.de\/da\/stempelcentre\/oversigtskort\/stempelpunkt-1-eckertalsperre-daemningsvaeg\/\" data-type=\"page\" data-id=\"334\">Eck\u00ader\u00adtals\u00adper\u00adre HWN 1<\/a> eller kom\u00adbi\u00adne\u00adre det med en tur fra Ilsen\u00adburg gen\u00adnem Ilse\u00adtal og over <a href=\"https:\/\/www.harzer-wandernadel.de\/da\/stempelcentre\/oversigtskort\/stempelpunkt-3-am-kruzifix\/\" data-type=\"page\" data-id=\"373\">Kruzi\u00adfix HWN 3.<\/a> <\/p>\n","protected":false},"excerpt":{"rendered":"<p>Schar\u00adfenste\u00adin-klip\u00adpen (698&nbsp;meter over havets over\u00adfla\u00adde) lig\u00adger syd\u00advest for Ilsen\u00adburg og syd\u00f8st for Eck\u00ader\u00adtals\u00adper\u00adre-reser\u00advoi\u00adret. Neden\u00adfor klip\u00adpen lig\u00adger ran\u00adger\u00adsta\u00adtio\u00adnen Schar\u00adfenste\u00adin, som ikke kun giver van\u00addre\u00adre infor\u00adma\u00adtion, men ogs\u00e5 byder p\u00e5 en&nbsp;sna\u00adck. Omkring 1875 lod grev Otto zu Stol\u00ad\u00adberg-Wer\u00ad\u00adni\u00ad\u00adgero\u00ad\u00adde byg\u00adge en sko\u00adv\u00adfo\u00adged\u00adbo\u00adlig, som udvik\u00adle\u00adde sig til en popu\u00adl\u00e6r raste\u00adplads for Bloks\u00adb\u00adjerg\u00advan\u00addre\u00adre og en udflugts\u00adre\u00adstau\u00adrant med over\u00adnat\u00adning i&nbsp;sko\u00adv\u00adbe\u00adbyg\u00adgel\u00adsen,&nbsp;der&nbsp;[\u2026]<\/p>\n","protected":false},"author":1,"featured_media":12229,"parent":17792,"menu_order":10002,"comment_status":"closed","ping_status":"closed","template":"","meta":{"_seopress_robots_primary_cat":"","_seopress_titles_title":"","_seopress_titles_desc":"Oplev Scharfenstein-klippen n\u00e6r Ilsenburg med dens rangerstation, historie og vandrestier - et h\u00f8jdepunkt for natur- og kulturelskere i Harzen.","_seopress_robots_index":"","wp_typography_post_enhancements_disabled":false,"iawp_total_views":1,"footnotes":""},"hf_cat_page":[120],"class_list":["post-18001","page","type-page","status-publish","has-post-thumbnail"],"blocksy_meta":[],"_links":{"self":[{"href":"https:\/\/www.harzer-wandernadel.de\/da\/wp-json\/wp\/v2\/pages\/18001","targetHints":{"allow":["GET"]}}],"collection":[{"href":"https:\/\/www.harzer-wandernadel.de\/da\/wp-json\/wp\/v2\/pages"}],"about":[{"href":"https:\/\/www.harzer-wandernadel.de\/da\/wp-json\/wp\/v2\/types\/page"}],"author":[{"embeddable":true,"href":"https:\/\/www.harzer-wandernadel.de\/da\/wp-json\/wp\/v2\/users\/1"}],"replies":[{"embeddable":true,"href":"https:\/\/www.harzer-wandernadel.de\/da\/wp-json\/wp\/v2\/comments?post=18001"}],"version-history":[{"count":3,"href":"https:\/\/www.harzer-wandernadel.de\/da\/wp-json\/wp\/v2\/pages\/18001\/revisions"}],"predecessor-version":[{"id":24985,"href":"https:\/\/www.harzer-wandernadel.de\/da\/wp-json\/wp\/v2\/pages\/18001\/revisions\/24985"}],"up":[{"embeddable":true,"href":"https:\/\/www.harzer-wandernadel.de\/da\/wp-json\/wp\/v2\/pages\/17792"}],"wp:featuredmedia":[{"embeddable":true,"href":"https:\/\/www.harzer-wandernadel.de\/da\/wp-json\/wp\/v2\/media\/12229"}],"wp:attachment":[{"href":"https:\/\/www.harzer-wandernadel.de\/da\/wp-json\/wp\/v2\/media?parent=18001"}],"wp:term":[{"taxonomy":"hf_cat_page","embeddable":true,"href":"https:\/\/www.harzer-wandernadel.de\/da\/wp-json\/wp\/v2\/hf_cat_page?post=18001"}],"curies":[{"name":"wp","href":"https:\/\/api.w.org\/{rel}","templated":true}]}}