{"id":17988,"date":"2016-02-11T12:34:15","date_gmt":"2016-02-11T11:34:15","guid":{"rendered":"https:\/\/www.harzer-wandernadel.de\/stempelcentre\/oversigtskort\/frimaerkepunkt-14-schnarcherklippe-tilflugtssted\/"},"modified":"2026-02-28T14:42:09","modified_gmt":"2026-02-28T13:42:09","slug":"frimaerkepunkt-14-schnarcherklippe-tilflugtssted","status":"publish","type":"page","link":"https:\/\/www.harzer-wandernadel.de\/da\/stempelcentre\/oversigtskort\/frimaerkepunkt-14-schnarcherklippe-tilflugtssted\/","title":{"rendered":"Frim\u00e6rkepunkt 14 \/ Schnarcherklippe (tilflugtssted)"},"content":{"rendered":"\n<h2 class=\"wp-block-heading\">Schnarcherklippen (671&nbsp;meter over havets overflade) er to 28&nbsp;meter h\u00f8je ber\u00f8mte \u201egranitt\u00e5rne\u201c, som ligger syd for Schierke.<\/h2>\n\n<div class=\"wp-block-stackable-image alignwide stk-block-image stk-block stk-89e1006\" data-block-id=\"89e1006\"><style>.stk-89e1006 {margin-top:3% !important;margin-bottom:3% !important;}<\/style><figure><span class=\"stk-img-wrapper stk-image--shape-stretch stk--has-lightbox\"><img decoding=\"async\" width=\"2048\" height=\"1359\" src=\"https:\/\/www.harzer-wandernadel.de\/wp-content\/uploads\/2016\/02\/HWN-Schnarcherklippen-Th\u00f6rmer.jpg\" class=\"attachment-full size-full wp-post-image\" alt srcset=\"https:\/\/www.harzer-wandernadel.de\/wp-content\/uploads\/2016\/02\/HWN-Schnarcherklippen-Th\u00f6rmer.jpg 2048w, https:\/\/www.harzer-wandernadel.de\/wp-content\/uploads\/2016\/02\/HWN-Schnarcherklippen-Th\u00f6rmer-300x199.jpg 300w, https:\/\/www.harzer-wandernadel.de\/wp-content\/uploads\/2016\/02\/HWN-Schnarcherklippen-Th\u00f6rmer-768x510.jpg 768w, https:\/\/www.harzer-wandernadel.de\/wp-content\/uploads\/2016\/02\/HWN-Schnarcherklippen-Th\u00f6rmer-1024x680.jpg 1024w, https:\/\/www.harzer-wandernadel.de\/wp-content\/uploads\/2016\/02\/HWN-Schnarcherklippen-Th\u00f6rmer-250x166.jpg 250w, https:\/\/www.harzer-wandernadel.de\/wp-content\/uploads\/2016\/02\/HWN-Schnarcherklippen-Th\u00f6rmer-624x414.jpg 624w\" sizes=\"(max-width: 2048px) 100vw, 2048px\"><\/span><\/figure><\/div>\n\n<p>I syd\u00f8st\u00adli\u00adge vin\u00adde frem\u00adbrin\u00adger klip\u00adper\u00adne lyde, der min\u00adder om snor\u00adken. Fra klip\u00adpens h\u00f8je\u00adste punkt, som man kan besti\u00adge via en jern\u00adsti\u00adge, har man en vidun\u00adder\u00adlig udsigt over Schier\u00adke til Hoh\u00adne\u00adkamm og Erdbeerkopf.&nbsp;<\/p>\n\n<p>Den st\u00e6r\u00adke ver\u00adti\u00adka\u00adle og hori\u00adson\u00adtale struk\u00adtur, der er typisk for det\u00adte omr\u00e5\u00adde, den s\u00e5kald\u00adte uld\u00ads\u00e6k\u00adstruk\u00adtur, er s\u00e6r\u00adlig tyde\u00adlig i&nbsp;klipperne.<\/p>\n\n<p>Fra van\u00addre\u00adstien i&nbsp;Elendstal, mel\u00adlem Schier\u00adke og Elend, f\u00f8rer en sti over Mau\u00adse\u00adklip\u00adpen til Sch\u00adnar\u00adcher\u00adklip\u00adpen. Fri\u00adm\u00e6r\u00adke\u00adkas\u00adsen er pla\u00adce\u00adret i&nbsp;den n\u00e6r\u00adlig\u00adgen\u00adde&nbsp;hytte.&nbsp;<\/p>\n\n<p>Stien mel\u00adlem Baren\u00adberg og Sch\u00adnar\u00adcher\u00adklip\u00adpen er van\u00adske\u00adlig at g\u00e5 p\u00e5 p\u00e5 grund af storm\u00adska\u00adder. Den egent\u00adli\u00adge sti kan ikke l\u00e6n\u00adge\u00adre gen\u00adken\u00addes p\u00e5 ca. 200&nbsp;m.&nbsp;<\/p>\n","protected":false},"excerpt":{"rendered":"<p>Sch\u00adnar\u00adcher\u00adklip\u00adpen (671&nbsp;meter over havets over\u00adfla\u00adde) er to 28&nbsp;meter h\u00f8je ber\u00f8m\u00adte \u201egra\u00adnit\u00adt\u00e5r\u00adne\u201c, som lig\u00adger syd for Schier\u00adke. I&nbsp;syd\u00f8st\u00adli\u00adge vin\u00adde frem\u00adbrin\u00adger klip\u00adper\u00adne lyde, der min\u00adder om snor\u00adken. Fra klip\u00adpens h\u00f8je\u00adste punkt, som man kan besti\u00adge via en jern\u00adsti\u00adge, har man en vidun\u00adder\u00adlig udsigt over Schier\u00adke til Hoh\u00adne\u00adkamm og Erd\u00adbe\u00ader\u00adkopf.&nbsp; Den st\u00e6r\u00adke ver\u00adti\u00adka\u00adle og hori\u00adson\u00adtale struk\u00adtur,&nbsp;der&nbsp;[\u2026]<\/p>\n","protected":false},"author":11,"featured_media":12577,"parent":17792,"menu_order":10014,"comment_status":"closed","ping_status":"closed","template":"","meta":{"_seopress_robots_primary_cat":"","_seopress_titles_title":"","_seopress_titles_desc":"Oplev Schnarcherklippen i n\u00e6rheden af Schierke: imponerende granitt\u00e5rne med en unik udsigt, sp\u00e6ndende ulds\u00e6kstrukturer og vandrestier.","_seopress_robots_index":"","wp_typography_post_enhancements_disabled":false,"iawp_total_views":2,"footnotes":""},"hf_cat_page":[120],"class_list":["post-17988","page","type-page","status-publish","has-post-thumbnail"],"blocksy_meta":[],"_links":{"self":[{"href":"https:\/\/www.harzer-wandernadel.de\/da\/wp-json\/wp\/v2\/pages\/17988","targetHints":{"allow":["GET"]}}],"collection":[{"href":"https:\/\/www.harzer-wandernadel.de\/da\/wp-json\/wp\/v2\/pages"}],"about":[{"href":"https:\/\/www.harzer-wandernadel.de\/da\/wp-json\/wp\/v2\/types\/page"}],"author":[{"embeddable":true,"href":"https:\/\/www.harzer-wandernadel.de\/da\/wp-json\/wp\/v2\/users\/11"}],"replies":[{"embeddable":true,"href":"https:\/\/www.harzer-wandernadel.de\/da\/wp-json\/wp\/v2\/comments?post=17988"}],"version-history":[{"count":1,"href":"https:\/\/www.harzer-wandernadel.de\/da\/wp-json\/wp\/v2\/pages\/17988\/revisions"}],"predecessor-version":[{"id":17989,"href":"https:\/\/www.harzer-wandernadel.de\/da\/wp-json\/wp\/v2\/pages\/17988\/revisions\/17989"}],"up":[{"embeddable":true,"href":"https:\/\/www.harzer-wandernadel.de\/da\/wp-json\/wp\/v2\/pages\/17792"}],"wp:featuredmedia":[{"embeddable":true,"href":"https:\/\/www.harzer-wandernadel.de\/da\/wp-json\/wp\/v2\/media\/12577"}],"wp:attachment":[{"href":"https:\/\/www.harzer-wandernadel.de\/da\/wp-json\/wp\/v2\/media?parent=17988"}],"wp:term":[{"taxonomy":"hf_cat_page","embeddable":true,"href":"https:\/\/www.harzer-wandernadel.de\/da\/wp-json\/wp\/v2\/hf_cat_page?post=17988"}],"curies":[{"name":"wp","href":"https:\/\/api.w.org\/{rel}","templated":true}]}}