{"id":17972,"date":"2016-02-11T12:17:40","date_gmt":"2016-02-11T11:17:40","guid":{"rendered":"https:\/\/www.harzer-wandernadel.de\/stempelcentre\/oversigtskort\/stamping-point-8-stamping-boeg\/"},"modified":"2026-02-28T21:07:08","modified_gmt":"2026-02-28T20:07:08","slug":"stamping-point-8-stamping-boeg","status":"publish","type":"page","link":"https:\/\/www.harzer-wandernadel.de\/da\/stempelcentre\/oversigtskort\/stamping-point-8-stamping-boeg\/","title":{"rendered":"Stamping point 8 \/ Stamping b\u00f8g"},"content":{"rendered":"\n<h2 class=\"wp-block-heading\">Stempelsbuche-krydset (671&nbsp;meter over havets overflade) ligger p\u00e5 Heinrich Heine-stien, som f\u00f8rer fra Ilsenburg til Brocken.<\/h2>\n\n<figure class=\"wp-block-image alignwide size-large\" style=\"margin-top:3%;margin-bottom:3%\"><a href=\"https:\/\/www.harzer-wandernadel.de\/wp-content\/uploads\/2016\/02\/HWN-Stempelsbuche-01.07.16-1024x578.jpg\"><img decoding=\"async\" width=\"1024\" height=\"578\" src=\"https:\/\/www.harzer-wandernadel.de\/wp-content\/uploads\/2016\/02\/HWN-Stempelsbuche-01.07.16-1024x578.jpg\" alt=\"D\u00f8d skov med unge gr\u00f8nne graner\" class=\"wp-image-4224\" srcset=\"https:\/\/www.harzer-wandernadel.de\/wp-content\/uploads\/2016\/02\/HWN-Stempelsbuche-01.07.16-1024x578.jpg 1024w, https:\/\/www.harzer-wandernadel.de\/wp-content\/uploads\/2016\/02\/HWN-Stempelsbuche-01.07.16-300x169.jpg 300w, https:\/\/www.harzer-wandernadel.de\/wp-content\/uploads\/2016\/02\/HWN-Stempelsbuche-01.07.16-768x433.jpg 768w, https:\/\/www.harzer-wandernadel.de\/wp-content\/uploads\/2016\/02\/HWN-Stempelsbuche-01.07.16-250x141.jpg 250w, https:\/\/www.harzer-wandernadel.de\/wp-content\/uploads\/2016\/02\/HWN-Stempelsbuche-01.07.16-624x352.jpg 624w\" sizes=\"(max-width: 1024px) 100vw, 1024px\"><\/a><\/figure>\n\n<p>Stem\u00adpel\u00adsta\u00adtio\u00adnen lig\u00adger ogs\u00e5 i&nbsp;refu\u00adgi\u00adet her. Den har sand\u00adsyn\u00adlig\u00advis f\u00e5et sit navn fra det engang s\u00e5 pr\u00e6g\u00adti\u00adge b\u00f8ge\u00adtr\u00e6, som nu kun eksi\u00adste\u00adrer som en&nbsp;stub.&nbsp;<\/p>\n\n<p>Fra Stem\u00adpels\u00adbu\u00adche kan du fort\u00ads\u00e6t\u00adte <a href=\"https:\/\/www.harzer-wandernadel.de\/da\/stempelcentre\/oversigtskort\/stempelstation-9-brockenhaus\/\" data-type=\"page\" data-id=\"507\">turen<\/a>til <a href=\"https:\/\/www.harzer-wandernadel.de\/da\/stempelcentre\/oversigtskort\/stempelstation-9-brockenhaus\/\" data-type=\"page\" data-id=\"507\">Bro\u00adck\u00aden\u00adhaus HWN 9<\/a>, <a href=\"https:\/\/www.harzer-wandernadel.de\/da\/stempelcentre\/oversigtskort\/stempelpunkt-22-gelber-brink\/\" data-type=\"page\" data-id=\"566\">Gel\u00adber Brink HWN 22<\/a>, <a href=\"https:\/\/www.harzer-wandernadel.de\/da\/stempelcentre\/oversigtskort\/stempelpunkt-16-ferdinandsstein\/\" data-type=\"page\" data-id=\"528\">Fer\u00addi\u00adnands\u00adste\u00adin HWN 16<\/a> eller <a href=\"https:\/\/www.harzer-wandernadel.de\/da\/stempelcentre\/oversigtskort\/stempelpunkt-2-scharfenstein-rangerstation\/\" data-type=\"page\" data-id=\"353\">Schar\u00adfenste\u00adin ran\u00adger\u00adsta\u00adtion HWN 2<\/a>.<\/p>\n\n<p>Mel\u00adlem Bre\u00admer Klip\u00adpe og <a href=\"https:\/\/www.harzer-wandernadel.de\/da\/stempelcentre\/oversigtskort\/stamping-point-8-stamping-boeg\/\" data-type=\"page\" data-id=\"502\">Stem\u00adpels\u00adbu\u00adche HWN 8<\/a> van\u00addrer man gen\u00adnem d\u00f8de gransko\u00adve. Det kan skr\u00e6m\u00adme van\u00addre\u00adre, men natio\u00adnal\u00adpar\u00adken har f\u00f8l\u00adgen\u00adde stra\u00adte\u00adgi for at h\u00e5nd\u00adte\u00adre det\u00adte problem:&nbsp;<\/p>\n\n<h4 class=\"wp-block-heading\"><a href=\"http:\/\/www.nationalpark-harz.de\/de\/naturschuetzen\/waldentwicklung\/?refTID=499&amp;refDID=3019\"><span style=\"color: var(--theme-palette-color-2, #1b5700);\" class=\"stk-highlight\">Citat Nationalpark Harzen<\/span><\/a>:<\/h4>\n\n<blockquote class=\"wp-block-stackable-blockquote stk-block-blockquote stk-block stk-0f11ecd is-style-simple\" data-v=\"2\" data-block-id=\"0f11ecd\"><style>.stk-0f11ecd {margin-top:3% !important;margin-bottom:3% !important;}<\/style><div class=\"has-text-align-left stk-block-blockquote__content stk-container stk-0f11ecd-container stk--no-background stk--no-padding\"><div class=\"stk-block-content stk-inner-blocks\">\n<div class=\"wp-block-stackable-icon stk-block-icon stk-block stk-37f868f\" data-block-id=\"37f868f\"><style>.stk-37f868f {top:-50px !important;left:-50px !important;position:absolute !important;opacity:0.2 !important;}.stk-37f868f .stk--svg-wrapper .stk--inner-svg svg:last-child{height:200px !important;width:200px !important;}.stk-37f868f .stk--svg-wrapper .stk--inner-svg svg:last-child, .stk-37f868f .stk--svg-wrapper .stk--inner-svg svg:last-child :is(g, path, rect, polygon, ellipse){fill:var(--theme-palette-color-5, #AF9E7E) !important;}<\/style><span class=\"stk--svg-wrapper\"><div class=\"stk--inner-svg\"><svg style=\"height:0;width:0\"><defs><linearGradient id=\"linear-gradient-37f868f\" x1=\"0\" x2=\"100%\" y1=\"0\" y2=\"0\"><stop offset=\"0%\" style=\"stop-opacity:1;stop-color:var(--linear-gradient-37-f-868-f-color-1)\" \/><stop offset=\"100%\" style=\"stop-opacity:1;stop-color:var(--linear-gradient-37-f-868-f-color-2)\" \/><\/linearGradient><\/defs><\/svg><svg viewBox=\"0 0 50 50\" aria-hidden=\"true\" width=\"32\" height=\"32\"><path d=\"M22.6 12.8c-1.9.5-3.7 1.2-5.3 2.1-1.6.9-3.1 1.9-4.3 3-1.2 1.1-2.2 2.4-2.9 3.7-.7 1.3-1.1 2.7-1.1 4 0 1.2.1 1.8.3 1.8.8 0 1.5-.3 2.4-.9.8-.6 1.9-.9 3.3-.9 2.1 0 3.9.8 5.4 2.4 1.5 1.6 2.3 3.7 2.3 6.2s-1 4.6-2.9 6.4c-1.9 1.8-4.3 2.6-7.3 2.6-1.8 0-3.4-.4-4.9-1.1-1.5-.8-2.8-1.8-3.9-3.1s-2-2.8-2.6-4.6C.3 32.5 0 30.6 0 28.6c0-3 .6-5.8 1.8-8.3 1.2-2.5 2.8-4.8 4.9-6.7 2-1.9 4.4-3.5 7.2-4.6 2.8-1.2 5.6-1.8 8.6-2v5.8zm27.4 0c-1.9.5-3.7 1.2-5.4 2.1-1.7.9-3.1 1.9-4.3 3-1.2 1.1-2.2 2.4-2.9 3.7-.7 1.3-1.1 2.7-1.1 4 0 1.2.1 1.8.4 1.8.8 0 1.5-.3 2.3-.9.8-.6 1.9-.9 3.3-.9 2 0 3.8.8 5.3 2.4 1.5 1.6 2.3 3.7 2.3 6.2s-1 4.6-2.9 6.4c-2 1.8-4.4 2.6-7.3 2.6-1.7 0-3.3-.4-4.8-1.1-1.5-.8-2.8-1.8-3.9-3.1s-2-2.8-2.7-4.6c-.7-1.8-1-3.7-1-5.7 0-3 .6-5.8 1.8-8.3 1.2-2.5 2.8-4.8 4.9-6.7 2-1.9 4.4-3.5 7.2-4.6 2.8-1.2 5.7-1.8 8.8-2v5.7z\" \/><\/svg><\/div><\/span><\/div>\n\n\n\n<div class=\"wp-block-stackable-text stk-block-text stk-block stk-a630a5a\" data-block-id=\"a630a5a\"><p class=\"stk-block-text__text\"><span style=\"color: var(--theme-palette-color-2, #1b5700);\" class=\"stk-highlight\"><strong>Med m\u00e5l\u00adret\u00adte\u00adde ind\u00adsat\u00adser for at ska\u00adbe mor\u00adgen\u00adda\u00adgens vild\u00admark<\/strong><\/span><br><br>Sko\u00adve\u00adne er i&nbsp;bev\u00e6\u00adgel\u00adse. Hvis folk ikke gri\u00adber ind, f\u00f8l\u00adger de deres egne sko\u00adv\u00adlove. Men for\u00addi men\u00adne\u00adsker har over\u00adud\u00adnyt\u00adtet sko\u00adven i&nbsp;de sid\u00adste \u00e5rhund\u00adre\u00adder, m\u00e5 vi hj\u00e6l\u00adpe den dyr\u00adke\u00adde skov med at bli\u00adve en natur\u00adlig skov igen. I&nbsp;natio\u00adnal\u00adpar\u00adken over\u00adla\u00adder vi sim\u00adpelt\u00adhen sko\u00adven til sig selv i&nbsp;omr\u00e5\u00adder, der alle\u00adre\u00adde er t\u00e6t p\u00e5 natu\u00adren, og sto\u00adler p\u00e5 dens kr\u00e6f\u00adter (natur\u00adlig dya\u00admisk zone). I&nbsp;andre omr\u00e5\u00adder giver vi den en hj\u00e6l\u00adpen\u00adde h\u00e5nd, hol\u00adder bark\u00adbil\u00adlen i&nbsp;skak eller frem\u00admer livs\u00adcy\u00adklus\u00adsen med v\u00e6kst og for\u00adfald (natur\u00adud\u00advik\u00adlings\u00adzo\u00adne).    <\/p><\/div>\n<\/div><\/div><\/blockquote>\n\n<h3 class=\"wp-block-heading\">Naturlig dynamisk zone<\/h3>\n\n<p>Sko\u00adve i&nbsp;den natur\u00adli\u00adge dyna\u00admi\u00adske zone er over\u00adladt til sig selv. Her sker der ikke fle\u00adre men\u00adne\u00adske\u00adli\u00adge ind\u00adgreb. De ene\u00adste und\u00adta\u00adgel\u00adser er bark\u00adbil\u00adle\u00adbe\u00adk\u00e6m\u00adpel\u00adse i&nbsp;en 500&nbsp;meter bred stri\u00adbe ved natio\u00adnal\u00adpar\u00adkens ydre gr\u00e6n\u00adser og tra\u00adfik\u00adsik\u00adker\u00adhed p\u00e5 vig\u00adti\u00adge&nbsp;stier.&nbsp;<\/p>\n\n<h3 class=\"wp-block-heading\">Zone for naturudvikling<\/h3>\n\n<p>I natur\u00adud\u00advik\u00adlings\u00adzo\u00adner\u00adne gen\u00adnem\u00adf\u00f8\u00adrer natio\u00adnal\u00adpar\u00adken sta\u00addig for\u00adan\u00adstalt\u00adnin\u00adger for at \u00f8ge n\u00e6r\u00adhe\u00adden til natu\u00adren i&nbsp;dis\u00adse omr\u00e5\u00adder. Det for\u00adbed\u00adrer den struk\u00adtu\u00adrel\u00adle mang\u00adfol\u00addig\u00adhed og den \u00f8ko\u00adlo\u00adgi\u00adske sta\u00adbi\u00adli\u00adtet og frem\u00admer l\u00f8v\u00adtr\u00e6\u00ader. Der for\u00adf\u00f8l\u00adges ingen \u00f8ko\u00adno\u00admi\u00adske m\u00e5l. Men det tr\u00e6, der pro\u00addu\u00adce\u00adres i&nbsp;sko\u00adven, kan udnyttes.&nbsp;<\/p>\n\n<h3 class=\"wp-block-heading\">Bek\u00e6mpelse af barkbiller<\/h3>\n\n<p>Bark\u00adbil\u00adle\u00adbe\u00adk\u00e6m\u00adpel\u00adse udf\u00f8\u00adres efter f\u00f8l\u00adgen\u00adde principper:<\/p>\n\n<ul class=\"wp-block-list\">\n<li>Kon\u00adtrol ved den ydre gr\u00e6n\u00adse for at beskyt\u00adte tru\u00ade\u00adde nabopo\u00adpu\u00adla\u00adtio\u00adner (i en ca. 500&nbsp;m&nbsp;bred stribe)<\/li>\n\n\n\n<li>Beskyt\u00adtel\u00adse af sto\u00adre gran\u00adkom\u00adplek\u00adser i&nbsp;naturudviklingszonen<\/li>\n\n\n\n<li>Ingen for\u00adan\u00adstalt\u00adnin\u00adger i&nbsp;den natur\u00adli\u00adge dyna\u00admi\u00adske zone (med und\u00adta\u00adgel\u00adse af bark\u00adbil\u00adler i&nbsp;gr\u00e6nseomr\u00e5det)<\/li>\n<\/ul>\n\n<p>Vores m\u00e5l er, at mindst 75&nbsp;% af natio\u00adnal\u00adpark\u00adom\u00adr\u00e5\u00addet skal v\u00e6re over\u00adladt til sig selv i&nbsp;2022, dvs. at det skal kate\u00adgo\u00adri\u00adse\u00adres som en natur\u00adlig dyna\u00admisk&nbsp;zone.<\/p>\n","protected":false},"excerpt":{"rendered":"<p>Stem\u00adpels\u00adbu\u00adche-kryd\u00adset (671&nbsp;meter over havets over\u00adfla\u00adde) lig\u00adger p\u00e5 Hein\u00adrich Hei\u00adne-stien, som f\u00f8rer fra Ilsen\u00adburg til Bro\u00adck\u00aden. Stem\u00adpel\u00adsta\u00adtio\u00adnen lig\u00adger ogs\u00e5 i&nbsp;refu\u00adgi\u00adet her. Den har sand\u00adsyn\u00adlig\u00advis f\u00e5et sit navn fra det engang s\u00e5 pr\u00e6g\u00adti\u00adge b\u00f8ge\u00adtr\u00e6, som nu kun eksi\u00adste\u00adrer som en&nbsp;stub.&nbsp; Fra Stem\u00adpels\u00adbu\u00adche kan du fort\u00ads\u00e6t\u00adte turen\u00adtil Bro\u00adck\u00aden\u00adhaus HWN 9, Gel\u00adber Brink HWN 22, Fer\u00addi\u00adnands\u00adste\u00adin HWN 16&nbsp;eller&nbsp;[\u2026]<\/p>\n","protected":false},"author":11,"featured_media":12694,"parent":17792,"menu_order":10008,"comment_status":"closed","ping_status":"closed","template":"","meta":{"_seopress_robots_primary_cat":"","_seopress_titles_title":"","_seopress_titles_desc":"Vandring til Stempelsbuche i Harzen: tilflugtssted, stempelpunkt og udgangspunkt for ture til Brocken og andre HWN-destinationer i nationalparken.","_seopress_robots_index":"","wp_typography_post_enhancements_disabled":false,"iawp_total_views":0,"footnotes":""},"hf_cat_page":[120],"class_list":["post-17972","page","type-page","status-publish","has-post-thumbnail"],"blocksy_meta":[],"_links":{"self":[{"href":"https:\/\/www.harzer-wandernadel.de\/da\/wp-json\/wp\/v2\/pages\/17972","targetHints":{"allow":["GET"]}}],"collection":[{"href":"https:\/\/www.harzer-wandernadel.de\/da\/wp-json\/wp\/v2\/pages"}],"about":[{"href":"https:\/\/www.harzer-wandernadel.de\/da\/wp-json\/wp\/v2\/types\/page"}],"author":[{"embeddable":true,"href":"https:\/\/www.harzer-wandernadel.de\/da\/wp-json\/wp\/v2\/users\/11"}],"replies":[{"embeddable":true,"href":"https:\/\/www.harzer-wandernadel.de\/da\/wp-json\/wp\/v2\/comments?post=17972"}],"version-history":[{"count":7,"href":"https:\/\/www.harzer-wandernadel.de\/da\/wp-json\/wp\/v2\/pages\/17972\/revisions"}],"predecessor-version":[{"id":25043,"href":"https:\/\/www.harzer-wandernadel.de\/da\/wp-json\/wp\/v2\/pages\/17972\/revisions\/25043"}],"up":[{"embeddable":true,"href":"https:\/\/www.harzer-wandernadel.de\/da\/wp-json\/wp\/v2\/pages\/17792"}],"wp:featuredmedia":[{"embeddable":true,"href":"https:\/\/www.harzer-wandernadel.de\/da\/wp-json\/wp\/v2\/media\/12694"}],"wp:attachment":[{"href":"https:\/\/www.harzer-wandernadel.de\/da\/wp-json\/wp\/v2\/media?parent=17972"}],"wp:term":[{"taxonomy":"hf_cat_page","embeddable":true,"href":"https:\/\/www.harzer-wandernadel.de\/da\/wp-json\/wp\/v2\/hf_cat_page?post=17972"}],"curies":[{"name":"wp","href":"https:\/\/api.w.org\/{rel}","templated":true}]}}